{"id":15970,"date":"2026-01-14T13:59:55","date_gmt":"2026-01-14T10:59:55","guid":{"rendered":"https:\/\/excursionsworld.com\/?post_type=product&#038;p=15970\/"},"modified":"2026-03-07T19:09:02","modified_gmt":"2026-03-07T16:09:02","slug":"herceg-novi-perast-kotor-lancha-rapida","status":"publish","type":"product","link":"https:\/\/excursionsworld.com\/tours\/perast-kotor-our-lady-of-the-rocks-speedboat-herceg-novi\/","title":{"rendered":"Tour en Lancha R\u00e1pida Perast y Kotor desde Herceg Novi \u2013 Nuestra Se\u00f1ora de las Rocas"},"content":{"rendered":"<h3 data-start=\"512\" data-end=\"532\">\ud83c\udfd9\ufe0f <strong data-start=\"520\" data-end=\"532\">Visi\u00f3n general<\/strong><\/h3>\n<p data-start=\"533\" data-end=\"877\">Emb\u00e1rquese en un exclusivo viaje en lancha r\u00e1pida desde Herceg Novi hasta el coraz\u00f3n de la bah\u00eda de Kotor. Dise\u00f1ado para viajeros que buscan emoci\u00f3n e historia, este recorrido combina la navegaci\u00f3n a alta velocidad con la exploraci\u00f3n cultural. Visite la m\u00e1gica Virgen de las Rocas, admire Perast desde el mar y disfrute de tiempo libre en el casco antiguo medieval de Kotor.<\/p>\n<h3 data-start=\"879\" data-end=\"896\"><strong data-start=\"883\" data-end=\"896\">Incluido:<\/strong><\/h3>\n<p data-start=\"897\" data-end=\"1113\"><span style=\"color: #00ff00;\"><strong>\u2713<\/strong><\/span> Patr\u00f3n y gu\u00eda de habla inglesa<br data-start=\"940\" data-end=\"943\" \/><span style=\"color: #00ff00;\"><strong>\u2713 <\/strong><\/span>Lancha r\u00e1pida profesional con vistas panor\u00e1micas<br data-start=\"988\" data-end=\"991\" \/><span style=\"color: #00ff00;\"><strong>\u2713 <\/strong><\/span>Combustible y todos los servicios t\u00e9cnicos<br data-start=\"1024\" data-end=\"1027\" \/><span style=\"color: #00ff00;\"><strong>\u2713 <\/strong><\/span>Seguro de pasajeros<br data-start=\"1048\" data-end=\"1051\" \/><span style=\"color: #00ff00;\"><strong>\u2713 <\/strong><\/span>Sistema de m\u00fasica a bordo<br data-start=\"1073\" data-end=\"1076\" \/><span style=\"color: #00ff00;\"><strong>\u2713 <\/strong><\/span>Chalecos salvavidas y equipos de seguridad<\/p>\n<h3 data-start=\"1115\" data-end=\"1136\"><strong data-start=\"1119\" data-end=\"1136\">No se incluye:<\/strong><\/h3>\n<div data-start=\"1137\" data-end=\"1266\"><span style=\"color: #ff0000;\"><strong>\u2717<\/strong> <\/span>Comida y bebida<br data-start=\"1213\" data-end=\"1216\" \/><span style=\"color: #ff0000;\"><strong>\u2717<\/strong> <\/span>Gastos personales (compras o almuerzo en Kotor)<\/div>\n<div data-start=\"1137\" data-end=\"1266\"><span style=\"color: #ff0000;\"><strong>\u2717<\/strong> <\/span>Entrada al Museo de Nuestra Se\u00f1ora de las Rocas (2-3 \u20ac opcionales)<\/div>\n<h3 data-start=\"1268\" data-end=\"1294\">\ud83c\udf1f <strong data-start=\"1275\" data-end=\"1294\">Lo m\u00e1s destacado<\/strong><\/h3>\n<p data-start=\"1295\" data-end=\"1607\">\ud83d\udd39 Crucero a alta velocidad por la impresionante bah\u00eda de Kotor<br data-start=\"1348\" data-end=\"1351\" \/>\ud83d\udd39 Nuestra Se\u00f1ora de las Rocas - legendaria isla artificial.<br data-start=\"1403\" data-end=\"1406\" \/>\ud83d\udd39 Perast - vistas panor\u00e1micas de la \u201cVenecia del Adri\u00e1tico\u201d<br data-start=\"1465\" data-end=\"1468\" \/>\ud83d\udd39 Casco antiguo de Kotor - 90 minutos de tiempo libre en un lugar declarado Patrimonio de la Humanidad por la UNESCO.<br data-start=\"1540\" data-end=\"1543\" \/>\ud83d\udd39 Vistas panor\u00e1micas de la costa con puertos deportivos de lujo y pueblos de piedra<\/p>\n<h3 data-start=\"1609\" data-end=\"1636\">\ud83d\udcd6 <strong data-start=\"1616\" data-end=\"1636\">Descripci\u00f3n completa<\/strong><\/h3>\n<div data-start=\"1637\" data-end=\"1859\">Su viaje comienza en <strong data-start=\"1660\" data-end=\"1691\">Puerto de \u0160kver en Herceg Novi<\/strong>, All\u00ed conocer\u00e1 a su patr\u00f3n y embarcar\u00e1 en una moderna lancha r\u00e1pida. A medida que parta, sienta la emoci\u00f3n de cruzar la bah\u00eda mientras disfruta de espectaculares vistas de las monta\u00f1as y el mar.<\/div>\n<div data-start=\"1861\" data-end=\"2114\">La primera parada es <strong data-start=\"1879\" data-end=\"1904\">Nuestra Se\u00f1ora de las Rocas<\/strong>, Una isla artificial \u00fanica, construida por los marineros a lo largo de los siglos. Tendr\u00e1 tiempo para explorar la iglesia barroca, visitar el museo si lo desea y admirar las tablillas votivas de plata que dejaron los marineros en busca de protecci\u00f3n.<\/div>\n<div data-start=\"2116\" data-end=\"2318\">A continuaci\u00f3n, pase por la encantadora ciudad de <strong data-start=\"2155\" data-end=\"2165\">Perast<\/strong>, considerado uno de los asentamientos m\u00e1s bellos de la bah\u00eda. Desde el agua, admire sus elegantes palacios, campanarios y el ambiente atemporal del Adri\u00e1tico.<\/div>\n<div data-start=\"2320\" data-end=\"2632\">La gira contin\u00faa <strong data-start=\"2342\" data-end=\"2351\">Kotor<\/strong>, donde disfrutar\u00e1 de aproximadamente 90 minutos de tiempo libre. Pasee por las estrechas calles medievales, visite la catedral de San Trif\u00f3n, rel\u00e1jese en las animadas plazas o suba a las murallas de la ciudad para disfrutar de unas vistas panor\u00e1micas inolvidables. Despu\u00e9s de explorar, disfrute de un suave y pintoresco viaje de regreso a Herceg Novi.<\/div>\n<h3 data-start=\"2634\" data-end=\"2660\">\ud83d\uddfa\ufe0f <strong data-start=\"2642\" data-end=\"2660\">Itinerario<\/strong><\/h3>\n<p data-start=\"2661\" data-end=\"2943\">\ud83d\udd39 11:00 - Encuentro en el puerto de \u0160kver, Herceg Novi.<br data-start=\"2705\" data-end=\"2708\" \/>\ud83d\udd39 11:05 - Salida y crucero panor\u00e1mico en lancha r\u00e1pida.<br data-start=\"2756\" data-end=\"2759\" \/>\ud83d\udd39 Nuestra Se\u00f1ora de las Rocas - 20 minutos<br data-start=\"2796\" data-end=\"2799\" \/>\ud83d\udd39 Paso panor\u00e1mico por Perast<br data-start=\"2826\" data-end=\"2829\" \/>\ud83d\udd39 Llegada al casco antiguo de Kotor - aprox. 90 minutos de tiempo libre.<br data-start=\"2888\" data-end=\"2891\" \/>\ud83d\udd39 Salida de Kotor<br data-start=\"2914\" data-end=\"2917\" \/>\ud83d\udd39 Volver a Herceg Novi<\/p>\n<h3 data-start=\"2945\" data-end=\"2974\">\u2139\ufe0f <strong data-start=\"2952\" data-end=\"2974\">Informaci\u00f3n \u00fatil<\/strong><\/h3>\n<p data-start=\"2975\" data-end=\"3186\">\ud83d\udd39 Duraci\u00f3n: aproximadamente 4 horas y 30 minutos<br data-start=\"3020\" data-end=\"3023\" \/>\ud83d\udd39 Hora de inicio: 11:00 AM<br data-start=\"3046\" data-end=\"3049\" \/>\ud83d\udd39 Experiencia en grupos reducidos<br data-start=\"3074\" data-end=\"3077\" \/>\ud83d\udd39 La ruta puede ajustarse en funci\u00f3n de las condiciones del mar<br data-start=\"3129\" data-end=\"3132\" \/>\ud83d\udd39 Cancelaci\u00f3n gratuita hasta 24 horas antes de la salida<\/p>\n<h3 data-start=\"3188\" data-end=\"3212\">\ud83c\udf92 <strong data-start=\"3195\" data-end=\"3212\">Qu\u00e9 llevar<\/strong><\/h3>\n<p data-start=\"3213\" data-end=\"3346\">\ud83d\udd39 C\u00e1mara o smartphone<br data-start=\"3236\" data-end=\"3239\" \/>\ud83d\udd39 Zapatos c\u00f3modos para caminar<br data-start=\"3267\" data-end=\"3270\" \/>\ud83d\udd39 Protector solar, gorra y gafas de sol.<br data-start=\"3303\" data-end=\"3306\" \/>\ud83d\udd39 Dinero en efectivo para la entrada al museo y souvenirs.<\/p>\n<h3 data-start=\"3348\" data-end=\"3375\">\ud83d\udeab <strong data-start=\"3355\" data-end=\"3375\">No apto para<\/strong><\/h3>\n<p data-start=\"3376\" data-end=\"3475\">\ud83d\udd39 Hu\u00e9spedes con graves problemas de espalda.<br data-start=\"3411\" data-end=\"3414\" \/>\ud83d\udd39 Beb\u00e9s muy peque\u00f1os (cons\u00faltanos las opciones de visitas privadas)<\/p>\n<h3 data-start=\"3477\" data-end=\"3505\">\ud83d\udcb8 <strong data-start=\"3484\" data-end=\"3505\">Precios y reservas<\/strong><\/h3>\n<p data-start=\"3506\" data-end=\"3643\">\ud83d\udd39 Reserva ahora, paga el d\u00eda del tour.<br data-start=\"3548\" data-end=\"3551\" \/>\ud83d\udd39 Se acepta el billete de m\u00f3vil<br data-start=\"3576\" data-end=\"3579\" \/>\ud83d\udd39 Contacta con nosotros v\u00eda WhatsApp o reserva a trav\u00e9s del siguiente formulario \ud83d\udc47\ud83c\udffc<\/p>","protected":false},"excerpt":{"rendered":"<p>Explore Perast, Kotor y Nuestra Se\u00f1ora de las Rocas en una excursi\u00f3n en lancha r\u00e1pida desde Herceg Novi. Disfrute de los sitios de la UNESCO, bah\u00edas pintorescas y tiempo libre en Kotor.<\/p>","protected":false},"featured_media":15971,"comment_status":"open","ping_status":"closed","template":"","meta":[],"product_brand":[],"product_cat":[134],"product_tag":[135],"class_list":{"0":"post-15970","1":"product","2":"type-product","3":"status-publish","4":"has-post-thumbnail","6":"tour_phys-herceg-novi-tours","7":"product_cat-herceg-novi-tours","8":"product_tag-herceg-novi","9":"pa_montenegro-herceg-novi-tours","11":"first","12":"instock","13":"sale","14":"shipping-taxable","15":"purchasable","16":"product-type-tour_phys"},"aioseo_notices":[],"_links":{"self":[{"href":"https:\/\/excursionsworld.com\/es\/wp-json\/wp\/v2\/product\/15970","targetHints":{"allow":["GET"]}}],"collection":[{"href":"https:\/\/excursionsworld.com\/es\/wp-json\/wp\/v2\/product"}],"about":[{"href":"https:\/\/excursionsworld.com\/es\/wp-json\/wp\/v2\/types\/product"}],"replies":[{"embeddable":true,"href":"https:\/\/excursionsworld.com\/es\/wp-json\/wp\/v2\/comments?post=15970"}],"wp:featuredmedia":[{"embeddable":true,"href":"https:\/\/excursionsworld.com\/es\/wp-json\/wp\/v2\/media\/15971"}],"wp:attachment":[{"href":"https:\/\/excursionsworld.com\/es\/wp-json\/wp\/v2\/media?parent=15970"}],"wp:term":[{"taxonomy":"product_brand","embeddable":true,"href":"https:\/\/excursionsworld.com\/es\/wp-json\/wp\/v2\/product_brand?post=15970"},{"taxonomy":"product_cat","embeddable":true,"href":"https:\/\/excursionsworld.com\/es\/wp-json\/wp\/v2\/product_cat?post=15970"},{"taxonomy":"product_tag","embeddable":true,"href":"https:\/\/excursionsworld.com\/es\/wp-json\/wp\/v2\/product_tag?post=15970"}],"curies":[{"name":"wp","href":"https:\/\/api.w.org\/{rel}","templated":true}]}}