{"id":15993,"date":"2026-01-19T14:20:06","date_gmt":"2026-01-19T11:20:06","guid":{"rendered":"https:\/\/excursionsworld.com\/?post_type=product&#038;p=15993\/"},"modified":"2026-04-24T01:27:18","modified_gmt":"2026-04-23T22:27:18","slug":"privado-lancha-rapida-kotor-cueva-azul","status":"publish","type":"product","link":"https:\/\/excursionsworld.com\/tours\/kotor-private-speedboat-blue-cave\/","title":{"rendered":"Tour Privado en Lancha R\u00e1pida desde Kotor: Cueva Azul y Nuestra Se\u00f1ora de las Rocas"},"content":{"rendered":"<h2>\ud83c\udfd9\ufe0f <strong>Visi\u00f3n general<\/strong><\/h2>\n<p>Experimenta una de las bah\u00edas naturales m\u00e1s bellas del mundo en un tour privado en lancha r\u00e1pida por la bah\u00eda de <a href=\"https:\/\/en.wikipedia.org\/wiki\/Kotor\" target=\"_blank\" rel=\"noopener\">Kotor<\/a>. Este viaje exclusivo combina historia, leyendas y aguas cristalinas, ofreciendo una mezcla perfecta de relajaci\u00f3n y aventura liderada por un patr\u00f3n experto.<\/p>\n<h3><strong>Incluido:<\/strong><\/h3>\n<p><strong><span style=\"color: #00ff00;\">\u2713<\/span><\/strong> Patr\u00f3n de habla inglesa<br \/>\n<strong><span style=\"color: #00ff00;\">\u2713 <\/span><\/strong>Combustible y todos los servicios t\u00e9cnicos<br \/>\n<strong><span style=\"color: #00ff00;\">\u2713 <\/span><\/strong>Seguro de pasajeros<br \/>\n<strong><span style=\"color: #00ff00;\">\u2713 <\/span><\/strong>Chalecos salvavidas y equipos de seguridad<br \/>\n<strong><span style=\"color: #00ff00;\">\u2713 <\/span><\/strong>Equipo de buceo<br \/>\n<strong><span style=\"color: #00ff00;\">\u2713 <\/span><\/strong>Agua embotellada gratuita<\/p>\n<h3><strong>No se incluye:<\/strong><\/h3>\n<p><span style=\"color: #ff0000;\"><strong>\u2717<\/strong> <\/span>Entrada al Museo de Nuestra Se\u00f1ora de las Rocas (3 \u20ac opcional)<br \/>\n<span style=\"color: #ff0000;\"><strong>\u2717<\/strong> <\/span>Comida y bebidas adicionales<br \/>\n<span style=\"color: #ff0000;\"><strong>\u2717<\/strong> <\/span>Gastos personales<\/p>\n<h2>\ud83c\udf1f <strong>Lo m\u00e1s destacado<\/strong><\/h2>\n<p>\ud83d\udd39 Cueva Azul (Plava \u0160pilja) - parada para nadar y hacer snorkel.<br \/>\n\ud83d\udd39 Isla Mamula - vista panor\u00e1mica de la fortaleza hist\u00f3rica.<br \/>\n\ud83d\udd39 T\u00faneles submarinos de la Segunda Guerra Mundial: estructuras navales ocultas<br \/>\n\ud83d\udd39 Nuestra Se\u00f1ora de las Rocas - legendaria isla artificial.<br \/>\n\ud83d\udd39 Perast - crucero panor\u00e1mico por el casco antiguo declarado Patrimonio de la Humanidad por la UNESCO<br \/>\n\ud83d\udd39 Experiencia de tour privado con ritmo flexible.<\/p>\n<h2>\ud83d\udcd6 <strong>Descripci\u00f3n completa<\/strong><\/h2>\n<p>Su visita privada comienza en <strong>Kotor<\/strong>, All\u00ed conocer\u00e1 a su patr\u00f3n y embarcar\u00e1 en una c\u00f3moda lancha r\u00e1pida. Navegue por la impresionante bah\u00eda de Kotor, rodeada de espectaculares monta\u00f1as e hist\u00f3ricos pueblos costeros.<\/p>\n<p>Tras un paseo panor\u00e1mico, llegue al famoso <strong>Cueva Azul<\/strong>, conocido por sus brillantes aguas turquesas creadas por los reflejos de la luz solar. Disfrute de tiempo para nadar, bucear y tomar fotos inolvidables en aguas cristalinas.<\/p>\n<p>Saliendo de la cueva, navega m\u00e1s all\u00e1 <strong>Isla Mamula<\/strong>, Un antiguo fuerte estrat\u00e9gico y prisi\u00f3n, ahora transformado en un hotel de lujo. Su capit\u00e1n le contar\u00e1 historias de su fascinante pasado mientras disfruta de las vistas panor\u00e1micas desde el barco.<\/p>\n<p>A continuaci\u00f3n, explora <strong>T\u00faneles submarinos de la II Guerra Mundial<\/strong>, tallada directamente en los acantilados, ofrece una visi\u00f3n de la historia militar de Montenegro.<\/p>\n<p>La gira contin\u00faa con una parada en <strong>Nuestra Se\u00f1ora de las Rocas<\/strong>, Tendr\u00e1 aproximadamente 20 minutos para visitar la hist\u00f3rica iglesia u, opcionalmente, explorar el museo y conocer la leyenda que se esconde tras esta emblem\u00e1tica isla.<\/p>\n<p>Por \u00faltimo, disfrute de un lento crucero panor\u00e1mico pasando por <strong>Perast<\/strong>, Admire su arquitectura barroca perfectamente conservada y el encanto atemporal del Adri\u00e1tico antes de regresar a Kotor.<\/p>\n<h3>\ud83d\uddfa\ufe0f <strong>Itinerario<\/strong><\/h3>\n<p>\ud83d\udd39 Salida de Kotor<br \/>\n\ud83d\udd39 Crucero panor\u00e1mico por la bah\u00eda de Kotor<br \/>\n\ud83d\udd39 Cueva Azul - parada para nadar y hacer snorkel.<br \/>\n\ud83d\udd39 Isla Mamula - vista panor\u00e1mica<br \/>\n\ud83d\udd39 T\u00faneles submarinos - visitas tur\u00edsticas<br \/>\n\ud83d\udd39 Nuestra Se\u00f1ora de las Rocas - Parada de 20 minutos.<br \/>\n\ud83d\udd39 Paso panor\u00e1mico por el casco antiguo de Perast<br \/>\n\ud83d\udd39 Volver a Kotor<\/p>\n<h3>\u2139\ufe0f <strong>Informaci\u00f3n \u00fatil<\/strong><\/h3>\n<p>\ud83d\udd39 Duraci\u00f3n: aproximadamente 3 horas<br \/>\nHora de inicio: 12:00 (todos los d\u00edas)<br \/>\n\ud83d\udd39 S\u00f3lo visita privada<br \/>\n\ud83d\udd39 Punto de salida: Kotor (detalles compartidos despu\u00e9s de la reserva)<br \/>\n\ud83d\udd39 Cancelaci\u00f3n gratuita hasta 24 horas antes de la salida<\/p>\n<h2>\ud83c\udf92 <strong>Qu\u00e9 llevar<\/strong><\/h2>\n<p>\ud83d\udd39 Ba\u00f1ador y toalla<br \/>\n\ud83d\udd39 Protector solar y gafas de sol.<br \/>\n\ud83d\udd39 C\u00e1mara o smartphone<br \/>\n\ud83d\udd39 Dinero en efectivo para la entrada opcional al museo<\/p>\n<h3>\ud83d\udeab <strong>No apto para<\/strong><\/h3>\n<p>\ud83d\udd39 Invitadas embarazadas<br \/>\n\ud83d\udd39 Hu\u00e9spedes con graves limitaciones de movilidad.<\/p>\n<h2>\ud83d\udcb8 <strong>Precios y reservas<\/strong><\/h2>\n<p>\ud83d\udd39 Reserva ahora, paga despu\u00e9s<br \/>\n\ud83d\udd39 Cancelaci\u00f3n gratuita hasta 24 horas antes del viaje<br \/>\n\ud83d\udd39 Reserva f\u00e1cilmente a trav\u00e9s de WhatsApp o del formulario de reserva en l\u00ednea \ud83d\udc47\ud83c\udffd<\/p>\n<p>\u00bfBuscas alternativas? Explora <a href=\"https:\/\/excursionsworld.com\/es\/excursiones-kotor\/\">m\u00e1s tours de Kotor<\/a>.<\/p>","protected":false},"excerpt":{"rendered":"<p>Disfrute de una excursi\u00f3n privada en lancha r\u00e1pida desde Kotor hasta la Cueva Azul y Nuestra Se\u00f1ora de las Rocas. Nada, practica snorkel, explora la historia y navega por Perast.<\/p>","protected":false},"featured_media":15996,"comment_status":"open","ping_status":"closed","template":"","meta":[],"product_brand":[],"product_cat":[133],"product_tag":[131],"class_list":{"0":"post-15993","1":"product","2":"type-product","3":"status-publish","4":"has-post-thumbnail","6":"tour_phys-kotor-tours","7":"product_cat-kotor-tours","8":"product_tag-kotor","9":"pa_montenegro-kotor-tours","11":"first","12":"instock","13":"sale","14":"shipping-taxable","15":"purchasable","16":"product-type-tour_phys"},"aioseo_notices":[],"_links":{"self":[{"href":"https:\/\/excursionsworld.com\/es\/wp-json\/wp\/v2\/product\/15993","targetHints":{"allow":["GET"]}}],"collection":[{"href":"https:\/\/excursionsworld.com\/es\/wp-json\/wp\/v2\/product"}],"about":[{"href":"https:\/\/excursionsworld.com\/es\/wp-json\/wp\/v2\/types\/product"}],"replies":[{"embeddable":true,"href":"https:\/\/excursionsworld.com\/es\/wp-json\/wp\/v2\/comments?post=15993"}],"wp:featuredmedia":[{"embeddable":true,"href":"https:\/\/excursionsworld.com\/es\/wp-json\/wp\/v2\/media\/15996"}],"wp:attachment":[{"href":"https:\/\/excursionsworld.com\/es\/wp-json\/wp\/v2\/media?parent=15993"}],"wp:term":[{"taxonomy":"product_brand","embeddable":true,"href":"https:\/\/excursionsworld.com\/es\/wp-json\/wp\/v2\/product_brand?post=15993"},{"taxonomy":"product_cat","embeddable":true,"href":"https:\/\/excursionsworld.com\/es\/wp-json\/wp\/v2\/product_cat?post=15993"},{"taxonomy":"product_tag","embeddable":true,"href":"https:\/\/excursionsworld.com\/es\/wp-json\/wp\/v2\/product_tag?post=15993"}],"curies":[{"name":"wp","href":"https:\/\/api.w.org\/{rel}","templated":true}]}}