{"id":16022,"date":"2026-01-19T20:56:20","date_gmt":"2026-01-19T17:56:20","guid":{"rendered":"https:\/\/excursionsworld.com\/?post_type=product&#038;p=16022\/"},"modified":"2026-04-24T01:27:19","modified_gmt":"2026-04-23T22:27:19","slug":"herceg-novi-privado-barco-cueva-azul","status":"publish","type":"product","link":"https:\/\/excursionsworld.com\/tours\/herceg-novi-private-boat-tour-blue-cave\/","title":{"rendered":"Herceg Novi Tour Privado en Barco a la Cueva Azul &amp; Perast (3 Horas)"},"content":{"rendered":"<h2>\ud83c\udfd9\ufe0f <strong>Visi\u00f3n general<\/strong><\/h2>\n<p>Emb\u00e1rquese en una exclusiva excursi\u00f3n privada en barco de 3 horas desde Herceg Novi, dise\u00f1ada para viajeros que buscan comodidad, flexibilidad e impresionantes paisajes costeros. Navegue por la bah\u00eda de Kotor a su propio ritmo, sum\u00e9rjase en aguas turquesas y explore ciudades incluidas en la lista de la UNESCO mientras su patr\u00f3n privado se encarga de todo.<\/p>\n<h3><strong>Incluido:<\/strong><\/h3>\n<p><strong><span style=\"color: #00ff00;\">\u2713<\/span> <\/strong>Patr\u00f3n privado de habla inglesa con licencia<br \/>\n<strong><span style=\"color: #00ff00;\">\u2713<\/span> <\/strong>Moderna lancha r\u00e1pida privada<br \/>\n<strong><span style=\"color: #00ff00;\">\u2713<\/span> <\/strong>Combustible y todos los servicios t\u00e9cnicos<br \/>\n<strong><span style=\"color: #00ff00;\">\u2713<\/span> <\/strong>Seguro de pasajeros<br \/>\n<strong><span style=\"color: #00ff00;\">\u2713<\/span> <\/strong>Chalecos salvavidas (todas las tallas)<br \/>\n<strong><span style=\"color: #00ff00;\">\u2713<\/span> <\/strong> Equipo de buceo<br \/>\n<strong><span style=\"color: #00ff00;\">\u2713<\/span> <\/strong>Agua embotellada gratuita<br \/>\n<strong><span style=\"color: #00ff00;\">\u2713<\/span> <\/strong>Toldo bimini y asientos acolchados<br \/>\n<strong><span style=\"color: #00ff00;\">\u2713<\/span> <\/strong>WiFi a bordo y sistema de sonido Bluetooth<br \/>\n<strong><span style=\"color: #00ff00;\">\u2713<\/span> <\/strong>Ducha de agua dulce y puntos de carga<\/p>\n<h3><strong>No se incluye:<\/strong><\/h3>\n<p><span style=\"color: #ff0000;\"><strong>\u2717<\/strong> <\/span>Entrada al museo de Nuestra Se\u00f1ora de las Rocas (opcional)<br \/>\n<span style=\"color: #ff0000;\"><strong>\u2717<\/strong> <\/span>Comida y bebidas alcoh\u00f3licas<br \/>\n<span style=\"color: #ff0000;\"><strong>\u2717<\/strong> <\/span>Gastos personales<\/p>\n<h2>\ud83c\udf1f <strong>Lo m\u00e1s destacado<\/strong><\/h2>\n<p>\ud83d\udd39 Cueva Azul (Plava \u0160pilja) - ba\u00f1o privado y snorkel.<br \/>\n\ud83d\udd39 Nuestra Se\u00f1ora de las Rocas - hist\u00f3rica isla artificial.<br \/>\n\ud83d\udd39 <a href=\"https:\/\/en.wikipedia.org\/wiki\/Perast\" target=\"_blank\" rel=\"noopener\">Perast<\/a> Casco Antiguo: tiempo libre en una ciudad barroca declarada Patrimonio de la Humanidad por la UNESCO<br \/>\n\ud83d\udd39 Fortaleza de Mamula - vista panor\u00e1mica a la entrada de la bah\u00eda.<br \/>\n\ud83d\udd39 Tour privado con ritmo flexible y confort premium<\/p>\n<h2>\ud83d\udcd6 <strong>Descripci\u00f3n completa<\/strong><\/h2>\n<div>Su viaje privado comienza en <strong>Herceg Novi<\/strong>, donde embarcar\u00e1 en una moderna lancha r\u00e1pida totalmente equipada. Sin aglomeraciones y con un horario flexible, esta excursi\u00f3n le permite conocer la costa de Montenegro a su propio ritmo.<\/div>\n<div>Crucero hacia <strong>Fortaleza de Mamula<\/strong>, Disfrute de las vistas panor\u00e1micas de esta hist\u00f3rica isla situada a la entrada de la bah\u00eda. Contin\u00fae hacia la famosa <strong>Cueva Azul<\/strong>, donde la luz del sol crea un resplandeciente efecto azul en el agua. Disfrute de 20-30 minutos de nataci\u00f3n y snorkel en aguas cristalinas de color turquesa.<\/div>\n<div>A continuaci\u00f3n, visite <strong>Nuestra Se\u00f1ora de las Rocas<\/strong>, Una legendaria isla artificial con una iglesia del siglo XV rica en historia mar\u00edtima. Tendr\u00e1 tiempo para explorar la isla y, opcionalmente, visitar el museo.<\/div>\n<div>La gira concluye en <strong>Perast<\/strong>, a menudo llamada la \u201cVenecia del Adri\u00e1tico\u201d. Disfrute de tiempo libre para pasear por sus encantadoras calles de piedra, admirar la arquitectura barroca, relajarse junto al paseo mar\u00edtimo o tomar un caf\u00e9 con impresionantes vistas de la bah\u00eda antes de regresar a Herceg Novi.<\/div>\n<h3>\ud83d\uddfa\ufe0f <strong>Itinerario<\/strong><\/h3>\n<p>\ud83d\udd39 Salida de Herceg Novi<br \/>\n\ud83d\udd39 Fortaleza de Mamula - visita panor\u00e1mica<br \/>\n\ud83d\udd39 Cueva Azul - nataci\u00f3n y snorkel (20-30 minutos)<br \/>\n\ud83d\udd39 Nuestra Se\u00f1ora de las Rocas - visita de 20 minutos.<br \/>\n\ud83d\udd39 Casco antiguo de Perast - aprox. 40 minutos de tiempo libre<br \/>\n\ud83d\udd39 Volver a Herceg Novi<\/p>\n<h3>\u2139\ufe0f <strong>Informaci\u00f3n \u00fatil<\/strong><\/h3>\n<p>\ud83d\udd39 Duraci\u00f3n: aproximadamente 3 horas<br \/>\n\ud83d\udd39 S\u00f3lo visita privada<br \/>\n\ud83d\udd39 Ritmo flexible y experiencia personalizada<br \/>\n\ud83d\udd39 Traslados opcionales de ida y vuelta desde Kotor o Budva.<br \/>\n\ud83d\udd39 Cancelaci\u00f3n gratuita hasta 24 horas antes de la salida<\/p>\n<h2>\ud83c\udf92 <strong>Qu\u00e9 llevar<\/strong><\/h2>\n<p>\ud83d\udd39 Ba\u00f1ador y toalla<br \/>\n\ud83d\udd39 Protector solar y gafas de sol.<br \/>\n\ud83d\udd39 C\u00e1mara o smartphone<br \/>\n\ud83d\udd39 Dinero en efectivo para la entrada opcional al museo o gastos personales.<\/p>\n<h3>\ud83d\udeab <strong>No apto para<\/strong><\/h3>\n<p>\ud83d\udd39 Invitadas embarazadas<br \/>\n\ud83d\udd39 Hu\u00e9spedes con graves limitaciones de movilidad.<\/p>\n<h2>\ud83d\udcb8 <strong>Precios y reservas<\/strong><\/h2>\n<p>\ud83d\udd39 Excursi\u00f3n privada - precio por barco<br \/>\n\ud83d\udd39 Reserva ahora, paga despu\u00e9s<br \/>\n\ud83d\udd39 Cancelaci\u00f3n gratuita hasta 24 horas antes del viaje<br \/>\n\ud83d\udd39 Reserva f\u00e1cilmente a trav\u00e9s de WhatsApp o del formulario de reserva en l\u00ednea \ud83d\udc47\ud83c\udffd<\/p>\n<p>\u00bfBuscas alternativas? Explora <a href=\"https:\/\/excursionsworld.com\/es\/excursiones-herceg-novi\/\">m\u00e1s excursiones en Herceg Novi en Perast<\/a>.<\/p>","protected":false},"excerpt":{"rendered":"<p>Disfrute de una excursi\u00f3n privada en barco de 3 horas desde Herceg Novi hasta la Cueva Azul y Perast. Nade, practique snorkel, explore los sitios de la UNESCO y navegue con total comodidad.<\/p>","protected":false},"featured_media":16014,"comment_status":"open","ping_status":"closed","template":"","meta":[],"product_brand":[],"product_cat":[134],"product_tag":[135],"class_list":{"0":"post-16022","1":"product","2":"type-product","3":"status-publish","4":"has-post-thumbnail","6":"tour_phys-herceg-novi-tours","7":"product_cat-herceg-novi-tours","8":"product_tag-herceg-novi","9":"pa_montenegro-herceg-novi-tours","11":"first","12":"instock","13":"sale","14":"shipping-taxable","15":"purchasable","16":"product-type-tour_phys"},"aioseo_notices":[],"_links":{"self":[{"href":"https:\/\/excursionsworld.com\/es\/wp-json\/wp\/v2\/product\/16022","targetHints":{"allow":["GET"]}}],"collection":[{"href":"https:\/\/excursionsworld.com\/es\/wp-json\/wp\/v2\/product"}],"about":[{"href":"https:\/\/excursionsworld.com\/es\/wp-json\/wp\/v2\/types\/product"}],"replies":[{"embeddable":true,"href":"https:\/\/excursionsworld.com\/es\/wp-json\/wp\/v2\/comments?post=16022"}],"wp:featuredmedia":[{"embeddable":true,"href":"https:\/\/excursionsworld.com\/es\/wp-json\/wp\/v2\/media\/16014"}],"wp:attachment":[{"href":"https:\/\/excursionsworld.com\/es\/wp-json\/wp\/v2\/media?parent=16022"}],"wp:term":[{"taxonomy":"product_brand","embeddable":true,"href":"https:\/\/excursionsworld.com\/es\/wp-json\/wp\/v2\/product_brand?post=16022"},{"taxonomy":"product_cat","embeddable":true,"href":"https:\/\/excursionsworld.com\/es\/wp-json\/wp\/v2\/product_cat?post=16022"},{"taxonomy":"product_tag","embeddable":true,"href":"https:\/\/excursionsworld.com\/es\/wp-json\/wp\/v2\/product_tag?post=16022"}],"curies":[{"name":"wp","href":"https:\/\/api.w.org\/{rel}","templated":true}]}}