{"id":16104,"date":"2026-02-02T13:02:42","date_gmt":"2026-02-02T10:02:42","guid":{"rendered":"https:\/\/excursionsworld.com\/?post_type=product&#038;p=16104\/"},"modified":"2026-02-03T20:37:33","modified_gmt":"2026-02-03T17:37:33","slug":"alquiler-yate-privado-side","status":"publish","type":"product","link":"https:\/\/excursionsworld.com\/tours\/private-yacht-rental-side\/","title":{"rendered":"Side Alquiler de yates privados - S\u0131la Luxury Sea Experience"},"content":{"rendered":"<h3 data-start=\"422\" data-end=\"442\">\ud83c\udfd9\ufe0f <strong data-start=\"430\" data-end=\"442\">Visi\u00f3n general<\/strong><\/h3>\n<p data-start=\"443\" data-end=\"737\">Zarpe en una exclusiva experiencia en yate privado por la Riviera turca. Dise\u00f1ado para parejas, familias y grupos peque\u00f1os, este ch\u00e1rter ofrece libertad, comodidad y unas vistas inolvidables de la costa. Desde antiguos monumentos a bah\u00edas escondidas, disfrute del mar a su propio ritmo con servicio puerta a puerta.<\/p>\n<h3 data-path-to-node=\"19\"><b data-path-to-node=\"19\" data-index-in-node=\"0\">Incluido:<\/b><\/h3>\n<div data-path-to-node=\"20\"><span style=\"color: #00ff00;\"><strong>\u2713<\/strong><\/span> Alquiler de yates privados (hasta 12 invitados)<\/div>\n<div data-path-to-node=\"21\"><span style=\"color: #00ff00;\"><strong>\u2713 <\/strong><\/span>Traslado de ida y vuelta al hotel<\/div>\n<div data-path-to-node=\"22\"><span style=\"color: #00ff00;\"><strong>\u2713 <\/strong><\/span>Capit\u00e1n y tripulaci\u00f3n profesionales<\/div>\n<div data-path-to-node=\"23\"><span style=\"color: #00ff00;\"><strong>\u2713 <\/strong><\/span>Almuerzo barbacoa: Pescado\/Pollo\/Alb\u00f3ndigas a la parrilla, Ensalada, Pasta, Frutas<\/div>\n<div data-path-to-node=\"24\"><span style=\"color: #00ff00;\"><strong>\u2713 <\/strong><\/span>Refrescos ilimitados: Agua, Cola, Fanta, T\u00e9, Caf\u00e9<\/div>\n<div data-path-to-node=\"25\"><span style=\"color: #00ff00;\"><strong>\u2713 <\/strong><\/span>Equipos de pesca y snorkel para aficionados<\/div>\n<div data-path-to-node=\"26\"><span style=\"color: #00ff00;\"><strong>\u2713 <\/strong><\/span>Wi-Fi gratuito a bordo<\/div>\n<h3 data-path-to-node=\"27\"><b data-path-to-node=\"27\" data-index-in-node=\"0\">Excluidos:<\/b><\/h3>\n<div data-path-to-node=\"28\"><span style=\"color: #ff0000;\"><strong>\u2717<\/strong> <\/span>Bebidas alcoh\u00f3licas (Disponibles o traiga las suyas con 20 \u20ac de cargo por servicio)<\/div>\n<div data-path-to-node=\"29\"><span style=\"color: #ff0000;\"><strong>\u2717<\/strong> <\/span>Helados<\/div>\n<h3 data-path-to-node=\"30\">\ud83c\udf1f Lo m\u00e1s destacado del viaje<\/h3>\n<div data-path-to-node=\"31\">\ud83d\udd39 Experiencia en un yate privado de lujo renovado en 2023<\/div>\n<div data-path-to-node=\"32\">\ud83d\udd39 Antigua ciudad de Side y Templo de Apolo vistas desde el mar.<\/div>\n<div data-path-to-node=\"33\">\ud83d\udd39 Turtle Bay - avistamiento de tortugas Caretta caretta<\/div>\n<div data-path-to-node=\"34\">\ud83d\udd39 Tripulaci\u00f3n multiling\u00fce: Servicio en ingl\u00e9s, ruso y alem\u00e1n<\/div>\n<div data-path-to-node=\"35\">\ud83d\udd39 Bah\u00edas cristalinas para nadar y relajarse<\/div>\n<div data-path-to-node=\"36\">\ud83d\udd39 Ideal para celebraciones: Propuestas, cumplea\u00f1os y aniversarios.<\/div>\n<h3 data-path-to-node=\"37\">\ud83d\udcd6 Descripci\u00f3n completa<\/h3>\n<div data-path-to-node=\"38\">Su experiencia VIP comienza en Side Harbor. Suba a bordo de su exclusivo yate, <b data-path-to-node=\"38\" data-index-in-node=\"77\">SILA-1<\/b>, y zarpar desde el muelle hist\u00f3rico.<\/div>\n<div data-path-to-node=\"39\">Navegue junto a la antigua ciudad de Side y el emblem\u00e1tico Templo de Apolo, disfrutando de impresionantes vistas de la costa.<\/div>\n<div data-path-to-node=\"40\">Contin\u00fae hacia Turtle Bay para avistar tortugas y disfrutar de descansos para nadar en hermosas bah\u00edas.<\/div>\n<div data-path-to-node=\"41\">A bordo se servir\u00e1 un fresco almuerzo a la barbacoa preparado por nuestra tripulaci\u00f3n familiar. Despu\u00e9s de un d\u00eda de relax y celebraci\u00f3n, disfrute de un suave crucero de regreso al puerto.<\/div>\n<h3 data-path-to-node=\"42\">\ud83d\uddfa\ufe0f Itinerario<\/h3>\n<div data-path-to-node=\"43\">\ud83d\udd39 Salida del puerto lateral<\/div>\n<div data-path-to-node=\"44\">\ud83d\udd39 Antigua ciudad de Side y Templo de Apolo (vista al mar)<\/div>\n<div data-path-to-node=\"45\">\ud83d\udd39 Turtle Bay - parada tur\u00edstica.<\/div>\n<div data-path-to-node=\"46\">\ud83d\udd39 Pausas para nadar en bah\u00edas turquesas<\/div>\n<div data-path-to-node=\"47\">\ud83d\udd39 Almuerzo barbacoa a bordo<\/div>\n<div data-path-to-node=\"48\">\ud83d\udd39 Crucero opcional por el r\u00edo Manavgat<\/div>\n<div data-path-to-node=\"49\">\ud83d\udd39 Volver al puerto lateral<\/div>\n<h3 data-path-to-node=\"50\">\u2139\ufe0f Informaci\u00f3n \u00fatil<\/h3>\n<div data-path-to-node=\"52\">\ud83d\udd39Capacidad: Hasta 12 comensales<\/div>\n<div data-path-to-node=\"53\">Duraci\u00f3n: flexible (media jornada o jornada completa)<br data-start=\"3099\" data-end=\"3102\" \/>\ud83d\udd39Los precios de julio y agosto pueden variar<br data-start=\"3134\" data-end=\"3137\" \/>\ud83d\udd39La ruta puede ajustarse en funci\u00f3n de las condiciones del mar<br data-start=\"3185\" data-end=\"3188\" \/>\ud83d\udd39Se puede aplicar un recargo a los hoteles alejados del centro Side<\/div>\n<h3 data-path-to-node=\"56\">Qu\u00e9 llevar<\/h3>\n<div data-path-to-node=\"57\">\ud83d\udd39 Ba\u00f1ador y toalla<\/div>\n<div data-path-to-node=\"58\">\ud83d\udd39 Protector solar y gafas de sol.<\/div>\n<div data-path-to-node=\"59\">Sombrero \ud83d\udd39<\/div>\n<h3 data-path-to-node=\"60\">\ud83d\udeab No apto para<\/h3>\n<p data-path-to-node=\"61\">\ud83d\udd39 Hu\u00e9spedes con graves limitaciones de movilidad.<\/p>\n<div class=\"elementor-element elementor-element-884d539 e-con-full e-flex e-con e-child\" data-id=\"884d539\" data-element_type=\"container\">\n<div id=\"description\" class=\"elementor-element elementor-element-337037cc elementor-widget elementor-widget-thim-ekits-tours-content\" data-id=\"337037cc\" data-element_type=\"widget\" data-widget_type=\"thim-ekits-tours-content.default\">\n<div class=\"elementor-widget-container\">\n<div class=\"thim-ekit-single-tour__content\">\n<h3 dir=\"ltr\">\ud83d\udcb8\u00a0<strong>Precios y reservas<\/strong><\/h3>\n<p dir=\"ltr\">\ud83d\udd39 Reserva ahora, paga el d\u00eda<br data-start=\"3549\" data-end=\"3552\" \/>\ud83d\udd39 Decoraciones personalizadas disponibles para ocasiones especiales.<br \/>\n\ud83d\udd39 Ponte en contacto con nosotros a trav\u00e9s de WhatsApp, Telegram, Viber, o rellena el siguiente formulario de reserva. \ud83d\udc47\ud83c\udffc<\/p>\n<\/div>\n<\/div>\n<\/div>\n<\/div>\n<div class=\"elementor-element elementor-element-57a2f74 elementor-widget-divider--view-line elementor-widget elementor-widget-divider\" data-id=\"57a2f74\" data-element_type=\"widget\" data-widget_type=\"divider.default\">\n<div class=\"elementor-widget-container\">\n<div class=\"elementor-divider\"><\/div>\n<\/div>\n<\/div>","protected":false},"excerpt":{"rendered":"<p>Disfrute de un alquiler de yate privado en Side con almuerzo a la barbacoa, descansos para nadar, la bah\u00eda de las Tortugas e impresionantes vistas del Templo de Apolo y la Ciudad Antigua.<\/p>","protected":false},"featured_media":16105,"comment_status":"open","ping_status":"closed","template":"","meta":[],"product_brand":[],"product_cat":[129],"product_tag":[122],"class_list":{"0":"post-16104","1":"product","2":"type-product","3":"status-publish","4":"has-post-thumbnail","6":"tour_phys-yacht-rental","7":"product_cat-yacht-rental","8":"product_tag-side","9":"pa_kategori-private-yacht-rental-kemer-antalya","11":"first","12":"instock","13":"sale","14":"shipping-taxable","15":"purchasable","16":"product-type-tour_phys"},"aioseo_notices":[],"_links":{"self":[{"href":"https:\/\/excursionsworld.com\/es\/wp-json\/wp\/v2\/product\/16104","targetHints":{"allow":["GET"]}}],"collection":[{"href":"https:\/\/excursionsworld.com\/es\/wp-json\/wp\/v2\/product"}],"about":[{"href":"https:\/\/excursionsworld.com\/es\/wp-json\/wp\/v2\/types\/product"}],"replies":[{"embeddable":true,"href":"https:\/\/excursionsworld.com\/es\/wp-json\/wp\/v2\/comments?post=16104"}],"wp:featuredmedia":[{"embeddable":true,"href":"https:\/\/excursionsworld.com\/es\/wp-json\/wp\/v2\/media\/16105"}],"wp:attachment":[{"href":"https:\/\/excursionsworld.com\/es\/wp-json\/wp\/v2\/media?parent=16104"}],"wp:term":[{"taxonomy":"product_brand","embeddable":true,"href":"https:\/\/excursionsworld.com\/es\/wp-json\/wp\/v2\/product_brand?post=16104"},{"taxonomy":"product_cat","embeddable":true,"href":"https:\/\/excursionsworld.com\/es\/wp-json\/wp\/v2\/product_cat?post=16104"},{"taxonomy":"product_tag","embeddable":true,"href":"https:\/\/excursionsworld.com\/es\/wp-json\/wp\/v2\/product_tag?post=16104"}],"curies":[{"name":"wp","href":"https:\/\/api.w.org\/{rel}","templated":true}]}}