{"id":16115,"date":"2026-02-04T13:01:22","date_gmt":"2026-02-04T10:01:22","guid":{"rendered":"https:\/\/excursionsworld.com\/?post_type=product&#038;p=16115\/"},"modified":"2026-04-24T01:27:21","modified_gmt":"2026-04-23T22:27:21","slug":"alquiler-yates-privados-side-la-perla","status":"publish","type":"product","link":"https:\/\/excursionsworld.com\/tours\/private-yacht-rental-side-la-perla\/","title":{"rendered":"Alquiler de Yates Privados en Side: La Perla \u2013 Experiencia de Lujo Azimut 42"},"content":{"rendered":"<h2><strong>\ud83c\udfd9\ufe0f Visi\u00f3n general<\/strong><\/h2>\n<p>Zarpar en <strong>La Perla<\/strong>, una exclusiva <strong>Yate a motor Azimut 42<\/strong> que ofrece una refinada experiencia en yate privado a lo largo de la Riviera Turca. Perfecto para parejas, familias y grupos peque\u00f1os, este ch\u00e1rter combina libertad, comodidad e impresionantes vistas de la costa con un servicio de primera y traslados puerta a puerta.<\/p>\n<h3><strong>Incluido:<\/strong><\/h3>\n<p><strong><span style=\"color: #00ff00;\">\u2713<\/span> <\/strong>Alquiler de yates privados (hasta 12 invitados)<br \/>\n<strong><span style=\"color: #00ff00;\">\u2713<\/span> <\/strong>Traslado de ida y vuelta al hotel<br \/>\n<strong><span style=\"color: #00ff00;\">\u2713<\/span> <\/strong>Capit\u00e1n y tripulaci\u00f3n femeninos profesionales<br \/>\n<strong><span style=\"color: #00ff00;\">\u2713<\/span> <\/strong>Barbacoa Almuerzo o Cena: Pescado \/ Pollo \/ Alb\u00f3ndigas a la parrilla<br \/>\n<strong><span style=\"color: #00ff00;\">\u2713<\/span> <\/strong>Pasta, arroz y frutas de temporada<br \/>\n<strong><span style=\"color: #00ff00;\">\u2713<\/span> <\/strong>4 tipos de aperitivos y 2 tipos de ensalada<br \/>\n<strong><span style=\"color: #00ff00;\">\u2713<\/span> <\/strong>Refrescos ilimitados<br \/>\n<strong><span style=\"color: #00ff00;\">\u2713<\/span> <\/strong>Wi-Fi gratuito a bordo<br \/>\n<strong><span style=\"color: #00ff00;\">\u2713<\/span> <\/strong>Tabla de SUP, equipo de snorkel y pesca amateur<\/p>\n<h3><strong>Excluidos:<\/strong><\/h3>\n<p><strong><span style=\"color: #ff0000;\">\u2717<\/span> <\/strong>Bebidas alcoh\u00f3licas (disponibles a bordo o traiga las suyas propias sin cargo adicional)<br \/>\n<strong><span style=\"color: #ff0000;\">\u2717<\/span> <\/strong>Helados<br \/>\n<strong><span style=\"color: #ff0000;\">\u2717<\/span> <\/strong>Decoraciones personalizadas y tarta de cumplea\u00f1os<\/p>\n<h2><strong>\ud83c\udf1f Lo m\u00e1s destacado del viaje<\/strong><\/h2>\n<p>\ud83d\udd39 Lujo privado <strong>Yate Azimut 42 (construcci\u00f3n 2025)<\/strong><br \/>\n\ud83d\udd39 <a href=\"https:\/\/en.wikipedia.org\/wiki\/Side,_Turkey\" target=\"_blank\" rel=\"noopener\">Lado<\/a> Vistas del antiguo puerto y Templo de Apolo desde el mar<br \/>\n\ud83d\udd39 Servicio exclusivo a cargo de un profesional <strong>equipo dirigido por mujeres<\/strong><br \/>\n\ud83d\udd39 Ruta de las Rocas de las Tortugas, la bah\u00eda de Cleopatra y el r\u00edo Manavgat<br \/>\n\ud83d\udd39 Amplio sol\u00e1rium, escalera de ba\u00f1o y colchoneta de mar.<br \/>\n\ud83d\udd39 Ideal para celebraciones elegantes y visitas privadas premium<\/p>\n<h2><strong>\ud83d\udcd6 Descripci\u00f3n completa<\/strong><\/h2>\n<div>Su experiencia VIP comienza con la recogida privada en el hotel y la llegada a <strong>Puerto antiguo lateral<\/strong>, donde se sube a bordo <strong>La Perla<\/strong>, Ser\u00e1 recibido por nuestra experimentada capitana. Crucero m\u00e1s all\u00e1 de la antigua ciudad de Side y el ic\u00f3nico <strong>Templo de Apolo<\/strong>, Disfrute de unas vistas inolvidables de la costa.<\/div>\n<div>El viaje contin\u00faa hacia <strong>Bah\u00eda de Cleopatra<\/strong>, <strong>Rocas de tortuga<\/strong>, y la panor\u00e1mica <strong>Estrecho de Manavgat<\/strong>, con pausas para nadar en aguas cristalinas. A bordo se sirve una comida de barbacoa reci\u00e9n preparada, acompa\u00f1ada de un servicio atento y un ambiente de lujo relajado. Tanto si opta por una escapada de un d\u00eda entero como por un rom\u00e1ntico crucero al atardecer, todos los detalles est\u00e1n pensados para su comodidad.<\/div>\n<h3><strong>\ud83d\uddfa\ufe0f Itinerario<\/strong><\/h3>\n<p>\ud83d\udd39 Recogida privada en el hotel<br \/>\n\ud83d\udd39 Salida del puerto lateral<br \/>\n\ud83d\udd39 Antigua ciudad de Side y Templo de Apolo (vista al mar)<br \/>\n\ud83d\udd39 Parada tur\u00edstica en Turtle Rocks.<br \/>\n\ud83d\udd39 Bah\u00eda de Cleopatra y Estrecho de Manavgat<br \/>\n\ud83d\udd39 Pausas para nadar en mar abierto y bah\u00edas<br \/>\n\ud83d\udd39 Comida de barbacoa servida a bordo.<br \/>\n\ud83d\udd39 Volver al puerto lateral<br \/>\n\ud83d\udd39 Traslado privado de vuelta al hotel.<\/p>\n<h3><strong>\u2139\ufe0f Informaci\u00f3n \u00fatil<\/strong><\/h3>\n<p>\ud83d\udd39 Capacidad: Hasta 12 comensales<br \/>\nDuraci\u00f3n: Flexible (opciones de 4 o 10 horas disponibles)<br \/>\n\ud83d\udd39 La ruta puede ajustarse seg\u00fan las condiciones del mar<br \/>\n\ud83d\udd39 Personalizaci\u00f3n del men\u00fa disponible bajo petici\u00f3n.<br \/>\n\ud83d\udd39 Opci\u00f3n de traslado diferido disponible para prolongar el tiempo en la ciudad.<\/p>\n<h2><strong>Qu\u00e9 llevar<\/strong><\/h2>\n<p>\ud83d\udd39 Ba\u00f1ador y toalla<br \/>\n\ud83d\udd39 Protector solar y gafas de sol.<br \/>\nSombrero \ud83d\udd39<br \/>\n\ud83d\udd39 Bebidas alcoh\u00f3licas personales (opcional)<\/p>\n<h3><strong>\ud83d\udeab No apto para<\/strong><\/h3>\n<p>\ud83d\udd39 Hu\u00e9spedes con graves limitaciones de movilidad.<\/p>\n<h2><strong>\ud83d\udcb8 Precios y reservas<\/strong><\/h2>\n<p>\ud83d\udd39 Reserva ahora, paga el d\u00eda<br \/>\n\ud83d\udd39 Decoraciones personalizadas disponibles para ocasiones especiales.<br \/>\n\ud83d\udd39 P\u00f3ngase en contacto con nosotros a trav\u00e9s de <strong>WhatsApp, Telegram, Viber<\/strong>, o rellene el siguiente formulario de reserva \ud83d\udc47\ud83c\udffc<\/p>\n<p>\u00bfBuscas alternativas? Explora <a href=\"https:\/\/excursionsworld.com\/es\/alquiler-yate-privado-kemer-antalya\/\">m\u00e1s alquiler de yates en Side<\/a>.<\/p>","protected":false},"excerpt":{"rendered":"<p>Alquiler privado de Azimut 42 en Side con opciones de puesta de sol o d\u00eda completo. Disfrute de traslado al hotel, comida barbacoa, paradas para nadar y servicio premium. \u00a1Reserve ahora!<\/p>","protected":false},"featured_media":16116,"comment_status":"open","ping_status":"closed","template":"","meta":[],"product_brand":[],"product_cat":[129],"product_tag":[122],"class_list":{"0":"post-16115","1":"product","2":"type-product","3":"status-publish","4":"has-post-thumbnail","6":"tour_phys-yacht-rental","7":"product_cat-yacht-rental","8":"product_tag-side","9":"pa_kategori-private-yacht-rental-kemer-antalya","11":"first","12":"instock","13":"sale","14":"shipping-taxable","15":"purchasable","16":"product-type-tour_phys"},"aioseo_notices":[],"_links":{"self":[{"href":"https:\/\/excursionsworld.com\/es\/wp-json\/wp\/v2\/product\/16115","targetHints":{"allow":["GET"]}}],"collection":[{"href":"https:\/\/excursionsworld.com\/es\/wp-json\/wp\/v2\/product"}],"about":[{"href":"https:\/\/excursionsworld.com\/es\/wp-json\/wp\/v2\/types\/product"}],"replies":[{"embeddable":true,"href":"https:\/\/excursionsworld.com\/es\/wp-json\/wp\/v2\/comments?post=16115"}],"wp:featuredmedia":[{"embeddable":true,"href":"https:\/\/excursionsworld.com\/es\/wp-json\/wp\/v2\/media\/16116"}],"wp:attachment":[{"href":"https:\/\/excursionsworld.com\/es\/wp-json\/wp\/v2\/media?parent=16115"}],"wp:term":[{"taxonomy":"product_brand","embeddable":true,"href":"https:\/\/excursionsworld.com\/es\/wp-json\/wp\/v2\/product_brand?post=16115"},{"taxonomy":"product_cat","embeddable":true,"href":"https:\/\/excursionsworld.com\/es\/wp-json\/wp\/v2\/product_cat?post=16115"},{"taxonomy":"product_tag","embeddable":true,"href":"https:\/\/excursionsworld.com\/es\/wp-json\/wp\/v2\/product_tag?post=16115"}],"curies":[{"name":"wp","href":"https:\/\/api.w.org\/{rel}","templated":true}]}}