{"id":16130,"date":"2026-02-06T11:51:32","date_gmt":"2026-02-06T08:51:32","guid":{"rendered":"https:\/\/excursionsworld.com\/?post_type=product&#038;p=16130\/"},"modified":"2026-02-06T12:38:47","modified_gmt":"2026-02-06T09:38:47","slug":"alquiler-yate-privado-belek-tuana-vip","status":"publish","type":"product","link":"https:\/\/excursionsworld.com\/tours\/belek-private-yacht-rental-tuana-vip\/","title":{"rendered":"Alquiler de Yate Privado en Belek \u2013 Tuana VIP | D\u00eda y Sunset"},"content":{"rendered":"<h3 data-start=\"840\" data-end=\"856\">\ud83c\udfd9\ufe0f Visi\u00f3n general<\/h3>\n<p data-start=\"857\" data-end=\"1235\">Zarpar en <strong data-start=\"869\" data-end=\"882\">Tuana VIP<\/strong>, un moderno yate privado a motor de 14 metros que sale de <strong data-start=\"937\" data-end=\"946\">Belek<\/strong>. Dise\u00f1ado para parejas, familias y peque\u00f1os grupos privados, este exclusivo alquiler de yates ofrece <strong data-start=\"1042\" data-end=\"1073\">tres experiencias diferentes<\/strong>: un crucero cultural por la costa, una ruta panor\u00e1mica por las cascadas o un rom\u00e1ntico viaje al atardecer. Disfrute de aguas cristalinas, cenas gourmet a bordo y comodidad puerta a puerta.<\/p>\n<h3 data-start=\"1242\" data-end=\"1256\">\u00a0Incluido:<\/h3>\n<p data-start=\"1257\" data-end=\"1688\"><span style=\"color: #00ff00;\"><strong>\u2713<\/strong><\/span> Alquiler de yates privados<br data-start=\"1280\" data-end=\"1283\" \/><span style=\"color: #00ff00;\"><strong>\u2713 <\/strong><\/span>Traslado de ida y vuelta al hotel\u00a0<br data-start=\"1333\" data-end=\"1336\" \/><span style=\"color: #00ff00;\"><strong>\u2713 <\/strong><\/span>Capit\u00e1n y tripulaci\u00f3n profesionales<br data-start=\"1365\" data-end=\"1368\" \/><strong data-start=\"1370\" data-end=\"1387\"><span style=\"color: #00ff00;\">\u2713 <\/span>Almuerzo gourmet<\/strong> Ma\u00f1ana y d\u00eda completo\u00a0<br data-start=\"1418\" data-end=\"1421\" \/>\u00a0\u00a0<strong>\u2022<\/strong> Pescado a la parrilla (Besugo \/ Lubina)<br data-start=\"1462\" data-end=\"1465\" \/>\u00a0\u00a0<strong>\u2022<\/strong> Pollo y hamburguesa<br data-start=\"1498\" data-end=\"1501\" \/>\u00a0\u00a0<strong>\u2022<\/strong> Pasta y arroz<br data-start=\"1527\" data-end=\"1530\" \/><span style=\"color: #00ff00;\"><strong>\u2713 <\/strong><\/span>Aperitivos: Frutas, frutos secos, patatas fritas y ensaladas frescas<br data-start=\"1578\" data-end=\"1581\" \/><span style=\"color: #00ff00;\"><strong>\u2713 <\/strong><\/span>Refrescos ilimitados (Agua, Cola, Fanta, T\u00e9, Caf\u00e9)<br data-start=\"1638\" data-end=\"1641\" \/><span style=\"color: #00ff00;\"><strong>\u2713 <\/strong><\/span>Wi-Fi a bordo<br data-start=\"1657\" data-end=\"1660\" \/><span style=\"color: #00ff00;\"><strong>\u2713 <\/strong><\/span>Toallas y equipo de buceo<\/p>\n<h3 data-start=\"1695\" data-end=\"1709\">\u00a0Excluidos:<\/h3>\n<p data-start=\"1710\" data-end=\"1812\"><span style=\"color: #ff0000;\"><strong>\u2717<\/strong> <\/span>Bebidas alcoh\u00f3licas<br data-start=\"1731\" data-end=\"1734\" \/><span style=\"color: #ff0000;\"><strong>\u2717<\/strong> <\/span>Gastos personales (fotos y v\u00eddeos)<br data-start=\"1771\" data-end=\"1774\" \/><span style=\"color: #ff0000;\"><strong>\u2717<\/strong> <\/span>Decoraciones personalizadas y tarta de cumplea\u00f1os<\/p>\n<h3 data-start=\"1819\" data-end=\"1841\">\ud83c\udf1f Lo m\u00e1s destacado del viaje<\/h3>\n<p data-start=\"1842\" data-end=\"2228\">\ud83d\udd39 Moderno yate privado a motor de 14 m (construcci\u00f3n 2022)<br data-start=\"1889\" data-end=\"1892\" \/>\ud83d\udd39 Tres opciones de charter: Ma\u00f1ana, d\u00eda completo y puesta de sol<br data-start=\"1944\" data-end=\"1947\" \/>\ud83d\udd39 Cascada de D\u00fcden que desemboca directamente en el mar.<br data-start=\"1995\" data-end=\"1998\" \/>\ud83d\udd39 Paradas para nadar en la playa de Lara, la bah\u00eda de Cleopatra y bah\u00edas escondidas<br data-start=\"2058\" data-end=\"2061\" \/>\ud83d\udd39 Vistas costeras opcionales hacia la Antigua Ciudad de Side.<br data-start=\"2118\" data-end=\"2121\" \/>Cubierta para tomar el sol, equipo de m\u00fasica y deportes acu\u00e1ticos opcionales<br data-start=\"2170\" data-end=\"2173\" \/>\ud83d\udd39 Ideal para parejas, familias y celebraciones especiales<\/p>\n<h3 data-start=\"2235\" data-end=\"2258\">\ud83d\udcd6 Descripci\u00f3n completa<\/h3>\n<p data-start=\"2259\" data-end=\"2485\">Su experiencia VIP en yate comienza con la recogida en el hotel y el traslado privado a <strong data-start=\"2336\" data-end=\"2361\">Puerto deportivo de Ac\u0131su en Belek<\/strong>. Tras subir a bordo del Tuana VIP y conocer a su tripulaci\u00f3n profesional, zarpar\u00e1 seg\u00fan la sesi\u00f3n de ch\u00e1rter seleccionada.<\/p>\n<p data-start=\"2487\" data-end=\"2820\">Los cruceros de ma\u00f1ana y de d\u00eda completo incluyen descansos para nadar en bah\u00edas de aguas turquesas y un almuerzo gourmet reci\u00e9n preparado servido a bordo. En <strong data-start=\"2616\" data-end=\"2633\">crucero al atardecer<\/strong> ofrece un ambiente m\u00e1s tranquilo y rom\u00e1ntico a lo largo de la costa, perfecto para parejas y momentos especiales en el mar. La tripulaci\u00f3n se encarga de todos los detalles para que puedas relajarte y disfrutar del viaje.<\/p>\n<h3 data-start=\"2827\" data-end=\"2852\">\u2139\ufe0f Informaci\u00f3n \u00fatil<\/h3>\n<p data-start=\"2853\" data-end=\"3090\">\ud83d\udd39 Capacidad: Hasta 10 comensales<br data-start=\"2881\" data-end=\"2884\" \/>\ud83d\udd39 Duraci\u00f3n: 4 o 6 horas (en funci\u00f3n de la sesi\u00f3n de ch\u00e1rter seleccionada)<br data-start=\"2945\" data-end=\"2948\" \/>\ud83d\udd39 Los precios de julio y agosto pueden variar<br data-start=\"2980\" data-end=\"2983\" \/>\ud83d\udd39 La ruta puede cambiar dependiendo de las condiciones del mar<br data-start=\"3030\" data-end=\"3033\" \/>\ud83d\udd39 Se puede aplicar un recargo a los hoteles alejados del centro de Belek<\/p>\n<h3 data-start=\"3097\" data-end=\"3117\">Qu\u00e9 llevar<\/h3>\n<p data-start=\"3118\" data-end=\"3208\">\ud83d\udd39 Ba\u00f1ador y toalla<br data-start=\"3137\" data-end=\"3140\" \/>\ud83d\udd39 Protector solar y gafas de sol<br data-start=\"3165\" data-end=\"3168\" \/>Sombrero \ud83d\udd39<br data-start=\"3174\" data-end=\"3177\" \/>\ud83d\udd39 Efectivo para gastos personales<\/p>\n<h3 data-start=\"3215\" data-end=\"3238\">\ud83d\udeab No apto para<\/h3>\n<p data-start=\"3239\" data-end=\"3329\">\ud83d\udd39 Hu\u00e9spedes con graves limitaciones de movilidad.<br data-start=\"3281\" data-end=\"3284\" \/>\ud83d\udd39 Individuos propensos al mareo extremo.<\/p>\n<h3 data-start=\"3336\" data-end=\"3360\">\ud83d\udcb8 Precios y reservas<\/h3>\n<p data-start=\"3361\" data-end=\"3536\">\ud83d\udd39 Reserva ahora, paga el d\u00eda<br data-start=\"3391\" data-end=\"3394\" \/>\ud83d\udd39 Decoraciones personalizadas disponibles para ocasiones especiales.<br data-start=\"3447\" data-end=\"3450\" \/>\ud83d\udd39 Ponte en contacto con nosotros a trav\u00e9s de WhatsApp, Telegram, Viber, o rellena el siguiente formulario de reserva \ud83d\udc47\ud83c\udffc<\/p>","protected":false},"excerpt":{"rendered":"<p>Disfrute de un alquiler de yate privado en Belek con Tuana VIP. Elija cruceros de d\u00eda completo o al atardecer, traslado al hotel, paradas para nadar y servicio premium. \u00a1Reserve ahora!<\/p>","protected":false},"featured_media":16142,"comment_status":"open","ping_status":"closed","template":"","meta":[],"product_brand":[],"product_cat":[129],"product_tag":[122],"class_list":{"0":"post-16130","1":"product","2":"type-product","3":"status-publish","4":"has-post-thumbnail","6":"tour_phys-yacht-rental","7":"product_cat-yacht-rental","8":"product_tag-side","9":"pa_kategori-private-yacht-rental-kemer-antalya","11":"first","12":"instock","13":"sale","14":"shipping-taxable","15":"purchasable","16":"product-type-tour_phys"},"aioseo_notices":[],"_links":{"self":[{"href":"https:\/\/excursionsworld.com\/es\/wp-json\/wp\/v2\/product\/16130","targetHints":{"allow":["GET"]}}],"collection":[{"href":"https:\/\/excursionsworld.com\/es\/wp-json\/wp\/v2\/product"}],"about":[{"href":"https:\/\/excursionsworld.com\/es\/wp-json\/wp\/v2\/types\/product"}],"replies":[{"embeddable":true,"href":"https:\/\/excursionsworld.com\/es\/wp-json\/wp\/v2\/comments?post=16130"}],"wp:featuredmedia":[{"embeddable":true,"href":"https:\/\/excursionsworld.com\/es\/wp-json\/wp\/v2\/media\/16142"}],"wp:attachment":[{"href":"https:\/\/excursionsworld.com\/es\/wp-json\/wp\/v2\/media?parent=16130"}],"wp:term":[{"taxonomy":"product_brand","embeddable":true,"href":"https:\/\/excursionsworld.com\/es\/wp-json\/wp\/v2\/product_brand?post=16130"},{"taxonomy":"product_cat","embeddable":true,"href":"https:\/\/excursionsworld.com\/es\/wp-json\/wp\/v2\/product_cat?post=16130"},{"taxonomy":"product_tag","embeddable":true,"href":"https:\/\/excursionsworld.com\/es\/wp-json\/wp\/v2\/product_tag?post=16130"}],"curies":[{"name":"wp","href":"https:\/\/api.w.org\/{rel}","templated":true}]}}