{"id":16143,"date":"2026-02-07T18:28:41","date_gmt":"2026-02-07T15:28:41","guid":{"rendered":"https:\/\/excursionsworld.com\/?post_type=product&#038;p=16143\/"},"modified":"2026-02-12T18:54:42","modified_gmt":"2026-02-12T15:54:42","slug":"alquiler-yate-privado-alanya-efsane-deluxe","status":"publish","type":"product","link":"https:\/\/excursionsworld.com\/tours\/alanya-private-yacht-rental-efsane-deluxe\/","title":{"rendered":"Alquiler de Yate Privado en Alanya \u2013 Efsane Deluxe | D\u00eda &amp; Sunset"},"content":{"rendered":"<h3 data-start=\"686\" data-end=\"702\">\ud83c\udfd9\ufe0f Visi\u00f3n general<\/h3>\n<p data-start=\"703\" data-end=\"1095\">Experimente el aut\u00e9ntico lujo a bordo <strong data-start=\"733\" data-end=\"750\">Efsane Deluxe<\/strong>, un yate a motor de 17,50 metros construido a medida que sale de <strong data-start=\"806\" data-end=\"825\">Centro de Alanya<\/strong>. Dise\u00f1ado para grupos privados que buscan comodidad y entretenimiento, este yate destaca por sus caracter\u00edsticas premium, como un <strong data-start=\"954\" data-end=\"985\">patinete subacu\u00e1tico (Seabob)<\/strong> y un dedicado <strong data-start=\"1002\" data-end=\"1032\">Tripulaci\u00f3n profesional de 3 personas<\/strong>, ofreciendo una experiencia VIP de alto nivel con servicio puerta a puerta.<\/p>\n<h3 data-start=\"1102\" data-end=\"1116\">\u00a0Incluido:<\/h3>\n<p data-start=\"1117\" data-end=\"1511\"><span style=\"color: #00ff00;\"><strong>\u2713<\/strong><\/span> Alquiler de yates privados (est\u00e1ndar <strong data-start=\"1151\" data-end=\"1169\">Programa de 4 horas<\/strong>)<br data-start=\"1170\" data-end=\"1173\" \/><span style=\"color: #00ff00;\"><strong>\u2713 <\/strong><\/span>Traslado de ida y vuelta al hotel (Alanya y alrededores)<br data-start=\"1224\" data-end=\"1227\" \/><span style=\"color: #00ff00;\"><strong>\u2713 <\/strong><\/span>Profesional <strong data-start=\"1242\" data-end=\"1281\">Tripulaci\u00f3n de 3 personas y capit\u00e1n experimentado<\/strong><br data-start=\"1281\" data-end=\"1284\" \/><span style=\"color: #00ff00;\"><strong>\u2713 <\/strong><\/span>Barbacoa Almuerzo \/ Cena: Pescado, pollo o alb\u00f3ndigas a la parrilla<br data-start=\"1340\" data-end=\"1343\" \/><span style=\"color: #00ff00;\"><strong>\u2713 <\/strong><\/span>Ensalada mediterr\u00e1nea, pasta y plato de fruta de temporada<br data-start=\"1396\" data-end=\"1399\" \/><span style=\"color: #00ff00;\"><strong>\u2713 <\/strong><\/span>Refrescos ilimitados (agua, cola, fanta, t\u00e9, caf\u00e9)<br data-start=\"1456\" data-end=\"1459\" \/><span style=\"color: #00ff00;\"><strong>\u2713 <\/strong><\/span>Wi-Fi, tabla de SUP, equipo de snorkel y colchoneta de mar<\/p>\n<h3 data-start=\"1518\" data-end=\"1532\">\u00a0Excluidos:<\/h3>\n<p data-start=\"1533\" data-end=\"1678\"><span style=\"color: #ff0000;\"><strong>\u2717<\/strong> <\/span>Bebidas alcoh\u00f3licas (disponibles o traiga las suyas)<br data-start=\"1584\" data-end=\"1587\" \/><span style=\"color: #ff0000;\"><strong>\u2717<\/strong> <\/span>Scooter submarino <strong data-start=\"1608\" data-end=\"1637\">(Seabob - extra opcional)<\/strong><br data-start=\"1637\" data-end=\"1640\" \/><span style=\"color: #ff0000;\"><strong>\u2717<\/strong> <\/span>Decoraciones personalizadas y tarta de cumplea\u00f1os<\/p>\n<h3 data-start=\"1685\" data-end=\"1707\">\ud83c\udf1f Lo m\u00e1s destacado del viaje<\/h3>\n<p data-start=\"1708\" data-end=\"2058\">\ud83d\udd39 Moderna experiencia en yate de lujo en un <strong data-start=\"1747\" data-end=\"1771\">Buque de 17,50 m (2019)<\/strong><br data-start=\"1771\" data-end=\"1774\" \/>\ud83d\udd39 Aventura submarina opcional con <strong data-start=\"1812\" data-end=\"1822\">Seabob<\/strong><br data-start=\"1822\" data-end=\"1825\" \/>\ud83d\udd39 Castillo de Alanya, Torre Roja y vistas a los astilleros desde el mar.<br data-start=\"1882\" data-end=\"1885\" \/>\ud83d\udd39 Servicio profesional con un <strong data-start=\"1926\" data-end=\"1943\">Tripulaci\u00f3n de 3 personas<\/strong><br data-start=\"1943\" data-end=\"1946\" \/>\ud83d\udd39 Paradas para nadar en cuevas emblem\u00e1ticas y bah\u00edas turquesas<br data-start=\"1994\" data-end=\"1997\" \/>\ud83d\udd39 Cubierta espaciosa &amp; <strong data-start=\"2016\" data-end=\"2036\">4 caba\u00f1as privadas<\/strong> para el m\u00e1ximo confort<\/p>\n<h3 data-start=\"2065\" data-end=\"2088\">\ud83d\udcd6 Descripci\u00f3n completa<\/h3>\n<p data-start=\"2089\" data-end=\"2351\">Su lujoso viaje por mar comienza con la recogida en el hotel y el traslado privado a <strong data-start=\"2164\" data-end=\"2181\">Puerto de Alanya<\/strong>. Paso a bordo <strong data-start=\"2195\" data-end=\"2212\">Efsane Deluxe<\/strong> y navegar por la impresionante pen\u00ednsula de Alanya, pasando por lugares de inter\u00e9s hist\u00f3rico como el <strong data-start=\"2300\" data-end=\"2350\">Torre Roja, Antiguo Astillero y antiguas cuevas marinas<\/strong>.<\/p>\n<p data-start=\"2353\" data-end=\"2694\">Durante el programa de 4 horas, disfrute de descansos para nadar en bah\u00edas de aguas cristalinas, rel\u00e1jese en la espaciosa terraza y saboree una comida a la barbacoa reci\u00e9n preparada y servida por la tripulaci\u00f3n. Actividades divertidas opcionales como el <strong data-start=\"2548\" data-end=\"2561\">Junta Sup<\/strong> y <strong data-start=\"2566\" data-end=\"2576\">Seabob<\/strong> elevan la experiencia, haciendo que este yate sea ideal para cumplea\u00f1os, propuestas, fiestas o un exclusivo d\u00eda familiar en el mar.<\/p>\n<h3 data-start=\"2701\" data-end=\"2723\">\ud83d\uddfa\ufe0f Itinerario<\/h3>\n<p data-start=\"2724\" data-end=\"3067\">\ud83d\udd39 Recogida privada en el hotel y traslado al puerto de Alanya.<br data-start=\"2775\" data-end=\"2778\" \/>\ud83d\udd39 Salida desde el centro de Alanya<br data-start=\"2811\" data-end=\"2814\" \/>\ud83d\udd39 Castillo de Alanya, Torre Roja y Antiguo Astillero (vista al mar)<br data-start=\"2867\" data-end=\"2870\" \/>\ud83d\udd39 Piratas, amantes y cuevas de f\u00f3sforo<br data-start=\"2907\" data-end=\"2910\" \/>\ud83d\udd39 Pausas para nadar en las bah\u00edas mediterr\u00e1neas<br data-start=\"2950\" data-end=\"2953\" \/>\ud83d\udd39 Comida de barbacoa servida a bordo.<br data-start=\"2980\" data-end=\"2983\" \/>\ud83d\udd39 Crucero panor\u00e1mico de ida y vuelta por la costa<br data-start=\"3026\" data-end=\"3029\" \/>\ud83d\udd39 Regreso al puerto y traslado al hotel.<\/p>\n<h3 data-start=\"3336\" data-end=\"3356\">Qu\u00e9 llevar<\/h3>\n<p data-start=\"3357\" data-end=\"3452\">\ud83d\udd39 Ba\u00f1ador y toalla<br data-start=\"3376\" data-end=\"3379\" \/>\ud83d\udd39 Protector solar y gafas de sol<br data-start=\"3404\" data-end=\"3407\" \/>\ud83d\udd39 Sombrero y ropa de recambio<br data-start=\"3429\" data-end=\"3432\" \/>\ud83d\udd39 C\u00e1mara o GoPro<\/p>\n<h3 data-start=\"3459\" data-end=\"3482\">\ud83d\udeab No apto para<\/h3>\n<p data-start=\"3483\" data-end=\"3527\">\ud83d\udd39 Hu\u00e9spedes con graves limitaciones de movilidad.<\/p>\n<h3 data-start=\"3534\" data-end=\"3558\">\ud83d\udcb8 Precios y reservas<\/h3>\n<p data-start=\"3559\" data-end=\"3737\">\ud83d\udd39 Reserva ahora, paga el d\u00eda<br data-start=\"3589\" data-end=\"3592\" \/>\ud83d\udd39 Decoraciones personalizadas y organizaciones sorpresa disponibles.<br data-start=\"3648\" data-end=\"3651\" \/>\ud83d\udd39 Ponte en contacto con nosotros a trav\u00e9s de WhatsApp, Telegram, Viber, o rellena el siguiente formulario de reserva \ud83d\udc47\ud83c\udffc<\/p>","protected":false},"excerpt":{"rendered":"<p>Alquiler de yates privados en Alanya a bordo de Efsane Deluxe. Disfrute de cruceros de d\u00eda o al atardecer, traslado al hotel, paradas para nadar y servicio a bordo de primera calidad.<\/p>","protected":false},"featured_media":16144,"comment_status":"open","ping_status":"closed","template":"","meta":[],"product_brand":[],"product_cat":[129],"product_tag":[111],"class_list":{"0":"post-16143","1":"product","2":"type-product","3":"status-publish","4":"has-post-thumbnail","6":"tour_phys-yacht-rental","7":"product_cat-yacht-rental","8":"product_tag-alanya","9":"pa_kategori-private-yacht-rental-kemer-antalya","11":"first","12":"instock","13":"sale","14":"shipping-taxable","15":"purchasable","16":"product-type-tour_phys"},"aioseo_notices":[],"_links":{"self":[{"href":"https:\/\/excursionsworld.com\/es\/wp-json\/wp\/v2\/product\/16143","targetHints":{"allow":["GET"]}}],"collection":[{"href":"https:\/\/excursionsworld.com\/es\/wp-json\/wp\/v2\/product"}],"about":[{"href":"https:\/\/excursionsworld.com\/es\/wp-json\/wp\/v2\/types\/product"}],"replies":[{"embeddable":true,"href":"https:\/\/excursionsworld.com\/es\/wp-json\/wp\/v2\/comments?post=16143"}],"wp:featuredmedia":[{"embeddable":true,"href":"https:\/\/excursionsworld.com\/es\/wp-json\/wp\/v2\/media\/16144"}],"wp:attachment":[{"href":"https:\/\/excursionsworld.com\/es\/wp-json\/wp\/v2\/media?parent=16143"}],"wp:term":[{"taxonomy":"product_brand","embeddable":true,"href":"https:\/\/excursionsworld.com\/es\/wp-json\/wp\/v2\/product_brand?post=16143"},{"taxonomy":"product_cat","embeddable":true,"href":"https:\/\/excursionsworld.com\/es\/wp-json\/wp\/v2\/product_cat?post=16143"},{"taxonomy":"product_tag","embeddable":true,"href":"https:\/\/excursionsworld.com\/es\/wp-json\/wp\/v2\/product_tag?post=16143"}],"curies":[{"name":"wp","href":"https:\/\/api.w.org\/{rel}","templated":true}]}}