{"id":16154,"date":"2026-02-07T20:57:36","date_gmt":"2026-02-07T17:57:36","guid":{"rendered":"https:\/\/excursionsworld.com\/?post_type=product&#038;p=16154\/"},"modified":"2026-02-12T18:46:35","modified_gmt":"2026-02-12T15:46:35","slug":"alquiler-yate-alanya-infinity","status":"publish","type":"product","link":"https:\/\/excursionsworld.com\/tours\/alanya-yacht-rental-infinity\/","title":{"rendered":"Alquiler de Yate en Alanya \u2013 Infinity | D\u00eda y Atardecer"},"content":{"rendered":"<h3 data-start=\"768\" data-end=\"788\"><strong data-start=\"772\" data-end=\"788\">\ud83c\udfd9\ufe0f Visi\u00f3n general<\/strong><\/h3>\n<p data-start=\"789\" data-end=\"1098\">Disfrute de una relajada experiencia en yate privado a bordo de <strong data-start=\"837\" data-end=\"849\">Infinito<\/strong>, El alquiler de este yate, un yate a motor de 17 metros reformado en 2023, sale del puerto deportivo del centro de Alanya. Dise\u00f1ado para la comodidad y la privacidad, este alquiler de yates es ideal para familias, parejas y grupos privados que buscan explorar la costa de Alanya a su propio ritmo.<\/p>\n<p data-start=\"1100\" data-end=\"1228\">Amplias cubiertas, modernos servicios a bordo y una tripulaci\u00f3n profesional garantizan un crucero agradable y sin contratiempos de principio a fin.<\/p>\n<h3 data-start=\"153\" data-end=\"169\"><strong data-start=\"157\" data-end=\"169\">Incluye<\/strong><\/h3>\n<p data-start=\"170\" data-end=\"740\"><span style=\"color: #00ff00;\"><strong>\u2713<\/strong><\/span> Alquiler exclusivo de yates privados<br data-start=\"202\" data-end=\"205\" \/><span style=\"color: #00ff00;\"><strong>\u2713 <\/strong><\/span>Capit\u00e1n profesional y tripulaci\u00f3n de 2 personas<br data-start=\"243\" data-end=\"246\" \/><span style=\"color: #00ff00;\"><strong>\u2713 <\/strong><\/span>Traslado de ida y vuelta al hotel (Alanya y alrededores)<br data-start=\"297\" data-end=\"300\" \/><span style=\"color: #00ff00;\"><strong>\u2713 <\/strong><\/span>Comida fresca a bordo (incluida en el precio):<br data-start=\"345\" data-end=\"348\" \/>\u00a0\u00a0<strong>\u2022<\/strong> <strong data-start=\"362\" data-end=\"391\">Plato principal (elija uno):<\/strong> Besugo a la parrilla <strong data-start=\"410\" data-end=\"416\">o<\/strong> Pollo a la parrilla y alb\u00f3ndigas<br data-start=\"444\" data-end=\"447\" \/>\u00a0\u00a0<strong>\u2022<\/strong> <strong data-start=\"461\" data-end=\"477\">Guarniciones:<\/strong> Ensalada mediterr\u00e1nea, pasta, salchichas fritas<br data-start=\"520\" data-end=\"523\" \/>\u00a0\u00a0<strong>\u2022<\/strong> Plato de frutas de temporada<br data-start=\"559\" data-end=\"562\" \/><span style=\"color: #00ff00;\"><strong>\u2713 <\/strong><\/span>Refrescos y bebidas calientes ilimitados<br data-start=\"601\" data-end=\"604\" \/><span style=\"color: #00ff00;\"><strong>\u2713 <\/strong><\/span>Wi-Fi a bordo<br data-start=\"619\" data-end=\"622\" \/><span style=\"color: #00ff00;\"><strong>\u2713 <\/strong><\/span>Equipo de snorkel y escalera de ba\u00f1o<br data-start=\"662\" data-end=\"665\" \/><span style=\"color: #00ff00;\"><strong>\u2713 <\/strong><\/span>Equipo de m\u00fasica con conexi\u00f3n m\u00f3vil<br data-start=\"702\" data-end=\"705\" \/><span style=\"color: #00ff00;\"><strong>\u2713 <\/strong><\/span>Sol\u00e1rium y zonas de sombra<\/p>\n<p data-start=\"742\" data-end=\"795\">\ud83c\udf77 <strong data-start=\"745\" data-end=\"757\">Alcohol:<\/strong> Los invitados pueden traer sus propias bebidas.<\/p>\n<h3 data-start=\"1868\" data-end=\"1884\"><strong data-start=\"1872\" data-end=\"1884\">Excluidos:<\/strong><\/h3>\n<p data-start=\"1885\" data-end=\"2024\"><span style=\"color: #ff0000;\"><strong>\u2717<\/strong> <\/span>Bebidas alcoh\u00f3licas<br data-start=\"1906\" data-end=\"1909\" \/><span style=\"color: #ff0000;\"><strong>\u2717<\/strong> <\/span>Decoraciones especiales y montajes para eventos<br data-start=\"1945\" data-end=\"1948\" \/><span style=\"color: #ff0000;\"><strong>\u2717<\/strong> <\/span>Fot\u00f3grafo \/ filmaci\u00f3n con dron<br data-start=\"1979\" data-end=\"1982\" \/><span style=\"color: #ff0000;\"><strong>\u2717<\/strong> <\/span>Ampliaciones de horario y solicitudes de rutas adicionales<\/p>\n<h3 data-start=\"2031\" data-end=\"2057\"><strong data-start=\"2035\" data-end=\"2057\">\ud83c\udf1f Lo m\u00e1s destacado del viaje<\/strong><\/h3>\n<p data-start=\"2058\" data-end=\"2319\">\ud83d\udd39 Alquiler de yate privado para hasta 12 invitados.<br data-start=\"2101\" data-end=\"2104\" \/>\ud83d\udd39 Yate recientemente renovado (2023)<br data-start=\"2140\" data-end=\"2143\" \/>\ud83d\udd39 Nataci\u00f3n y snorkel en las bah\u00edas cristalinas de Alanya<br data-start=\"2190\" data-end=\"2193\" \/>\ud83d\udd39 C\u00f3modo sol\u00e1rium y zonas de sombra<br data-start=\"2231\" data-end=\"2234\" \/>\ud83d\udd39 Comida fresca preparada a bordo<br data-start=\"2264\" data-end=\"2267\" \/>\ud83d\udd39 Ideal para familias, parejas y ocasiones especiales<\/p>\n<h3 data-start=\"2326\" data-end=\"2353\"><strong data-start=\"2330\" data-end=\"2353\">\ud83d\udcd6 Descripci\u00f3n completa<\/strong><\/h3>\n<p data-start=\"2354\" data-end=\"2600\">Junta <strong data-start=\"2360\" data-end=\"2384\">Yate a motor Infinity<\/strong> en el puerto deportivo del centro de Alanya y zarpe a lo largo de la hermosa costa mediterr\u00e1nea. Durante su crucero privado, disfrute de tranquilas paradas para nadar, tomar el sol en cubierta y momentos de relax acompa\u00f1ados de m\u00fasica y vistas al mar.<\/p>\n<p data-start=\"2602\" data-end=\"2825\">Su tripulaci\u00f3n le preparar\u00e1 una comida reci\u00e9n hecha a bordo mientras usted disfruta de total privacidad y rutas flexibles. Ya sea durante el d\u00eda o al atardecer, Infinity ofrece una experiencia de alquiler de yates en Alanya c\u00f3moda y memorable.<\/p>\n<h3 data-start=\"2832\" data-end=\"2856\"><strong data-start=\"2836\" data-end=\"2856\">\ud83d\uddfa\ufe0f Ruta de muestras<\/strong><\/h3>\n<p data-start=\"2857\" data-end=\"3041\">\ud83d\udd39 Salida desde el centro de Alanya Marina<br data-start=\"2897\" data-end=\"2900\" \/>\ud83d\udd39 Crucero costero por la costa de Alanya<br data-start=\"2940\" data-end=\"2943\" \/>\ud83d\udd39 Pausas para nadar y hacer snorkel<br data-start=\"2974\" data-end=\"2977\" \/>\ud83d\udd39 Servicio de comidas a bordo<br data-start=\"3000\" data-end=\"3003\" \/>\ud83d\udd39 Crucero de ocio y regreso al puerto deportivo<\/p>\n<p data-start=\"3043\" data-end=\"3106\">\ud83d\udccc La ruta puede variar en funci\u00f3n de las preferencias de los hu\u00e9spedes y las condiciones del mar.<\/p>\n<h3 data-start=\"3343\" data-end=\"3367\"><strong data-start=\"3347\" data-end=\"3367\">Qu\u00e9 llevar<\/strong><\/h3>\n<p data-start=\"3368\" data-end=\"3447\">\ud83d\udd39 Ba\u00f1ador y toalla<br data-start=\"3387\" data-end=\"3390\" \/>\ud83d\udd39 Protector solar y gafas de sol<br data-start=\"3415\" data-end=\"3418\" \/>Sombrero \ud83d\udd39<br data-start=\"3424\" data-end=\"3427\" \/>\ud83d\udd39 C\u00e1mara o GoPro<\/p>\n<h3 data-start=\"3454\" data-end=\"3481\"><strong data-start=\"3458\" data-end=\"3481\">\ud83d\udeab No apto para<\/strong><\/h3>\n<p data-start=\"3482\" data-end=\"3526\">\ud83d\udd39 Hu\u00e9spedes con graves limitaciones de movilidad.<\/p>\n<h3 data-start=\"3533\" data-end=\"3559\"><strong data-start=\"3537\" data-end=\"3559\">\ud83d\udcb8 Precios y reservas<\/strong><\/h3>\n<p data-start=\"3560\" data-end=\"3748\">\ud83d\udd39 Reserva ahora, paga el d\u00eda<br data-start=\"3624\" data-end=\"3627\" \/>\ud83d\udd39 Rutas personalizadas y peticiones especiales disponibles<br data-start=\"3672\" data-end=\"3675\" \/>\ud83d\udd39 Contacto a trav\u00e9s de <strong data-start=\"3690\" data-end=\"3719\">WhatsApp, Telegram, Viber<\/strong> o el formulario de reserva \ud83d\udc47\ud83c\udffc<\/p>","protected":false},"excerpt":{"rendered":"<p>Alquile el Infinity Yacht en Alanya para un crucero privado de lujo. Disfrute de excursiones en yate de d\u00eda o al atardecer con tripulaci\u00f3n profesional, cena a bordo y sesiones de alquiler flexibles.<\/p>","protected":false},"featured_media":16155,"comment_status":"open","ping_status":"closed","template":"","meta":[],"product_brand":[],"product_cat":[129],"product_tag":[111],"class_list":{"0":"post-16154","1":"product","2":"type-product","3":"status-publish","4":"has-post-thumbnail","6":"tour_phys-yacht-rental","7":"product_cat-yacht-rental","8":"product_tag-alanya","9":"pa_kategori-private-yacht-rental-kemer-antalya","11":"first","12":"instock","13":"sale","14":"shipping-taxable","15":"purchasable","16":"product-type-tour_phys"},"aioseo_notices":[],"_links":{"self":[{"href":"https:\/\/excursionsworld.com\/es\/wp-json\/wp\/v2\/product\/16154","targetHints":{"allow":["GET"]}}],"collection":[{"href":"https:\/\/excursionsworld.com\/es\/wp-json\/wp\/v2\/product"}],"about":[{"href":"https:\/\/excursionsworld.com\/es\/wp-json\/wp\/v2\/types\/product"}],"replies":[{"embeddable":true,"href":"https:\/\/excursionsworld.com\/es\/wp-json\/wp\/v2\/comments?post=16154"}],"wp:featuredmedia":[{"embeddable":true,"href":"https:\/\/excursionsworld.com\/es\/wp-json\/wp\/v2\/media\/16155"}],"wp:attachment":[{"href":"https:\/\/excursionsworld.com\/es\/wp-json\/wp\/v2\/media?parent=16154"}],"wp:term":[{"taxonomy":"product_brand","embeddable":true,"href":"https:\/\/excursionsworld.com\/es\/wp-json\/wp\/v2\/product_brand?post=16154"},{"taxonomy":"product_cat","embeddable":true,"href":"https:\/\/excursionsworld.com\/es\/wp-json\/wp\/v2\/product_cat?post=16154"},{"taxonomy":"product_tag","embeddable":true,"href":"https:\/\/excursionsworld.com\/es\/wp-json\/wp\/v2\/product_tag?post=16154"}],"curies":[{"name":"wp","href":"https:\/\/api.w.org\/{rel}","templated":true}]}}