{"id":16166,"date":"2026-02-08T18:51:53","date_gmt":"2026-02-08T15:51:53","guid":{"rendered":"https:\/\/excursionsworld.com\/?post_type=product&#038;p=16166\/"},"modified":"2026-02-17T07:08:03","modified_gmt":"2026-02-17T04:08:03","slug":"alquiler-yate-privado-alanya","status":"publish","type":"product","link":"https:\/\/excursionsworld.com\/tours\/alanya-yacht-charter-my-dreams\/","title":{"rendered":"Alquiler de Yate Privado en Alanya \u2013 My Dreams | D\u00eda Completo &amp; Puesta de Sol"},"content":{"rendered":"<h3 data-start=\"947\" data-end=\"967\"><strong data-start=\"951\" data-end=\"967\">\ud83c\udfd9\ufe0f Visi\u00f3n general<\/strong><\/h3>\n<p data-start=\"968\" data-end=\"1245\">Disfrute de una experiencia en un espacioso y moderno yate privado a bordo de <strong data-start=\"1028\" data-end=\"1043\">Mis sue\u00f1os-A<\/strong>, un yate a motor construido en 2022 que zarpa de Alanya New Marina. Con una amplia distribuci\u00f3n de cubierta y gran capacidad para invitados, este yate es ideal para familias numerosas, grupos de amigos, celebraciones y eventos privados.<\/p>\n<p data-start=\"1247\" data-end=\"1399\">Comodidad, privacidad y servicio profesional se unen con el servicio puerta a puerta <strong data-start=\"1322\" data-end=\"1343\">traslado incluido<\/strong>, para que su d\u00eda en el yate no suponga ning\u00fan esfuerzo de principio a fin.<\/p>\n<h3 data-start=\"1406\" data-end=\"1422\"><strong data-start=\"1410\" data-end=\"1422\">Incluido:<\/strong><\/h3>\n<p data-start=\"1423\" data-end=\"2063\"><span style=\"color: #00ff00;\"><strong>\u2713<\/strong> <\/span>Alquiler exclusivo de yates privados<br data-start=\"1455\" data-end=\"1458\" \/><span style=\"color: #00ff00;\"><strong>\u2713<\/strong> <\/span>Capit\u00e1n profesional y tripulaci\u00f3n de 3 personas<br data-start=\"1496\" data-end=\"1499\" \/><strong data-start=\"1501\" data-end=\"1563\"><span style=\"color: #00ff00;\">\u2713 <\/span>Traslado de ida y vuelta al hotel incluido\u00a0<\/strong><br data-start=\"1563\" data-end=\"1566\" \/><span style=\"color: #00ff00;\"><strong>\u2713<\/strong> <\/span>Comida fresca a bordo (incluida en el precio):<br data-start=\"1611\" data-end=\"1614\" \/>\u00a0\u00a0\u2022 <strong data-start=\"1628\" data-end=\"1657\">Plato principal (elija uno):<\/strong> Pollo a la parrilla, alb\u00f3ndigas o pescado (dorada \/ lubina)<br data-start=\"1715\" data-end=\"1718\" \/>\u00a0\u00a0\u2022 <strong data-start=\"1732\" data-end=\"1748\">Guarniciones:<\/strong> Ensalada mediterr\u00e1nea, pasta<br data-start=\"1775\" data-end=\"1778\" \/>\u00a0\u00a0\u2022 <strong data-start=\"1792\" data-end=\"1809\">Plato de frutas<\/strong><br data-start=\"1809\" data-end=\"1812\" \/><span style=\"color: #00ff00;\"><strong>\u2713<\/strong> <\/span>Refrescos, t\u00e9, caf\u00e9 e infusiones ilimitados<br data-start=\"1862\" data-end=\"1865\" \/><span style=\"color: #00ff00;\"><strong>\u2713<\/strong> <\/span>Wi-Fi a bordo<br data-start=\"1880\" data-end=\"1883\" \/><span style=\"color: #00ff00;\"><strong>\u2713<\/strong> <\/span>Tabla de surf y colchoneta de mar<br data-start=\"1909\" data-end=\"1912\" \/><span style=\"color: #00ff00;\"><strong>\u2713<\/strong> <\/span>Equipo de snorkel y escalera de ba\u00f1o<br data-start=\"1952\" data-end=\"1955\" \/><span style=\"color: #00ff00;\"><strong>\u2713<\/strong> <\/span>Equipo de m\u00fasica con conexi\u00f3n m\u00f3vil<br data-start=\"1992\" data-end=\"1995\" \/><span style=\"color: #00ff00;\"><strong>\u2713<\/strong> <\/span>Sol\u00e1rium y zonas de sombra<br data-start=\"2028\" data-end=\"2031\" \/><span style=\"color: #00ff00;\"><strong>\u2713<\/strong> <\/span>Barbacoa y vajilla moderna<\/p>\n<p data-start=\"2065\" data-end=\"2118\">\ud83c\udf77 <strong data-start=\"2068\" data-end=\"2080\">Alcohol:<\/strong> Los invitados pueden traer sus propias bebidas.<\/p>\n<h3 data-start=\"2125\" data-end=\"2141\"><strong data-start=\"2129\" data-end=\"2141\">Excluidos:<\/strong><\/h3>\n<p data-start=\"2142\" data-end=\"2211\"><span style=\"color: #ff0000;\"><strong>\u2717<\/strong> <\/span>Bebidas alcoh\u00f3licas<br data-start=\"2163\" data-end=\"2166\" \/><span style=\"color: #ff0000;\"><strong>\u2717<\/strong> <\/span>Decoraciones personalizadas y montajes para eventos especiales<\/p>\n<h3 data-start=\"2218\" data-end=\"2244\"><strong data-start=\"2222\" data-end=\"2244\">\ud83c\udf1f Lo m\u00e1s destacado del viaje<\/strong><\/h3>\n<p data-start=\"2245\" data-end=\"2502\">\ud83d\udd39 Espacioso yate con capacidad para 27 invitados<br data-start=\"2282\" data-end=\"2285\" \/>\ud83d\udd39 Moderno yate construido a medida (2022)<br data-start=\"2320\" data-end=\"2323\" \/>\ud83d\udd39 Ideal para cumplea\u00f1os, eventos de grupo y celebraciones<br data-start=\"2374\" data-end=\"2377\" \/>\ud83d\udd39 Amplio sol\u00e1rium, tabla de SUP y colchoneta de mar.<br data-start=\"2419\" data-end=\"2422\" \/>\ud83d\udd39 Comida reci\u00e9n preparada a bordo<br data-start=\"2454\" data-end=\"2457\" \/>\ud83d\udd39 Tripulaci\u00f3n profesional y crucero confortable<\/p>\n<h3 data-start=\"2509\" data-end=\"2536\"><strong data-start=\"2513\" data-end=\"2536\">\ud83d\udcd6 Descripci\u00f3n completa<\/strong><\/h3>\n<p data-start=\"2537\" data-end=\"2751\">Junta <strong data-start=\"2543\" data-end=\"2558\">Mis sue\u00f1os-A<\/strong> en Alanya New Marina y disfrute de un relajado crucero privado por la costa mediterr\u00e1nea. Gracias a su amplia manga y su generoso espacio de cubierta, este yate ofrece una comodidad excepcional para grupos grandes.<\/p>\n<p data-start=\"2753\" data-end=\"2977\">Durante el crucero, disfrute de descansos para nadar, tomar el sol, m\u00fasica y una comida reci\u00e9n preparada a bordo. Si lo desea, podemos organizar complementos opcionales como la personalizaci\u00f3n del men\u00fa, paradas para practicar deportes acu\u00e1ticos o la preparaci\u00f3n de una tarta de cumplea\u00f1os.<\/p>\n<h3 data-start=\"2984\" data-end=\"3008\"><strong data-start=\"2988\" data-end=\"3008\">\ud83d\uddfa\ufe0f Ruta de muestras<\/strong><\/h3>\n<p data-start=\"3009\" data-end=\"3219\">\ud83d\udd39 Recogida en el hotel y traslado al nuevo puerto deportivo de Alanya.<br data-start=\"3056\" data-end=\"3059\" \/>\ud83d\udd39 Salida y crucero costero<br data-start=\"3090\" data-end=\"3093\" \/>\ud83d\udd39 Pausas para nadar y relajarse<br data-start=\"3124\" data-end=\"3127\" \/>\ud83d\udd39 Servicio de comidas a bordo<br data-start=\"3150\" data-end=\"3153\" \/>\ud83d\udd39 Crucero de ocio y regreso al puerto deportivo<br data-start=\"3189\" data-end=\"3192\" \/>\ud83d\udd39 Traslado de vuelta al hotel<\/p>\n<h3 data-start=\"3226\" data-end=\"3250\"><strong data-start=\"3230\" data-end=\"3250\">Qu\u00e9 llevar<\/strong><\/h3>\n<p data-start=\"3251\" data-end=\"3330\">\ud83d\udd39 Ba\u00f1ador y toalla<br data-start=\"3270\" data-end=\"3273\" \/>\ud83d\udd39 Protector solar y gafas de sol<br data-start=\"3298\" data-end=\"3301\" \/>Sombrero \ud83d\udd39<br data-start=\"3307\" data-end=\"3310\" \/>\ud83d\udd39 C\u00e1mara o tel\u00e9fono<\/p>\n<h3 data-start=\"3337\" data-end=\"3364\"><strong data-start=\"3341\" data-end=\"3364\">\ud83d\udeab No apto para<\/strong><\/h3>\n<p data-start=\"3365\" data-end=\"3409\">\ud83d\udd39 Hu\u00e9spedes con graves limitaciones de movilidad.<\/p>\n<h3 data-start=\"3416\" data-end=\"3442\"><strong data-start=\"3420\" data-end=\"3442\">\ud83d\udcb8 Precios y reservas<\/strong><\/h3>\n<p data-start=\"3443\" data-end=\"3613\">\ud83d\udd39 Reserva ahora, paga el d\u00eda<br data-start=\"3473\" data-end=\"3476\" \/>\ud83d\udd39 Men\u00fa personalizado, deportes acu\u00e1ticos y tarta de cumplea\u00f1os disponibles bajo petici\u00f3n.<br data-start=\"3541\" data-end=\"3544\" \/>\ud83d\udd39 Contacto a trav\u00e9s de WhatsApp, Telegram, Viber o formulario de reserva a continuaci\u00f3n \ud83d\udc47\ud83c\udffc<\/p>","protected":false},"excerpt":{"rendered":"<p>Disfrute de un alquiler de yate privado en Alanya a bordo de My Dreams-A. Ideal para cruceros de d\u00eda y al atardecer con tripulaci\u00f3n, comida y traslado al hotel incluidos.<\/p>","protected":false},"featured_media":16167,"comment_status":"open","ping_status":"closed","template":"","meta":[],"product_brand":[],"product_cat":[129],"product_tag":[111],"class_list":{"0":"post-16166","1":"product","2":"type-product","3":"status-publish","4":"has-post-thumbnail","6":"tour_phys-yacht-rental","7":"product_cat-yacht-rental","8":"product_tag-alanya","9":"pa_kategori-private-yacht-rental-kemer-antalya","11":"first","12":"instock","13":"sale","14":"shipping-taxable","15":"purchasable","16":"product-type-tour_phys"},"aioseo_notices":[],"_links":{"self":[{"href":"https:\/\/excursionsworld.com\/es\/wp-json\/wp\/v2\/product\/16166","targetHints":{"allow":["GET"]}}],"collection":[{"href":"https:\/\/excursionsworld.com\/es\/wp-json\/wp\/v2\/product"}],"about":[{"href":"https:\/\/excursionsworld.com\/es\/wp-json\/wp\/v2\/types\/product"}],"replies":[{"embeddable":true,"href":"https:\/\/excursionsworld.com\/es\/wp-json\/wp\/v2\/comments?post=16166"}],"wp:featuredmedia":[{"embeddable":true,"href":"https:\/\/excursionsworld.com\/es\/wp-json\/wp\/v2\/media\/16167"}],"wp:attachment":[{"href":"https:\/\/excursionsworld.com\/es\/wp-json\/wp\/v2\/media?parent=16166"}],"wp:term":[{"taxonomy":"product_brand","embeddable":true,"href":"https:\/\/excursionsworld.com\/es\/wp-json\/wp\/v2\/product_brand?post=16166"},{"taxonomy":"product_cat","embeddable":true,"href":"https:\/\/excursionsworld.com\/es\/wp-json\/wp\/v2\/product_cat?post=16166"},{"taxonomy":"product_tag","embeddable":true,"href":"https:\/\/excursionsworld.com\/es\/wp-json\/wp\/v2\/product_tag?post=16166"}],"curies":[{"name":"wp","href":"https:\/\/api.w.org\/{rel}","templated":true}]}}