{"id":16173,"date":"2026-02-09T13:42:40","date_gmt":"2026-02-09T10:42:40","guid":{"rendered":"https:\/\/excursionsworld.com\/?post_type=product&#038;p=16173\/"},"modified":"2026-04-24T01:27:22","modified_gmt":"2026-04-23T22:27:22","slug":"alanya-syedra-cueva-dim-rio","status":"publish","type":"product","link":"https:\/\/excursionsworld.com\/tours\/alanya-syedra-dim-cave-river\/","title":{"rendered":"Alanya: Ciudad Antigua de Syedra, Cueva de Dim y R\u00edo con Almuerzo"},"content":{"rendered":"<h2>\ud83c\udfd9\ufe0f <strong>Visi\u00f3n general<\/strong><\/h2>\n<p>Entra <a href=\"https:\/\/en.wikipedia.org\/wiki\/Alanya\" target=\"_blank\" rel=\"noopener\">Alanya<\/a>\u2019s rico pasado y belleza natural con esta excursi\u00f3n cuidadosamente dise\u00f1ada. Desde ruinas panor\u00e1micas en la cima de una colina con vistas al Mediterr\u00e1neo hasta impresionantes formaciones subterr\u00e1neas y un apacible entorno fluvial, este recorrido ofrece una mezcla equilibrada de cultura, descubrimiento y relajaci\u00f3n.<\/p>\n<h3><strong>Incluido:<\/strong><\/h3>\n<p><span style=\"color: #00ff00;\"><strong>\u2713<\/strong> <\/span>Traslado profesional de ida y vuelta al hotel<br \/>\n<span style=\"color: #00ff00;\"><strong>\u2713<\/strong> <\/span>Gu\u00eda profesional de habla inglesa<br \/>\n<span style=\"color: #00ff00;\"><strong>\u2713<\/strong> <\/span>Visita guiada a la antigua ciudad de Syedra<br \/>\n<span style=\"color: #00ff00;\"><strong>\u2713<\/strong> <\/span>Almuerzo a orillas del r\u00edo Dim<br \/>\n<span style=\"color: #00ff00;\"><strong>\u2713<\/strong> <\/span>Visita a la Casa de la Fruta local<br \/>\n<span style=\"color: #00ff00;\"><strong>\u2713<\/strong> <\/span>Seguro a todo riesgo<\/p>\n<h3><strong>No se incluye:<\/strong><\/h3>\n<p><span style=\"color: #ff0000;\"><strong>\u2717<\/strong> <\/span>Entrada a la Cueva Dim (10 \u20ac en efectivo)<br \/>\n<span style=\"color: #ff0000;\"><strong>\u2717<\/strong> <\/span>Bebidas durante la visita<br \/>\n<span style=\"color: #ff0000;\"><strong>\u2717<\/strong> <\/span>Gastos personales (fotos y recuerdos)<\/p>\n<h2>\ud83c\udf1f <strong>Lo m\u00e1s destacado<\/strong><\/h2>\n<p>\ud83d\udd39 Ciudad antigua de Syedra - Ruinas romanas y bizantinas<br \/>\n\ud83d\udd39 Vistas panor\u00e1micas al Mediterr\u00e1neo desde la cima de la colina.<br \/>\n\ud83d\udd39 Cueva Dim - estalactitas, estalagmitas y lago subterr\u00e1neo.<br \/>\n\ud83d\udd39 Almuerzo relajante junto al r\u00edo Dim<br \/>\n\ud83d\udd39 Visita a una Casa de Frutas local con productos regionales.<br \/>\n\ud83d\udd39 Comentarios perspicaces de gu\u00edas profesionales<\/p>\n<h2>\ud83d\udcd6 <strong>Descripci\u00f3n completa<\/strong><\/h2>\n<p>El d\u00eda comienza con una c\u00f3moda recogida en el hotel y un pintoresco viaje a <strong>Ciudad antigua de Syedra<\/strong>, Una de las joyas arqueol\u00f3gicas ocultas de Alanya. Situada en lo alto de una colina, Syedra ofrece impresionantes vistas del mar Mediterr\u00e1neo. Pasee por las antiguas calles, ba\u00f1os y cisternas mientras su gu\u00eda le cuenta la historia romana y bizantina de la ciudad.<\/p>\n<p>A continuaci\u00f3n, siga <strong>Cueva Dim<\/strong>, Una de las cuevas m\u00e1s grandes e impresionantes de la regi\u00f3n. Formada a lo largo de millones de a\u00f1os, la cueva presenta espectaculares estalactitas, estalagmitas y un misterioso lago subterr\u00e1neo, creando una experiencia natural realmente memorable.<\/p>\n<p>Despu\u00e9s de explorar la cueva, dir\u00edgete a la tranquila <strong>Dim River<\/strong>, All\u00ed disfrutar\u00e1 de un delicioso almuerzo rodeado de exuberante vegetaci\u00f3n y frescas corrientes de agua. Antes de regresar a Alanya, det\u00e9ngase en un <strong>Fruter\u00eda local<\/strong> para descubrir y comprar frutas y productos frescos de la regi\u00f3n.<\/p>\n<h3>\ud83d\uddfa\ufe0f <strong>Itinerario<\/strong><\/h3>\n<p>\ud83d\udd39 09:00 - Recogida en los hoteles y salida<br \/>\n\ud83d\udd39 Visita a la Ciudad Antigua de Syedra (visita guiada y parada fotogr\u00e1fica).<br \/>\n\ud83d\udd39 Explora Dim Cave<br \/>\n\ud83d\udd39 Almuerzo a orillas del r\u00edo Dim<br \/>\n\ud83d\udd39 Tiempo libre y relax junto al agua.<br \/>\n\ud83d\udd39 Visita a la Casa de la Fruta local.<br \/>\n\ud83d\udd39 16:00 - Regreso a Alanya y entrega en el hotel.<\/p>\n<h3>\u2139\ufe0f <strong>Informaci\u00f3n \u00fatil<\/strong><\/h3>\n<p>\ud83d\udd39 Experiencia en grupos reducidos<br \/>\n\ud83d\udd39 Caminar moderadamente por terrenos irregulares.<br \/>\n\ud83d\udd39 Dim Cave es fresco en el interior - chaqueta ligera recomendada.<br \/>\n\ud83d\udd39 El tour opera en todas las condiciones meteorol\u00f3gicas<br \/>\n\ud83d\udd39 Las necesidades diet\u00e9ticas deben comunicarse en el momento de la reserva<\/p>\n<h2>\ud83c\udf92 <strong>Qu\u00e9 llevar<\/strong><\/h2>\n<p>\ud83d\udd39 Zapatos c\u00f3modos para caminar<br \/>\n\ud83d\udd39 C\u00e1mara o smartphone<br \/>\n\ud83d\udd39 Sombrero y gafas de sol<br \/>\n\ud83d\udd39 Protector solar<br \/>\n\ud83d\udd39 Botella de agua reutilizable<br \/>\n\ud83d\udd39 Dinero en efectivo para la entrada a la cueva y bebidas.<\/p>\n<h3>\ud83d\udeab <strong>No apto para<\/strong><\/h3>\n<p>\ud83d\udd39 Hu\u00e9spedes con graves problemas de movilidad<br \/>\n\ud83d\udd39 Usuarios de sillas de ruedas<br \/>\n\ud83d\udd39 Hu\u00e9spedes embarazadas (terreno irregular).<\/p>\n<h2 dir=\"ltr\">\ud83d\udcb8\u00a0<strong>Precios y reservas<\/strong><\/h2>\n<p dir=\"ltr\"><strong>\ud83d\udd39 Reserva ahora, paga el d\u00eda de la excursi\u00f3n<\/strong><br \/>\n\ud83d\udd39 Ponte en contacto con nosotros a trav\u00e9s de WhatsApp, Telegram, Viber, o rellena el siguiente formulario de reserva. \ud83d\udc47\ud83c\udffc<\/p>\n<p>\u00bfBuscas alternativas? Explora <a href=\"https:\/\/excursionsworld.com\/es\/excursiones-alanya\/\">m\u00e1s tours en Alanya<\/a>.<\/p>","protected":false},"excerpt":{"rendered":"<p>Explore la antigua ciudad de Syedra, visite la cueva de Dim y disfrute de un almuerzo junto al r\u00edo Dim en una excursi\u00f3n de un d\u00eda completo por Alanya que combina historia y naturaleza.<\/p>","protected":false},"featured_media":16181,"comment_status":"open","ping_status":"closed","template":"","meta":[],"product_brand":[],"product_cat":[128],"product_tag":[111],"class_list":{"0":"post-16173","1":"product","2":"type-product","3":"status-publish","4":"has-post-thumbnail","6":"tour_phys-alanya-tours","7":"product_cat-alanya-tours","8":"product_tag-alanya","9":"pa_destination-alanya-tours","11":"first","12":"instock","13":"sale","14":"shipping-taxable","15":"purchasable","16":"product-type-tour_phys"},"aioseo_notices":[],"_links":{"self":[{"href":"https:\/\/excursionsworld.com\/es\/wp-json\/wp\/v2\/product\/16173","targetHints":{"allow":["GET"]}}],"collection":[{"href":"https:\/\/excursionsworld.com\/es\/wp-json\/wp\/v2\/product"}],"about":[{"href":"https:\/\/excursionsworld.com\/es\/wp-json\/wp\/v2\/types\/product"}],"replies":[{"embeddable":true,"href":"https:\/\/excursionsworld.com\/es\/wp-json\/wp\/v2\/comments?post=16173"}],"wp:featuredmedia":[{"embeddable":true,"href":"https:\/\/excursionsworld.com\/es\/wp-json\/wp\/v2\/media\/16181"}],"wp:attachment":[{"href":"https:\/\/excursionsworld.com\/es\/wp-json\/wp\/v2\/media?parent=16173"}],"wp:term":[{"taxonomy":"product_brand","embeddable":true,"href":"https:\/\/excursionsworld.com\/es\/wp-json\/wp\/v2\/product_brand?post=16173"},{"taxonomy":"product_cat","embeddable":true,"href":"https:\/\/excursionsworld.com\/es\/wp-json\/wp\/v2\/product_cat?post=16173"},{"taxonomy":"product_tag","embeddable":true,"href":"https:\/\/excursionsworld.com\/es\/wp-json\/wp\/v2\/product_tag?post=16173"}],"curies":[{"name":"wp","href":"https:\/\/api.w.org\/{rel}","templated":true}]}}