{"id":16623,"date":"2026-03-07T17:07:14","date_gmt":"2026-03-07T14:07:14","guid":{"rendered":"https:\/\/excursionsworld.com\/?post_type=product&#038;p=16623\/"},"modified":"2026-03-07T19:02:31","modified_gmt":"2026-03-07T16:02:31","slug":"cueva-azul-lancha-rapida-budva","status":"publish","type":"product","link":"https:\/\/excursionsworld.com\/tours\/blue-cave-speedboat-budva\/","title":{"rendered":"Blue Cave Budva en Lancha R\u00e1pida | Montenegro"},"content":{"rendered":"<h3 data-section-id=\"12p45uz\" data-start=\"246\" data-end=\"266\"><strong data-start=\"250\" data-end=\"266\">\ud83c\udfdd\ufe0f Visi\u00f3n general<\/strong><\/h3>\n<p data-start=\"267\" data-end=\"532\">Descubra la belleza de la costa adri\u00e1tica en nuestro <strong data-start=\"316\" data-end=\"362\">Excursi\u00f3n de lujo en lancha r\u00e1pida a la Cueva Azul desde Budva<\/strong>. Esta emocionante aventura mar\u00edtima de 3 horas le llevar\u00e1 a joyas ocultas de la costa, como la famosa Cueva Azul, pintorescas playas y espectaculares miradores a lo largo de la Riviera de Budva.<\/p>\n<p data-start=\"534\" data-end=\"704\">Nade en aguas cristalinas de color turquesa, explore espectaculares acantilados y disfrute de impresionantes vistas de la costa mientras navega en una moderna lancha r\u00e1pida con una experimentada tripulaci\u00f3n local.<\/p>\n<h3 data-section-id=\"ydfjyc\" data-start=\"706\" data-end=\"723\"><strong data-start=\"710\" data-end=\"723\">Incluido:<\/strong><\/h3>\n<div data-start=\"724\" data-end=\"878\"><span style=\"color: #00ff00;\"><strong>\u2713<\/strong><\/span> Recogida en el hotel (si est\u00e1 disponible)<\/div>\n<div data-start=\"724\" data-end=\"878\"><span style=\"color: #00ff00;\"><strong>\u2713 <\/strong><\/span>Patr\u00f3n gu\u00eda profesional<br data-start=\"765\" data-end=\"768\" \/><span style=\"color: #00ff00;\"><strong>\u2713 <\/strong><\/span>Bebida de bienvenida<br data-start=\"783\" data-end=\"786\" \/><span style=\"color: #00ff00;\"><strong>\u2713 <\/strong><\/span>M\u00e1scaras de buceo<br data-start=\"804\" data-end=\"807\" \/><span style=\"color: #00ff00;\"><strong>\u2713 <\/strong><\/span>Crucero en lancha r\u00e1pida<br data-start=\"857\" data-end=\"860\" \/><span style=\"color: #00ff00;\"><strong>\u2713\u00a0<\/strong><\/span>Seguro de viaje<\/div>\n<h3 data-section-id=\"1f64jv5\" data-start=\"880\" data-end=\"901\"><strong data-start=\"884\" data-end=\"901\">No se incluye:<\/strong><\/h3>\n<p data-start=\"902\" data-end=\"981\"><strong><span style=\"color: #ff0000;\">\u2717<\/span> <\/strong>Gastos personales<br data-start=\"921\" data-end=\"924\" \/><strong><span style=\"color: #ff0000;\">\u2717<\/span> <\/strong>Comida y bebidas adicionales<br data-start=\"952\" data-end=\"955\" \/><strong><span style=\"color: #ff0000;\">\u2717<\/span> <\/strong>Propinas para la tripulaci\u00f3n (opcional)<\/p>\n<h3 data-section-id=\"gnzuxm\" data-start=\"983\" data-end=\"1009\"><strong data-start=\"987\" data-end=\"1009\">\ud83c\udf1f Lo m\u00e1s destacado del viaje<\/strong><\/h3>\n<p data-start=\"1010\" data-end=\"1349\">\ud83d\udd39 Crucero panor\u00e1mico por la hist\u00f3rica costa del casco antiguo de Budva<br data-start=\"1070\" data-end=\"1073\" \/>\ud83d\udd39 Nadar en la famosa Cueva Azul (Plava \u0160pilja).<br data-start=\"1123\" data-end=\"1126\" \/>\ud83d\udd39 Parada fotogr\u00e1fica en la Iglesia de San Nicol\u00e1s, junto al acantilado.<br data-start=\"1179\" data-end=\"1182\" \/>\ud83d\udd39 Pausa para nadar en la playa de arena de Trsteno<br data-start=\"1222\" data-end=\"1225\" \/>\ud83d\udd39 Crucero panor\u00e1mico por la Riviera de Budva<br data-start=\"1268\" data-end=\"1271\" \/>\ud83d\udd39 Vistas a las playas de Plo\u010de y Jaz.<br data-start=\"1304\" data-end=\"1307\" \/>\ud83d\udd39 C\u00f3moda experiencia de lujo en lancha r\u00e1pida<\/p>\n<h3 data-section-id=\"1jizkbc\" data-start=\"1351\" data-end=\"1378\"><strong data-start=\"1355\" data-end=\"1378\">\ud83d\udcd6 Descripci\u00f3n completa<\/strong><\/h3>\n<div data-start=\"1379\" data-end=\"1504\">Su aventura comienza en Budva, donde embarcar\u00e1 en una moderna lancha r\u00e1pida para un viaje inolvidable por la costa adri\u00e1tica.<\/div>\n<div data-start=\"1506\" data-end=\"1683\">La excursi\u00f3n comienza con un crucero panor\u00e1mico por las hist\u00f3ricas murallas del casco antiguo de Budva. Por el camino, ver\u00e1 la famosa Estatua de la Bailarina y los hermosos acantilados de la playa de Mogren.<\/div>\n<div data-start=\"1685\" data-end=\"1874\">El punto culminante de la excursi\u00f3n es la m\u00e1gica Cueva Azul, donde la luz del sol crea un incre\u00edble resplandor azul en el interior de la cueva. Aqu\u00ed tendr\u00e1 tiempo para nadar y hacer snorkel en aguas cristalinas.<\/div>\n<div data-start=\"1876\" data-end=\"2069\">A continuaci\u00f3n, nos dirigimos a la singular Iglesia de San Nicol\u00e1s, situada en un acantilado y accesible s\u00f3lo por mar. Este monumento escondido ofrece unas vistas impresionantes y excelentes oportunidades fotogr\u00e1ficas.<\/div>\n<div data-start=\"2071\" data-end=\"2254\">La excursi\u00f3n contin\u00faa hacia la playa de Trsteno, una de las escasas playas de arena de la regi\u00f3n de Budva. Rodeada de acantilados y tranquilas aguas turquesas, es un lugar perfecto para nadar y relajarse.<\/div>\n<div data-start=\"2256\" data-end=\"2405\">En el viaje de vuelta, disfrute de un crucero panor\u00e1mico por la Riviera de Budva mientras pasa por las populares playas de Plo\u010de y Jaz antes de regresar a Budva.<\/div>\n<div data-start=\"2256\" data-end=\"2405\"><\/div>\n<h3 data-section-id=\"1e4kph\" data-start=\"2407\" data-end=\"2433\"><strong data-start=\"2411\" data-end=\"2433\">\ud83d\uddfa\ufe0f Itinerario<\/strong><\/h3>\n<p data-start=\"2434\" data-end=\"2685\">\ud83d\udd39 Salida del puerto deportivo de Budva<br data-start=\"2464\" data-end=\"2467\" \/>\ud83d\udd39 Crucero panor\u00e1mico por el casco antiguo de Budva<br data-start=\"2504\" data-end=\"2507\" \/>\ud83d\udd39 Parada para nadar en la Cueva Azul<br data-start=\"2536\" data-end=\"2539\" \/>\ud83d\udd39 Parada fotogr\u00e1fica en la Iglesia de San Nicol\u00e1s.<br data-start=\"2578\" data-end=\"2581\" \/>\ud83d\udd39 Pausa para nadar en la playa de Trsteno<br data-start=\"2615\" data-end=\"2618\" \/>\ud83d\udd39 Crucero panor\u00e1mico por las playas de Plo\u010de y Jaz<br data-start=\"2664\" data-end=\"2667\" \/>\ud83d\udd39 Volver a Budva<\/p>\n<h3 data-section-id=\"x7plk0\" data-start=\"2687\" data-end=\"2716\"><strong data-start=\"2691\" data-end=\"2716\">\u2139\ufe0f Informaci\u00f3n \u00fatil<\/strong><\/h3>\n<p data-start=\"2717\" data-end=\"2942\">\ud83d\udd39 Duraci\u00f3n: aproximadamente 3 horas<br data-start=\"2751\" data-end=\"2754\" \/>\ud83d\udd39 Idiomas: Ingl\u00e9s, ruso, serbio<br data-start=\"2793\" data-end=\"2796\" \/>\ud83d\udd39 Experiencia en lancha r\u00e1pida para grupos peque\u00f1os<br data-start=\"2831\" data-end=\"2834\" \/>\ud83d\udd39 El horario puede cambiar debido a las condiciones meteorol\u00f3gicas o mar\u00edtimas<br data-start=\"2889\" data-end=\"2892\" \/>\ud83d\udd39 El capit\u00e1n podr\u00e1 modificar la ruta por motivos de seguridad<\/p>\n<h3 data-section-id=\"zapgrt\" data-start=\"2944\" data-end=\"2968\"><strong data-start=\"2948\" data-end=\"2968\">Qu\u00e9 llevar<\/strong><\/h3>\n<p data-start=\"2969\" data-end=\"3084\">\ud83d\udd39 Ba\u00f1ador y toalla<br data-start=\"2990\" data-end=\"2993\" \/>\ud83d\udd39 Gafas de sol y protecci\u00f3n solar.<br data-start=\"3020\" data-end=\"3023\" \/>\ud83d\udd39 Ropa c\u00f3moda y ligera<br data-start=\"3052\" data-end=\"3055\" \/>\ud83d\udd39 C\u00e1mara o tel\u00e9fono para las fotos<\/p>\n<h3 data-section-id=\"1kfbjov\" data-start=\"3086\" data-end=\"3113\"><strong data-start=\"3090\" data-end=\"3113\">\ud83d\udeab No apto para<\/strong><\/h3>\n<p data-start=\"3114\" data-end=\"3258\">\ud83d\udd39 Ni\u00f1os menores de 5 a\u00f1os<br data-start=\"3143\" data-end=\"3146\" \/>\ud83d\udd39 Invitados mayores de 70 a\u00f1os<br data-start=\"3173\" data-end=\"3176\" \/>\ud83d\udd39 Viajeras embarazadas<br data-start=\"3197\" data-end=\"3200\" \/>\ud83d\udd39 Usuarios de sillas de ruedas<br data-start=\"3219\" data-end=\"3222\" \/>\ud83d\udd39 Hu\u00e9spedes con graves problemas de espalda.<\/p>\n<h3 data-section-id=\"7egtho\" data-start=\"3260\" data-end=\"3288\"><strong data-start=\"3264\" data-end=\"3288\">\ud83d\udcb8 Precios y reservas<\/strong><\/h3>\n<p data-start=\"3289\" data-end=\"3426\">\ud83d\udd39 Reserva ahora, paga despu\u00e9s<br data-start=\"3314\" data-end=\"3317\" \/>\ud83d\udd39 Cancelaci\u00f3n gratuita hasta 24 horas antes del viaje<br data-start=\"3368\" data-end=\"3371\" \/><img decoding=\"async\" class=\"emoji\" role=\"img\" draggable=\"false\" src=\"https:\/\/s.w.org\/images\/core\/emoji\/17.0.2\/svg\/1f539.svg\" alt=\"\ud83d\udd39\" \/>\u00a0Ponte en contacto con nosotros a trav\u00e9s de WhatsApp, Telegram, Viber o rellena el formulario de reserva que encontrar\u00e1s a continuaci\u00f3n.\u00a0<img decoding=\"async\" class=\"emoji\" role=\"img\" draggable=\"false\" src=\"https:\/\/s.w.org\/images\/core\/emoji\/17.0.2\/svg\/1f447-1f3fd.svg\" alt=\"\ud83d\udc47\ud83c\udffd\" \/><\/p>","protected":false},"excerpt":{"rendered":"<p>Descubra la Cueva Azul en una excursi\u00f3n en lancha r\u00e1pida desde Budva. Nade en aguas cristalinas, visite playas escondidas y disfrute de impresionantes vistas de la Riviera de Budva.<\/p>","protected":false},"featured_media":16624,"comment_status":"open","ping_status":"closed","template":"","meta":[],"product_brand":[],"product_cat":[132],"product_tag":[123],"class_list":{"0":"post-16623","1":"product","2":"type-product","3":"status-publish","4":"has-post-thumbnail","6":"tour_phys-budva-tours","7":"product_cat-budva-tours","8":"product_tag-budva","9":"pa_montenegro-budva-tours","11":"first","12":"instock","13":"sale","14":"shipping-taxable","15":"purchasable","16":"product-type-tour_phys"},"aioseo_notices":[],"_links":{"self":[{"href":"https:\/\/excursionsworld.com\/es\/wp-json\/wp\/v2\/product\/16623","targetHints":{"allow":["GET"]}}],"collection":[{"href":"https:\/\/excursionsworld.com\/es\/wp-json\/wp\/v2\/product"}],"about":[{"href":"https:\/\/excursionsworld.com\/es\/wp-json\/wp\/v2\/types\/product"}],"replies":[{"embeddable":true,"href":"https:\/\/excursionsworld.com\/es\/wp-json\/wp\/v2\/comments?post=16623"}],"wp:featuredmedia":[{"embeddable":true,"href":"https:\/\/excursionsworld.com\/es\/wp-json\/wp\/v2\/media\/16624"}],"wp:attachment":[{"href":"https:\/\/excursionsworld.com\/es\/wp-json\/wp\/v2\/media?parent=16623"}],"wp:term":[{"taxonomy":"product_brand","embeddable":true,"href":"https:\/\/excursionsworld.com\/es\/wp-json\/wp\/v2\/product_brand?post=16623"},{"taxonomy":"product_cat","embeddable":true,"href":"https:\/\/excursionsworld.com\/es\/wp-json\/wp\/v2\/product_cat?post=16623"},{"taxonomy":"product_tag","embeddable":true,"href":"https:\/\/excursionsworld.com\/es\/wp-json\/wp\/v2\/product_tag?post=16623"}],"curies":[{"name":"wp","href":"https:\/\/api.w.org\/{rel}","templated":true}]}}