{"id":16679,"date":"2026-03-20T22:11:47","date_gmt":"2026-03-20T19:11:47","guid":{"rendered":"https:\/\/excursionsworld.com\/?post_type=product&#038;p=16679\/"},"modified":"2026-03-21T20:01:24","modified_gmt":"2026-03-21T17:01:24","slug":"buceo-budva-montenegro","status":"publish","type":"product","link":"https:\/\/excursionsworld.com\/tours\/budva-scuba-diving-montenegro\/","title":{"rendered":"Buceo Budva | Scuba Diving Montenegro"},"content":{"rendered":"<h3 data-section-id=\"2p8n8v\" data-start=\"113\" data-end=\"133\"><span role=\"text\"><strong data-start=\"117\" data-end=\"133\">\ud83c\udfd9\ufe0f Visi\u00f3n general<\/strong><\/span><\/h3>\n<p data-start=\"135\" data-end=\"521\">Descubra el mundo submarino del Adri\u00e1tico con esta inolvidable experiencia de submarinismo en torno a <span class=\"hover:entity-accent entity-underline inline cursor-pointer align-baseline\"><span class=\"whitespace-normal\">Isla de San Nicol\u00e1s<\/span><\/span>. Tanto si es un principiante como un buceador certificado, esta excursi\u00f3n ofrece una combinaci\u00f3n perfecta de aventura, seguridad y orientaci\u00f3n profesional. Disfrute de aguas cristalinas, vibrante vida marina y uno de los mejores lugares para bucear en Montenegro.<\/p>\n<h3 data-section-id=\"ydfjyc\" data-start=\"523\" data-end=\"540\"><span role=\"text\"><strong data-start=\"527\" data-end=\"540\">Incluido:<\/strong><\/span><\/h3>\n<p data-start=\"542\" data-end=\"820\"><span style=\"color: #00ff00;\"><strong>\u2713<\/strong><\/span> Traslado de ida y vuelta en barco desde Budva<br data-start=\"579\" data-end=\"582\" \/><span style=\"color: #00ff00;\"><strong>\u2713 <\/strong><\/span>Instructores profesionales con certificaci\u00f3n PADI<br data-start=\"623\" data-end=\"626\" \/><span style=\"color: #00ff00;\"><strong>\u2713 <\/strong><\/span>Equipo completo de submarinismo (Cressi y Scubapro)<br data-start=\"675\" data-end=\"678\" \/><span style=\"color: #00ff00;\"><strong>\u2713 <\/strong><\/span>Inmersi\u00f3n guiada (principiantes y buceadores certificados)<br data-start=\"733\" data-end=\"736\" \/><span style=\"color: #00ff00;\"><strong>\u2713 <\/strong><\/span>Bebidas gratuitas a bordo<br data-start=\"767\" data-end=\"770\" \/><span style=\"color: #00ff00;\"><strong>\u2713 <\/strong><\/span>Seguro a todo riesgo<br data-start=\"795\" data-end=\"798\" \/><span style=\"color: #00ff00;\"><strong>\u2713 <\/strong><\/span>Todos los impuestos y tasas<\/p>\n<h3 data-section-id=\"1f64jv5\" data-start=\"822\" data-end=\"843\"><span role=\"text\"><strong data-start=\"826\" data-end=\"843\">No se incluye:<\/strong><\/span><\/h3>\n<p data-start=\"845\" data-end=\"946\"><span style=\"color: #ff0000;\"><strong>\u2717<\/strong> <\/span>Gastos personales<br data-start=\"864\" data-end=\"867\" \/><span style=\"color: #ff0000;\"><strong>\u2717<\/strong> \u00a0<\/span>Fotos y v\u00eddeos (opcional)<br data-start=\"897\" data-end=\"900\" \/><span style=\"color: #ff0000;\"><strong>\u2717<\/strong> <\/span>Aperitivos (opcionales - puede traer los suyos)<\/p>\n<h3 data-section-id=\"gnzuxm\" data-start=\"948\" data-end=\"974\"><span role=\"text\"><strong data-start=\"952\" data-end=\"974\">\ud83c\udf1f Lo m\u00e1s destacado del viaje<\/strong><\/span><\/h3>\n<p data-start=\"976\" data-end=\"1299\">\ud83d\udd39 Sum\u00e9rgete en el impresionante <span class=\"hover:entity-accent entity-underline inline cursor-pointer align-baseline\"><span class=\"whitespace-normal\">Isla de San Nicol\u00e1s<\/span><\/span><br data-start=\"1041\" data-end=\"1044\" \/>\ud83d\udd39 Perfecto para principiantes y buceadores certificados<br data-start=\"1089\" data-end=\"1092\" \/>\ud83d\udd39 Explora cuevas submarinas, arrecifes y vida marina.<br data-start=\"1143\" data-end=\"1146\" \/>\ud83d\udd39 Aguas cristalinas del Adri\u00e1tico con gran visibilidad<br data-start=\"1199\" data-end=\"1202\" \/>\ud83d\udd39 Experiencia en grupo reducido (m\u00e1x. 10 participantes)<br data-start=\"1250\" data-end=\"1253\" \/>\ud83d\udd39 Rel\u00e1jate en un barco de buceo de 15 m totalmente equipado<\/p>\n<h3 data-section-id=\"1jizkbc\" data-start=\"1301\" data-end=\"1328\"><span role=\"text\"><strong data-start=\"1305\" data-end=\"1328\">\ud83d\udcd6 Descripci\u00f3n completa<\/strong><\/span><\/h3>\n<p data-start=\"1330\" data-end=\"1588\">Su aventura comienza en <span class=\"hover:entity-accent entity-underline inline cursor-pointer align-baseline\"><span class=\"whitespace-normal\">Playa Slovenska<\/span><\/span>, donde conocer\u00e1 a su equipo profesional de buceo. Tras una breve introducci\u00f3n, embarcar\u00e1 en un c\u00f3modo barco de buceo totalmente equipado y zarpar\u00e1 hacia la impresionante isla de San Nicol\u00e1s.<\/p>\n<p data-start=\"1590\" data-end=\"1739\">Antes de entrar en el agua, recibir\u00e1 una detallada sesi\u00f3n informativa de seguridad sobre el uso del equipo, la comunicaci\u00f3n subacu\u00e1tica y las principales t\u00e9cnicas de buceo.<\/p>\n<p data-start=\"1741\" data-end=\"1979\">Para los principiantes, instructores experimentados proporcionan orientaci\u00f3n paso a paso y apoyo personalizado, garantizando una primera inmersi\u00f3n segura y agradable. Los buceadores certificados pueden explorar zonas m\u00e1s profundas, cuevas submarinas y vibrantes arrecifes adaptados a su nivel.<\/p>\n<p data-start=\"1981\" data-end=\"2221\">Durante la inmersi\u00f3n, descubrir\u00e1 el rico ecosistema marino del Adri\u00e1tico, que incluye peces de colores y fascinantes formaciones submarinas. Despu\u00e9s de la inmersi\u00f3n, rel\u00e1jese en el barco con bebidas de cortes\u00eda mientras disfruta del pintoresco regreso a Budva.<\/p>\n<h3 data-section-id=\"1e4kph\" data-start=\"2223\" data-end=\"2249\"><span role=\"text\"><strong data-start=\"2227\" data-end=\"2249\">\ud83d\uddfa\ufe0f Itinerario<\/strong><\/span><\/h3>\n<p data-start=\"2251\" data-end=\"2490\">\ud83d\udd39 Reuni\u00f3n en la playa Slovenska, Budva<br data-start=\"2287\" data-end=\"2290\" \/>\ud83d\udd39 Salida en barco y crucero panor\u00e1mico<br data-start=\"2325\" data-end=\"2328\" \/>\ud83d\udd39 Sesi\u00f3n informativa sobre seguridad y preparaci\u00f3n del equipo<br data-start=\"2372\" data-end=\"2375\" \/>\ud83d\udd39 Sesi\u00f3n de buceo (principiantes o buceadores certificados)<br data-start=\"2424\" data-end=\"2427\" \/>\ud83d\udd39 Relajaci\u00f3n y bebidas a bordo<br data-start=\"2460\" data-end=\"2463\" \/>\ud83d\udd39 Regreso al puerto deportivo de Budva<\/p>\n<h3 data-section-id=\"1fgl4g2\" data-start=\"2492\" data-end=\"2534\"><span role=\"text\"><strong data-start=\"2496\" data-end=\"2534\">\u2139\ufe0f Importante saberlo antes de partir<\/strong><\/span><\/h3>\n<p data-start=\"2536\" data-end=\"2811\">Duraci\u00f3n: Aproximadamente 3,5 - 4 horas<br data-start=\"2576\" data-end=\"2579\" \/>\ud83d\udd39 Grupos reducidos (m\u00e1ximo 10 participantes)<br data-start=\"2620\" data-end=\"2623\" \/>\ud83d\udd39 Apto para buceadores principiantes y experimentados<br data-start=\"2671\" data-end=\"2674\" \/>\ud83d\udd39 Edad m\u00ednima: 10 a\u00f1os<br data-start=\"2698\" data-end=\"2701\" \/>\ud83d\udd39 El tour puede ser reprogramado dependiendo de las condiciones del mar<br data-start=\"2755\" data-end=\"2758\" \/>\ud83d\udd39 Cancelaci\u00f3n gratuita hasta 24 horas antes del viaje<\/p>\n<h3 data-section-id=\"zapgrt\" data-start=\"2813\" data-end=\"2837\"><span role=\"text\"><strong data-start=\"2817\" data-end=\"2837\">Qu\u00e9 llevar<\/strong><\/span><\/h3>\n<p data-start=\"2839\" data-end=\"2934\">\ud83d\udd39 Ba\u00f1ador y toalla<br data-start=\"2860\" data-end=\"2863\" \/>\ud83d\udd39 Cambio de ropa<br data-start=\"2883\" data-end=\"2886\" \/>\ud83d\udd39 C\u00e1mara o smartphone<br data-start=\"2909\" data-end=\"2912\" \/>\ud83d\udd39 Aperitivos (opcional)<\/p>\n<h3 data-section-id=\"1kfbjov\" data-start=\"2936\" data-end=\"2963\"><span role=\"text\"><strong data-start=\"2940\" data-end=\"2963\">\ud83d\udeab No apto para<\/strong><\/span><\/h3>\n<p data-start=\"2965\" data-end=\"3088\">\ud83d\udd39 Mujeres embarazadas<br data-start=\"2982\" data-end=\"2985\" \/>\ud83d\udd39 Invitados bajo los efectos del alcohol<br data-start=\"3025\" data-end=\"3028\" \/>\ud83d\udd39 Hu\u00e9spedes con afecciones m\u00e9dicas graves que afecten al buceo.<\/p>\n<h3 data-section-id=\"7egtho\" data-start=\"3260\" data-end=\"3288\"><strong data-start=\"3264\" data-end=\"3288\">\ud83d\udcb8 Precios y reservas<\/strong><\/h3>\n<p data-start=\"3289\" data-end=\"3426\">\ud83d\udd39 Reserva ahora, paga el d\u00eda del tour.<br data-start=\"3314\" data-end=\"3317\" \/>\ud83d\udd39 Cancelaci\u00f3n gratuita hasta 24 horas antes del viaje<br data-start=\"3368\" data-end=\"3371\" \/><img decoding=\"async\" class=\"emoji\" role=\"img\" draggable=\"false\" src=\"https:\/\/s.w.org\/images\/core\/emoji\/17.0.2\/svg\/1f539.svg\" alt=\"\ud83d\udd39\" \/>\u00a0Ponte en contacto con nosotros a trav\u00e9s de WhatsApp, Telegram, Viber o rellena el formulario de reserva que encontrar\u00e1s a continuaci\u00f3n.\u00a0<img decoding=\"async\" class=\"emoji\" role=\"img\" draggable=\"false\" src=\"https:\/\/s.w.org\/images\/core\/emoji\/17.0.2\/svg\/1f447-1f3fd.svg\" alt=\"\ud83d\udc47\ud83c\udffd\" \/><\/p>","protected":false},"excerpt":{"rendered":"<div class=\"flex flex-col text-sm\">\n<section class=\"text-token-text-primary w-full focus:outline-none [--shadow-height:45px] has-data-writing-block:pointer-events-none has-data-writing-block:-mt-(--shadow-height) has-data-writing-block:pt-(--shadow-height) [&amp;:has([data-writing-block])&gt;*]:pointer-events-auto scroll-mt-[calc(var(--header-height)+min(200px,max(70px,20svh)))]\" dir=\"auto\" data-turn-id=\"request-69590739-b37c-832d-a564-b6a9176a13ab-8\" data-testid=\"conversation-turn-166\" data-scroll-anchor=\"true\" data-turn=\"assistant\">\n<div class=\"text-base my-auto mx-auto pb-10 [--thread-content-margin:var(--thread-content-margin-xs,calc(var(--spacing)*4))] @w-sm\/main:[--thread-content-margin:var(--thread-content-margin-sm,calc(var(--spacing)*6))] @w-lg\/main:[--thread-content-margin:var(--thread-content-margin-lg,calc(var(--spacing)*16))] px-(--thread-content-margin)\">\n<div class=\"[--thread-content-max-width:40rem] @w-lg\/main:[--thread-content-max-width:48rem] mx-auto max-w-(--thread-content-max-width) flex-1 group\/turn-messages focus-visible:outline-hidden relative flex w-full min-w-0 flex-col agent-turn\">\n<div class=\"flex max-w-full flex-col gap-4 grow\">\n<div class=\"min-h-8 text-message relative flex w-full flex-col items-end gap-2 text-start break-words whitespace-normal outline-none keyboard-focused:focus-ring [.text-message+&amp;]:mt-1\" dir=\"auto\" tabindex=\"0\" data-message-author-role=\"assistant\" data-message-id=\"55a843e8-7f2f-4623-ab1b-c46ea4766cc7\" data-message-model-slug=\"gpt-5-mini\" data-turn-start-message=\"true\">\n<div class=\"flex w-full flex-col gap-1 empty:hidden\">\n<div class=\"markdown prose dark:prose-invert w-full wrap-break-word light markdown-new-styling\">\n<p data-start=\"0\" data-end=\"164\" data-is-last-node=\"\" data-is-only-node=\"\">Budva scuba diving experience around St. Nikola Island. Join a safe, guided dive in crystal-clear Adriatic waters with expert PADI instructors, ideal for beginners.<\/p>\n<\/div>\n<\/div>\n<\/div>\n<\/div>\n<div class=\"z-0 flex min-h-[46px] justify-start\"><\/div>\n<div class=\"mt-3 w-full empty:hidden\">\n<div class=\"text-center\"><\/div>\n<\/div>\n<\/div>\n<\/div>\n<\/section>\n<\/div>\n<div class=\"pointer-events-none h-px w-px absolute bottom-0\" aria-hidden=\"true\" data-edge=\"true\"><\/div>\n","protected":false},"featured_media":16680,"comment_status":"open","ping_status":"closed","template":"","meta":[],"product_brand":[],"product_cat":[132],"product_tag":[123],"class_list":{"0":"post-16679","1":"product","2":"type-product","3":"status-publish","4":"has-post-thumbnail","6":"tour_phys-budva-tours","7":"product_cat-budva-tours","8":"product_tag-budva","9":"pa_montenegro-budva-tours","11":"first","12":"instock","13":"sale","14":"shipping-taxable","15":"purchasable","16":"product-type-tour_phys"},"aioseo_notices":[],"_links":{"self":[{"href":"https:\/\/excursionsworld.com\/es\/wp-json\/wp\/v2\/product\/16679","targetHints":{"allow":["GET"]}}],"collection":[{"href":"https:\/\/excursionsworld.com\/es\/wp-json\/wp\/v2\/product"}],"about":[{"href":"https:\/\/excursionsworld.com\/es\/wp-json\/wp\/v2\/types\/product"}],"replies":[{"embeddable":true,"href":"https:\/\/excursionsworld.com\/es\/wp-json\/wp\/v2\/comments?post=16679"}],"wp:featuredmedia":[{"embeddable":true,"href":"https:\/\/excursionsworld.com\/es\/wp-json\/wp\/v2\/media\/16680"}],"wp:attachment":[{"href":"https:\/\/excursionsworld.com\/es\/wp-json\/wp\/v2\/media?parent=16679"}],"wp:term":[{"taxonomy":"product_brand","embeddable":true,"href":"https:\/\/excursionsworld.com\/es\/wp-json\/wp\/v2\/product_brand?post=16679"},{"taxonomy":"product_cat","embeddable":true,"href":"https:\/\/excursionsworld.com\/es\/wp-json\/wp\/v2\/product_cat?post=16679"},{"taxonomy":"product_tag","embeddable":true,"href":"https:\/\/excursionsworld.com\/es\/wp-json\/wp\/v2\/product_tag?post=16679"}],"curies":[{"name":"wp","href":"https:\/\/api.w.org\/{rel}","templated":true}]}}