{"id":16690,"date":"2026-03-22T18:07:29","date_gmt":"2026-03-22T15:07:29","guid":{"rendered":"https:\/\/excursionsworld.com\/?post_type=product&#038;p=16690\/"},"modified":"2026-03-22T19:16:39","modified_gmt":"2026-03-22T16:16:39","slug":"rafting-rio-tara-kotor","status":"publish","type":"product","link":"https:\/\/excursionsworld.com\/tours\/tara-river-rafting-kotor\/","title":{"rendered":"Rafting en el R\u00edo Tara desde Kotor, Montenegro"},"content":{"rendered":"<h3 data-section-id=\"2p8n8v\" data-start=\"189\" data-end=\"209\"><span role=\"text\"><strong data-start=\"193\" data-end=\"209\">\ud83c\udfd9\ufe0f Visi\u00f3n general<\/strong><\/span><\/h3>\n<p data-start=\"211\" data-end=\"575\">Viva una inolvidable aventura de rafting en el legendario <span class=\"hover:entity-accent entity-underline inline cursor-pointer align-baseline\"><span class=\"whitespace-normal\">Ca\u00f1\u00f3n del r\u00edo Tara<\/span><\/span>, el ca\u00f1\u00f3n m\u00e1s profundo de Europa. Salida desde <span class=\"hover:entity-accent entity-underline inline cursor-pointer align-baseline\"><span class=\"whitespace-normal\">Kotor<\/span><\/span>, esta excursi\u00f3n de un d\u00eda completo combina adrenalina, paisajes impresionantes y aut\u00e9ntica hospitalidad montenegrina en uno de los entornos naturales m\u00e1s sobrecogedores de los Balcanes.<\/p>\n<h3 data-section-id=\"ydfjyc\" data-start=\"577\" data-end=\"594\"><span role=\"text\"><strong data-start=\"581\" data-end=\"594\">Incluido:<\/strong><\/span><\/h3>\n<p data-start=\"596\" data-end=\"864\"><span style=\"color: #00ff00;\"><strong>\u2713<\/strong><\/span> Traslado de ida y vuelta desde Kotor<br data-start=\"628\" data-end=\"631\" \/><span style=\"color: #00ff00;\"><strong>\u2713 <\/strong><\/span>Patrones de rafting profesionales con licencia<br data-start=\"671\" data-end=\"674\" \/><span style=\"color: #00ff00;\"><strong>\u2713 <\/strong><\/span>Gu\u00eda de habla inglesa<br data-start=\"703\" data-end=\"706\" \/><span style=\"color: #00ff00;\"><strong>\u2713 <\/strong><\/span>Equipo completo de rafting (casco, traje de neopreno, calzado, chaleco salvavidas)<br data-start=\"768\" data-end=\"771\" \/><span style=\"color: #00ff00;\"><strong>\u2713 <\/strong><\/span>Desayuno y almuerzo a orillas del r\u00edo<br data-start=\"802\" data-end=\"805\" \/><span style=\"color: #00ff00;\"><strong>\u2713 <\/strong><\/span>Entradas a los parques nacionales<br data-start=\"834\" data-end=\"837\" \/><span style=\"color: #00ff00;\"><strong>\u2713 <\/strong><\/span>Seguro a todo riesgo<\/p>\n<h3 data-section-id=\"1f64jv5\" data-start=\"866\" data-end=\"887\"><span role=\"text\"><strong data-start=\"870\" data-end=\"887\">No se incluye:<\/strong><\/span><\/h3>\n<p data-start=\"889\" data-end=\"934\"><span style=\"color: #ff0000;\"><strong>\u2717<\/strong> <\/span>Gastos personales<br data-start=\"908\" data-end=\"911\" \/><span style=\"color: #ff0000;\"><strong>\u2717<\/strong> <\/span>Bebidas durante las comidas<\/p>\n<h3 data-section-id=\"gnzuxm\" data-start=\"936\" data-end=\"962\"><span role=\"text\"><strong data-start=\"940\" data-end=\"962\">\ud83c\udf1f Lo m\u00e1s destacado del viaje<\/strong><\/span><\/h3>\n<p data-start=\"964\" data-end=\"1239\">\ud83d\udd39 Rafting por el espectacular <span class=\"hover:entity-accent entity-underline inline cursor-pointer align-baseline\"><span class=\"whitespace-normal\">Ca\u00f1\u00f3n del r\u00edo Tara<\/span><\/span><br data-start=\"1033\" data-end=\"1036\" \/>\ud83d\udd39 Vive emocionantes r\u00e1pidos en aguas bravas<br data-start=\"1077\" data-end=\"1080\" \/>\ud83d\udd39 Descubre la naturaleza y la fauna protegidas por la UNESCO<br data-start=\"1128\" data-end=\"1131\" \/>\ud83d\udd39 Disfruta del desayuno y el almuerzo tradicionales montenegrinos<br data-start=\"1181\" data-end=\"1184\" \/>\ud83d\udd39 Paradas para nadar y oportunidades para hacer fotos a lo largo del r\u00edo<\/p>\n<h3 data-section-id=\"1jizkbc\" data-start=\"1241\" data-end=\"1268\"><span role=\"text\"><strong data-start=\"1245\" data-end=\"1268\">\ud83d\udcd6 Descripci\u00f3n completa<\/strong><\/span><\/h3>\n<p data-start=\"1270\" data-end=\"1526\">El d\u00eda comienza con una salida temprano de Kotor, seguida de un pintoresco viaje por los paisajes monta\u00f1osos de Montenegro. Al llegar a \u0160\u0107epan Polje, disfrutar\u00e1s de un desayuno tradicional junto al r\u00edo antes de prepararte para tu aventura de rafting.<\/p>\n<p data-start=\"1528\" data-end=\"1768\">Despu\u00e9s de prepararse, le trasladaremos a Br\u0161tanovica, el punto de partida de su ruta de rafting. Con patrones experimentados y con licencia que le guiar\u00e1n, navegar\u00e1 por emocionantes r\u00e1pidos, tramos tranquilos para nadar y parajes naturales escondidos.<\/p>\n<p data-start=\"1770\" data-end=\"1947\">Despu\u00e9s de unas tres horas en el agua, regresar\u00e1 a la base, donde le espera un delicioso almuerzo a orillas del r\u00edo. Tras la comida, rel\u00e1jate en el pintoresco viaje de vuelta a Kotor.<\/p>\n<h3 data-section-id=\"1e4kph\" data-start=\"1949\" data-end=\"1975\"><span role=\"text\"><strong data-start=\"1953\" data-end=\"1975\">\ud83d\uddfa\ufe0f Itinerario<\/strong><\/span><\/h3>\n<p data-start=\"1977\" data-end=\"2207\">\ud83d\udd39 07:00 - Recogida en Kotor y salida<br data-start=\"2017\" data-end=\"2020\" \/>\ud83d\udd39 Viaje panor\u00e1mico por Montenegro<br data-start=\"2054\" data-end=\"2057\" \/>\ud83d\udd39 Llegada a \u0160\u0107epan Polje y desayuno.<br data-start=\"2095\" data-end=\"2098\" \/>\ud83d\udd39 Traslado al punto de inicio del rafting.<br data-start=\"2132\" data-end=\"2135\" \/>\ud83d\udd39 Experiencia de rafting de 3 horas<br data-start=\"2163\" data-end=\"2166\" \/>\ud83d\udd39 Almuerzo en Riverside<br data-start=\"2184\" data-end=\"2187\" \/>\ud83d\udd39 Volver a Kotor<\/p>\n<h3 data-section-id=\"1fgl4g2\" data-start=\"2209\" data-end=\"2251\"><span role=\"text\"><strong data-start=\"2213\" data-end=\"2251\">\u2139\ufe0f Importante saberlo antes de partir<\/strong><\/span><\/h3>\n<p data-start=\"2253\" data-end=\"2447\">\ud83d\udd39 Duraci\u00f3n: Aproximadamente 12 horas<br data-start=\"2288\" data-end=\"2291\" \/>\ud83d\udd39 Pasaporte o documento de identidad obligatorio.<br data-start=\"2321\" data-end=\"2324\" \/>\ud83d\udd39 Adecuado para los amantes de la aventura<br data-start=\"2356\" data-end=\"2359\" \/>\ud83d\udd39 El tour opera dependiendo de las condiciones meteorol\u00f3gicas<br data-start=\"2407\" data-end=\"2410\" \/>\ud83d\udd39 Cancelaci\u00f3n gratuita hasta 24 horas<\/p>\n<h3 data-section-id=\"zapgrt\" data-start=\"2449\" data-end=\"2473\"><span role=\"text\"><strong data-start=\"2453\" data-end=\"2473\">Qu\u00e9 llevar<\/strong><\/span><\/h3>\n<p data-start=\"2475\" data-end=\"2571\">\ud83d\udd39 Ba\u00f1ador y toalla<br data-start=\"2496\" data-end=\"2499\" \/>\ud83d\udd39 Cambio de ropa<br data-start=\"2519\" data-end=\"2522\" \/>\ud83d\udd39 Protector solar y gafas de sol.<br data-start=\"2549\" data-end=\"2552\" \/>\ud83d\udd39 Pasaporte o documento de identidad<\/p>\n<h3 data-section-id=\"1kfbjov\" data-start=\"2573\" data-end=\"2600\"><span role=\"text\"><strong data-start=\"2577\" data-end=\"2600\">\ud83d\udeab No apto para<\/strong><\/span><\/h3>\n<p data-start=\"2602\" data-end=\"2683\">\ud83d\udd39 Hu\u00e9spedes con afecciones m\u00e9dicas graves.<br data-start=\"2643\" data-end=\"2646\" \/>\ud83d\udd39 Hu\u00e9spedes con problemas de movilidad<\/p>\n<h3 data-start=\"3506\" data-end=\"3534\">\ud83d\udcb8 <strong data-start=\"3513\" data-end=\"3534\">Precios y reservas<\/strong><\/h3>\n<p data-start=\"3535\" data-end=\"3674\">\ud83d\udd39 Reserva ahora, paga el d\u00eda\u00a0<br data-start=\"3560\" data-end=\"3563\" \/>\ud83d\udd39 Cancelaci\u00f3n gratuita hasta 24 horas antes del viaje<br data-start=\"3614\" data-end=\"3617\" \/>\ud83d\udd39 Reserva f\u00e1cilmente a trav\u00e9s de WhatsApp o del formulario de reserva en l\u00ednea \ud83d\udc47\ud83c\udffd<\/p>","protected":false},"excerpt":{"rendered":"<p>\u00danase a la aventura definitiva de rafting por las aguas bravas del r\u00edo Tara desde Kotor. Conquiste el ca\u00f1\u00f3n m\u00e1s profundo de Europa, disfrute de un almuerzo a orillas del r\u00edo y viva la mejor experiencia de Montenegro.<\/p>","protected":false},"featured_media":16691,"comment_status":"open","ping_status":"closed","template":"","meta":[],"product_brand":[],"product_cat":[133],"product_tag":[131],"class_list":{"0":"post-16690","1":"product","2":"type-product","3":"status-publish","4":"has-post-thumbnail","6":"tour_phys-kotor-tours","7":"product_cat-kotor-tours","8":"product_tag-kotor","9":"pa_montenegro-kotor-tours","11":"first","12":"instock","13":"sale","14":"shipping-taxable","15":"purchasable","16":"product-type-tour_phys"},"aioseo_notices":[],"_links":{"self":[{"href":"https:\/\/excursionsworld.com\/es\/wp-json\/wp\/v2\/product\/16690","targetHints":{"allow":["GET"]}}],"collection":[{"href":"https:\/\/excursionsworld.com\/es\/wp-json\/wp\/v2\/product"}],"about":[{"href":"https:\/\/excursionsworld.com\/es\/wp-json\/wp\/v2\/types\/product"}],"replies":[{"embeddable":true,"href":"https:\/\/excursionsworld.com\/es\/wp-json\/wp\/v2\/comments?post=16690"}],"wp:featuredmedia":[{"embeddable":true,"href":"https:\/\/excursionsworld.com\/es\/wp-json\/wp\/v2\/media\/16691"}],"wp:attachment":[{"href":"https:\/\/excursionsworld.com\/es\/wp-json\/wp\/v2\/media?parent=16690"}],"wp:term":[{"taxonomy":"product_brand","embeddable":true,"href":"https:\/\/excursionsworld.com\/es\/wp-json\/wp\/v2\/product_brand?post=16690"},{"taxonomy":"product_cat","embeddable":true,"href":"https:\/\/excursionsworld.com\/es\/wp-json\/wp\/v2\/product_cat?post=16690"},{"taxonomy":"product_tag","embeddable":true,"href":"https:\/\/excursionsworld.com\/es\/wp-json\/wp\/v2\/product_tag?post=16690"}],"curies":[{"name":"wp","href":"https:\/\/api.w.org\/{rel}","templated":true}]}}