{"id":16700,"date":"2026-03-22T19:16:56","date_gmt":"2026-03-22T16:16:56","guid":{"rendered":"https:\/\/excursionsworld.com\/?post_type=product&#038;p=16700\/"},"modified":"2026-04-24T01:27:24","modified_gmt":"2026-04-23T22:27:24","slug":"rafting-rio-tara-budva","status":"publish","type":"product","link":"https:\/\/excursionsworld.com\/tours\/tara-river-rafting-budva\/","title":{"rendered":"Rafting en el R\u00edo Tara desde Budva, Montenegro"},"content":{"rendered":"<h2 data-section-id=\"2p8n8v\"><span role=\"text\"><strong>\ud83c\udfd9\ufe0f Visi\u00f3n general<\/strong><\/span><\/h2>\n<p>\u00danase a una \u00e9pica aventura de rafting desde <span class=\"hover:entity-accent entity-underline inline cursor-pointer align-baseline\"><span class=\"whitespace-normal\"><a href=\"https:\/\/en.wikipedia.org\/wiki\/Budva\" target=\"_blank\" rel=\"noopener\">Budva<\/a><\/span><\/span> o <span class=\"hover:entity-accent entity-underline inline cursor-pointer align-baseline\"><span class=\"whitespace-normal\">Tivat<\/span><\/span> a la impresionante <span class=\"hover:entity-accent entity-underline inline cursor-pointer align-baseline\"><span class=\"whitespace-normal\">Ca\u00f1\u00f3n del r\u00edo Tara<\/span><\/span>. Esta experiencia de un d\u00eda completo combina emocionantes r\u00e1pidos con impresionantes vistas del ca\u00f1\u00f3n y aut\u00e9ntica cocina local.<\/p>\n<h3 data-section-id=\"ydfjyc\"><span role=\"text\"><strong>Incluido:<\/strong><\/span><\/h3>\n<p><span style=\"color: #00ff00;\"><strong>\u2713<\/strong><\/span> Traslado de ida y vuelta desde Budva y Tivat<br \/>\n<span style=\"color: #00ff00;\"><strong>\u2713 <\/strong><\/span>Patrones de rafting profesionales con licencia<br \/>\n<span style=\"color: #00ff00;\"><strong>\u2713 <\/strong><\/span>Gu\u00eda de habla inglesa<br \/>\n<span style=\"color: #00ff00;\"><strong>\u2713 <\/strong><\/span>Equipo completo de rafting (casco, traje de neopreno, calzado, chaleco salvavidas)<br \/>\n<span style=\"color: #00ff00;\"><strong>\u2713 <\/strong><\/span>Desayuno y almuerzo a orillas del r\u00edo<br \/>\n<span style=\"color: #00ff00;\"><strong>\u2713 <\/strong><\/span>Entradas a los parques nacionales<br \/>\n<span style=\"color: #00ff00;\"><strong>\u2713 <\/strong><\/span>Seguro a todo riesgo<\/p>\n<h3 data-section-id=\"1f64jv5\"><span role=\"text\"><strong>No se incluye:<\/strong><\/span><\/h3>\n<p><span style=\"color: #ff0000;\"><strong>\u2717<\/strong> <\/span>Gastos personales<br \/>\n<span style=\"color: #ff0000;\"><strong>\u2717<\/strong> <\/span>Bebidas durante las comidas<\/p>\n<h2 data-section-id=\"gnzuxm\"><span role=\"text\"><strong>\ud83c\udf1f Lo m\u00e1s destacado del viaje<\/strong><\/span><\/h2>\n<p>\ud83d\udd39 Rafting en el ca\u00f1\u00f3n m\u00e1s profundo de Europa<br \/>\n\ud83d\udd39 Emocionantes r\u00e1pidos y paisajes pintorescos<br \/>\n\ud83d\udd39 Aut\u00e9nticas comidas montenegrinas<br \/>\n\ud83d\udd39 Paradas para nadar y hacer fotos<br \/>\n\ud83d\udd39 Experiencia en grupos reducidos<\/p>\n<h2 data-section-id=\"1jizkbc\"><span role=\"text\"><strong>\ud83d\udcd6 Descripci\u00f3n completa<\/strong><\/span><\/h2>\n<p>Tras la recogida en Budva o Tivat, disfrute de un pintoresco viaje a trav\u00e9s de las monta\u00f1as de Montenegro hacia la regi\u00f3n del r\u00edo Tara. A su llegada, un desayuno tradicional le preparar\u00e1 para la aventura que le espera.<\/p>\n<p>Su viaje en balsa comienza en Br\u0161tanovica, donde expertos patrones le guiar\u00e1n a trav\u00e9s de emocionantes r\u00e1pidos y tranquilos tramos de r\u00edo. Por el camino, disfrute de paradas para nadar y tomar fotograf\u00edas.<\/p>\n<p>Tras la sesi\u00f3n de rafting, regrese a la base para disfrutar de un relajante almuerzo antes de regresar a Budva o Tivat.<\/p>\n<h3 data-section-id=\"1e4kph\"><span role=\"text\"><strong>\ud83d\uddfa\ufe0f Itinerario<\/strong><\/span><\/h3>\n<p>\ud83d\udd39 Recogida por la ma\u00f1ana temprano (Budva \/ Tivat)<br \/>\n\ud83d\udd39 Viaje panor\u00e1mico a \u0160\u0107epan Polje<br \/>\nDesayuno<br \/>\n\ud83d\udd39 Traslado al inicio del rafting<br \/>\n\ud83d\udd39 Rafting de 3 horas<br \/>\n\ud83d\udd39 Comida<br \/>\n\ud83d\udd39 Transferencia de vuelta<\/p>\n<h3 data-section-id=\"1fgl4g2\"><span role=\"text\"><strong>\u2139\ufe0f Importante saberlo antes de partir<\/strong><\/span><\/h3>\n<p>\ud83d\udd39 Excursi\u00f3n de d\u00eda completo (~12 horas)<br \/>\nSe requiere pasaporte<br \/>\n\ud83d\udd39 Actividad dependiente de las condiciones meteorol\u00f3gicas<br \/>\n\ud83d\udd39 Cancelaci\u00f3n gratuita<\/p>\n<h2 data-section-id=\"zapgrt\"><span role=\"text\"><strong>Qu\u00e9 llevar<\/strong><\/span><\/h2>\n<p>Ba\u00f1adores \ud83d\udd39<br \/>\n\ud83d\udd39 Toalla<br \/>\n\ud83d\udd39 Ropa de recambio<br \/>\n\ud83d\udd39 Protector solar<\/p>\n<h3 data-section-id=\"1kfbjov\"><span role=\"text\"><strong>\ud83d\udeab No apto para<\/strong><\/span><\/h3>\n<p>\ud83d\udd39 Hu\u00e9spedes con problemas de salud<br \/>\n\ud83d\udd39 Hu\u00e9spedes con problemas de movilidad<\/p>\n<h2>\ud83d\udcb8 <strong>Precios y reservas<\/strong><\/h2>\n<p>\ud83d\udd39 Reserva ahora, paga el d\u00eda<br \/>\n\ud83d\udd39 Cancelaci\u00f3n gratuita hasta 24 horas antes del viaje<br \/>\n\ud83d\udd39 Reserva f\u00e1cilmente a trav\u00e9s de WhatsApp o del formulario de reserva en l\u00ednea \ud83d\udc47\ud83c\udffd<\/p>\n<p>\u00bfBuscas alternativas? Explora <a href=\"https:\/\/excursionsworld.com\/es\/excursiones-budva\/\">M\u00e1s tours en Budva<\/a>.<\/p>","protected":false},"excerpt":{"rendered":"<p>\u00danase a la aventura de rafting por el r\u00edo Tara desde Budva y Tivat. Conquiste el ca\u00f1\u00f3n m\u00e1s profundo de Europa, disfrute de un almuerzo junto al r\u00edo y viva la m\u00e1xima emoci\u00f3n de Montenegro.<\/p>","protected":false},"featured_media":16691,"comment_status":"open","ping_status":"closed","template":"","meta":[],"product_brand":[],"product_cat":[132],"product_tag":[123],"class_list":{"0":"post-16700","1":"product","2":"type-product","3":"status-publish","4":"has-post-thumbnail","6":"tour_phys-budva-tours","7":"product_cat-budva-tours","8":"product_tag-budva","9":"pa_montenegro-budva-tours","11":"first","12":"instock","13":"sale","14":"shipping-taxable","15":"purchasable","16":"product-type-tour_phys"},"aioseo_notices":[],"_links":{"self":[{"href":"https:\/\/excursionsworld.com\/es\/wp-json\/wp\/v2\/product\/16700","targetHints":{"allow":["GET"]}}],"collection":[{"href":"https:\/\/excursionsworld.com\/es\/wp-json\/wp\/v2\/product"}],"about":[{"href":"https:\/\/excursionsworld.com\/es\/wp-json\/wp\/v2\/types\/product"}],"replies":[{"embeddable":true,"href":"https:\/\/excursionsworld.com\/es\/wp-json\/wp\/v2\/comments?post=16700"}],"wp:featuredmedia":[{"embeddable":true,"href":"https:\/\/excursionsworld.com\/es\/wp-json\/wp\/v2\/media\/16691"}],"wp:attachment":[{"href":"https:\/\/excursionsworld.com\/es\/wp-json\/wp\/v2\/media?parent=16700"}],"wp:term":[{"taxonomy":"product_brand","embeddable":true,"href":"https:\/\/excursionsworld.com\/es\/wp-json\/wp\/v2\/product_brand?post=16700"},{"taxonomy":"product_cat","embeddable":true,"href":"https:\/\/excursionsworld.com\/es\/wp-json\/wp\/v2\/product_cat?post=16700"},{"taxonomy":"product_tag","embeddable":true,"href":"https:\/\/excursionsworld.com\/es\/wp-json\/wp\/v2\/product_tag?post=16700"}],"curies":[{"name":"wp","href":"https:\/\/api.w.org\/{rel}","templated":true}]}}