{"id":16701,"date":"2026-03-22T19:40:51","date_gmt":"2026-03-22T16:40:51","guid":{"rendered":"https:\/\/excursionsworld.com\/?post_type=product&#038;p=16701\/"},"modified":"2026-04-24T01:27:24","modified_gmt":"2026-04-23T22:27:24","slug":"rafting-rio-tara-herceg-novi","status":"publish","type":"product","link":"https:\/\/excursionsworld.com\/tours\/tara-river-rafting-herceg-novi\/","title":{"rendered":"Rafting en el R\u00edo Tara desde Herceg Novi, Montenegro"},"content":{"rendered":"<h2 data-section-id=\"2p8n8v\"><span role=\"text\"><strong>\ud83c\udfd9\ufe0f Visi\u00f3n general<\/strong><\/span><\/h2>\n<p>Saliendo de <span class=\"hover:entity-accent entity-underline inline cursor-pointer align-baseline\"><span class=\"whitespace-normal\"><a href=\"https:\/\/en.wikipedia.org\/wiki\/Herceg_Novi\" target=\"_blank\" rel=\"noopener\">Herceg Novi<\/a><\/span><\/span>, esta excursi\u00f3n de rafting de un d\u00eda completo le llevar\u00e1 al impresionante <span class=\"hover:entity-accent entity-underline inline cursor-pointer align-baseline\"><span class=\"whitespace-normal\">Ca\u00f1\u00f3n del r\u00edo Tara<\/span><\/span>. Experimente la adrenalina, la naturaleza y uno de los paisajes fluviales m\u00e1s espectaculares de Europa.<\/p>\n<h3 data-section-id=\"ydfjyc\"><span role=\"text\"><strong>Incluido:<\/strong><\/span><\/h3>\n<p><span style=\"color: #00ff00;\"><strong>\u2713<\/strong><\/span> Traslado de ida y vuelta desde Herceg Novi<br \/>\n<span style=\"color: #00ff00;\"><strong>\u2713 <\/strong><\/span>Patrones de rafting profesionales con licencia<br \/>\n<span style=\"color: #00ff00;\"><strong>\u2713 <\/strong><\/span>Gu\u00eda de habla inglesa<br \/>\n<span style=\"color: #00ff00;\"><strong>\u2713 <\/strong><\/span>Equipo completo de rafting (casco, traje de neopreno, calzado, chaleco salvavidas)<br \/>\n<span style=\"color: #00ff00;\"><strong>\u2713 <\/strong><\/span>Desayuno y almuerzo a orillas del r\u00edo<br \/>\n<span style=\"color: #00ff00;\"><strong>\u2713 <\/strong><\/span>Entradas a los parques nacionales<br \/>\n<span style=\"color: #00ff00;\"><strong>\u2713 <\/strong><\/span>Seguro a todo riesgo<\/p>\n<h3 data-section-id=\"1f64jv5\"><span role=\"text\"><strong>No se incluye:<\/strong><\/span><\/h3>\n<p><span style=\"color: #ff0000;\"><strong>\u2717<\/strong> <\/span>Gastos personales<br \/>\n<span style=\"color: #ff0000;\"><strong>\u2717<\/strong> <\/span>Bebidas durante las comidas<\/p>\n<h2 data-section-id=\"gnzuxm\"><span role=\"text\"><strong>\ud83c\udf1f Lo m\u00e1s destacado del viaje<\/strong><\/span><\/h2>\n<p>\ud83d\udd39 Explora el ca\u00f1\u00f3n del r\u00edo Tara<br \/>\n\ud83d\udd39 Emocionante experiencia de rafting en aguas bravas.<br \/>\n\ud83d\udd39 Comidas locales tradicionales<br \/>\n\ud83d\udd39 Pausas para nadar y hacer fotos<br \/>\n\ud83d\udd39 Impresionantes vistas del ca\u00f1\u00f3n.<\/p>\n<h2 data-section-id=\"1jizkbc\"><span role=\"text\"><strong>\ud83d\udcd6 Descripci\u00f3n completa<\/strong><\/span><\/h2>\n<p>Su viaje comienza con una recogida temprana en Herceg Novi y un pintoresco viaje por el interior. Despu\u00e9s de llegar a la base de rafting, disfrute del desayuno antes de prepararse para su aventura.<\/p>\n<p>Con la ayuda de profesionales, navegar\u00e1 en balsa por uno de los ca\u00f1ones m\u00e1s impresionantes de Europa, sorteando r\u00e1pidos emocionantes y tramos tranquilos.<\/p>\n<p>Tras la experiencia de rafting, disfrute de un almuerzo junto al r\u00edo antes de regresar c\u00f3modamente a Herceg Novi.<\/p>\n<h3 data-section-id=\"1e4kph\"><span role=\"text\"><strong>\ud83d\uddfa\ufe0f Itinerario<\/strong><\/span><\/h3>\n<p>\ud83d\udd39 Recogida temprana en Herceg Novi<br \/>\n\ud83d\udd39 Traslado panor\u00e1mico<br \/>\nDesayuno<br \/>\n\ud83d\udd39 Experiencia de rafting<br \/>\n\ud83d\udd39 Comida<br \/>\n\ud83d\udd39 Viaje de ida y vuelta<\/p>\n<h3 data-section-id=\"1fgl4g2\"><span role=\"text\"><strong>\u2139\ufe0f Importante saberlo antes de partir<\/strong><\/span><\/h3>\n<p>\ud83d\udd39 Duraci\u00f3n: 12 horas<br \/>\nSe requiere pasaporte<br \/>\n\ud83d\udd39 Depende del tiempo<br \/>\n\ud83d\udd39 Cancelaci\u00f3n gratuita disponible<\/p>\n<h2 data-section-id=\"zapgrt\"><span role=\"text\"><strong>Qu\u00e9 llevar<\/strong><\/span><\/h2>\n<p>Ba\u00f1adores \ud83d\udd39<br \/>\n\ud83d\udd39 Toalla<br \/>\n\ud83d\udd39 Cambio de ropa<br \/>\n\ud83d\udd39 Protector solar<\/p>\n<h3 data-section-id=\"1kfbjov\"><span role=\"text\"><strong>\ud83d\udeab No apto para<\/strong><\/span><\/h3>\n<p>\ud83d\udd39 Hu\u00e9spedes con problemas de salud graves<br \/>\n\ud83d\udd39 Hu\u00e9spedes con limitaciones de movilidad<\/p>\n<h2>\ud83d\udcb8 <strong>Precios y reservas<\/strong><\/h2>\n<p>\ud83d\udd39 Reserva ahora, paga el d\u00eda<br \/>\n\ud83d\udd39 Cancelaci\u00f3n gratuita hasta 24 horas antes del viaje<br \/>\n\ud83d\udd39 Reserva f\u00e1cilmente a trav\u00e9s de WhatsApp o del formulario de reserva en l\u00ednea \ud83d\udc47\ud83c\udffd<\/p>\n<p>\u00bfBuscas alternativas? Explora <a href=\"https:\/\/excursionsworld.com\/es\/excursiones-herceg-novi\/\">M\u00e1s tours en Herceg Novi<\/a>.<\/p>","protected":false},"excerpt":{"rendered":"<p>\u00danase a la aventura de rafting por el r\u00edo Tara desde Herceg Novi. Conquiste el ca\u00f1\u00f3n m\u00e1s profundo de Europa, disfrute de un almuerzo a orillas del r\u00edo y viva la m\u00e1xima emoci\u00f3n de Montenegro.<\/p>","protected":false},"featured_media":16691,"comment_status":"open","ping_status":"closed","template":"","meta":[],"product_brand":[],"product_cat":[134],"product_tag":[135],"class_list":{"0":"post-16701","1":"product","2":"type-product","3":"status-publish","4":"has-post-thumbnail","6":"tour_phys-herceg-novi-tours","7":"product_cat-herceg-novi-tours","8":"product_tag-herceg-novi","9":"pa_montenegro-kotor-tours","11":"first","12":"instock","13":"sale","14":"shipping-taxable","15":"purchasable","16":"product-type-tour_phys"},"aioseo_notices":[],"_links":{"self":[{"href":"https:\/\/excursionsworld.com\/es\/wp-json\/wp\/v2\/product\/16701","targetHints":{"allow":["GET"]}}],"collection":[{"href":"https:\/\/excursionsworld.com\/es\/wp-json\/wp\/v2\/product"}],"about":[{"href":"https:\/\/excursionsworld.com\/es\/wp-json\/wp\/v2\/types\/product"}],"replies":[{"embeddable":true,"href":"https:\/\/excursionsworld.com\/es\/wp-json\/wp\/v2\/comments?post=16701"}],"wp:featuredmedia":[{"embeddable":true,"href":"https:\/\/excursionsworld.com\/es\/wp-json\/wp\/v2\/media\/16691"}],"wp:attachment":[{"href":"https:\/\/excursionsworld.com\/es\/wp-json\/wp\/v2\/media?parent=16701"}],"wp:term":[{"taxonomy":"product_brand","embeddable":true,"href":"https:\/\/excursionsworld.com\/es\/wp-json\/wp\/v2\/product_brand?post=16701"},{"taxonomy":"product_cat","embeddable":true,"href":"https:\/\/excursionsworld.com\/es\/wp-json\/wp\/v2\/product_cat?post=16701"},{"taxonomy":"product_tag","embeddable":true,"href":"https:\/\/excursionsworld.com\/es\/wp-json\/wp\/v2\/product_tag?post=16701"}],"curies":[{"name":"wp","href":"https:\/\/api.w.org\/{rel}","templated":true}]}}