{"id":16712,"date":"2026-04-04T15:31:23","date_gmt":"2026-04-04T12:31:23","guid":{"rendered":"https:\/\/excursionsworld.com\/?post_type=product&#038;p=16712\/"},"modified":"2026-04-24T01:27:25","modified_gmt":"2026-04-23T22:27:25","slug":"alquiler-yate-privado-side-lujo","status":"publish","type":"product","link":"https:\/\/excursionsworld.com\/tours\/side-private-yacht-charter\/","title":{"rendered":"Alquiler de Yate Privado en Side: Motor Yate de Lujo"},"content":{"rendered":"<h2 data-section-id=\"1elwh7z\">\ud83c\udfd9\ufe0f Visi\u00f3n general<\/h2>\n<div>Navega en el elegante <strong>Luz de Luna \u2013 Fairline Squadron 55<\/strong>, un yate de motor privado de primera clase que ofrece una experiencia de crucero refinada a lo largo de la <a href=\"https:\/\/en.wikipedia.org\/wiki\/Side,_Turkey\" target=\"_blank\" rel=\"noopener\">Lado<\/a> costa y r\u00edo Manavgat.<\/div>\n<div>Perfecto para parejas, familias y grupos privados peque\u00f1os, este yate de lujo combina un dise\u00f1o espacioso, comodidad y servicio de alta gama. Disfrute de aguas cristalinas, vistas panor\u00e1micas de la costa y privacidad total con traslados convenientes de puerta a puerta.<\/div>\n<h3><strong>Incluido:<\/strong><\/h3>\n<p><strong><span style=\"color: #00ff00;\">\u2713<\/span> <\/strong>Alquiler de yates privados (hasta 12 invitados)<br \/>\n<strong><span style=\"color: #00ff00;\">\u2713<\/span> <\/strong>Traslado de ida y vuelta al hotel<br \/>\n<strong><span style=\"color: #00ff00;\">\u2713<\/span> <\/strong>Capit\u00e1n y tripulaci\u00f3n profesionales<br \/>\n<strong><span style=\"color: #00ff00;\">\u2713<\/span> <\/strong>Barbacoa Almuerzo o Cena: Pescado \/ Pollo \/ Alb\u00f3ndigas a la parrilla<br \/>\n<strong><span style=\"color: #00ff00;\">\u2713<\/span> <\/strong>Pasta, arroz y frutas de temporada<br \/>\n<strong><span style=\"color: #00ff00;\">\u2713<\/span> <\/strong>4 tipos de aperitivos y 2 tipos de ensalada<br \/>\n<strong><span style=\"color: #00ff00;\">\u2713<\/span> <\/strong>Refrescos ilimitados<br \/>\n<strong><span style=\"color: #00ff00;\">\u2713<\/span> <\/strong>Wi-Fi gratuito a bordo<br \/>\n<strong><span style=\"color: #00ff00;\">\u2713<\/span> <\/strong>Tabla de SUP, equipo de snorkel y pesca amateur<\/p>\n<h3><strong>Excluidos:<\/strong><\/h3>\n<p><strong><span style=\"color: #ff0000;\">\u2717<\/span> <\/strong>Bebidas alcoh\u00f3licas<br \/>\n<strong><span style=\"color: #ff0000;\">\u2717<\/span> <\/strong>Helados<br \/>\n<strong><span style=\"color: #ff0000;\">\u2717<\/span> <\/strong>Decoraciones personalizadas y tarta de cumplea\u00f1os<\/p>\n<h2 data-section-id=\"1ivzauh\">\u2b50 Tour Highlights de este Ch\u00e1rter Privado en Yate de Lujo<\/h2>\n<p>\ud83d\udd39 Lujoso yate Fairline Squadron 55 (reacondicionado 2025)<br \/>\n\ud83d\udd39 Crucero por la costa de Side y el r\u00edo Manavgat<br \/>\n\ud83d\udd39 Amplio sol\u00e1rium y relajantes zonas lounge<br \/>\n\ud83d\udd39 3 ba\u00f1os para m\u00e1ximo confort a bordo<br \/>\n\ud83d\udd39 Servicios premium: Wi-Fi, sistema de sonido, barbacoa<br \/>\n\ud83d\udd39 Ideal para experiencias VIP y eventos privados<\/p>\n<h2>Descripci\u00f3n del yate<\/h2>\n<p><strong>Luz de luna<\/strong> ofrece una combinaci\u00f3n perfecta de estilo y comodidad. El yate cuenta con 2 camarotes principales y 1 camarote adicional, junto con 3 ba\u00f1os, lo que garantiza una experiencia confortable para todos los hu\u00e9spedes.<\/p>\n<p>Disfruta de la espaciosa cubierta para tomar el sol, la escalera de ba\u00f1o, el colch\u00f3n flotante y un moderno sistema de sonido para una atm\u00f3sfera relajante en el mar. Los hu\u00e9spedes pueden tomar el sol, nadar en aguas cristalinas o disfrutar de actividades a bordo como hacer snorkel.<\/p>\n<h3 data-section-id=\"v1sx1x\">\ud83d\uddfa\ufe0f Itinerario<\/h3>\n<p>\ud83d\udd39 Recogida privada en el hotel<br \/>\n\ud83d\udd39 Salida desde el puerto de Side \/ r\u00edo Manavgat<br \/>\n\ud83d\udd39 Experiencia de crucero costero<br \/>\n\ud83d\udd39 Nataci\u00f3n en mar abierto y bah\u00edas<br \/>\n\ud83d\udd39 Tiempo libre para relajarse a bordo<br \/>\n\ud83d\udd39 Regresar al puerto<br \/>\n\ud83d\udd39 Traslado de vuelta al hotel<\/p>\n<h3 data-section-id=\"7guyre\">\u2139\ufe0f Informaci\u00f3n importante<\/h3>\n<p>\ud83d\udd39 Capacidad: Hasta 12 comensales<br \/>\n\ud83d\udd39 Yate: Fairline Squadron 55 (16.54 m de eslora)<br \/>\n\ud83d\udd39 A\u00f1o de reforma: 2025<br \/>\n\ud83d\udd39 La ruta puede variar seg\u00fan las condiciones del mar<br \/>\n\ud83d\udd39 Servicios y comidas personalizadas disponibles bajo pedido<\/p>\n<h2><strong>Qu\u00e9 llevar<\/strong><\/h2>\n<p>\ud83d\udd39 Ba\u00f1ador y toalla<br \/>\n\ud83d\udd39 Protector solar y gafas de sol.<br \/>\nSombrero \ud83d\udd39<br \/>\n\ud83d\udd39 Bebidas alcoh\u00f3licas personales (opcional)<\/p>\n<h3><strong>\ud83d\udeab No apto para<\/strong><\/h3>\n<p>\ud83d\udd39 Hu\u00e9spedes con graves limitaciones de movilidad.<\/p>\n<h2><strong>\ud83d\udcb8 Precios y reservas<\/strong><\/h2>\n<p>\ud83d\udd39 Reserva ahora, paga el d\u00eda<br \/>\n\ud83d\udd39 Decoraciones personalizadas disponibles para ocasiones especiales.<br \/>\n\ud83d\udd39 P\u00f3ngase en contacto con nosotros a trav\u00e9s de <strong>WhatsApp, Telegram, Viber<\/strong>, o rellene el siguiente formulario de reserva \ud83d\udc47\ud83c\udffc<\/p>\n<p>\u00bfBuscas alternativas? Explora <a href=\"https:\/\/excursionsworld.com\/es\/alquiler-yate-privado-kemer-antalya\/\">m\u00e1s alquiler de yates en Side<\/a>.<\/p>","protected":false},"excerpt":{"rendered":"<p>Alquiler de yate privado de lujo en Side a bordo del Moonlight Fairline 55. Disfrute de barbacoa, WiFi, nataci\u00f3n y privacidad total con traslado de hotel incluido.<\/p>","protected":false},"featured_media":16713,"comment_status":"open","ping_status":"closed","template":"","meta":[],"product_brand":[],"product_cat":[129],"product_tag":[122],"class_list":{"0":"post-16712","1":"product","2":"type-product","3":"status-publish","4":"has-post-thumbnail","6":"tour_phys-yacht-rental","7":"product_cat-yacht-rental","8":"product_tag-side","9":"pa_kategori-private-yacht-rental-kemer-antalya","11":"first","12":"instock","13":"sale","14":"shipping-taxable","15":"purchasable","16":"product-type-tour_phys"},"aioseo_notices":[],"_links":{"self":[{"href":"https:\/\/excursionsworld.com\/es\/wp-json\/wp\/v2\/product\/16712","targetHints":{"allow":["GET"]}}],"collection":[{"href":"https:\/\/excursionsworld.com\/es\/wp-json\/wp\/v2\/product"}],"about":[{"href":"https:\/\/excursionsworld.com\/es\/wp-json\/wp\/v2\/types\/product"}],"replies":[{"embeddable":true,"href":"https:\/\/excursionsworld.com\/es\/wp-json\/wp\/v2\/comments?post=16712"}],"wp:featuredmedia":[{"embeddable":true,"href":"https:\/\/excursionsworld.com\/es\/wp-json\/wp\/v2\/media\/16713"}],"wp:attachment":[{"href":"https:\/\/excursionsworld.com\/es\/wp-json\/wp\/v2\/media?parent=16712"}],"wp:term":[{"taxonomy":"product_brand","embeddable":true,"href":"https:\/\/excursionsworld.com\/es\/wp-json\/wp\/v2\/product_brand?post=16712"},{"taxonomy":"product_cat","embeddable":true,"href":"https:\/\/excursionsworld.com\/es\/wp-json\/wp\/v2\/product_cat?post=16712"},{"taxonomy":"product_tag","embeddable":true,"href":"https:\/\/excursionsworld.com\/es\/wp-json\/wp\/v2\/product_tag?post=16712"}],"curies":[{"name":"wp","href":"https:\/\/api.w.org\/{rel}","templated":true}]}}