{"id":16774,"date":"2026-04-24T16:38:21","date_gmt":"2026-04-24T13:38:21","guid":{"rendered":"https:\/\/excursionsworld.com\/?post_type=product&#038;p=16774\/"},"modified":"2026-04-24T18:09:18","modified_gmt":"2026-04-24T15:09:18","slug":"kas-kaputas-playa-antalya","status":"publish","type":"product","link":"https:\/\/excursionsworld.com\/tours\/kas-kaputas-beach-antalya\/","title":{"rendered":"Excursi\u00f3n a Ka\u015f y Playa de Kaputa\u015f desde Antalya"},"content":{"rendered":"<h2><span style=\"color: #000000;\"><strong>\ud83c\udfd9\ufe0f Resumen<\/strong><\/span><\/h2>\n<p dir=\"ltr\">\u00a1Pasa un d\u00eda completo explorando los lugares m\u00e1s bellos de la costa sur de Turqu\u00eda! Partiendo desde <span class=\"hover:entity-accent entity-underline inline cursor-pointer align-baseline\"><span class=\"whitespace-normal\">Antalya<\/span><\/span>, pasea por las encantadoras calles de Kalkan, nada en las cristalinas aguas turquesas de la playa de Kaputa\u015f y disfruta de un d\u00eda relajado en el pintoresco pueblo de Ka\u015f. Este recorrido combina a la perfecci\u00f3n naturaleza, historia y encanto costero.<\/p>\n<h3 dir=\"ltr\"><span style=\"color: #000000;\"><strong>Incluido:<\/strong><\/span><\/h3>\n<div dir=\"ltr\"><strong><span style=\"color: #00ff00;\">\u2713<\/span><\/strong> Recogida y entrega en el hotel<br \/>\n<strong><span style=\"color: #00ff00;\">\u2713 <\/span><\/strong>Gu\u00eda<br \/>\n<strong><span style=\"color: #00ff00;\">\u2713 <\/span><\/strong>Entrada a la playa de Kaputa\u015f<br \/>\n<strong><span style=\"color: #00ff00;\">\u2713 <\/span><\/strong>Visita a la Tumba Real<br \/>\n<strong><span style=\"color: #00ff00;\">\u2713 <\/span><\/strong>Visita al Teatro Antiguo<br \/>\n<strong><span style=\"color: #00ff00;\">\u2713 <\/span><\/strong>Seguros<\/div>\n<div dir=\"ltr\"><strong><span style=\"color: #00ff00;\">\u2713 <\/span><\/strong>Almuerzo<\/div>\n<h3 dir=\"ltr\"><span style=\"color: #000000;\">No se incluye:<\/span><\/h3>\n<div dir=\"ltr\"><span style=\"color: #ff0000;\"><strong>\u2717\u00a0<\/strong><\/span> Bebidas<br \/>\n<span style=\"color: #ff0000;\"><strong>\u2717 <\/strong><\/span>Gastos personales<\/div>\n<h2 dir=\"ltr\"><span style=\"color: #000000;\"><strong>\ud83c\udf1f Lo m\u00e1s destacado del viaje<\/strong><\/span><\/h2>\n<p dir=\"ltr\">\ud83d\udd39 Viaje panor\u00e1mico por la costa mediterr\u00e1nea<br data-start=\"895\" data-end=\"898\" \/>\ud83d\udd39 Parada panor\u00e1mica con vistas a <span class=\"hover:entity-accent entity-underline inline cursor-pointer align-baseline\"><span class=\"whitespace-normal\">Isla Meis<\/span><\/span><br data-start=\"965\" data-end=\"968\" \/>\ud83d\udd39 2\u20133 horas de tiempo libre en Ka\u015f<br data-start=\"1000\" data-end=\"1003\" \/>\ud83d\udd39 Nadar en la playa de Kaputa\u015f (2\u20132.5 horas)<br data-start=\"1045\" data-end=\"1048\" \/>\ud83d\udd39 Visita a las encantadoras calles de Kalkan<br data-start=\"1085\" data-end=\"1088\" \/>\ud83d\udd39 Experiencia aut\u00e9ntica de almuerzo<\/p>\n<h2 dir=\"ltr\">\ud83d\udcd6 <strong>Descripci\u00f3n completa<\/strong><\/h2>\n<div data-start=\"1155\" data-end=\"1349\">Tu d\u00eda comienza con una c\u00f3moda recogida en tu hotel en <span style=\"color: #0000ff;\"><a style=\"color: #0000ff;\" href=\"https:\/\/tr.wikipedia.org\/wiki\/Antalya\">Antalya<\/a>,<\/span> seguido de un recorrido panor\u00e1mico por la costa mediterr\u00e1nea. A lo largo del camino, habr\u00e1 una breve parada para descansar y tomar fotograf\u00edas.<\/div>\n<div data-start=\"1351\" data-end=\"1599\">El primer punto destacado es un mirador panor\u00e1mico con vistas a la isla de Meis, que ofrece impresionantes oportunidades para tomar fotograf\u00edas. Luego continuar\u00e1 hacia Ka\u015f, un encantador pueblo costero conocido por sus estrechas calles, tiendas boutique, ruinas antiguas y atm\u00f3sfera relajada.<\/div>\n<div data-start=\"1601\" data-end=\"1747\">Tras una breve introducci\u00f3n, dispondr\u00e1s de 2 a 3 horas de tiempo libre para explorar Ka\u015f a tu ritmo, disfrutar del almuerzo, tomar fotograf\u00edas o comprar recuerdos.<\/div>\n<div data-start=\"1749\" data-end=\"2050\">A continuaci\u00f3n, visitar\u00e1s la famosa playa de Kaputa\u015f, una de las playas m\u00e1s emblem\u00e1ticas de Turqu\u00eda. Rodeada de acantilados y conocida por sus vibrantes aguas turquesas, es el lugar perfecto para nadar, relajarse y disfrutar de la belleza natural. Pasar\u00e1s aproximadamente 2\u20132.5 horas aqu\u00ed antes de regresar a Antalya.<\/div>\n<h3 dir=\"ltr\"><span style=\"color: #000000;\"><strong>\ud83d\uddfa\ufe0f Itinerario<\/strong><\/span><\/h3>\n<p dir=\"ltr\">\ud83d\udd39 07:00 \u2013 Recogida en hoteles de Antalya<br data-start=\"2125\" data-end=\"2128\" \/>\ud83d\udd39 Paseo esc\u00e9nico por la costa con una breve pausa<br data-start=\"2170\" data-end=\"2173\" \/>\ud83d\udd39 Parada panor\u00e1mica cerca de la Isla de Meis<br data-start=\"2207\" data-end=\"2210\" \/>\ud83d\udd39 Llegada a Ka\u015f y breve orientaci\u00f3n<br data-start=\"2247\" data-end=\"2250\" \/>\ud83d\udd39 2\u20133 horas libres en Ka\u015f<br data-start=\"2279\" data-end=\"2282\" \/>\ud83d\udd39 Transferir a la playa de Kaputa\u015f<br data-start=\"2310\" data-end=\"2313\" \/>\ud83d\udd39 Nataci\u00f3n y relajaci\u00f3n (2\u20132.5 horas)<br data-start=\"2351\" data-end=\"2354\" \/>16:00 \u2013 Salida de Kaputa\u015f<br data-start=\"2387\" data-end=\"2390\" \/>\ud83d\udd39 19:00 \u2013 20:00 Regreso a los hoteles de Antalya<\/p>\n<h3 dir=\"ltr\"><span style=\"color: #000000;\"><strong>\u2139\ufe0f Informaci\u00f3n \u00fatil<\/strong><\/span><\/h3>\n<p dir=\"ltr\">\ud83d\udd39 Duraci\u00f3n de la excursi\u00f3n: aproximadamente 10-11 horas.<br \/>\n\ud83d\udd39 Almuerzo incluido (pescado, pollo o alb\u00f3ndigas), bebidas con coste adicional.<br \/>\n\ud83d\udd39 Numerosos restaurantes y caf\u00e9s locales disponibles en Ka\u015f durante el tiempo libre.<br \/>\n\ud83d\udd39 Los ni\u00f1os menores de 5 a\u00f1os que viajan gratis no tienen un asiento aparte en el autob\u00fas. Si el autob\u00fas est\u00e1 lleno, se sientan en el regazo de un adulto, o se puede reservar un asiento aparte<\/p>\n<h3 dir=\"ltr\"><span style=\"color: #000000;\"><strong>Qu\u00e9 llevar<\/strong><\/span><\/h3>\n<p dir=\"ltr\">\ud83d\udd39 Ba\u00f1ador y toalla.<br \/>\n\ud83d\udd39 Calzado y ropa c\u00f3modos<br \/>\n\ud83d\udd39 Protecci\u00f3n solar (gorra, crema solar, gafas de sol).<br \/>\n\ud83d\udd39 Dinero en efectivo para bebidas y gastos personales.<\/p>\n<h3 dir=\"ltr\"><span style=\"color: #000000;\"><strong>\ud83d\udeab No apto para<\/strong><\/span><\/h3>\n<p dir=\"ltr\">\ud83d\udd39 Personas con movilidad reducida<br \/>\n\ud83d\udd39 Ni\u00f1os peque\u00f1os y beb\u00e9s debido al largo viaje.<\/p>\n<h2 dir=\"ltr\"><span style=\"color: #000000;\"><strong>\ud83d\udcb8 Precios y reservas<\/strong><\/span><\/h2>\n<p dir=\"ltr\"><strong>\ud83d\udd39 Reserva ahora, paga el d\u00eda de la excursi\u00f3n<\/strong><br \/>\n\ud83d\udd39 Ponte en contacto con nosotros a trav\u00e9s de WhatsApp, Telegram, Viber, o rellena el siguiente formulario de reserva. \ud83d\udc47\ud83c\udffc<\/p>\n<p>\u00bfBuscas alternativas? Explora <a href=\"https:\/\/excursionsworld.com\/es\/excursiones-antalya\/\">m\u00e1s tours en Antalya<\/a>.<\/p>","protected":false},"excerpt":{"rendered":"<section class=\"text-token-text-primary w-full focus:outline-none [--shadow-height:45px] has-data-writing-block:pointer-events-none has-data-writing-block:-mt-(--shadow-height) has-data-writing-block:pt-(--shadow-height) [&amp;:has([data-writing-block])&gt;*]:pointer-events-auto [content-visibility:auto] supports-[content-visibility:auto]:[contain-intrinsic-size:auto_100lvh] R6Vx5W_threadScrollVars scroll-mb-[calc(var(--scroll-root-safe-area-inset-bottom,0px)+var(--thread-response-height))] scroll-mt-[calc(var(--header-height)+min(200px,max(70px,20svh)))]\" dir=\"auto\" data-turn-id=\"request-6967a54b-d690-8327-ae0f-541feafe2984-2\" data-testid=\"conversation-turn-100\" data-scroll-anchor=\"false\" data-turn=\"assistant\">\n<div class=\"text-base my-auto mx-auto pb-10 [--thread-content-margin:var(--thread-content-margin-xs,calc(var(--spacing)*4))] @w-sm\/main:[--thread-content-margin:var(--thread-content-margin-sm,calc(var(--spacing)*6))] @w-lg\/main:[--thread-content-margin:var(--thread-content-margin-lg,calc(var(--spacing)*16))] px-(--thread-content-margin)\">\n<div class=\"[--thread-content-max-width:40rem] @w-lg\/main:[--thread-content-max-width:48rem] mx-auto max-w-(--thread-content-max-width) flex-1 group\/turn-messages focus-visible:outline-hidden relative flex w-full min-w-0 flex-col agent-turn\">\n<div class=\"flex max-w-full flex-col gap-4 grow\">\n<div class=\"min-h-8 text-message relative flex w-full flex-col items-end gap-2 text-start break-words whitespace-normal outline-none keyboard-focused:focus-ring [.text-message+&amp;]:mt-1\" dir=\"auto\" tabindex=\"0\" data-message-author-role=\"assistant\" data-message-id=\"999871b4-0439-4617-8c5a-3a6f30bbf967\" data-message-model-slug=\"gpt-5-3\" data-turn-start-message=\"true\">\n<div class=\"flex w-full flex-col gap-1 empty:hidden\">\n<div class=\"markdown prose dark:prose-invert w-full wrap-break-word light markdown-new-styling\">\n<p data-start=\"0\" data-end=\"177\" data-is-last-node=\"\" data-is-only-node=\"\">Ka\u015f &amp; Kaputa\u015f Beach tour from Antalya with hotel pickup, free time in Ka\u015f, swimming at Kaputa\u015f Beach, and scenic Mediterranean coastal views.<\/p>\n<\/div>\n<\/div>\n<\/div>\n<\/div>\n<div class=\"z-0 flex min-h-[46px] justify-start\"><\/div>\n<div class=\"mt-3 w-full empty:hidden\">\n<div class=\"text-center\"><\/div>\n<\/div>\n<\/div>\n<\/div>\n<\/section>\n<div class=\"pointer-events-none -mt-px h-px translate-y-[calc(var(--scroll-root-safe-area-inset-bottom)-14*var(--spacing))]\" aria-hidden=\"true\"><\/div>\n","protected":false},"featured_media":14102,"comment_status":"open","ping_status":"closed","template":"","meta":[],"product_brand":[],"product_cat":[125],"product_tag":[107],"class_list":{"0":"post-16774","1":"product","2":"type-product","3":"status-publish","4":"has-post-thumbnail","6":"tour_phys-antalya-tours","7":"product_cat-antalya-tours","8":"product_tag-antalya","9":"pa_destination-antalya-tours","11":"first","12":"instock","13":"sale","14":"shipping-taxable","15":"purchasable","16":"product-type-tour_phys"},"aioseo_notices":[],"_links":{"self":[{"href":"https:\/\/excursionsworld.com\/es\/wp-json\/wp\/v2\/product\/16774","targetHints":{"allow":["GET"]}}],"collection":[{"href":"https:\/\/excursionsworld.com\/es\/wp-json\/wp\/v2\/product"}],"about":[{"href":"https:\/\/excursionsworld.com\/es\/wp-json\/wp\/v2\/types\/product"}],"replies":[{"embeddable":true,"href":"https:\/\/excursionsworld.com\/es\/wp-json\/wp\/v2\/comments?post=16774"}],"wp:featuredmedia":[{"embeddable":true,"href":"https:\/\/excursionsworld.com\/es\/wp-json\/wp\/v2\/media\/14102"}],"wp:attachment":[{"href":"https:\/\/excursionsworld.com\/es\/wp-json\/wp\/v2\/media?parent=16774"}],"wp:term":[{"taxonomy":"product_brand","embeddable":true,"href":"https:\/\/excursionsworld.com\/es\/wp-json\/wp\/v2\/product_brand?post=16774"},{"taxonomy":"product_cat","embeddable":true,"href":"https:\/\/excursionsworld.com\/es\/wp-json\/wp\/v2\/product_cat?post=16774"},{"taxonomy":"product_tag","embeddable":true,"href":"https:\/\/excursionsworld.com\/es\/wp-json\/wp\/v2\/product_tag?post=16774"}],"curies":[{"name":"wp","href":"https:\/\/api.w.org\/{rel}","templated":true}]}}