{"id":16791,"date":"2026-04-26T17:41:13","date_gmt":"2026-04-26T14:41:13","guid":{"rendered":"https:\/\/excursionsworld.com\/?post_type=product&#038;p=16791\/"},"modified":"2026-04-26T18:31:43","modified_gmt":"2026-04-26T15:31:43","slug":"alanya-barco-pirata","status":"publish","type":"product","link":"https:\/\/excursionsworld.com\/tours\/alanya-pirate-boat\/","title":{"rendered":"Excursi\u00f3n en barco pirata en Alanya \u2013 Viking | Todo incluido"},"content":{"rendered":"<h2><span style=\"color: #000000;\"><strong>\ud83c\udff4\u200d\u2620\ufe0f Visi\u00f3n general<\/strong><\/span><\/h2>\n<p>\u00danete al Paseo en Barco Pirata en <strong><a href=\"https:\/\/en.wikipedia.org\/wiki\/Alanya\" target=\"_blank\" rel=\"noopener\">Alanya<\/a>\u2013 <\/strong>Viking | Todo Incluido y experimenta una de las formas m\u00e1s agradables de descubrir la costa de Alanya. Navega a bordo de un gran barco de estilo pirata, disfruta de entretenimiento animado, refrescantes descansos para nadar y admira las vistas panor\u00e1micas del Mediterr\u00e1neo. Esta aventura mar\u00edtima todo incluido es perfecta para quienes buscan diversi\u00f3n, comodidad y momentos inolvidables en el agua.<\/p>\n<h3><span style=\"color: #000000;\"><strong>Incluido:<\/strong><\/span><\/h3>\n<p><span style=\"color: #339966;\"><strong>\u2713<\/strong> <\/span>Recogida y entrega en el hotel f<br \/>\n<span style=\"color: #339966;\"><strong>\u2713<\/strong> <\/span>Gu\u00eda profesional<br \/>\n<span style=\"color: #339966;\"><strong>\u2713<\/strong> <\/span>Almuerzo (pollo a la parrilla, arroz y ensaladas)<br \/>\n<span style=\"color: #339966;\"><strong>\u2713<\/strong> <\/span>Refrescos (agua, Coca-Cola, Fanta, etc.)<br \/>\n<span style=\"color: #339966;\"><strong>\u2713<\/strong> <\/span>Fiesta de la espuma y animaciones<br \/>\n<span style=\"color: #339966;\"><strong>\u2713<\/strong> <\/span>Chalecos salvavidas<br \/>\n<span style=\"color: #339966;\"><strong>\u2713<\/strong> <\/span>Seguros<\/p>\n<h3><span style=\"color: #000000;\"><strong>No se incluye:<\/strong><\/span><\/h3>\n<p><strong><span style=\"color: #ff0000;\">\u2717<\/span> <\/strong>Bebidas alcoh\u00f3licas<br \/>\n<strong><span style=\"color: #ff0000;\">\u2717<\/span> <\/strong>Fotos y v\u00eddeos<br \/>\n<strong><span style=\"color: #ff0000;\">\u2717<\/span> <\/strong>Gastos personales<\/p>\n<h2><span style=\"color: #000000;\"><strong>\ud83c\udf1f Lo m\u00e1s destacado del viaje<\/strong><\/span><\/h2>\n<p>\ud83d\udd39 Navegue a lo largo de la costa de <span class=\"hover:entity-accent entity-underline inline cursor-pointer align-baseline\"><span class=\"whitespace-normal\">Alanya<\/span><\/span> con vistas de la Torre Roja y las murallas del castillo<br data-start=\"1059\" data-end=\"1062\" \/>\ud83d\udd39 Descubre famosas cuevas marinas como la Cueva de los Piratas, la Cueva de los Amantes, la Cueva Fosforescente y la Cueva del Diablo<br data-start=\"1147\" data-end=\"1150\" \/>\ud83d\udd39 Disfruta de varias paradas para nadar en aguas claras del Mediterr\u00e1neo<br data-start=\"1211\" data-end=\"1214\" \/>\ud83d\udd39 Fiesta de espuma llena de diversi\u00f3n y entretenimiento a bordo<br data-start=\"1264\" data-end=\"1267\" \/>\ud83d\udd39 Oportunidad de ver delfines o tortugas marinas<\/p>\n<h2><span style=\"color: #000000;\"><strong>\ud83d\udcd6 Descripci\u00f3n completa<\/strong><\/span><\/h2>\n<div data-start=\"1345\" data-end=\"1581\">Tu d\u00eda comienza con una c\u00f3moda recogida en tu hotel y traslado al puerto de Alanya. Una vez a bordo del barco pirata Viking, encontrar\u00e1s amplias cubiertas, zonas de sombra e instalaciones a bordo dise\u00f1adas para tu comodidad durante todo el viaje.<\/div>\n<div data-start=\"1583\" data-end=\"1877\">El crucero comienza alrededor de las 10:00 AM, navegando por los monumentos m\u00e1s emblem\u00e1ticos de Alanya, como la Torre Roja, el hist\u00f3rico astillero y las impresionantes murallas del castillo. La ruta contin\u00faa a lo largo de la pintoresca costa, deteni\u00e9ndose cerca de famosas cuevas marinas donde se pueden admirar formaciones rocosas \u00fanicas desde el mar.<\/div>\n<div data-start=\"1879\" data-end=\"2192\">A lo largo del viaje, disfrutar\u00e1s de m\u00faltiples pausas para nadar en diferentes lugares, incluyendo la conocida playa de Ula\u015f, donde las aguas tranquilas ofrecen un lugar perfecto para relajarse y refrescarse. Se sirve un almuerzo reci\u00e9n preparado y refrescos ilimitados a bordo, mientras que la m\u00fasica y el entretenimiento crean un ambiente animado.<\/div>\n<div data-start=\"2194\" data-end=\"2447\">Como punto culminante del tour, la fiesta de espuma aporta energ\u00eda y diversi\u00f3n a la cubierta, haciendo que esta experiencia sea especialmente agradable para grupos y familias. El barco regresa al puerto por la tarde, seguido de un c\u00f3modo traslado de regreso a su hotel.<\/div>\n<h3><span style=\"color: #000000;\"><strong>\ud83d\uddfa\ufe0f Itinerario<\/strong><\/span><\/h3>\n<p>\ud83d\udd39 Recogida en hoteles\/apartamentos en Alanya<br data-start=\"2524\" data-end=\"2527\" \/>Traslado al puerto de Alanya<br data-start=\"2556\" data-end=\"2559\" \/>\ud83d\udd39 Salida a las 10:00 AM<br data-start=\"2583\" data-end=\"2586\" \/>Crucero costero pasando la Torre Roja y el antiguo Astillero<br data-start=\"2635\" data-end=\"2638\" \/>\ud83d\udd39 Pausa para nadar cerca del \u00e1rea del astillero<br data-start=\"2678\" data-end=\"2681\" \/>\ud83d\udd39 Ruta de cuevas marinas (Piratas, Amantes, Fosforescente, Diablos)<br data-start=\"2737\" data-end=\"2740\" \/>\ud83d\udd39 Almuerzo servido a bordo<br data-start=\"2764\" data-end=\"2767\" \/>\ud83d\udd39 Pausa para nadar en la playa de Ula\u015f<br data-start=\"2798\" data-end=\"2801\" \/>\ud83d\udd39 Paradas de nataci\u00f3n adicionales<br data-start=\"2825\" data-end=\"2828\" \/>\ud83d\udd39 Regreso al puerto de Alanya (~15:00)<br data-start=\"2864\" data-end=\"2867\" \/>\ud83d\udd39 Entrega en los hoteles<\/p>\n<h3><span style=\"color: #000000;\"><strong>\u2139\ufe0f Informaci\u00f3n \u00fatil<\/strong><\/span><\/h3>\n<p>\ud83d\udd39 Duraci\u00f3n: aproximadamente 5-6 horas<br \/>\n\ud83d\udd39 Tripulaci\u00f3n y gu\u00edas de habla inglesa<br \/>\n\ud83d\udd39 Adecuado para familias, parejas y grupos.<br \/>\n\ud83d\udd39 Los menores de 5 a\u00f1os viajan gratis (comparten asiento con los padres)<br \/>\n\ud83d\udd39 C\u00f3modos barcos piratas de madera de 3 cubiertas.<\/p>\n<h2><span style=\"color: #000000;\"><strong>Qu\u00e9 llevar<\/strong><\/span><\/h2>\n<p>\ud83d\udd39 Ba\u00f1ador y toalla.<br \/>\n\ud83d\udd39 Protector solar, gafas de sol y sombrero.<br \/>\n\ud83d\udd39 C\u00e1mara o tel\u00e9fono<br \/>\n\ud83d\udd39 Calderilla para extras<\/p>\n<h3><span style=\"color: #000000;\"><strong>\ud83d\udeab No apto para<\/strong><\/span><\/h3>\n<p>\ud83d\udd39 Hu\u00e9spedes con cinetosis severa.<br \/>\n\ud83d\udd39 Mujeres embarazadas<\/p>\n<h2 dir=\"ltr\">\ud83d\udcb8\u00a0<strong>Precios y reservas<\/strong><\/h2>\n<p dir=\"ltr\"><strong>\ud83d\udd39 Reserva ahora, paga el d\u00eda de la excursi\u00f3n<\/strong><br \/>\n\ud83d\udd39 Ponte en contacto con nosotros a trav\u00e9s de WhatsApp, Telegram, Viber, o rellena el siguiente formulario de reserva. \ud83d\udc47\ud83c\udffc<\/p>\n<p>\u00bfBuscas alternativas? Explora <a href=\"https:\/\/excursionsworld.com\/es\/excursiones-alanya\/\">m\u00e1s tours en Alanya<\/a>.<\/p>","protected":false},"excerpt":{"rendered":"<p>Excursi\u00f3n en barco pirata todo incluido en Alanya: paradas para nadar, cuevas marinas, fiesta de espuma, almuerzo y refrescos incluidos. Traslado al hotel. Reserva ahora, paga el mismo d\u00eda.<\/p>","protected":false},"featured_media":16792,"comment_status":"open","ping_status":"closed","template":"","meta":[],"product_brand":[],"product_cat":[128],"product_tag":[111],"class_list":{"0":"post-16791","1":"product","2":"type-product","3":"status-publish","4":"has-post-thumbnail","6":"tour_phys-alanya-tours","7":"tour_phys-pirate-boat-tours","8":"product_cat-alanya-tours","9":"product_tag-alanya","10":"pa_destination-alanya-tours","11":"pa_kategori-pirate-boat-tours","13":"first","14":"instock","15":"sale","16":"shipping-taxable","17":"purchasable","18":"product-type-tour_phys"},"aioseo_notices":[],"_links":{"self":[{"href":"https:\/\/excursionsworld.com\/es\/wp-json\/wp\/v2\/product\/16791","targetHints":{"allow":["GET"]}}],"collection":[{"href":"https:\/\/excursionsworld.com\/es\/wp-json\/wp\/v2\/product"}],"about":[{"href":"https:\/\/excursionsworld.com\/es\/wp-json\/wp\/v2\/types\/product"}],"replies":[{"embeddable":true,"href":"https:\/\/excursionsworld.com\/es\/wp-json\/wp\/v2\/comments?post=16791"}],"wp:featuredmedia":[{"embeddable":true,"href":"https:\/\/excursionsworld.com\/es\/wp-json\/wp\/v2\/media\/16792"}],"wp:attachment":[{"href":"https:\/\/excursionsworld.com\/es\/wp-json\/wp\/v2\/media?parent=16791"}],"wp:term":[{"taxonomy":"product_brand","embeddable":true,"href":"https:\/\/excursionsworld.com\/es\/wp-json\/wp\/v2\/product_brand?post=16791"},{"taxonomy":"product_cat","embeddable":true,"href":"https:\/\/excursionsworld.com\/es\/wp-json\/wp\/v2\/product_cat?post=16791"},{"taxonomy":"product_tag","embeddable":true,"href":"https:\/\/excursionsworld.com\/es\/wp-json\/wp\/v2\/product_tag?post=16791"}],"curies":[{"name":"wp","href":"https:\/\/api.w.org\/{rel}","templated":true}]}}