{"id":16801,"date":"2026-04-27T13:36:54","date_gmt":"2026-04-27T10:36:54","guid":{"rendered":"https:\/\/excursionsworld.com\/?post_type=product&#038;p=16801\/"},"modified":"2026-04-27T16:07:14","modified_gmt":"2026-04-27T13:07:14","slug":"olympos-porto-genoese-barco-kemer","status":"publish","type":"product","link":"https:\/\/excursionsworld.com\/tours\/olympos-porto-genoese-boat-kemer\/","title":{"rendered":"Olympos &amp; Porto Genoese barco desde Kemer con Phaselis"},"content":{"rendered":"<h2 dir=\"ltr\" data-pm-slice=\"1 1 []\"><span style=\"color: #000000;\"><strong>\ud83c\udff4\u200d\u2620\ufe0f Visi\u00f3n general<\/strong><\/span><\/h2>\n<p dir=\"ltr\">Descubre la belleza virgen de la costa de Kemer en el <strong data-start=\"299\" data-end=\"379\">Excursi\u00f3n en barco al Olympos y Puerto Genov\u00e9s desde<\/strong>\u00a0<a href=\"https:\/\/en.wikipedia.org\/wiki\/Kemer,_Antalya\" target=\"_blank\" rel=\"noopener\">Kemer. <\/a>\u2014 Esta experiencia de d\u00eda completo te lleva a algunas de las bah\u00edas m\u00e1s pintorescas y v\u00edrgenes del Mediterr\u00e1neo, combinando nataci\u00f3n, relajaci\u00f3n y vistas naturales impresionantes. Perfecto para viajeros que buscan un paseo en barco tranquilo y aut\u00e9ntico lejos de las rutas concurridas.<\/p>\n<h3><strong>Incluido:<\/strong><\/h3>\n<div dir=\"ltr\"><strong><span style=\"color: #00ff00;\">\u2713<\/span><\/strong> Recogida y entrega en el hotel<\/div>\n<div dir=\"ltr\"><strong><span style=\"color: #00ff00;\">\u2713 <\/span><\/strong>Paseo en barco por la costa de Kemer<br \/>\n<strong><span style=\"color: #00ff00;\">\u2713 <\/span><\/strong>Seguros<br \/>\n<strong><span style=\"color: #00ff00;\">\u2713 <\/span><\/strong>Gu\u00eda<br \/>\n<strong><span style=\"color: #00ff00;\">\u2713 <\/span><\/strong>Almuerzo<\/div>\n<h3 dir=\"ltr\">No se incluye:<\/h3>\n<p dir=\"ltr\"><span style=\"color: #ff0000;\"><strong>\u2717 <\/strong><\/span>Fotos y v\u00eddeos<br \/>\n<span style=\"color: #ff0000;\"><strong>\u2717 <\/strong><\/span>Bebidas<\/p>\n<h3 data-section-id=\"gnzuxm\" data-start=\"738\" data-end=\"764\"><span role=\"text\"><strong data-start=\"742\" data-end=\"764\">\ud83c\udf1f Lo m\u00e1s destacado del viaje<\/strong><\/span><\/h3>\n<p>\ud83d\udd39 Salida del puerto deportivo de Kemer para un crucero panor\u00e1mico por la costa<br data-start=\"806\" data-end=\"809\" \/>\ud83d\udd39 Parada para fotos en la Cueva del Pirata<br data-start=\"837\" data-end=\"840\" \/>\ud83d\udd39 Nataci\u00f3n en la Bah\u00eda de Phaselis (entorno antiguo)<br data-start=\"890\" data-end=\"893\" \/>\ud83d\udd39 Parada para nadar en la bah\u00eda de Tekirova Teketa\u015f<br data-start=\"933\" data-end=\"936\" \/>\ud83d\udd39 Tiempo libre y nataci\u00f3n en la Bah\u00eda de Olympos<br data-start=\"976\" data-end=\"979\" \/>\ud83d\udd39 Pausa para nadar en la Bah\u00eda de Porto Genoese<br data-start=\"1017\" data-end=\"1020\" \/>Vistas panor\u00e1micas en Three Islands (parada para fotos)<br data-start=\"1068\" data-end=\"1071\" \/><strong>\ud83d\udd39<\/strong>\u00daltima parada para nadar en la bah\u00eda de Alacasu con acceso a la orilla rocosa desde el barco<br data-start=\"1116\" data-end=\"1119\" \/>\ud83d\udd39 Ambiente relajante lejos de los barcos de fiesta<\/p>\n<h2 data-section-id=\"1jizkbc\" data-start=\"1172\" data-end=\"1199\"><span role=\"text\"><strong data-start=\"1176\" data-end=\"1199\">\ud83d\udcd6 Viaje en Barco a Olimpos, Fas\u00e9lis y Olympos Porto desde Kemer<\/strong><\/span><\/h2>\n<div data-start=\"1201\" data-end=\"1421\">Tu d\u00eda comienza con un c\u00f3modo servicio de recogida en tu hotel en Kemer y zonas cercanas, seguido de un corto traslado al puerto deportivo de Kemer. A las 10:00 AM, abordar\u00e1s el barco y comenzar\u00e1s tu viaje por la impresionante costa.<\/div>\n<div data-start=\"1423\" data-end=\"1530\">Poco despu\u00e9s de la partida, pasar\u00e1 por la famosa Cueva de los Piratas, donde el barco disminuir\u00e1 la velocidad para una parada fotogr\u00e1fica.<\/div>\n<div data-start=\"1532\" data-end=\"1731\">El primer descanso para nadar se realiza en la Bah\u00eda de Phaselis, rodeada de naturaleza y paisajes hist\u00f3ricos. Luego, el recorrido contin\u00faa hacia la Bah\u00eda de Tekirova Teketa\u015f, un lugar m\u00e1s tranquilo y menos concurrido, ideal para nadar.<\/div>\n<div data-start=\"1733\" data-end=\"1948\">A continuaci\u00f3n, llegar\u00e1n a la bah\u00eda de Olympos, donde podr\u00e1n disfrutar de un ba\u00f1o y relajarse en un entorno natural \u00fanico. Despu\u00e9s, el barco se dirigir\u00e1 a la bah\u00eda de Porto Genoese, una de las bah\u00edas m\u00e1s v\u00edrgenes y tranquilas de la regi\u00f3n.<\/div>\n<div data-start=\"1950\" data-end=\"2180\">En la ruta de regreso, pasar\u00e1 por las Tres Islas para una parada panor\u00e1mica para tomar fotograf\u00edas (no habr\u00e1 ba\u00f1o debido a las corrientes). La parada final es la Bah\u00eda de Alacasu, donde el barco ancla cerca de la orilla, lo que permite a los hu\u00e9spedes nadar y acceder a la playa.<\/div>\n<div data-start=\"2182\" data-end=\"2280\">El tour finaliza con el regreso al puerto deportivo de Kemer alrededor de las 17:00, seguido del traslado de regreso a su hotel.<\/div>\n<h3 data-section-id=\"1e4kph\" data-start=\"2506\" data-end=\"2532\"><span role=\"text\"><strong data-start=\"2510\" data-end=\"2532\">\ud83d\uddfa\ufe0f Itinerario<\/strong><\/span><\/h3>\n<div data-start=\"2534\" data-end=\"3008\">\ud83d\udd39 Recogida en hoteles de Kemer<br data-start=\"2564\" data-end=\"2567\" \/>Traslado al puerto deportivo de Kemer<br data-start=\"2594\" data-end=\"2597\" \/>10:00 \u2013 Salida<br data-start=\"2617\" data-end=\"2620\" \/>\ud83d\udd39 Cueva Pirata \u2013 parada para fotos<br data-start=\"2647\" data-end=\"2650\" \/>\ud83d\udd39 Bah\u00eda de Phaselis \u2013 descanso para nadar (30 min)<br data-start=\"2694\" data-end=\"2697\" \/>\ud83d\udd39 Bah\u00eda Tekirova Teketa\u015f \u2013 descanso para nadar (30 min)<br data-start=\"2749\" data-end=\"2752\" \/>\ud83d\udd39 Bah\u00eda de Olympos \u2013 nataci\u00f3n y tiempo libre (45 min)<br data-start=\"2798\" data-end=\"2801\" \/>\ud83d\udd39 Bah\u00eda Genovesa - descanso para nadar (45 min)<br data-start=\"2847\" data-end=\"2850\" \/>\ud83d\udd39 Tres Islas \u2013 parada para foto panor\u00e1mica<br data-start=\"2889\" data-end=\"2892\" \/>\ud83d\udd39 Bah\u00eda de Alacasu \u2013 parada para nadar con acceso a la costa rocosa (30 min)<\/div>\n<div data-start=\"2534\" data-end=\"3008\">17:00 \u2013 Regreso al puerto deportivo de Kemer<br data-start=\"2977\" data-end=\"2980\" \/>\ud83d\udd39 Traslado de vuelta a los hoteles<\/div>\n<h3 data-section-id=\"x7plk0\" data-start=\"201\" data-end=\"230\"><span role=\"text\"><strong data-start=\"205\" data-end=\"230\">\u2139\ufe0f Informaci\u00f3n \u00fatil<\/strong><\/span><\/h3>\n<p data-start=\"232\" data-end=\"517\">\ud83d\udd39 Tour duration: approximately 7-8 hours<br data-start=\"271\" data-end=\"274\" \/>Hora de salida: 10:00 AM<br data-start=\"301\" data-end=\"304\" \/>\ud83d\udd39 Apto para todas las edades<br data-start=\"334\" data-end=\"337\" \/>\ud83d\udd39 Ambiente relajado con entretenimiento ligero y m\u00fasica a bordo<br data-start=\"392\" data-end=\"395\" \/>\ud83d\udd39 El programa del tour puede cambiar seg\u00fan las condiciones meteorol\u00f3gicas y del mar.<br data-start=\"461\" data-end=\"464\" \/>\ud83d\udd39 El barco tiene zonas de sombra y lugares para tomar el sol<\/p>\n<h2 dir=\"ltr\"><span style=\"color: #000000;\"><strong>Qu\u00e9 llevar<\/strong><\/span><\/h2>\n<p dir=\"ltr\">\ud83d\udd39 Ba\u00f1ador y toalla.<br \/>\n\ud83d\udd39 Protector solar y gafas de sol.<br \/>\n\ud83d\udd39 Sombrero o gorra<br \/>\n\ud83d\udd39 Funda impermeable para el tel\u00e9fono o la c\u00e1mara<br \/>\n\ud83d\udd39 Algo de dinero en efectivo para gastos personales<\/p>\n<h3 dir=\"ltr\"><strong>\ud83d\udeab No apto para<\/strong><\/h3>\n<p dir=\"ltr\">\ud83d\udd39 Personas propensas a marearse mucho<br \/>\n\ud83d\udd39 Viajeros con movilidad reducida<\/p>\n<h2 dir=\"ltr\"><span style=\"color: #000000;\"><strong>\ud83d\udcb8 Precios y reservas<\/strong><\/span><\/h2>\n<p dir=\"ltr\"><strong>\ud83d\udd39 Reserva ahora, paga el d\u00eda de la excursi\u00f3n<\/strong><br \/>\n\ud83d\udd39 Ponte en contacto con nosotros a trav\u00e9s de WhatsApp, Telegram, Viber, o rellena el siguiente formulario de reserva. \ud83d\udc47\ud83c\udffd<\/p>\n<p>\u00bfBuscas alternativas? Explora <a href=\"https:\/\/excursionsworld.com\/es\/excursiones-kemer\/\">m\u00e1s tours en Kemer<\/a>.<\/p>","protected":false},"excerpt":{"rendered":"<p>Descubre el tour en barco por Kemer a las bah\u00edas de Olympos y Porto Genoese con parada en Phaselis. Incluye descansos para nadar, almuerzo y traslado al hotel. Reserva ahora, paga despu\u00e9s.<\/p>","protected":false},"featured_media":16802,"comment_status":"open","ping_status":"closed","template":"","meta":[],"product_brand":[],"product_cat":[124,130],"product_tag":[105],"class_list":{"0":"post-16801","1":"product","2":"type-product","3":"status-publish","4":"has-post-thumbnail","6":"tour_phys-kemer-tours","7":"tour_phys-pirate-boat-tours","8":"product_cat-kemer-tours","9":"product_cat-pirate-boat-tours","10":"product_tag-kemer","11":"pa_destination-kemer-tours","12":"pa_kategori-pirate-boat-tours","14":"first","15":"instock","16":"sale","17":"featured","18":"shipping-taxable","19":"purchasable","20":"product-type-tour_phys"},"aioseo_notices":[],"_links":{"self":[{"href":"https:\/\/excursionsworld.com\/es\/wp-json\/wp\/v2\/product\/16801","targetHints":{"allow":["GET"]}}],"collection":[{"href":"https:\/\/excursionsworld.com\/es\/wp-json\/wp\/v2\/product"}],"about":[{"href":"https:\/\/excursionsworld.com\/es\/wp-json\/wp\/v2\/types\/product"}],"replies":[{"embeddable":true,"href":"https:\/\/excursionsworld.com\/es\/wp-json\/wp\/v2\/comments?post=16801"}],"wp:featuredmedia":[{"embeddable":true,"href":"https:\/\/excursionsworld.com\/es\/wp-json\/wp\/v2\/media\/16802"}],"wp:attachment":[{"href":"https:\/\/excursionsworld.com\/es\/wp-json\/wp\/v2\/media?parent=16801"}],"wp:term":[{"taxonomy":"product_brand","embeddable":true,"href":"https:\/\/excursionsworld.com\/es\/wp-json\/wp\/v2\/product_brand?post=16801"},{"taxonomy":"product_cat","embeddable":true,"href":"https:\/\/excursionsworld.com\/es\/wp-json\/wp\/v2\/product_cat?post=16801"},{"taxonomy":"product_tag","embeddable":true,"href":"https:\/\/excursionsworld.com\/es\/wp-json\/wp\/v2\/product_tag?post=16801"}],"curies":[{"name":"wp","href":"https:\/\/api.w.org\/{rel}","templated":true}]}}