{"id":16808,"date":"2026-04-29T20:14:38","date_gmt":"2026-04-29T17:14:38","guid":{"rendered":"https:\/\/excursionsworld.com\/?post_type=product&#038;p=16808\/"},"modified":"2026-04-29T20:30:37","modified_gmt":"2026-04-29T17:30:37","slug":"olympos-porto-genoese-barco-antalya","status":"publish","type":"product","link":"https:\/\/excursionsworld.com\/tours\/antalya-boat-trip-olympos-porto-genoese-phaselis\/","title":{"rendered":"Olympos &amp; Porto Genoese barco desde Antalya con Phaselis"},"content":{"rendered":"<h2 dir=\"ltr\" data-pm-slice=\"1 1 []\"><span style=\"color: #000000;\"><strong>\ud83c\udff4\u200d\u2620\ufe0f Visi\u00f3n general<\/strong><\/span><\/h2>\n<p dir=\"ltr\">Explora la pr\u00edstina costa de Kemer en el <strong data-start=\"67\" data-end=\"132\">Crucero Olympos y Porto Geno\u00e9s desde <a href=\"https:\/\/en.wikipedia.org\/wiki\/Antalya\">Antalya<\/a> con la Bah\u00eda de Phaselis<\/strong>. Esta experiencia en barco de d\u00eda completo combina lugares para nadar de aguas cristalinas, naturaleza virgen y vistas panor\u00e1micas del Mediterr\u00e1neo. Comenzando con un c\u00f3modo traslado desde Antalya, es una escapada ideal para los viajeros que buscan disfrutar de un d\u00eda relajante pero memorable en el mar.<\/p>\n<h3><strong>Incluido:<\/strong><\/h3>\n<div dir=\"ltr\"><strong><span style=\"color: #00ff00;\">\u2713<\/span><\/strong> Recogida y entrega en el hotel<\/div>\n<div dir=\"ltr\"><strong><span style=\"color: #00ff00;\">\u2713 <\/span><\/strong>Paseo en barco por la costa de Kemer<br \/>\n<strong><span style=\"color: #00ff00;\">\u2713 <\/span><\/strong>Seguros<br \/>\n<strong><span style=\"color: #00ff00;\">\u2713 <\/span><\/strong>Gu\u00eda<br \/>\n<strong><span style=\"color: #00ff00;\">\u2713 <\/span><\/strong>Almuerzo<\/div>\n<h3 dir=\"ltr\">No se incluye:<\/h3>\n<p dir=\"ltr\"><span style=\"color: #ff0000;\"><strong>\u2717 <\/strong><\/span>Fotos y v\u00eddeos<br \/>\n<span style=\"color: #ff0000;\"><strong>\u2717 <\/strong><\/span>Bebidas<\/p>\n<h3 data-section-id=\"gnzuxm\" data-start=\"738\" data-end=\"764\"><span role=\"text\"><strong data-start=\"742\" data-end=\"764\">\ud83c\udf1f Lo m\u00e1s destacado del viaje<\/strong><\/span><\/h3>\n<p>\ud83d\udd39 Traslado c\u00f3modo de Antalya a Kemer Marina<br data-start=\"661\" data-end=\"664\" \/>\ud83d\udd39 Crucero panor\u00e1mico por la costa mediterr\u00e1nea<br data-start=\"714\" data-end=\"717\" \/>\ud83d\udd39 Parada para hacer fotos en la famosa Cueva de los Piratas<br data-start=\"756\" data-end=\"759\" \/>\ud83d\udd39 Pausa para nadar en la bah\u00eda de Phaselis rodeada de ruinas antiguas<br data-start=\"820\" data-end=\"823\" \/>\ud83d\udd39 Parada para nadar en la bah\u00eda de Tekirova Teketa\u015f<br data-start=\"859\" data-end=\"862\" \/>\ud83d\udd39 Tiempo libre y nataci\u00f3n en la Bah\u00eda de Olympos<br data-start=\"902\" data-end=\"905\" \/>\ud83d\udd39 Nataci\u00f3n relajante en la Bah\u00eda de Porto Genoese<br data-start=\"942\" data-end=\"945\" \/>\ud83d\udd39 Parada para fotograf\u00eda panor\u00e1mica en las Tres Islas<br data-start=\"989\" data-end=\"992\" \/>\ud83d\udd39 \u00daltima parada para nadar en la Bah\u00eda de Alacasu con acceso a orilla rocosa<\/p>\n<h2 data-section-id=\"1jizkbc\" data-start=\"1172\" data-end=\"1199\"><span role=\"text\"><strong data-start=\"1176\" data-end=\"1199\">\ud83d\udcd6 Viaje en Barco a Olimpos, Fas\u00e9lis y Olympos Porto desde Kemer<\/strong><\/span><\/h2>\n<div data-start=\"1127\" data-end=\"1372\">Tu d\u00eda comienza con una recogida temprana en tu hotel en Antalya y un c\u00f3modo traslado al puerto deportivo de Kemer. Al llegar, subir\u00e1s a bordo del barco y partir\u00e1s a las 10:00 AM para un viaje esc\u00e9nico por la costa.<\/div>\n<div data-start=\"1374\" data-end=\"1598\">Poco despu\u00e9s de la partida, pasar\u00e1s por la ic\u00f3nica Cueva Pirata, donde el barco reduce la velocidad para una breve oportunidad de tomar fotograf\u00edas. La primera parada para nadar es en la Bah\u00eda de Fas\u00e9lis, un lugar \u00fanico donde las aguas turquesas se encuentran con la historia antigua.<\/div>\n<div data-start=\"1600\" data-end=\"1789\">El crucero contin\u00faa hacia la bah\u00eda de Tekirova Teketa\u015f, conocida por su atm\u00f3sfera pac\u00edfica y aguas cristalinas. Luego se dirigir\u00e1n a la bah\u00eda de Olympos, que ofrece tiempo libre para nadar y relajarse en un entorno natural.<\/div>\n<div data-start=\"1791\" data-end=\"2035\">A continuaci\u00f3n, disfrute de un refrescante ba\u00f1o en la Bah\u00eda de Porto Genoese, uno de los lugares m\u00e1s v\u00edrgenes y tranquilos de la costa. En la ruta de regreso, el barco pasa por las Tres Islas para una parada panor\u00e1mica para hacer fotos (no se permite nadar debido a las corrientes marinas).<\/div>\n<div data-start=\"2037\" data-end=\"2183\">La \u00faltima parada es en la bah\u00eda de Alacasu, donde el barco ancla cerca de la orilla rocosa, brindando a los hu\u00e9spedes la oportunidad de nadar y acceder a la costa.<\/div>\n<div data-start=\"2185\" data-end=\"2283\">La embarcaci\u00f3n regresa a la Marina de Kemer alrededor de las 17:00 horas, seguido del traslado de regreso a su hotel en Antalya.<\/div>\n<h3 data-section-id=\"1e4kph\" data-start=\"2506\" data-end=\"2532\"><span role=\"text\"><strong data-start=\"2510\" data-end=\"2532\">\ud83d\uddfa\ufe0f Itinerario<\/strong><\/span><\/h3>\n<div data-start=\"2534\" data-end=\"3008\">\ud83d\udd39 Recogida en los hoteles de Antalya<br data-start=\"2346\" data-end=\"2349\" \/>Traslado al puerto deportivo de Kemer<br data-start=\"2376\" data-end=\"2379\" \/>10:00 \u2013 Salida<br data-start=\"2399\" data-end=\"2402\" \/>\ud83d\udd39 Cueva Pirata \u2013 parada para fotos<br data-start=\"2429\" data-end=\"2432\" \/>\ud83d\udd39 Bah\u00eda de Phaselis \u2013 descanso para nadar (30 min)<br data-start=\"2473\" data-end=\"2476\" \/>\ud83d\udd39 Bah\u00eda Tekirova Teketa\u015f \u2013 descanso para nadar (30 min)<br data-start=\"2525\" data-end=\"2528\" \/>\ud83d\udd39 Bah\u00eda de Olympos \u2013 nataci\u00f3n y tiempo libre (45 min)<br data-start=\"2574\" data-end=\"2577\" \/>\ud83d\udd39 Bah\u00eda Genovesa - descanso para nadar (45 min)<br data-start=\"2623\" data-end=\"2626\" \/>\ud83d\udd39 Tres Islas \u2013 parada para foto panor\u00e1mica<br data-start=\"2665\" data-end=\"2668\" \/>\ud83d\udd39 Bah\u00eda de Alacasu \u2013 parada para nadar con acceso a la costa rocosa (30 min)<br data-start=\"2731\" data-end=\"2734\" \/>17:00 \u2013 Regreso al puerto deportivo de Kemer<br data-start=\"2767\" data-end=\"2770\" \/>\ud83d\udd39 Transferir de regreso a los hoteles de Antalya<\/div>\n<h3 data-section-id=\"x7plk0\" data-start=\"201\" data-end=\"230\"><span role=\"text\"><strong data-start=\"205\" data-end=\"230\">\u2139\ufe0f Informaci\u00f3n \u00fatil<\/strong><\/span><\/h3>\n<p data-start=\"232\" data-end=\"517\">\ud83d\udd39 Duraci\u00f3n del tour: aproximadamente 7\u20138 horas (incluye traslados)<br data-start=\"2904\" data-end=\"2907\" \/>\ud83d\udd39 Hora de salida del barco: 10:00 AM<br data-start=\"2939\" data-end=\"2942\" \/>\ud83d\udd39 Apto para todas las edades<br data-start=\"2972\" data-end=\"2975\" \/>\ud83d\udd39 Ambiente relajado con m\u00fasica ligera y entretenimiento suave<br data-start=\"3036\" data-end=\"3039\" \/>El itinerario puede cambiar dependiendo del clima y las condiciones del mar<br data-start=\"3102\" data-end=\"3105\" \/>\ud83d\udd39 El barco cuenta con zonas de sombra y cubiertas para tomar el sol<\/p>\n<h2 dir=\"ltr\"><span style=\"color: #000000;\"><strong>Qu\u00e9 llevar<\/strong><\/span><\/h2>\n<p dir=\"ltr\">\ud83d\udd39 Ba\u00f1ador y toalla.<br \/>\n\ud83d\udd39 Protector solar y gafas de sol.<br \/>\n\ud83d\udd39 Sombrero o gorra<br \/>\n\ud83d\udd39 Funda impermeable para el tel\u00e9fono o la c\u00e1mara<br \/>\n\ud83d\udd39 Algo de dinero en efectivo para gastos personales<\/p>\n<h3 dir=\"ltr\"><strong>\ud83d\udeab No apto para<\/strong><\/h3>\n<p dir=\"ltr\">\ud83d\udd39 Personas propensas a marearse mucho<br \/>\n\ud83d\udd39 Viajeros con movilidad reducida<\/p>\n<h2 dir=\"ltr\"><span style=\"color: #000000;\"><strong>\ud83d\udcb8 Precios y reservas<\/strong><\/span><\/h2>\n<p dir=\"ltr\"><strong>\ud83d\udd39 Reserva ahora, paga el d\u00eda de la excursi\u00f3n<\/strong><br \/>\n\ud83d\udd39 Ponte en contacto con nosotros a trav\u00e9s de WhatsApp, Telegram, Viber, o rellena el siguiente formulario de reserva. \ud83d\udc47\ud83c\udffd<\/p>\n<p>\u00bfBuscando alternativas? <a href=\"https:\/\/excursionsworld.com\/es\/excursiones-antalya\/\">Explora m\u00e1s tours por Antalya.<\/a><\/p>","protected":false},"excerpt":{"rendered":"<p>Excursi\u00f3n en barco de Antalya a Olympos, Phaselis y Porto Genoese. Nade en bah\u00edas cristalinas, disfrute del almuerzo a bordo y traslado al hotel incluido. Reserve ahora.<\/p>","protected":false},"featured_media":16802,"comment_status":"open","ping_status":"closed","template":"","meta":[],"product_brand":[],"product_cat":[125],"product_tag":[107],"class_list":{"0":"post-16808","1":"product","2":"type-product","3":"status-publish","4":"has-post-thumbnail","6":"tour_phys-antalya-tours","7":"tour_phys-pirate-boat-tours","8":"product_cat-antalya-tours","9":"product_tag-antalya","10":"pa_destination-antalya-tours","11":"pa_kategori-pirate-boat-tours","13":"first","14":"instock","15":"sale","16":"featured","17":"shipping-taxable","18":"purchasable","19":"product-type-tour_phys"},"aioseo_notices":[],"_links":{"self":[{"href":"https:\/\/excursionsworld.com\/es\/wp-json\/wp\/v2\/product\/16808","targetHints":{"allow":["GET"]}}],"collection":[{"href":"https:\/\/excursionsworld.com\/es\/wp-json\/wp\/v2\/product"}],"about":[{"href":"https:\/\/excursionsworld.com\/es\/wp-json\/wp\/v2\/types\/product"}],"replies":[{"embeddable":true,"href":"https:\/\/excursionsworld.com\/es\/wp-json\/wp\/v2\/comments?post=16808"}],"wp:featuredmedia":[{"embeddable":true,"href":"https:\/\/excursionsworld.com\/es\/wp-json\/wp\/v2\/media\/16802"}],"wp:attachment":[{"href":"https:\/\/excursionsworld.com\/es\/wp-json\/wp\/v2\/media?parent=16808"}],"wp:term":[{"taxonomy":"product_brand","embeddable":true,"href":"https:\/\/excursionsworld.com\/es\/wp-json\/wp\/v2\/product_brand?post=16808"},{"taxonomy":"product_cat","embeddable":true,"href":"https:\/\/excursionsworld.com\/es\/wp-json\/wp\/v2\/product_cat?post=16808"},{"taxonomy":"product_tag","embeddable":true,"href":"https:\/\/excursionsworld.com\/es\/wp-json\/wp\/v2\/product_tag?post=16808"}],"curies":[{"name":"wp","href":"https:\/\/api.w.org\/{rel}","templated":true}]}}