{"id":16522,"date":"2026-02-27T19:24:17","date_gmt":"2026-02-27T16:24:17","guid":{"rendered":"https:\/\/excursionsworld.com\/?page_id=16522"},"modified":"2026-02-27T22:39:08","modified_gmt":"2026-02-27T19:39:08","slug":"a-propos-de-nous","status":"publish","type":"page","link":"https:\/\/excursionsworld.com\/fr\/about-us\/","title":{"rendered":"\u00c0 propos de nous"},"content":{"rendered":"<div data-elementor-type=\"wp-page\" data-elementor-id=\"16522\" class=\"elementor elementor-16522\">\n\t\t\t\t<div class=\"elementor-element elementor-element-cce95a4 e-flex e-con-boxed e-con e-parent\" data-id=\"cce95a4\" data-element_type=\"container\" data-e-type=\"container\">\n\t\t\t\t\t<div class=\"e-con-inner\">\n\t\t\t\t<div class=\"elementor-element elementor-element-f8692a1 elementor-widget elementor-widget-text-editor\" data-id=\"f8692a1\" data-element_type=\"widget\" data-e-type=\"widget\" data-widget_type=\"text-editor.default\">\n\t\t\t\t<div class=\"elementor-widget-container\">\n\t\t\t\t\t\t\t\t\t<style>\n    \/* Ana kapsay\u0131c\u0131 ve d\u0131\u015f bo\u015fluk s\u0131f\u0131rlama *\/\n    .about-main-wrapper {\n        font-family: 'Segoe UI', Roboto, sans-serif;\n        color: #333;\n        line-height: 1.6;\n        width: 100%;\n        margin-top: -45px !important; \/* Ba\u015fl\u0131\u011fa tam yana\u015fmas\u0131 i\u00e7in *\/\n        padding: 0;\n    }\n\n    .container-inner {\n        width: 100%;\n        max-width: 1200px;\n        margin: 0 auto;\n        padding: 0;\n    }\n\n    \/* Our Story Metni - Tam Geni\u015flik *\/\n    .intro-block {\n        padding: 0 10px;\n        text-align: center;\n        margin-bottom: 25px;\n    }\n\n    .intro-block h2 {\n        color: #1f3c88;\n        font-size: 26px;\n        font-weight: 700;\n        margin-bottom: 10px;\n    }\n\n    \/* Mavi Kutular *\/\n    .info-card {\n        background: #eef4f8; \n        padding: 25px 15px;\n        border-radius: 10px;\n        margin-bottom: 15px;\n        width: 100%;\n        box-sizing: border-box;\n        border: 1px solid #dce6ed;\n    }\n\n    \/* Ba\u015fl\u0131k i\u00e7i ikon stili *\/\n    .card-title {\n        color: #1f3c88;\n        font-size: 22px;\n        font-weight: 700;\n        margin-bottom: 12px;\n        display: flex;\n        align-items: center;\n        justify-content: center;\n        gap: 10px; \/* \u0130kon ve metin aras\u0131 bo\u015fluk *\/\n    }\n\n    .title-icon {\n        font-size: 24px; \/* Ba\u015fl\u0131k b\u00fcy\u00fckl\u00fc\u011f\u00fcnde *\/\n        font-style: normal;\n    }\n\n    \/* Why Us B\u00f6l\u00fcm\u00fc \u0130konlar\u0131 (\u00dcstte duran b\u00fcy\u00fck ikonlar) *\/\n    .card-icon-large {\n        font-size: 55px;\n        margin-bottom: 15px;\n        display: block;\n        text-align: center;\n    }\n\n    .card-text {\n        text-align: center;\n        font-size: 15px;\n        margin: 0;\n    }\n\n    \/* MOB\u0130L AYARLAR *\/\n    @media (max-width: 768px) {\n        .about-main-wrapper {\n            margin-top: -55px !important;\n        }\n        .intro-block {\n            padding: 0 5px;\n        }\n        .info-card {\n            padding: 20px 10px;\n        }\n        .card-title {\n            font-size: 20px;\n        }\n    }\n\n    .legal-footer-box {\n        text-align: center;\n        padding: 30px 10px;\n        margin-top: 20px;\n    }\n<\/style>\n\n<div class=\"about-main-wrapper\">\n    <div class=\"container-inner\">\n        \n        <div class=\"intro-block\">\n            <h2>Notre histoire et notre expertise<\/h2>\n            <p><strong>Excursions World<\/strong> est la premi\u00e8re passerelle num\u00e9rique vers la M\u00e9diterran\u00e9e, o\u00f9 des d\u00e9cennies d'exp\u00e9rience touristique profond\u00e9ment enracin\u00e9e rencontrent une vision moderne et centr\u00e9e sur le client. Bas\u00e9e au c\u0153ur d'Antalya, notre plateforme fonctionne comme le canal officiel de r\u00e9servation et de marketing en ligne pour <strong>GINZA TRAVEL (licence T\u00dcRSAB n\u00b0 4179)<\/strong>, l'une des agences de voyage les plus respect\u00e9es et les mieux \u00e9tablies de la r\u00e9gion.<\/p>\n            <p>Nos op\u00e9rations num\u00e9riques sont g\u00e9r\u00e9es par une \u00e9quipe de professionnels d\u00e9vou\u00e9s qui s'engagent \u00e0 offrir aux voyageurs du monde entier l'exp\u00e9rience de r\u00e9servation la plus transparente, la plus fiable et la plus rapide qui soit.<\/p>\n        <\/div>\n\n        <div class=\"info-card\">\n            <h3 class=\"card-title\"><i class=\"title-icon\">\ud83c\udfaf<\/i>Notre mission<\/h3>\n            <p class=\"card-text\">Pr\u00e9senter la beaut\u00e9, l'histoire et la culture in\u00e9gal\u00e9es des r\u00e9gions de la M\u00e9diterran\u00e9e et de la mer \u00c9g\u00e9e, en veillant \u00e0 ce que nos h\u00f4tes b\u00e9n\u00e9ficient du plus grand confort, de la plus grande s\u00e9curit\u00e9 et de souvenirs de voyage inoubliables.<\/p>\n        <\/div>\n\n        <div class=\"info-card\">\n            <h3 class=\"card-title\"><i class=\"title-icon\">\ud83d\udc41\ufe0f<\/i>Notre vision<\/h3>\n            <p class=\"card-text\">Devenir le partenaire de voyage num\u00e9rique le plus fiable de la r\u00e9gion en associant de mani\u00e8re transparente la technologie moderne \u00e0 l'hospitalit\u00e9 traditionnelle turque et \u00e0 l'excellence op\u00e9rationnelle de Ginza Travel.<\/p>\n        <\/div>\n\n        <h2 style=\"color: #1f3c88; font-size: 26px; font-weight: 700; text-align: center; margin: 35px 0 20px 0;\">Pourquoi Excursions World ?<\/h2>\n\n        <div class=\"info-card\">\n            <span class=\"card-icon-large\">\ud83d\udee1\ufe0f<\/span>\n            <h3 class=\"card-title\">Garantie l\u00e9gale officielle<\/h3>\n            <p class=\"card-text\">Chaque excursion et service r\u00e9serv\u00e9 par l'interm\u00e9diaire de notre plateforme b\u00e9n\u00e9ficie de la garantie juridique et op\u00e9rationnelle totale de Ginza Travel, membre certifi\u00e9 de T\u00dcRSAB.<\/p>\n        <\/div>\n\n        <div class=\"info-card\">\n            <span class=\"card-icon-large\">\ud83d\udcb3<\/span>\n            <h3 class=\"card-title\">Syst\u00e8me s\u00e9curis\u00e9 \u201cPay on Tour<\/h3>\n            <p class=\"card-text\">Nous accordons la priorit\u00e9 \u00e0 votre tranquillit\u00e9 d'esprit. Nous offrons une exp\u00e9rience de r\u00e9servation sans risque, sans paiement anticip\u00e9 en ligne : il vous suffit de r\u00e9server votre place et de payer le jour m\u00eame.<\/p>\n        <\/div>\n\n        <div class=\"info-card\">\n            <span class=\"card-icon-large\">\ud83d\udccd<\/span>\n            <h3 class=\"card-title\">Une connaissance locale in\u00e9gal\u00e9e<\/h3>\n            <p class=\"card-text\">Nous travaillons exclusivement avec des guides locaux professionnels et des \u00e9quipes d'experts qui connaissent les moindres recoins de Kemer et d'Antalya.<\/p>\n        <\/div>\n\n        <div class=\"info-card\">\n            <span class=\"card-icon-large\">\ud83c\udfa7<\/span>\n            <h3 class=\"card-title\">Assistance Premium 24\/7<\/h3>\n            <p class=\"card-text\">Notre \u00e9quipe d'assistance professionnelle est toujours disponible pour vous aider avant, pendant et apr\u00e8s votre voyage.<\/p>\n        <\/div>\n\n        <div class=\"legal-footer-box\">\n            <h3 style=\"color:#1f3c88; font-weight:700;\">Partenariat op\u00e9rationnel et confiance<\/h3>\n            <p>Toutes les activit\u00e9s sont organis\u00e9es, g\u00e9r\u00e9es et enti\u00e8rement assur\u00e9es par :<\/p>\n            <p><strong>GINZA TRAVEL (n\u00b0 de licence : 4179)<\/strong><br>\n            Adresse : Merkez Mah. Atat\u00fcrk Cad. No:3 Kemer \/ Antalya, Turquie<\/p>\n        <\/div>\n\n    <\/div>\n<\/div>\t\t\t\t\t\t\t\t<\/div>\n\t\t\t\t<\/div>\n\t\t\t\t\t<\/div>\n\t\t\t\t<\/div>\n\t\t\t\t<\/div>","protected":false},"excerpt":{"rendered":"<p>\n    \/* Ana kapsay\u0131c\u0131 ve d\u0131\u015f bo\u015fluk s\u0131f\u0131rlama *\/<br \/>\n    .about-main-wrapper {<br \/>\n        font-family: &#8216;Segoe UI&#8217;, <\/p>","protected":false},"author":2,"featured_media":0,"parent":0,"menu_order":0,"comment_status":"closed","ping_status":"closed","template":"","meta":{"footnotes":""},"class_list":["post-16522","page","type-page","status-publish","hentry"],"aioseo_notices":[],"_links":{"self":[{"href":"https:\/\/excursionsworld.com\/fr\/wp-json\/wp\/v2\/pages\/16522","targetHints":{"allow":["GET"]}}],"collection":[{"href":"https:\/\/excursionsworld.com\/fr\/wp-json\/wp\/v2\/pages"}],"about":[{"href":"https:\/\/excursionsworld.com\/fr\/wp-json\/wp\/v2\/types\/page"}],"author":[{"embeddable":true,"href":"https:\/\/excursionsworld.com\/fr\/wp-json\/wp\/v2\/users\/2"}],"replies":[{"embeddable":true,"href":"https:\/\/excursionsworld.com\/fr\/wp-json\/wp\/v2\/comments?post=16522"}],"version-history":[{"count":0,"href":"https:\/\/excursionsworld.com\/fr\/wp-json\/wp\/v2\/pages\/16522\/revisions"}],"wp:attachment":[{"href":"https:\/\/excursionsworld.com\/fr\/wp-json\/wp\/v2\/media?parent=16522"}],"curies":[{"name":"wp","href":"https:\/\/api.w.org\/{rel}","templated":true}]}}