{"id":12742,"date":"2025-05-08T16:15:35","date_gmt":"2025-05-08T13:15:35","guid":{"rendered":"https:\/\/excursionsworld.com\/?post_type=product&#038;p=12742"},"modified":"2026-04-24T00:20:32","modified_gmt":"2026-04-23T21:20:32","slug":"excursion-aquarium-antalya-kemer","status":"publish","type":"product","link":"https:\/\/excursionsworld.com\/tours\/antalya-tunnel-aquarium-tour-kemer\/","title":{"rendered":"Excursion \u00e0 l\u2019Aquarium Tunnel d\u2019Antalya depuis Kemer \u2013 Aventure Marine"},"content":{"rendered":"<h2 dir=\"ltr\" data-pm-slice=\"1 1 []\"><span style=\"color: #000000;\"><strong>\ud83d\udc20 Vue d'ensemble<\/strong><\/span><\/h2>\n<p dir=\"ltr\">Plongez dans un monde sous-marin avec une excursion d'une demi-journ\u00e9e \u00e0 l'aquarium d'Antalya \u00e0 partir de <a href=\"https:\/\/en.wikipedia.org\/wiki\/Kemer,_Antalya\" target=\"_blank\" rel=\"noopener\">Kemer<\/a> et ses environs ! Explorez l'aquarium tunnel et Snow World. Id\u00e9al pour les familles, ce circuit d'environ 4 heures a ravi plus de 500 clients !<\/p>\n<h3 dir=\"ltr\"><span style=\"color: #000000;\"><strong>Inclus :<\/strong><\/span><\/h3>\n<p dir=\"ltr\"><span style=\"color: #00ff00;\"><strong>\u2713<\/strong> <\/span>Prise en charge et retour \u00e0 l'h\u00f4tel<br \/>\n<span style=\"color: #00ff00;\"><strong>\u2713<\/strong> <\/span>Assurance<br \/>\n<span style=\"color: #00ff00;\"><strong>\u2713<\/strong> <\/span>Bus confortable et climatis\u00e9<br \/>\n<span style=\"color: #00ff00;\"><strong>\u2713<\/strong> <\/span>Billet d'entr\u00e9e \u00e0 l'aquarium d'Antalya<\/p>\n<h3 dir=\"ltr\"><span style=\"color: #000000;\"><strong>Non inclus :<\/strong><\/span><\/h3>\n<p dir=\"ltr\"><span style=\"color: #ff0000;\"><strong>\u2717<\/strong><\/span> Boissons<br \/>\n<span style=\"color: #ff0000;\"><strong>\u2717 <\/strong><\/span>D\u00e9penses personnelles<\/p>\n<h2 dir=\"ltr\"><span style=\"color: #000000;\"><strong>\ud83c\udf0a Faits marquants<\/strong><\/span><\/h2>\n<p dir=\"ltr\">\ud83d\udd39 Aquarium tunnel de 131 m\u00e8tres avec des requins<br \/>\n\ud83d\udd39 Poissons exotiques et cr\u00e9atures marines<br \/>\n\ud83d\udd39 Expositions d'aquariums \u00e0 th\u00e8me<br \/>\n\ud83d\udd39 Pays des merveilles de l'hiver dans le monde de la neige<br \/>\nTransfert depuis Kemer<\/p>\n<h2 dir=\"ltr\"><span style=\"color: #000000;\"><strong>\ud83d\udcd6 Description compl\u00e8te<\/strong><\/span><\/h2>\n<p dir=\"ltr\">Embarquez pour une aventure d'une demi-journ\u00e9e entre Kemer et l'aquarium d'Antalya gr\u00e2ce \u00e0 un transfert confortable. Promenez-vous dans le tunnel de l'aquarium, o\u00f9 les requins nagent au-dessus de vos t\u00eates et o\u00f9 les poissons vibrants cr\u00e9ent un spectacle sous-marin. Le monde des neiges vous offre une escapade hivernale en jouant dans la neige. Apr\u00e8s 1,5 \u00e0 2 heures d'exploration, retournez \u00e0 votre h\u00f4tel avec des souvenirs m\u00e9morables.<\/p>\n<h3 dir=\"ltr\"><span style=\"color: #000000;\"><strong>\ud83d\uddfa\ufe0f Itin\u00e9raire de la visite<\/strong><\/span><\/h3>\n<p dir=\"ltr\">\ud83d\udd39 Prise en charge \u00e0 partir de Kemer et des environs<br \/>\nArriv\u00e9e \u00e0 l'aquarium d'Antalya<br \/>\n\ud83d\udd39 Temps libre \u00e0 l'aquarium et au Snow World (1,5-2 heures)<br \/>\nRetour \u00e0 l'h\u00f4tel<\/p>\n<h3 dir=\"ltr\"><span style=\"color: #000000;\"><strong>\u2139\ufe0f Informations utiles<\/strong><\/span><\/h3>\n<div dir=\"ltr\">Dur\u00e9e : ~4 heures (demi-journ\u00e9e)<br \/>\n\ud83d\udd39 Convient aux personnes \u00e0 mobilit\u00e9 r\u00e9duite<br \/>\n\ud83d\udd39 Faible activit\u00e9 physique<br \/>\n\ud83d\udd39 Interdiction de photographier avec un flash dans l'aquarium<\/div>\n<div dir=\"ltr\">\ud83d\udd39 Les enfants voyageant librement n'ont pas de si\u00e8ge s\u00e9par\u00e9 dans le bus. Si le bus est plein, ils s'assoient sur les genoux d'un adulte, ou un si\u00e8ge s\u00e9par\u00e9 peut \u00eatre r\u00e9serv\u00e9<\/div>\n<h2 dir=\"ltr\"><span style=\"color: #000000;\"><strong>\ud83c\udf92 Ce qu'il faut apporter<\/strong><\/span><\/h2>\n<p dir=\"ltr\">\ud83d\udd39 D\u00e9penses en esp\u00e8ces<br \/>\n\ud83d\udd39 Chaussures confortables<br \/>\n\ud83d\udd39 Appareil photo (pas de flash dans l'aquarium)<\/p>\n<div dir=\"ltr\">\n<h3 dir=\"ltr\"><span style=\"color: #000000;\"><strong>\ud83d\udeab Ne convient pas pour<\/strong><\/span><\/h3>\n<p dir=\"ltr\">\ud83d\udd39 Personnes \u00e0 mobilit\u00e9 r\u00e9duite (longues marches)<br \/>\n\ud83d\udd39 Enfants de moins de 2 ans (dur\u00e9e du circuit)<\/p>\n<\/div>\n<h2>\ud83d\udcb8 Prix et r\u00e9servation<\/h2>\n<p><strong>\ud83d\udd39 R\u00e9server maintenant, payer le jour de la visite<\/strong><br \/>\ud83d\udd39 Contactez-nous via WhatsApp, Telegram, ou Viber pour les r\u00e9servations et les d\u00e9tails \ud83d\udc47\ud83c\udffc<\/p>\n<p>\u00c0 la recherche d'alternatives ? Parcourir <a href=\"https:\/\/excursionsworld.com\/fr\/excursions-a-kemer\/\">Plus de visites \u00e0 Kemer<\/a>.<\/p>","protected":false},"excerpt":{"rendered":"<p>R\u00e9server le <b>Visite de l'aquarium de Kemer Antalya<\/b>! Demi-journ\u00e9e <b>voyage<\/b> pour voir le 131m <strong>aquarium tunnel<\/strong>, Le monde de la neige et les poissons exotiques. Famille amusante <b>excursion<\/b>.<\/p>","protected":false},"featured_media":12743,"comment_status":"open","ping_status":"closed","template":"","meta":[],"product_brand":[],"product_cat":[124],"product_tag":[105],"class_list":{"0":"post-12742","1":"product","2":"type-product","3":"status-publish","4":"has-post-thumbnail","6":"tour_phys-kemer-tours","7":"product_cat-kemer-tours","8":"product_tag-kemer","9":"pa_destination-kemer-tours","11":"first","12":"instock","13":"sale","14":"shipping-taxable","15":"purchasable","16":"product-type-tour_phys"},"aioseo_notices":[],"_links":{"self":[{"href":"https:\/\/excursionsworld.com\/fr\/wp-json\/wp\/v2\/product\/12742","targetHints":{"allow":["GET"]}}],"collection":[{"href":"https:\/\/excursionsworld.com\/fr\/wp-json\/wp\/v2\/product"}],"about":[{"href":"https:\/\/excursionsworld.com\/fr\/wp-json\/wp\/v2\/types\/product"}],"replies":[{"embeddable":true,"href":"https:\/\/excursionsworld.com\/fr\/wp-json\/wp\/v2\/comments?post=12742"}],"wp:featuredmedia":[{"embeddable":true,"href":"https:\/\/excursionsworld.com\/fr\/wp-json\/wp\/v2\/media\/12743"}],"wp:attachment":[{"href":"https:\/\/excursionsworld.com\/fr\/wp-json\/wp\/v2\/media?parent=12742"}],"wp:term":[{"taxonomy":"product_brand","embeddable":true,"href":"https:\/\/excursionsworld.com\/fr\/wp-json\/wp\/v2\/product_brand?post=12742"},{"taxonomy":"product_cat","embeddable":true,"href":"https:\/\/excursionsworld.com\/fr\/wp-json\/wp\/v2\/product_cat?post=12742"},{"taxonomy":"product_tag","embeddable":true,"href":"https:\/\/excursionsworld.com\/fr\/wp-json\/wp\/v2\/product_tag?post=12742"}],"curies":[{"name":"wp","href":"https:\/\/api.w.org\/{rel}","templated":true}]}}