{"id":12867,"date":"2025-05-10T11:36:33","date_gmt":"2025-05-10T08:36:33","guid":{"rendered":"https:\/\/excursionsworld.com\/?post_type=product&#038;p=12867"},"modified":"2026-04-24T00:20:33","modified_gmt":"2026-04-23T21:20:33","slug":"excursion-cheval-kemer","status":"publish","type":"product","link":"https:\/\/excursionsworld.com\/tours\/kemer-horseback-riding-tour\/","title":{"rendered":"Excursion \u00e0 Cheval \u00e0 Kemer \u2013 Balade \u00e0 Travers la Nature"},"content":{"rendered":"<h2 dir=\"ltr\" data-pm-slice=\"1 1 []\"><span style=\"color: #000000;\"><strong>\ud83d\udc0e Vue d'ensemble<\/strong><\/span><\/h2>\n<p dir=\"ltr\">Embarquez pour une paisible randonn\u00e9e \u00e0 cheval depuis <a href=\"https:\/\/en.wikipedia.org\/wiki\/Kemer,_Antalya\" target=\"_blank\" rel=\"noopener\">Kemer<\/a> et les environs ! Profitez d'une balade d'une heure \u00e0 travers les sentiers forestiers, avec la possibilit\u00e9 de prolonger \u00e0 2 ou 3 heures. Parfait pour les d\u00e9butants et les amoureux de la nature, ce tour d'environ 2 \u00e0 3 heures comprend les transferts.<\/p>\n<h3 dir=\"ltr\"><strong><span style=\"color: #000000;\">Inclus :<\/span><\/strong><\/h3>\n<p dir=\"ltr\"><span style=\"color: #00ff00;\"><strong>\u2713<\/strong> <\/span>Prise en charge et retour \u00e0 l'h\u00f4tel<br \/>\n<span style=\"color: #00ff00;\"><strong>\u2713<\/strong> <\/span>1 heure d'\u00e9quitation<br \/>\n<span style=\"color: #00ff00;\"><strong>\u2713<\/strong> <\/span>Guide professionnel, chevaux dress\u00e9s<br \/>\n<span style=\"color: #00ff00;\"><strong>\u2713<\/strong> <\/span>Assurance compl\u00e8te<br \/>\n<span style=\"color: #00ff00;\"><strong>\u2713<\/strong> <\/span>Transport confortable<br \/>\n<span style=\"color: #00ff00;\"><strong>\u2713<\/strong> <\/span>Baignade facultative dans la piscine du ranch<\/p>\n<h3 dir=\"ltr\"><span style=\"color: #000000;\"><strong>Non inclus :<\/strong><\/span><\/h3>\n<p dir=\"ltr\"><span style=\"color: #ff0000;\"><strong>\u2717<\/strong><\/span> Boissons<br \/>\n<span style=\"color: #ff0000;\"><strong>\u2717<\/strong><\/span>D\u00e9penses personnelles<\/p>\n<h2 dir=\"ltr\"><span style=\"color: #000000;\"><strong>\ud83c\udf33 Faits marquants<\/strong><\/span><\/h2>\n<p dir=\"ltr\">\ud83d\udd39 1 heure de balade \u00e0 travers les for\u00eats de pins<br \/>\n\ud83d\udd39 Convient \u00e0 tous les niveaux de comp\u00e9tence<br \/>\nDes chevaux sympathiques et des guides exp\u00e9riment\u00e9s<br \/>\n\ud83d\udd39 Randonn\u00e9es optionnelles de 2 ou 3 heures<br \/>\n\ud83d\udd39 Baignade rafra\u00eechissante dans la piscine du ranch<\/p>\n<h2 dir=\"ltr\"><span style=\"color: #000000;\"><strong>\ud83d\udcd6 Description compl\u00e8te<\/strong><\/span><\/h2>\n<p dir=\"ltr\">Commencez votre journ\u00e9e par un transfert de Kemer ou des environs vers un ranch local. Apr\u00e8s un bref briefing, montez en selle et partez pour une randonn\u00e9e d'une heure sur des sentiers de montagne pittoresques, entour\u00e9s de pins et de bruits de la nature. Que vous soyez novice ou cavalier exp\u00e9riment\u00e9, des chevaux entra\u00een\u00e9s et des guides professionnels vous garantissent s\u00e9curit\u00e9 et plaisir. Pour plus d'aventure, vous pouvez prolonger votre randonn\u00e9e \u00e0 2 ou 3 heures moyennant un suppl\u00e9ment. De retour au ranch, rafra\u00eechissez-vous dans la piscine (en option) avant de retourner \u00e0 votre h\u00f4tel, rempli du charme de la nature.<\/p>\n<h3 dir=\"ltr\"><span style=\"color: #000000;\"><strong>\ud83d\uddfa\ufe0f Itin\u00e9raire de la visite<\/strong><\/span><\/h3>\n<p dir=\"ltr\">\ud83d\udd39 Prise en charge \u00e0 partir de Kemer et des environs<br \/>\n\ud83d\udd39 Arriv\u00e9e au ranch<br \/>\n\ud83d\udd39 Briefing et formation \u00e0 l'\u00e9quitation<br \/>\n\ud83d\udd39 1 heure de randonn\u00e9e p\u00e9destre<br \/>\nBaignade facultative au ranch<br \/>\nRetour \u00e0 l'h\u00f4tel<\/p>\n<h3 dir=\"ltr\"><span style=\"color: #000000;\"><strong>\u2139\ufe0f Informations utiles<\/strong><\/span><\/h3>\n<p dir=\"ltr\">Dur\u00e9e : ~2-3 heures (circuit court, transferts inclus)<br \/>\n\ud83d\udd39 Faible activit\u00e9 physique (\u00e9quitation et natation facultative)<br \/>\n\ud83d\udd39 Aucune exp\u00e9rience de l'\u00e9quitation n'est requise, la formation est assur\u00e9e<br \/>\n\ud83d\udd39 Des balades de 2 ou 3 heures sont disponibles en option moyennant un suppl\u00e9ment.<br \/>\n\ud83d\udd39 Casques fournis pour la s\u00e9curit\u00e9<\/p>\n<h3 dir=\"ltr\"><span style=\"color: #000000;\"><strong>\ud83d\udeab Ne convient pas pour<\/strong><\/span><\/h3>\n<p dir=\"ltr\">\ud83d\udd39 Enfants de moins de 6 ans<br \/>\n\ud83d\udd39 Les personnes souffrant de graves probl\u00e8mes de dos ou de cou<br \/>\n\ud83d\udd39 Femmes enceintes<\/p>\n<h2 dir=\"ltr\"><span style=\"color: #000000;\"><strong>\ud83c\udf92 Ce qu'il faut apporter<\/strong><\/span><\/h2>\n<p dir=\"ltr\">Lunettes de soleil et cr\u00e8me solaire<br \/>\nMaillot de bain et serviette (pour la baignade)<br \/>\n\ud83d\udd39 Argent liquide pour les boissons ou les services suppl\u00e9mentaires<\/p>\n<h2 dir=\"ltr\"><span style=\"color: #000000;\"><strong>\ud83d\udcb8 Prix et r\u00e9servation<\/strong><\/span><\/h2>\n<p dir=\"ltr\"><strong>\ud83d\udd39 R\u00e9server maintenant - payer le jour de la visite<\/strong><br \/>\n\ud83d\udd39 Contactez-nous via WhatsApp, Telegram, Viber, ou remplissez le formulaire de r\u00e9servation ci-dessous. \ud83d\udc47\ud83c\udffc<\/p>\n<p>\u00c0 la recherche d'alternatives ? Parcourir <a href=\"https:\/\/excursionsworld.com\/fr\/excursions-a-kemer\/\">Plus de visites \u00e0 Kemer<\/a>.<\/p>","protected":false},"excerpt":{"rendered":"<p>Appr\u00e9ciez<b> Randonn\u00e9e \u00e9questre \u00e0 Kemer<\/b> <b>tourn\u00e9e<\/b>! Bonne chance ! <b>sentiers naturels pittoresques<\/b> \u00e0 travers les for\u00eats de pins. <b>Convient aux d\u00e9butants !<\/b> Temps de piscine facultatif au ranch. <b>Transfert<\/b> inclus.<\/p>","protected":false},"featured_media":12868,"comment_status":"open","ping_status":"closed","template":"","meta":[],"product_brand":[],"product_cat":[124],"product_tag":[105],"class_list":{"0":"post-12867","1":"product","2":"type-product","3":"status-publish","4":"has-post-thumbnail","6":"tour_phys-kemer-tours","7":"product_cat-kemer-tours","8":"product_tag-kemer","9":"pa_destination-kemer-tours","11":"first","12":"instock","13":"sale","14":"featured","15":"shipping-taxable","16":"purchasable","17":"product-type-tour_phys"},"aioseo_notices":[],"_links":{"self":[{"href":"https:\/\/excursionsworld.com\/fr\/wp-json\/wp\/v2\/product\/12867","targetHints":{"allow":["GET"]}}],"collection":[{"href":"https:\/\/excursionsworld.com\/fr\/wp-json\/wp\/v2\/product"}],"about":[{"href":"https:\/\/excursionsworld.com\/fr\/wp-json\/wp\/v2\/types\/product"}],"replies":[{"embeddable":true,"href":"https:\/\/excursionsworld.com\/fr\/wp-json\/wp\/v2\/comments?post=12867"}],"wp:featuredmedia":[{"embeddable":true,"href":"https:\/\/excursionsworld.com\/fr\/wp-json\/wp\/v2\/media\/12868"}],"wp:attachment":[{"href":"https:\/\/excursionsworld.com\/fr\/wp-json\/wp\/v2\/media?parent=12867"}],"wp:term":[{"taxonomy":"product_brand","embeddable":true,"href":"https:\/\/excursionsworld.com\/fr\/wp-json\/wp\/v2\/product_brand?post=12867"},{"taxonomy":"product_cat","embeddable":true,"href":"https:\/\/excursionsworld.com\/fr\/wp-json\/wp\/v2\/product_cat?post=12867"},{"taxonomy":"product_tag","embeddable":true,"href":"https:\/\/excursionsworld.com\/fr\/wp-json\/wp\/v2\/product_tag?post=12867"}],"curies":[{"name":"wp","href":"https:\/\/api.w.org\/{rel}","templated":true}]}}