{"id":12875,"date":"2025-05-10T12:22:23","date_gmt":"2025-05-10T09:22:23","guid":{"rendered":"https:\/\/excursionsworld.com\/?post_type=product&#038;p=12875"},"modified":"2026-04-24T00:20:34","modified_gmt":"2026-04-23T21:20:34","slug":"excursion-dinopark-kemer","status":"publish","type":"product","link":"https:\/\/excursionsworld.com\/tours\/kemer-dinopark-tour-prehistoric-family-fun\/","title":{"rendered":"Excursion au DinoPark \u00e0 Kemer \u2013 Aventure Familiale Pr\u00e9historique"},"content":{"rendered":"<h2><span style=\"color: #000000;\"><strong>\ud83e\udd96 Vue d'ensemble<\/strong><\/span><\/h2>\n<p dir=\"ltr\">Embarquez pour une aventure passionnante \u00e0 DinoPark \u00e0 partir de <a href=\"https:\/\/en.wikipedia.org\/wiki\/Kemer,_Antalya\" target=\"_blank\" rel=\"noopener\">Kemer<\/a> et les environs ! Explorez des dinosaures en mouvement, des zones de fouilles et des aires de jeux. Parfait pour les familles, cette visite d'une demi-journ\u00e9e dure environ 4 \u00e0 5 heures.<\/p>\n<h3 dir=\"ltr\"><span style=\"color: #000000;\"><strong>Inclus :<\/strong><\/span><\/h3>\n<p dir=\"ltr\"><span style=\"color: #00ff00;\"><strong>\u2713<\/strong> <\/span>Prise en charge et retour \u00e0 l'h\u00f4tel<br \/>\n<span style=\"color: #00ff00;\"><strong>\u2713<\/strong> <\/span>Bus confortable et climatis\u00e9<br \/>\n<span style=\"color: #00ff00;\"><strong>\u2713<\/strong> <\/span>Guide<br \/>\n<span style=\"color: #00ff00;\"><strong>\u2713<\/strong> <\/span>Billet d'entr\u00e9e au DinoPark<br \/>\n<span style=\"color: #00ff00;\"><strong>\u2713<\/strong> <\/span>Assurance compl\u00e8te<\/p>\n<h3 dir=\"ltr\"><span style=\"color: #000000;\"><strong>Non inclus :<\/strong><\/span><\/h3>\n<p dir=\"ltr\"><span style=\"color: #ff0000;\"><strong>\u2717<\/strong><\/span> Boissons<br \/>\n<span style=\"color: #ff0000;\"><strong>\u2717 <\/strong><\/span>D\u00e9penses personnelles<\/p>\n<h2 dir=\"ltr\"><span style=\"color: #000000;\"><strong>\ud83c\udf34 Faits marquants<\/strong><\/span><\/h2>\n<p dir=\"ltr\">\ud83d\udd39 Mod\u00e8les de dinosaures en mouvement et rugissants r\u00e9alistes<br \/>\n\ud83d\udd39 Des aires de jeux s\u00fbres pour les enfants<br \/>\n\ud83d\udd39 Zones de fouilles pour les jeunes arch\u00e9ologues<br \/>\n\ud83d\udd39 Sentiers d'aventure dans un cadre naturel<br \/>\n\ud83d\udd39 Amusant et \u00e9ducatif pour tous les \u00e2ges<\/p>\n<h2 dir=\"ltr\"><span style=\"color: #000000;\"><strong>\ud83d\udcd6 Description compl\u00e8te<\/strong><\/span><\/h2>\n<p dir=\"ltr\">Commencez votre voyage par un transfert confortable depuis Kemer ou les environs jusqu'\u00e0 DinoPark, l'un des plus grands parcs de dinosaures en plein air de Turquie. Promenez-vous parmi des mod\u00e8les de dinosaures anim\u00e9s qui rugissent et donnent vie \u00e0 l'\u00e8re jurassique. Les enfants peuvent creuser dans des zones de fouilles et se sentir comme des arch\u00e9ologues, tandis que des sentiers d'aventure offrent des sensations fortes dans une for\u00eat luxuriante. Avec un guide professionnel, explorez les expositions interactives et les aires de jeux s\u00e9curis\u00e9es adapt\u00e9es \u00e0 tous les \u00e2ges. Apr\u00e8s une visite pleine d'action, rentrez \u00e0 votre h\u00f4tel avec le souvenir vivace d'une aventure pr\u00e9historique.<\/p>\n<h3 dir=\"ltr\"><span style=\"color: #000000;\"><strong>\ud83d\uddfa\ufe0f Itin\u00e9raire de la visite<\/strong><\/span><\/h3>\n<p dir=\"ltr\">\ud83d\udd39 Prise en charge \u00e0 partir de Kemer et des environs<br \/>\n\ud83d\udd39 Arriv\u00e9e \u00e0 DinoPark<br \/>\n\ud83d\udd39 Temps libre pour explorer et profiter des attractions<br \/>\nRetour \u00e0 l'h\u00f4tel<\/p>\n<h3 dir=\"ltr\"><span style=\"color: #000000;\"><strong>\u2139\ufe0f Informations utiles<\/strong><\/span><\/h3>\n<p dir=\"ltr\">Dur\u00e9e : ~4-5 heures (demi-journ\u00e9e)<br \/>\n\ud83d\udd39 Faible activit\u00e9 physique (marche et exploration)<br \/>\nConvient aux enfants, sous la surveillance d'un adulte<br \/>\n\ud83d\udd39 Le parc comprend des toilettes et des zones ombrag\u00e9es<\/p>\n<h2 dir=\"ltr\"><span style=\"color: #000000;\"><strong>\ud83c\udf92 Ce qu'il faut apporter<\/strong><\/span><\/h2>\n<p dir=\"ltr\">Lunettes de soleil, chapeau et cr\u00e8me solaire<br \/>\n\ud83d\udd39 Chaussures de marche confortables<br \/>\n\ud83d\udd39 Argent liquide pour les boissons, les souvenirs ou les services suppl\u00e9mentaires<\/p>\n<h3 dir=\"ltr\"><span style=\"color: #000000;\"><strong>\ud83d\udeab Ne convient pas pour<\/strong><\/span><\/h3>\n<p dir=\"ltr\">\ud83d\udd39 Enfants en poussette (terrain accident\u00e9)<br \/>\n\ud83d\udd39 Les h\u00f4tes ayant des probl\u00e8mes de mobilit\u00e9 importants<\/p>\n<h2 dir=\"ltr\">\ud83d\udcb8 Prix et r\u00e9servation<\/h2>\n<p dir=\"ltr\"><strong>\ud83d\udd39 R\u00e9server maintenant - payer le jour de la visite<\/strong><br \/>\n\ud83d\udd39 Contactez-nous via WhatsApp, Telegram, ou Viber, ou remplissez le formulaire de r\u00e9servation ci-dessous. \ud83d\udc47\ud83c\udffc<\/p>\n<p>\u00c0 la recherche d'alternatives ? Parcourir <a href=\"https:\/\/excursionsworld.com\/fr\/excursions-a-kemer\/\">Plus de visites \u00e0 Kemer<\/a>.<\/p>","protected":false},"excerpt":{"rendered":"<p>Visite du DinoPark depuis Kemer avec transfert \u00e0 l'h\u00f4tel. Marchez parmi des mod\u00e8les de dino rugissants, creusez comme un arch\u00e9ologue, et profitez de sentiers forestiers amusants et de zones interactives.<\/p>","protected":false},"featured_media":12876,"comment_status":"open","ping_status":"closed","template":"","meta":[],"product_brand":[],"product_cat":[124],"product_tag":[105],"class_list":{"0":"post-12875","1":"product","2":"type-product","3":"status-publish","4":"has-post-thumbnail","6":"tour_phys-antalya-tours","7":"tour_phys-kemer-tours","8":"product_cat-kemer-tours","9":"product_tag-kemer","10":"pa_destination-kemer-tours","12":"first","13":"instock","14":"sale","15":"featured","16":"shipping-taxable","17":"purchasable","18":"product-type-tour_phys"},"aioseo_notices":[],"_links":{"self":[{"href":"https:\/\/excursionsworld.com\/fr\/wp-json\/wp\/v2\/product\/12875","targetHints":{"allow":["GET"]}}],"collection":[{"href":"https:\/\/excursionsworld.com\/fr\/wp-json\/wp\/v2\/product"}],"about":[{"href":"https:\/\/excursionsworld.com\/fr\/wp-json\/wp\/v2\/types\/product"}],"replies":[{"embeddable":true,"href":"https:\/\/excursionsworld.com\/fr\/wp-json\/wp\/v2\/comments?post=12875"}],"wp:featuredmedia":[{"embeddable":true,"href":"https:\/\/excursionsworld.com\/fr\/wp-json\/wp\/v2\/media\/12876"}],"wp:attachment":[{"href":"https:\/\/excursionsworld.com\/fr\/wp-json\/wp\/v2\/media?parent=12875"}],"wp:term":[{"taxonomy":"product_brand","embeddable":true,"href":"https:\/\/excursionsworld.com\/fr\/wp-json\/wp\/v2\/product_brand?post=12875"},{"taxonomy":"product_cat","embeddable":true,"href":"https:\/\/excursionsworld.com\/fr\/wp-json\/wp\/v2\/product_cat?post=12875"},{"taxonomy":"product_tag","embeddable":true,"href":"https:\/\/excursionsworld.com\/fr\/wp-json\/wp\/v2\/product_tag?post=12875"}],"curies":[{"name":"wp","href":"https:\/\/api.w.org\/{rel}","templated":true}]}}