{"id":12885,"date":"2025-05-10T13:28:00","date_gmt":"2025-05-10T10:28:00","guid":{"rendered":"https:\/\/excursionsworld.com\/?post_type=product&#038;p=12885"},"modified":"2026-04-24T00:20:34","modified_gmt":"2026-04-23T21:20:34","slug":"spectacle-dauphins-nage-kemer","status":"publish","type":"product","link":"https:\/\/excursionsworld.com\/tours\/dolphin-show-swim-kemer\/","title":{"rendered":"Spectacle de Dauphins &amp; Nage avec les Dauphins \u00e0 Kemer \u2013 Plaisir en Famille"},"content":{"rendered":"<h2 dir=\"ltr\"><span style=\"color: #000000;\"><strong>\ud83c\udfadOverview<\/strong><\/span><\/h2>\n<p dir=\"ltr\">Plongez dans la joie avec une excursion au spectacle de dauphins \u00e0 partir de <a href=\"https:\/\/en.wikipedia.org\/wiki\/Kemer,_Antalya\" target=\"_blank\" rel=\"noopener\">Kemer<\/a> et les environs ! Profitez d'un spectacle de 50 minutes avec des dauphins acrobatiques et une nage optionnelle. Parfait pour les familles, ce circuit d'environ 3 \u00e0 4 heures comprend les transferts.<\/p>\n<h3 dir=\"ltr\"><span style=\"color: #000000;\"><strong>Inclus<\/strong>:<\/span><\/h3>\n<p dir=\"ltr\"><span style=\"color: #00ff00;\"><strong>\u2713<\/strong><\/span> Prise en charge et retour \u00e0 l'h\u00f4tel<br \/>\n<span style=\"color: #00ff00;\"><strong>\u2713 <\/strong><\/span>Billet d'entr\u00e9e pour le spectacle des dauphins<br \/>\n<span style=\"color: #00ff00;\"><strong>\u2713 <\/strong><\/span>Bus confortable et climatis\u00e9<br \/>\n<span style=\"color: #00ff00;\"><strong>\u2713 <\/strong><\/span>Assurance compl\u00e8te<br \/>\n<span style=\"color: #00ff00;\"><strong>\u2713 <\/strong><\/span>Guide<\/p>\n<h3 dir=\"ltr\"><span style=\"color: #000000;\"><strong>Non inclus :<\/strong><\/span><\/h3>\n<p dir=\"ltr\"><span style=\"color: #ff0000;\"><strong>\u2717<\/strong> <\/span>D\u00e9penses personnelles, photos et vid\u00e9os<br \/>\n<span style=\"color: #ff0000;\"><strong>\u2717<\/strong> <\/span>Boissons<br \/>\n<span style=\"color: #ff0000;\"><strong>\u2717<\/strong> <\/span>Nager avec les dauphins (en suppl\u00e9ment)<\/p>\n<h2 dir=\"ltr\"><span style=\"color: #000000;\"><strong>\ud83c\udfad Faits marquants<\/strong><\/span><\/h2>\n<p dir=\"ltr\">\ud83d\udd39 Spectacle de dauphins de 50 minutes avec sauts et figures<br \/>\n\ud83d\udd39 Amusant et \u00e9ducatif pour tous les \u00e2ges<br \/>\n\ud83d\udd39 Des dauphins joueurs et des dresseurs comp\u00e9tents<br \/>\nNage avec les dauphins en option<br \/>\n\ud83d\udd39 Divertissements pour les familles<\/p>\n<h2 dir=\"ltr\"><span style=\"color: #000000;\"><strong>\ud83d\udcd6 Description compl\u00e8te<\/strong><\/span><\/h2>\n<p dir=\"ltr\">Embarquez pour une d\u00e9licieuse aventure avec un transfert depuis votre h\u00f4tel de Kemer ou les environs vers l'un des meilleurs delphinariums d'Antalya. Installez-vous pour un spectacle de 50 minutes o\u00f9 des dauphins intelligents ex\u00e9cutent des sauts, des danses et des tours de passe-passe \u00e0 couper le souffle, aux c\u00f4t\u00e9s de leurs dresseurs. La chor\u00e9graphie captive petits et grands, m\u00ealant amusement et d\u00e9couverte fascinante de la vie marine. Pour une rencontre plus intime, optez pour une nage avec les dauphins (co\u00fbt suppl\u00e9mentaire, r\u00e9servation obligatoire). Apr\u00e8s le spectacle, profitez d'un peu de temps libre et retournez \u00e0 votre h\u00f4tel en souriant de cette exp\u00e9rience r\u00e9confortante.<\/p>\n<h3 dir=\"ltr\"><span style=\"color: #000000;\"><strong>\ud83d\uddfa\ufe0f Itin\u00e9raire de la visite<\/strong><\/span><\/h3>\n<p dir=\"ltr\">\ud83d\udd39 Prise en charge \u00e0 partir de Kemer et des environs<br \/>\n\ud83d\udd39 Arriv\u00e9e au delphinarium<br \/>\n\ud83d\udd39 Spectacle de dauphins (50 minutes)<br \/>\nTemps libre et nage avec les dauphins en option<br \/>\nRetour \u00e0 l'h\u00f4tel<\/p>\n<h3 dir=\"ltr\"><span style=\"color: #000000;\"><strong>\u2139\ufe0f Informations utiles<\/strong><\/span><\/h3>\n<p dir=\"ltr\">Dur\u00e9e : ~3-4 heures (circuit court, transferts inclus)<br \/>\n\ud83d\udd39 Faible activit\u00e9 physique (regarder et marcher)<\/p>\n<h2 dir=\"ltr\"><span style=\"color: #000000;\"><strong>\ud83c\udf92 Ce qu'il faut apporter<\/strong><\/span><\/h2>\n<p dir=\"ltr\">\ud83d\udd39 Lunettes de soleil<br \/>\n\ud83d\udd39 Appareil photo ou smartphone<br \/>\n\ud83d\udd39 Argent liquide pour les boissons ou les services suppl\u00e9mentaires<br \/>\n\ud83d\udd39 V\u00eatements confortables<\/p>\n<h3 dir=\"ltr\"><span style=\"color: #000000;\"><strong>\ud83d\udeab Ne convient pas pour<\/strong><\/span><\/h3>\n<p dir=\"ltr\">\ud83d\udd39 Les personnes souffrant d'allergies animales graves<br \/>\n\ud83d\udd39 Invit\u00e9s ayant des limitations de mobilit\u00e9 importantes (contacter \u00e0 l'avance)<\/p>\n<div class=\"elementor-element elementor-element-884d539 e-con-full e-flex e-con e-child\" data-id=\"884d539\" data-element_type=\"container\">\n<div id=\"description\" class=\"elementor-element elementor-element-337037cc elementor-widget elementor-widget-thim-ekits-tours-content\" data-id=\"337037cc\" data-element_type=\"widget\" data-widget_type=\"thim-ekits-tours-content.default\">\n<div class=\"elementor-widget-container\">\n<div class=\"thim-ekit-single-tour__content\">\n<h2>\ud83d\udcb8 Prix et r\u00e9servation<\/h2>\n<p><strong>\ud83d\udd39 R\u00e9server maintenant, payer le jour de la visite<\/strong><br \/>\ud83d\udd39 Contactez-nous via WhatsApp, Telegram, Viber, ou remplissez le formulaire de r\u00e9servation ci-dessous \ud83d\udc47\ud83c\udffc<\/p>\n<\/div>\n<\/div>\n<\/div>\n<\/div>\n<p>\u00c0 la recherche d'alternatives ? Parcourir <a href=\"https:\/\/excursionsworld.com\/fr\/excursions-a-kemer\/\">Plus de visites \u00e0 Kemer<\/a>.<\/p>","protected":false},"excerpt":{"rendered":"<p>Le parfait <b>excursion d'une journ\u00e9e en famille<\/b>! Appr\u00e9ciez les 50 minutes <b>Spectacle de dauphins \u00e0 Kemer<\/b> ou opter pour un <b>nager avec les dauphins<\/b>! Inoubliable marine <b>excursion<\/b>. <b>Transfert<\/b> inclus.<\/p>","protected":false},"featured_media":12886,"comment_status":"open","ping_status":"closed","template":"","meta":[],"product_brand":[],"product_cat":[124],"product_tag":[105],"class_list":{"0":"post-12885","1":"product","2":"type-product","3":"status-publish","4":"has-post-thumbnail","6":"tour_phys-kemer-tours","7":"product_cat-kemer-tours","8":"product_tag-kemer","9":"pa_destination-kemer-tours","11":"first","12":"instock","13":"sale","14":"featured","15":"shipping-taxable","16":"purchasable","17":"product-type-tour_phys"},"aioseo_notices":[],"_links":{"self":[{"href":"https:\/\/excursionsworld.com\/fr\/wp-json\/wp\/v2\/product\/12885","targetHints":{"allow":["GET"]}}],"collection":[{"href":"https:\/\/excursionsworld.com\/fr\/wp-json\/wp\/v2\/product"}],"about":[{"href":"https:\/\/excursionsworld.com\/fr\/wp-json\/wp\/v2\/types\/product"}],"replies":[{"embeddable":true,"href":"https:\/\/excursionsworld.com\/fr\/wp-json\/wp\/v2\/comments?post=12885"}],"wp:featuredmedia":[{"embeddable":true,"href":"https:\/\/excursionsworld.com\/fr\/wp-json\/wp\/v2\/media\/12886"}],"wp:attachment":[{"href":"https:\/\/excursionsworld.com\/fr\/wp-json\/wp\/v2\/media?parent=12885"}],"wp:term":[{"taxonomy":"product_brand","embeddable":true,"href":"https:\/\/excursionsworld.com\/fr\/wp-json\/wp\/v2\/product_brand?post=12885"},{"taxonomy":"product_cat","embeddable":true,"href":"https:\/\/excursionsworld.com\/fr\/wp-json\/wp\/v2\/product_cat?post=12885"},{"taxonomy":"product_tag","embeddable":true,"href":"https:\/\/excursionsworld.com\/fr\/wp-json\/wp\/v2\/product_tag?post=12885"}],"curies":[{"name":"wp","href":"https:\/\/api.w.org\/{rel}","templated":true}]}}