{"id":12893,"date":"2025-05-10T13:52:10","date_gmt":"2025-05-10T10:52:10","guid":{"rendered":"https:\/\/excursionsworld.com\/?post_type=product&#038;p=12893"},"modified":"2026-04-24T00:20:35","modified_gmt":"2026-04-23T21:20:35","slug":"peche-pique-nique-kemer-ulupinar","status":"publish","type":"product","link":"https:\/\/excursionsworld.com\/tours\/kemer-fishing-picnic-tour-ulupinar\/","title":{"rendered":"P\u00eache et Pique-Nique \u00e0 Kemer \u2013 Demi-Journ\u00e9e \u00e0 Ulup\u0131nar"},"content":{"rendered":"<h2 dir=\"ltr\" data-pm-slice=\"1 1 []\"><span style=\"color: #000000;\"><strong>\ud83c\udfa3 Vue d'ensemble<\/strong><\/span><\/h2>\n<p dir=\"ltr\">\u00c9vadez-vous du tumulte avec un pique-nique et une excursion de p\u00eache \u00e0 Ulup\u0131nar \u00e0 partir de <a href=\"https:\/\/en.wikipedia.org\/wiki\/Kemer,_Antalya\" target=\"_blank\" rel=\"noopener\">Kemer<\/a> et les environs ! Profitez d'une journ\u00e9e de d\u00e9tente au bord de la rivi\u00e8re, avec de la p\u00eache et un d\u00e9licieux d\u00e9jeuner en pleine nature. Adapt\u00e9 \u00e0 tous les \u00e2ges, ce circuit dure environ 5 \u00e0 6 heures.<\/p>\n<h3 dir=\"ltr\"><span style=\"color: #000000;\"><strong>Inclus<\/strong><\/span>:<\/h3>\n<p dir=\"ltr\"><span style=\"color: #00ff00;\"><strong>\u2713<\/strong> <\/span>Prise en charge et retour \u00e0 l'h\u00f4tel<br \/>\n<span style=\"color: #00ff00;\"><strong>\u2713 <\/strong><\/span>Guide professionnel<br \/>\n<span style=\"color: #00ff00;\"><strong>\u2713 <\/strong><\/span>Assurance compl\u00e8te<br \/>\n<span style=\"color: #00ff00;\"><strong>\u2713 <\/strong><\/span>Bus confortable et climatis\u00e9<br \/>\n<span style=\"color: #00ff00;\"><strong>\u2713 <\/strong><\/span>D\u00e9jeuner et boissons au bord de la rivi\u00e8re<br \/>\n<span style=\"color: #00ff00;\"><strong>\u2713 <\/strong><\/span>Mat\u00e9riel de p\u00eache<\/p>\n<h3 dir=\"ltr\"><span style=\"color: #000000;\"><strong>Non inclus :<\/strong><\/span><\/h3>\n<p dir=\"ltr\"><span style=\"color: #ff0000;\"><strong>\u2717<\/strong> <\/span>D\u00e9penses personnelles, photos et vid\u00e9os<\/p>\n<h2 dir=\"ltr\"><span style=\"color: #000000;\"><strong>\ud83c\udf33 Faits marquants<\/strong><\/span><\/h2>\n<p dir=\"ltr\">\ud83d\udd39 Pique-nique tranquille au bord des eaux fra\u00eeches d'Ulup\u0131nar<br \/>\n\ud83d\udd39 1,5 heure de p\u00eache avec la possibilit\u00e9 de cuisiner votre prise<br \/>\n\ud83d\udd39 Espaces de d\u00e9tente ombrag\u00e9s<br \/>\n\ud83d\udd39 Nature pittoresque id\u00e9ale pour les familles et les couples<br \/>\n\ud83d\udd39 Exp\u00e9rience relaxante en plein air<\/p>\n<h2 dir=\"ltr\"><span style=\"color: #000000;\"><strong>\ud83d\udcd6 Description compl\u00e8te<\/strong><\/span><\/h2>\n<p dir=\"ltr\">Plongez dans la tranquillit\u00e9 avec un transfert depuis Kemer ou les environs vers Ulup\u0131nar, r\u00e9put\u00e9 pour ses cours d'eau frais et ses paysages luxuriants. Dans un restaurant au bord de la rivi\u00e8re, installez-vous pour une s\u00e9ance de p\u00eache d'une heure et demie dans des bassins d\u00e9sign\u00e9s ou d\u00e9tendez-vous simplement dans un endroit ombrag\u00e9 pour pique-niquer. Attrapez des poissons qui peuvent \u00eatre fra\u00eechement pr\u00e9par\u00e9s pour vous. Savourez un d\u00e9licieux d\u00e9jeuner au bord de la rivi\u00e8re, en vous impr\u00e9gnant de l'ambiance des pins et du murmure de l'eau. Cette excursion familiale allie nature et d\u00e9tente, et vous ram\u00e8ne \u00e0 votre h\u00f4tel frais et dispos.<\/p>\n<h3 dir=\"ltr\"><span style=\"color: #000000;\"><strong>\ud83d\uddfa\ufe0f Itin\u00e9raire de la visite<\/strong><\/span><\/h3>\n<p dir=\"ltr\">\ud83d\udd39 Prise en charge \u00e0 partir de Kemer et des environs<br \/>\n\ud83d\udd39 Arriv\u00e9e au restaurant Ulup\u0131nar<br \/>\n\ud83d\udd39 Briefing sur la p\u00eache<br \/>\n\ud83d\udd39 1,5 heure de p\u00eache ou de temps libre<br \/>\n\ud83d\udd39 D\u00e9jeuner au bord de la rivi\u00e8re<br \/>\nRetour \u00e0 l'h\u00f4tel<\/p>\n<h3 dir=\"ltr\"><span style=\"color: #000000;\"><strong>\u2139\ufe0f Informations utiles<\/strong><\/span><\/h3>\n<p dir=\"ltr\">Dur\u00e9e : ~5-6 heures (demi-journ\u00e9e)<br \/>\n\ud83d\udd39 Faible activit\u00e9 physique (p\u00eache ou d\u00e9tente)<br \/>\n\ud83d\udd39 La p\u00eache est facultative ; vous pouvez simplement profiter du pique-nique<br \/>\n\ud83d\udd39 Le poisson p\u00each\u00e9 peut \u00eatre cuit<br \/>\n\ud83d\udd39 Visite disponible tous les jours pendant la saison estivale<br \/>\n\ud83d\udd39 Convient \u00e0 tous les \u00e2ges<\/p>\n<h2 dir=\"ltr\">\ud83c\udf92 Ce qu'il faut apporter<\/h2>\n<p dir=\"ltr\">Lunettes de soleil et cr\u00e8me solaire<br \/>\n\ud83d\udd39 Appareil photo (facultatif)<\/p>\n<h3 dir=\"ltr\"><span style=\"color: #000000;\"><strong>\ud83d\udeab Ne convient pas pour<\/strong><\/span><\/h3>\n<p dir=\"ltr\">\ud83d\udd39 Les h\u00f4tes ayant de graves probl\u00e8mes de mobilit\u00e9<br \/>\n\ud83d\udd39 Les personnes qui n'aiment pas les activit\u00e9s de plein air<\/p>\n<h2 dir=\"ltr\"><span style=\"color: #000000;\"><strong>\ud83d\udcb8 Prix et r\u00e9servation<\/strong><\/span><\/h2>\n<p dir=\"ltr\"><strong>\ud83d\udd39 R\u00e9server maintenant - payer le jour de la visite<\/strong><br \/>\n\ud83d\udd39 Contactez-nous via WhatsApp, Telegram, Viber, ou remplissez le formulaire de r\u00e9servation ci-dessous. \ud83d\udc47\ud83c\udffc<\/p>\n<p>\u00c0 la recherche d'alternatives ? Parcourir <a href=\"https:\/\/excursionsworld.com\/fr\/excursions-a-kemer\/\">Plus de visites \u00e0 Kemer<\/a>.<\/p>","protected":false},"excerpt":{"rendered":"<p>R\u00e9servez votre ultime <b>excursion d'une journ\u00e9e<\/b>! Bonne chance ! <b>P\u00eache et pique-nique \u00e0 Kemer<\/b> <b>excursion<\/b> en toute tranquillit\u00e9 <b>Ulup\u0131nar<\/b> au bord de la rivi\u00e8re. P\u00eachez (cuisinez votre <b>attraper<\/b>!), se d\u00e9tendre, et avoir un d\u00e9jeuner et des boissons inclus.<\/p>","protected":false},"featured_media":12894,"comment_status":"open","ping_status":"closed","template":"","meta":[],"product_brand":[],"product_cat":[124],"product_tag":[105],"class_list":{"0":"post-12893","1":"product","2":"type-product","3":"status-publish","4":"has-post-thumbnail","6":"tour_phys-kemer-tours","7":"product_cat-kemer-tours","8":"product_tag-kemer","9":"pa_destination-kemer-tours","11":"first","12":"instock","13":"sale","14":"featured","15":"shipping-taxable","16":"purchasable","17":"product-type-tour_phys"},"aioseo_notices":[],"_links":{"self":[{"href":"https:\/\/excursionsworld.com\/fr\/wp-json\/wp\/v2\/product\/12893","targetHints":{"allow":["GET"]}}],"collection":[{"href":"https:\/\/excursionsworld.com\/fr\/wp-json\/wp\/v2\/product"}],"about":[{"href":"https:\/\/excursionsworld.com\/fr\/wp-json\/wp\/v2\/types\/product"}],"replies":[{"embeddable":true,"href":"https:\/\/excursionsworld.com\/fr\/wp-json\/wp\/v2\/comments?post=12893"}],"wp:featuredmedia":[{"embeddable":true,"href":"https:\/\/excursionsworld.com\/fr\/wp-json\/wp\/v2\/media\/12894"}],"wp:attachment":[{"href":"https:\/\/excursionsworld.com\/fr\/wp-json\/wp\/v2\/media?parent=12893"}],"wp:term":[{"taxonomy":"product_brand","embeddable":true,"href":"https:\/\/excursionsworld.com\/fr\/wp-json\/wp\/v2\/product_brand?post=12893"},{"taxonomy":"product_cat","embeddable":true,"href":"https:\/\/excursionsworld.com\/fr\/wp-json\/wp\/v2\/product_cat?post=12893"},{"taxonomy":"product_tag","embeddable":true,"href":"https:\/\/excursionsworld.com\/fr\/wp-json\/wp\/v2\/product_tag?post=12893"}],"curies":[{"name":"wp","href":"https:\/\/api.w.org\/{rel}","templated":true}]}}