{"id":12915,"date":"2025-05-10T15:55:17","date_gmt":"2025-05-10T12:55:17","guid":{"rendered":"https:\/\/excursionsworld.com\/?post_type=product&#038;p=12915"},"modified":"2026-04-24T00:20:35","modified_gmt":"2026-04-23T21:20:35","slug":"kemer-parapente-biplace-adrasan","status":"publish","type":"product","link":"https:\/\/excursionsworld.com\/tours\/kemer-tandem-paragliding-adrasan\/","title":{"rendered":"Kemer Parapente Biplace \u00e0 Adrasan \u2013 Aventure dans le Ciel"},"content":{"rendered":"<h2 dir=\"ltr\" data-pm-slice=\"1 1 []\"><span style=\"color: #000000;\"><strong>\ud83e\ude82 Vue d'ensemble<\/strong><\/span><\/h2>\n<p dir=\"ltr\">D\u00e9couvrez le frisson du parapente au-dessus du littoral d'Adrasan lors d'une excursion d'une demi-journ\u00e9e depuis <a href=\"https:\/\/en.wikipedia.org\/wiki\/Kemer,_Antalya\" target=\"_blank\" rel=\"noopener\">Kemer<\/a> et ses environs ! Envolez-vous \u00e0 985 m, profitez de la vue sur la mer M\u00e9diterran\u00e9e et baignez-vous \u00e0 la plage d'Adrasan. Cette aventure d'environ 4 \u00e0 5 heures est parfaite pour les amateurs de sensations fortes.<\/p>\n<h3 dir=\"ltr\"><span style=\"color: #000000;\"><strong>Inclus :<\/strong><\/span><\/h3>\n<p dir=\"ltr\"><span style=\"color: #00ff00;\"><strong>\u2713<\/strong> <\/span>Prise en charge et retour \u00e0 l'h\u00f4tel<br \/>\n<span style=\"color: #00ff00;\"><strong>\u2713<\/strong> <\/span>Pilotes professionnels, \u00e9quipement certifi\u00e9<br \/>\n<span style=\"color: #00ff00;\"><strong>\u2713<\/strong> <\/span>Vol en parapente (25-35 minutes)<br \/>\n<span style=\"color: #00ff00;\"><strong>\u2713<\/strong> <\/span>Assurance compl\u00e8te<br \/>\n<span style=\"color: #00ff00;\"><strong>\u2713<\/strong> <\/span>Pause baignade \u00e0 la plage d'Adrasan<\/p>\n<h3 dir=\"ltr\"><span style=\"color: #000000;\"><strong>Non inclus :<\/strong><\/span><\/h3>\n<p dir=\"ltr\"><span style=\"color: #ff0000;\"><strong>\u2717<\/strong><\/span> D\u00e9penses personnelles<br \/>\n<span style=\"color: #ff0000;\"><strong>\u2717 <\/strong><\/span>Photos et vid\u00e9os (facultatif)<br \/>\n<span style=\"color: #ff0000;\"><strong>\u2717 <\/strong><\/span>Boissons<\/p>\n<h2 dir=\"ltr\"><span style=\"color: #000000;\"><strong>\ud83c\udf0a Faits marquants<\/strong><\/span><\/h2>\n<p dir=\"ltr\">\ud83d\udd39 Vol \u00e0 985 m au-dessus de la baie d'Adrasan<br \/>\n\ud83d\udd39 Vue imprenable sur la mer et les montagnes<br \/>\n\ud83d\udd39 Vol en toute s\u00e9curit\u00e9 avec des pilotes exp\u00e9riment\u00e9s<br \/>\n\ud83d\udd39 Atterrissage en douceur sur la plage d'Adrasan<br \/>\n\ud83d\udd39 Baignade relaxante apr\u00e8s le vol<\/p>\n<h2 dir=\"ltr\"><span style=\"color: #000000;\"><strong>\ud83d\udcd6 Description compl\u00e8te<\/strong><\/span><\/h2>\n<p dir=\"ltr\">Commencez votre aventure par un transfert confortable depuis Kemer ou les environs jusqu'au point de d\u00e9part \u00e0 Adrasan, \u00e0 985 m d'altitude. Apr\u00e8s un briefing complet sur la s\u00e9curit\u00e9, des pilotes professionnels vous pr\u00e9pareront pour le vol. Pendant 25 \u00e0 35 minutes, vous survolez les eaux turquoise de la baie d'Adrasan, les vall\u00e9es luxuriantes et les sommets escarp\u00e9s, et vous vous impr\u00e9gnez de la beaut\u00e9 de la M\u00e9diterran\u00e9e. Atterrissez en douceur sur la plage d'Adrasan, o\u00f9 vous pourrez vous baigner dans des eaux cristallines et vous d\u00e9tendre. Retournez \u00e0 votre h\u00f4tel, gris\u00e9 par le vol et la mer.<\/p>\n<h3 dir=\"ltr\"><span style=\"color: #000000;\"><strong>\ud83d\uddfa\ufe0f Itin\u00e9raire de la visite<\/strong><\/span><\/h3>\n<p dir=\"ltr\">\ud83d\udd39 Prise en charge \u00e0 partir de Kemer et des environs<br \/>\n\ud83d\udd39 Arriv\u00e9e au point de lancement d'Adrasan (985 m)<br \/>\n\ud83d\udd39 Briefing et mise en place de l'\u00e9quipement<br \/>\n\ud83d\udd39 Vol en parapente (25-35 minutes)<br \/>\nAtterrissage et baignade \u00e0 la plage d'Adrasan<br \/>\nRetour \u00e0 l'h\u00f4tel<\/p>\n<h3 dir=\"ltr\"><span style=\"color: #000000;\"><strong>\u2139\ufe0f Informations utiles<\/strong><\/span><\/h3>\n<p dir=\"ltr\">Dur\u00e9e : ~4-5 heures (demi-journ\u00e9e)<br \/>\n\ud83d\udd39 Activit\u00e9 physique mod\u00e9r\u00e9e<br \/>\n\ud83d\udd39 \u00c2ge minimum : 5 ans ; poids maximum : 110 kg<br \/>\n\ud83d\udd39 Les vols d\u00e9pendent des conditions m\u00e9t\u00e9orologiques et du vent<br \/>\n\ud83d\udd39 Indiquer le nom et l'adresse de l'h\u00f4tel lors de la r\u00e9servation<br \/>\n\ud83d\udd39 Des forfaits photo\/vid\u00e9o sont disponibles apr\u00e8s l'atterrissage<\/p>\n<h2 dir=\"ltr\"><span style=\"color: #000000;\"><strong>\ud83c\udf92 Ce qu'il faut apporter<\/strong><\/span><\/h2>\n<p dir=\"ltr\">\ud83d\udd39 Chaussures de sport (pas de sandales ni de tongs)<br \/>\nLunettes de soleil et cr\u00e8me solaire<br \/>\nMaillot de bain et serviette de bain<br \/>\n\ud83d\udd39 Eau ou boissons l\u00e9g\u00e8res<br \/>\n\ud83d\udd39 Argent liquide pour des photos ou des services suppl\u00e9mentaires<\/p>\n<h3 dir=\"ltr\"><span style=\"color: #000000;\"><strong>\ud83d\udeab Ne convient pas pour<\/strong><\/span><\/h3>\n<p dir=\"ltr\">\ud83d\udd39 Femmes enceintes<br \/>\n\ud83d\udd39 Enfants de moins de 5 ans<br \/>\n\ud83d\udd39 Les personnes souffrant de troubles cardiaques ou d'\u00e9pilepsie<br \/>\n\ud83d\udd39 Personnes de plus de 110 kg<\/p>\n<h2 dir=\"ltr\"><span style=\"color: #000000;\"><strong>\ud83d\udcb8 Prix et r\u00e9servation<\/strong><\/span><\/h2>\n<p dir=\"ltr\"><strong>\ud83d\udd39 R\u00e9server maintenant - payer le jour de la visite<\/strong><br \/>\n\ud83d\udd39 Contactez-nous via WhatsApp, Telegram, Viber, ou remplissez le formulaire de r\u00e9servation ci-dessous. \ud83d\udc47\ud83c\udffc<\/p>\n<p>\u00c0 la recherche d'alternatives ? Parcourir <a href=\"https:\/\/excursionsworld.com\/fr\/excursions-a-kemer\/\">Plus de visites \u00e0 Kemer<\/a>.<\/p>","protected":false},"excerpt":{"rendered":"<p>Parapente en tandem \u00e0 Adrasan depuis Kemer avec des pilotes experts. Survolez les baies turquoise et atterrissez sur la plage. Transfert \u00e0 l'h\u00f4tel et encadrement complet inclus.<\/p>","protected":false},"featured_media":12841,"comment_status":"open","ping_status":"closed","template":"","meta":[],"product_brand":[],"product_cat":[124],"product_tag":[105],"class_list":{"0":"post-12915","1":"product","2":"type-product","3":"status-publish","4":"has-post-thumbnail","6":"tour_phys-kemer-tours","7":"product_cat-kemer-tours","8":"product_tag-kemer","9":"pa_destination-kemer-tours","11":"first","12":"instock","13":"sale","14":"featured","15":"shipping-taxable","16":"purchasable","17":"product-type-tour_phys"},"aioseo_notices":[],"_links":{"self":[{"href":"https:\/\/excursionsworld.com\/fr\/wp-json\/wp\/v2\/product\/12915","targetHints":{"allow":["GET"]}}],"collection":[{"href":"https:\/\/excursionsworld.com\/fr\/wp-json\/wp\/v2\/product"}],"about":[{"href":"https:\/\/excursionsworld.com\/fr\/wp-json\/wp\/v2\/types\/product"}],"replies":[{"embeddable":true,"href":"https:\/\/excursionsworld.com\/fr\/wp-json\/wp\/v2\/comments?post=12915"}],"wp:featuredmedia":[{"embeddable":true,"href":"https:\/\/excursionsworld.com\/fr\/wp-json\/wp\/v2\/media\/12841"}],"wp:attachment":[{"href":"https:\/\/excursionsworld.com\/fr\/wp-json\/wp\/v2\/media?parent=12915"}],"wp:term":[{"taxonomy":"product_brand","embeddable":true,"href":"https:\/\/excursionsworld.com\/fr\/wp-json\/wp\/v2\/product_brand?post=12915"},{"taxonomy":"product_cat","embeddable":true,"href":"https:\/\/excursionsworld.com\/fr\/wp-json\/wp\/v2\/product_cat?post=12915"},{"taxonomy":"product_tag","embeddable":true,"href":"https:\/\/excursionsworld.com\/fr\/wp-json\/wp\/v2\/product_tag?post=12915"}],"curies":[{"name":"wp","href":"https:\/\/api.w.org\/{rel}","templated":true}]}}