{"id":12918,"date":"2025-05-10T17:50:54","date_gmt":"2025-05-10T14:50:54","guid":{"rendered":"https:\/\/excursionsworld.com\/?post_type=product&#038;p=12918"},"modified":"2026-04-24T01:34:40","modified_gmt":"2026-04-23T22:34:40","slug":"sunset-telepherique-tahtali-kemer","status":"publish","type":"product","link":"https:\/\/excursionsworld.com\/tours\/sunset-cable-car-tahtali-kemer\/","title":{"rendered":"Kemer T\u00e9l\u00e9ph\u00e9rique au coucher du soleil vers le mont Tahtali \u2013 Olympos Teleferik"},"content":{"rendered":"<h2 dir=\"ltr\" data-pm-slice=\"1 1 []\"><span style=\"color: #000000;\"><strong>\ud83c\udfd4\ufe0f Vue d'ensemble<\/strong><\/span><\/h2>\n<p dir=\"ltr\">Embarquez pour un voyage inoubliable au sommet du mont Tahtal\u0131 pour assister \u00e0 un coucher de soleil \u00e0 2365 m\u00e8tres d'altitude. L'ascension se fait par l'un des plus longs t\u00e9l\u00e9ph\u00e9riques du monde et offre une vue imprenable sur la mer M\u00e9diterran\u00e9e et les montagnes du Taurus. Id\u00e9al pour une soir\u00e9e romantique ou une retraite dans la nature en toute s\u00e9r\u00e9nit\u00e9 !<\/p>\n<h3 dir=\"ltr\"><span style=\"color: #000000;\"><strong>Inclus :<\/strong><\/span><\/h3>\n<p dir=\"ltr\"><span style=\"color: #00ff00;\"><strong>\u2713<\/strong><\/span> Prise en charge et retour \u00e0 l'h\u00f4tel<br \/>\n<span style=\"color: #00ff00;\"><strong>\u2713 <\/strong><\/span>Assurance<br \/>\n<span style=\"color: #00ff00;\"><strong>\u2713 <\/strong><\/span>Billet de t\u00e9l\u00e9ph\u00e9rique<br \/>\n<span style=\"color: #00ff00;\"><strong>\u2713 <\/strong><\/span>D\u00eener avec musique live<\/p>\n<h3 dir=\"ltr\"><span style=\"color: #000000;\"><strong>Non inclus :<\/strong><\/span><\/h3>\n<p dir=\"ltr\"><span style=\"color: #ff0000;\"><strong>\u2717<\/strong><\/span> Boissons<br \/>\n<span style=\"color: #ff0000;\"><strong>\u2717 <\/strong><\/span>D\u00e9penses personnelles<br \/>\n<span style=\"color: #ff0000;\"><strong>\u2717 <\/strong><\/span>Photos et vid\u00e9os<\/p>\n<h2 dir=\"ltr\"><span style=\"color: #000000;\"><strong>\ud83c\udf1f Points forts de la visite<\/strong><\/span><\/h2>\n<p dir=\"ltr\">\ud83d\udd39 Mont\u00e9e en t\u00e9l\u00e9ph\u00e9rique (12 minutes) au sommet du Tahtal\u0131<br \/>\n\ud83d\udd39 Coucher de soleil inoubliable avec vue panoramique sur la mer et les montagnes<br \/>\n\ud83d\udd39 D\u00eener avec musique live au caf\u00e9 du sommet<br \/>\n\ud83d\udd39 Atmosph\u00e8re romantique et tranquille au-dessus des nuages<br \/>\n\ud83d\udd39Transferts pratiques vers les h\u00f4tels<br \/>\n\ud83d\udd39 Id\u00e9al pour les couples et les amoureux de la nature<\/p>\n<h2 dir=\"ltr\"><span style=\"color: #000000;\"><strong>\ud83d\udcd6 Description compl\u00e8te<\/strong><\/span><\/h2>\n<div dir=\"ltr\">L'excursion commence par un transfert depuis votre h\u00f4tel \u00e0 Antalya jusqu'\u00e0 la station inf\u00e9rieure du t\u00e9l\u00e9ph\u00e9rique, \u00e0 726 m\u00e8tres d'altitude. De l\u00e0, vous profiterez d'un trajet de 12 minutes jusqu'au sommet du mont Tahtal\u0131 (2365 m\u00e8tres) \u00e0 bord de l'un des t\u00e9l\u00e9ph\u00e9riques les plus longs du monde.<\/div>\n<div dir=\"ltr\">Au sommet, la vue sur la c\u00f4te m\u00e9diterran\u00e9enne et les montagnes du Taurus est \u00e0 couper le souffle. Au coucher du soleil, le ciel se transforme en teintes vibrantes, cr\u00e9ant une ambiance magique. Prenez de superbes photos, respirez l'air frais de la montagne et d\u00e9tendez-vous.<\/div>\n<div dir=\"ltr\">Apr\u00e8s le coucher du soleil, savourez un d\u00e9licieux d\u00eener accompagn\u00e9 de musique live au caf\u00e9 du sommet. Descendez ensuite en t\u00e9l\u00e9ph\u00e9rique et rentrez \u00e0 votre h\u00f4tel avec des souvenirs inoubliables.<\/div>\n<h3 dir=\"ltr\"><span style=\"color: #000000;\"><strong>\ud83d\uddfa\ufe0f Itin\u00e9raire de la visite<\/strong><\/span><\/h3>\n<p dir=\"ltr\">\ud83d\udd39 Prise en charge \u00e0 l'h\u00f4tel \u00e0 Antalya<br \/>\n\ud83d\udd39 Arriv\u00e9e \u00e0 la station inf\u00e9rieure du t\u00e9l\u00e9ph\u00e9rique<br \/>\n\ud83d\udd39 Mont\u00e9e en t\u00e9l\u00e9ph\u00e9rique jusqu'au sommet de Tahtal\u0131 (12 minutes)<br \/>\n\ud83d\udd39 Profiter du coucher de soleil et des vues panoramiques<br \/>\n\ud83d\udd39 D\u00eener avec musique live<br \/>\n\ud83d\udd39 Descente en t\u00e9l\u00e9ph\u00e9rique<br \/>\nRetour \u00e0 l'h\u00f4tel<\/p>\n<h3 dir=\"ltr\"><span style=\"color: #000000;\"><strong>\u2139\ufe0f Informations utiles<\/strong><\/span><\/h3>\n<p dir=\"ltr\">Dur\u00e9e : ~4-5 heures<br \/>\n\ud83d\udd39 L'heure du coucher du soleil varie selon la saison<br \/>\n\ud83d\udd39 Le temps au sommet peut \u00eatre plus frais qu'en ville<br \/>\n\ud83d\udd39 Les enfants voyageant librement n'ont pas de si\u00e8ge s\u00e9par\u00e9 dans le bus ; ils s'assoient sur les genoux d'un adulte, \u00e0 moins qu'un si\u00e8ge ne soit r\u00e9serv\u00e9.<br \/>\n\ud83d\udd39 Les enfants de moins de 6 ans voyageant gratuitement n'ont pas de si\u00e8ge s\u00e9par\u00e9 dans le bus. R\u00e9server un si\u00e8ge si n\u00e9cessaire<\/p>\n<h2 dir=\"ltr\"><span style=\"color: #000000;\"><strong>\ud83c\udf92 Ce qu'il faut apporter<\/strong><\/span><\/h2>\n<p dir=\"ltr\">\ud83d\udd39 Veste l\u00e9g\u00e8re (il peut faire frais au sommet)<br \/>\n\ud83d\udd39 Chaussures confortables<br \/>\n\ud83d\udd39 Appareil photo ou smartphone<br \/>\n\ud83d\udd39 Argent liquide pour les d\u00e9penses personnelles<\/p>\n<h3 dir=\"ltr\"><span style=\"color: #000000;\"><strong>\ud83d\udeab Ne convient pas pour<\/strong><\/span><\/h3>\n<p dir=\"ltr\">\ud83d\udd39 Les personnes ayant le vertige<br \/>\n\ud83d\udd39 Voyageurs \u00e0 mobilit\u00e9 r\u00e9duite<\/p>\n<h4 dir=\"ltr\"><span style=\"color: #000000;\"><strong>\ud83d\udcb8 Prix et r\u00e9servation<\/strong><\/span><\/h4>\n<p dir=\"ltr\"><strong>\ud83d\udd39 R\u00e9server maintenant - payer le jour de la visite<\/strong><br \/>\n\ud83d\udd39 Contactez-nous via WhatsApp, Telegram, Viber, ou remplissez le formulaire de r\u00e9servation ci-dessous. \ud83d\udc47\ud83c\udffc<\/p>\n<p>\u00c0 la recherche d'alternatives ? Parcourir <a href=\"https:\/\/excursionsworld.com\/fr\/excursions-a-kemer\/\">plus de visites \u00e0 Kemer <a href=\"https:\/\/en.wikipedia.org\/wiki\/Olympos,_Antalya\" target=\"_blank\" rel=\"noopener\">Olympos<\/a><\/a>.<\/p>","protected":false},"excerpt":{"rendered":"<p>R\u00e9server un <b>voyage romantique au coucher du soleil<\/b>! Roulez sur le <b>T\u00e9l\u00e9ph\u00e9rique de Tahtal\u0131<\/b> \u00e0 <b>2365m<\/b> pour la magie <b>points de vue<\/b> et profiter <b>d\u00eener<\/b> avec <b>musique en direct<\/b> au sommet. Kemer<b>\u00a0transfert<\/b> inclus.<\/p>","protected":false},"featured_media":12625,"comment_status":"open","ping_status":"closed","template":"","meta":[],"product_brand":[],"product_cat":[124],"product_tag":[105],"class_list":{"0":"post-12918","1":"product","2":"type-product","3":"status-publish","4":"has-post-thumbnail","6":"tour_phys-kemer-tours","7":"product_cat-kemer-tours","8":"product_tag-kemer","9":"pa_destination-kemer-tours","11":"first","12":"instock","13":"sale","14":"shipping-taxable","15":"purchasable","16":"product-type-tour_phys"},"aioseo_notices":[],"_links":{"self":[{"href":"https:\/\/excursionsworld.com\/fr\/wp-json\/wp\/v2\/product\/12918","targetHints":{"allow":["GET"]}}],"collection":[{"href":"https:\/\/excursionsworld.com\/fr\/wp-json\/wp\/v2\/product"}],"about":[{"href":"https:\/\/excursionsworld.com\/fr\/wp-json\/wp\/v2\/types\/product"}],"replies":[{"embeddable":true,"href":"https:\/\/excursionsworld.com\/fr\/wp-json\/wp\/v2\/comments?post=12918"}],"wp:featuredmedia":[{"embeddable":true,"href":"https:\/\/excursionsworld.com\/fr\/wp-json\/wp\/v2\/media\/12625"}],"wp:attachment":[{"href":"https:\/\/excursionsworld.com\/fr\/wp-json\/wp\/v2\/media?parent=12918"}],"wp:term":[{"taxonomy":"product_brand","embeddable":true,"href":"https:\/\/excursionsworld.com\/fr\/wp-json\/wp\/v2\/product_brand?post=12918"},{"taxonomy":"product_cat","embeddable":true,"href":"https:\/\/excursionsworld.com\/fr\/wp-json\/wp\/v2\/product_cat?post=12918"},{"taxonomy":"product_tag","embeddable":true,"href":"https:\/\/excursionsworld.com\/fr\/wp-json\/wp\/v2\/product_tag?post=12918"}],"curies":[{"name":"wp","href":"https:\/\/api.w.org\/{rel}","templated":true}]}}