{"id":12920,"date":"2025-05-10T18:27:29","date_gmt":"2025-05-10T15:27:29","guid":{"rendered":"https:\/\/excursionsworld.com\/?post_type=product&#038;p=12920"},"modified":"2026-04-24T00:20:36","modified_gmt":"2026-04-23T21:20:36","slug":"dolusu-parc-aquatique-kemer","status":"publish","type":"product","link":"https:\/\/excursionsworld.com\/tours\/dolusu-aquapark-kemer\/","title":{"rendered":"Parc Aquatique DoluSu \u00e0 Kemer \u2013 Toboggans Extr\u00eames &amp; Spectacle de Sir\u00e8nes"},"content":{"rendered":"<h2 dir=\"ltr\" data-pm-slice=\"1 1 []\"><span style=\"color: #000000;\"><strong>\ud83c\udf0a Vue d'ensemble<\/strong><\/span><\/h2>\n<p dir=\"ltr\">Plongez dans un monde de plaisir avec une excursion d'une journ\u00e9e enti\u00e8re au DoluSu Aquapark depuis <a href=\"https:\/\/en.wikipedia.org\/wiki\/Kemer,_Antalya\" target=\"_blank\" rel=\"noopener\">Kemer<\/a> et ses environs ! Glissez sur des toboggans palpitants, assistez \u00e0 des spectacles de sir\u00e8nes et d\u00e9tendez-vous sur la plage. Parfait pour les familles et les amateurs d'aventure, ce circuit d'environ 8 heures !<\/p>\n<h3 dir=\"ltr\"><span style=\"color: #000000;\"><strong>Inclus :<\/strong><\/span><\/h3>\n<div dir=\"ltr\"><span style=\"color: #00ff00;\"><strong>\u2713<\/strong><\/span> Prise en charge et retour \u00e0 l'h\u00f4tel \u00e0 partir de Kemer<br \/>\n<span style=\"color: #00ff00;\"><strong>\u2713 <\/strong><\/span>Billet d'entr\u00e9e \u00e0 l'aquaparc de DoluSu<br \/>\n<span style=\"color: #00ff00;\"><strong>\u2713 <\/strong><\/span>Acc\u00e8s \u00e0 tous les toboggans et \u00e0 toutes les attractions<br \/>\n<span style=\"color: #00ff00;\"><strong>\u2713 <\/strong><\/span>Chaises longues et casiers \u00e0 la plage<br \/>\n<span style=\"color: #00ff00;\"><strong>\u2713 <\/strong><\/span>Spectacles, prestations de DJ et soir\u00e9e mousse<br \/>\n<span style=\"color: #00ff00;\"><strong>\u2713 <\/strong><\/span>D\u00e9jeuner<\/div>\n<div dir=\"ltr\"><span style=\"color: #00ff00;\"><strong>\u2713\u00a0 <\/strong><\/span>Spectacle de sir\u00e8nes<\/div>\n<h3 dir=\"ltr\"><span style=\"color: #000000;\"><strong>Non inclus :<\/strong><\/span><\/h3>\n<p dir=\"ltr\"><span style=\"color: #ff0000;\"><strong>\u2717<\/strong><\/span> D\u00e9penses personnelles<br \/>\n<span style=\"color: #ff0000;\"><strong>\u2717 <\/strong><\/span>Boissons<\/p>\n<h2 dir=\"ltr\"><span style=\"color: #000000;\"><strong>\ud83c\udfa2 Faits marquants<\/strong><\/span><\/h2>\n<p dir=\"ltr\">\ud83d\udd39 Toboggans \u00e0 grande vitesse : Entonnoir g\u00e9ant<br \/>\n\ud83d\udd39 Le premier spectacle de sir\u00e8nes en Turquie<br \/>\n\ud83d\udd39 Piscine \u00e0 vagues et zones pour enfants<br \/>\nDJ, soir\u00e9es mousse et plage<br \/>\nPlage priv\u00e9e avec transats<br \/>\n\ud83d\udd39 Rue des contes de f\u00e9es avec des personnages folkloriques<\/p>\n<h2 dir=\"ltr\"><span style=\"color: #000000;\"><strong>\ud83d\udcd6 Description compl\u00e8te<\/strong><\/span><\/h2>\n<p dir=\"ltr\">Embarquez pour une journ\u00e9e passionnante \u00e0 l'Aquapark DoluSu depuis Kemer gr\u00e2ce \u00e0 un transfert confortable. D\u00e9valez 17 toboggans \u00e0 grande vitesse, d\u00e9tendez-vous dans la piscine \u00e0 vagues ou assistez au spectacle des sir\u00e8nes, avec lesquelles vous pourrez m\u00eame nager. Les enfants adoreront la rue des contes de f\u00e9es avec les personnages des l\u00e9gendes turques. Dansez au son des DJ, participez \u00e0 une soir\u00e9e mousse ou d\u00e9tendez-vous sur la plage priv\u00e9e. Apr\u00e8s une journ\u00e9e d'aventures, rentrez \u00e0 votre h\u00f4tel avec des souvenirs inoubliables.<\/p>\n<h3 dir=\"ltr\"><span style=\"color: #000000;\"><strong>\ud83d\uddfa\ufe0f Itin\u00e9raire de la visite<\/strong><\/span><\/h3>\n<p dir=\"ltr\">\ud83d\udd39 Prise en charge \u00e0 partir de Kemer et des environs<br \/>\n\ud83d\udd39 Arriv\u00e9e \u00e0 l'Aquaparc de DoluSu<br \/>\n\ud83d\udd39 Br\u00e8ve introduction et informations<br \/>\n\ud83d\udd39 Temps libre pour les attractions et la plage (~6-7 heures)<br \/>\nRetour \u00e0 l'h\u00f4tel<\/p>\n<h3 dir=\"ltr\"><span style=\"color: #000000;\"><strong>\u2139\ufe0f Informations utiles<\/strong><\/span><\/h3>\n<p dir=\"ltr\">Dur\u00e9e : ~8 heures (journ\u00e9e compl\u00e8te)<br \/>\n\ud83d\udd39 Convient aux personnes \u00e0 mobilit\u00e9 r\u00e9duite<br \/>\n\ud83d\udd39 Activit\u00e9 physique mod\u00e9r\u00e9e<br \/>\n\ud83d\udd39 Les enfants en voyage libre n'ont pas de si\u00e8ge s\u00e9par\u00e9 dans le bus. R\u00e9servez un si\u00e8ge si n\u00e9cessaire.<\/p>\n<h2 dir=\"ltr\"><span style=\"color: #000000;\"><strong>\ud83c\udf92 Ce qu'il faut apporter<\/strong><\/span><\/h2>\n<p dir=\"ltr\">\ud83d\udd39 Passeport ou carte d'identit\u00e9<br \/>\nMaillot de bain et serviette de bain<br \/>\n\ud83d\udd39 Short confortable<br \/>\n\ud83d\udd39 Cr\u00e8me solaire<\/p>\n<h3 dir=\"ltr\"><span style=\"color: #000000;\"><strong>\ud83d\udeab Ne convient pas pour<\/strong><\/span><\/h3>\n<p dir=\"ltr\">\ud83d\udd39 Femmes enceintes<br \/>\n\ud83d\udd39 Personnes de plus de 120 kg<\/p>\n<h2 dir=\"ltr\"><span style=\"color: #000000;\"><strong>\ud83d\udcb8 Prix et r\u00e9servation<\/strong><\/span><\/h2>\n<p dir=\"ltr\"><strong>\ud83d\udd39 R\u00e9server maintenant - payer le jour de la visite<\/strong><br \/>\n\ud83d\udd39 Contactez-nous via WhatsApp, Telegram, Viber, ou remplissez le formulaire de r\u00e9servation ci-dessous. \ud83d\udc47\ud83c\udffc<\/p>\n<p>\u00c0 la recherche d'alternatives ? Parcourir <a href=\"https:\/\/excursionsworld.com\/fr\/excursions-a-kemer\/\">Plus de visites \u00e0 Kemer<\/a>.<\/p>","protected":false},"excerpt":{"rendered":"<p>La famille par excellence <b>excursion d'une journ\u00e9e<\/b>! Livre <b>Aquaparc Kemer DoluSu<\/b> <b>excursion<\/b>! Appr\u00e9ciez le caract\u00e8re unique <b>Spectacle de sir\u00e8nes<\/b>, 17 thrilling <b>diapositives<\/b>, et un <b>f\u00eate de la mousse<\/b>. D\u00e9jeuner inclus.<\/p>","protected":false},"featured_media":12751,"comment_status":"open","ping_status":"closed","template":"","meta":[],"product_brand":[],"product_cat":[124],"product_tag":[105],"class_list":{"0":"post-12920","1":"product","2":"type-product","3":"status-publish","4":"has-post-thumbnail","6":"tour_phys-kemer-tours","7":"product_cat-kemer-tours","8":"product_tag-kemer","9":"pa_destination-kemer-tours","11":"first","12":"instock","13":"sale","14":"shipping-taxable","15":"purchasable","16":"product-type-tour_phys"},"aioseo_notices":[],"_links":{"self":[{"href":"https:\/\/excursionsworld.com\/fr\/wp-json\/wp\/v2\/product\/12920","targetHints":{"allow":["GET"]}}],"collection":[{"href":"https:\/\/excursionsworld.com\/fr\/wp-json\/wp\/v2\/product"}],"about":[{"href":"https:\/\/excursionsworld.com\/fr\/wp-json\/wp\/v2\/types\/product"}],"replies":[{"embeddable":true,"href":"https:\/\/excursionsworld.com\/fr\/wp-json\/wp\/v2\/comments?post=12920"}],"wp:featuredmedia":[{"embeddable":true,"href":"https:\/\/excursionsworld.com\/fr\/wp-json\/wp\/v2\/media\/12751"}],"wp:attachment":[{"href":"https:\/\/excursionsworld.com\/fr\/wp-json\/wp\/v2\/media?parent=12920"}],"wp:term":[{"taxonomy":"product_brand","embeddable":true,"href":"https:\/\/excursionsworld.com\/fr\/wp-json\/wp\/v2\/product_brand?post=12920"},{"taxonomy":"product_cat","embeddable":true,"href":"https:\/\/excursionsworld.com\/fr\/wp-json\/wp\/v2\/product_cat?post=12920"},{"taxonomy":"product_tag","embeddable":true,"href":"https:\/\/excursionsworld.com\/fr\/wp-json\/wp\/v2\/product_tag?post=12920"}],"curies":[{"name":"wp","href":"https:\/\/api.w.org\/{rel}","templated":true}]}}