{"id":12921,"date":"2025-05-10T18:48:34","date_gmt":"2025-05-10T15:48:34","guid":{"rendered":"https:\/\/excursionsworld.com\/?post_type=product&#038;p=12921"},"modified":"2026-04-30T18:09:22","modified_gmt":"2026-04-30T15:09:22","slug":"parc-aquatique-kingdom-of-sea-kemer","status":"publish","type":"product","link":"https:\/\/excursionsworld.com\/tours\/kemer-kingdom-of-sea-aquapark\/","title":{"rendered":"Parc Aquatique Kingdom of Sea \u00e0 Kemer \u2013 Tout Compris"},"content":{"rendered":"<h2 dir=\"ltr\" data-pm-slice=\"1 1 []\"><span style=\"color: #000000;\"><strong>\ud83c\udf0a Vue d'ensemble<\/strong><\/span><\/h2>\n<p dir=\"ltr\">Plongez dans une journ\u00e9e d'excitation au Kingdom of Sea Aquapark avec les transferts depuis <a href=\"https:\/\/en.wikipedia.org\/wiki\/Kemer,_Antalya\" target=\"_blank\" rel=\"noopener\">Kemer<\/a> et les environs ! Profitez de toboggans aquatiques vertigineux, d\u2019une immense piscine \u00e0 vagues et de zones adapt\u00e9es aux enfants dans l\u2019un des meilleurs parcs aquatiques d\u2019Antalya. Parfait pour les familles et les amis, ce circuit d\u2019environ 7 \u00e0 8 heures est rempli de divertissements.<\/p>\n<h3 dir=\"ltr\"><span style=\"color: #000000;\"><strong>Inclus :<\/strong><\/span><\/h3>\n<div dir=\"ltr\"><span style=\"color: #00ff00;\"><strong>\u2713<\/strong> <\/span>Prise en charge et retour \u00e0 l'h\u00f4tel<br \/>\n<span style=\"color: #00ff00;\"><strong>\u2713<\/strong> <\/span> Bus confortable et climatis\u00e9<br \/>\n<span style=\"color: #00ff00;\"><strong>\u2713<\/strong> <\/span>Billet d'entr\u00e9e au Kingdom of Sea Aquapark<br \/>\n<span style=\"color: #00ff00;\"><strong>\u2713<\/strong> <\/span>Assurance compl\u00e8te<br \/>\n<span style=\"color: #00ff00;\"><strong>\u2713<\/strong> <\/span>D\u00e9jeuner au parc<\/div>\n<div dir=\"ltr\"><span style=\"color: #00ff00;\"><strong>\u2713 <\/strong><\/span>Boissons<\/div>\n<h3 dir=\"ltr\"><span style=\"color: #000000;\"><strong>Non inclus :<\/strong><\/span><\/h3>\n<p dir=\"ltr\"><span style=\"color: #ff0000;\"><strong>\u2717<\/strong><\/span> D\u00e9penses personnelles<br \/>\n<span style=\"color: #ff0000;\"><strong>\u2717 <\/strong><\/span>Photos et vid\u00e9os (facultatif)<\/p>\n<h2 dir=\"ltr\"><span style=\"color: #000000;\"><strong>\ud83c\udfa2 Faits marquants<\/strong><\/span><\/h2>\n<p dir=\"ltr\">\ud83d\udd39 Des toboggans \u00e0 grande vitesse et une immense piscine \u00e0 vagues<br \/>\n\ud83d\udd39 Des aires de jeux et des piscines s\u00fbres pour les enfants<br \/>\nAcc\u00e8s illimit\u00e9 \u00e0 toutes les attractions toute la journ\u00e9e<br \/>\n\ud83d\udd39 Zones de d\u00e9tente douillettes<br \/>\n\ud83d\udd39Un plaisir pour tous les \u00e2ges<\/p>\n<h2 dir=\"ltr\"><span style=\"color: #000000;\"><strong>\ud83d\udcd6 Description<\/strong><\/span><\/h2>\n<p dir=\"ltr\">Commencez votre aventure par un transfert confortable depuis Kemer ou les environs jusqu'au Kingdom of Sea Aquapark \u00e0 Antalya. Plongez dans un monde vibrant de plaisir avec des toboggans vertigineux, une piscine \u00e0 vagues tentaculaire et des zones interactives pour tous les \u00e2ges. Les enfants se r\u00e9galeront dans les pataugeoires color\u00e9es, tandis que les adultes pourront s'attaquer aux toboggans qui font monter l'adr\u00e9naline ou se d\u00e9tendre dans les zones de d\u00e9tente ombrag\u00e9es. Un d\u00e9jeuner copieux vous permettra de reprendre des forces pour d'autres aventures aquatiques. Avec les ma\u00eetres-nageurs qui assurent la s\u00e9curit\u00e9, cette journ\u00e9e insouciante de rires et d'\u00e9claboussures se termine par un retour \u00e0 votre h\u00f4tel, vous laissant des souvenirs imp\u00e9rissables.<\/p>\n<h3 dir=\"ltr\"><span style=\"color: #000000;\"><strong>\ud83d\uddfa\ufe0f Itin\u00e9raire de la visite<\/strong><\/span><\/h3>\n<p dir=\"ltr\">\ud83d\udd39 Prise en charge \u00e0 partir de Kemer et des environs<br \/>\n\ud83d\udd39 Arriv\u00e9e \u00e0 l'aquaparc Kingdom of Sea<br \/>\n\ud83d\udd39 Briefing de bienvenue<br \/>\nTemps libre pour les toboggans, les piscines et les attractions<br \/>\n\ud83d\udd39 D\u00e9jeuner au parc<br \/>\nRetour \u00e0 Kemer<\/p>\n<h3 dir=\"ltr\"><span style=\"color: #000000;\"><strong>\u2139\ufe0f Informations utiles<\/strong><\/span><\/h3>\n<p>\ud83d\udd39 <strong>La dur\u00e9e<\/strong>: ~7-8 heures (excursion d'une journ\u00e9e)<br \/>\n\ud83d\udd39 <strong>Activit\u00e9 physique<\/strong>: Faible \u00e0 mod\u00e9r\u00e9<br \/>\n\ud83d\udd39 <strong>Installations<\/strong>: Casiers disponibles au parc<br \/>\n\ud83d\udd39 <strong>S\u00e9curit\u00e9<\/strong>: Sauveteurs et personnel en service<br \/>\n\ud83d\udd39 <strong>Supervision<\/strong>: Les enfants doivent \u00eatre accompagn\u00e9s d'adultes<br \/>\n\ud83d\udd39 <strong>Restrictions<\/strong>: Certains toboggans sont soumis \u00e0 des limites de taille et d'\u00e2ge<br \/>\n\ud83d\udd39 <strong>Politique de l'enfance<\/strong>: Les enfants de moins de 6 ans voyageant gratuitement n'ont pas de si\u00e8ge s\u00e9par\u00e9 dans le bus. Si le bus est plein, ils s'assoient sur les genoux d'un adulte, ou un si\u00e8ge s\u00e9par\u00e9 peut \u00eatre r\u00e9serv\u00e9.<\/p>\n<h2 dir=\"ltr\"><span style=\"color: #000000;\"><strong>\ud83c\udf92 Ce qu'il faut apporter<\/strong><\/span><\/h2>\n<p dir=\"ltr\">Maillot de bain et serviette de bain<br \/>\nLunettes de soleil et cr\u00e8me solaire<br \/>\n\ud83d\udd39 Argent liquide pour les boissons ou les services suppl\u00e9mentaires<\/p>\n<h3 dir=\"ltr\"><span style=\"color: #000000;\"><strong>\ud83d\udeab Ne convient pas pour<\/strong><\/span><\/h3>\n<div dir=\"ltr\">\ud83d\udd39 Les h\u00f4tes ayant de graves probl\u00e8mes de mobilit\u00e9<br \/>\n\ud83d\udd39 Les personnes qui n'aiment pas les activit\u00e9s aquatiques<\/div>\n<h2 dir=\"ltr\"><span style=\"color: #000000;\"><strong>\ud83d\udcb8 Prix et r\u00e9servation<\/strong><\/span><\/h2>\n<p dir=\"ltr\">\ud83d\udd39 <strong>R\u00e9server maintenant, payer le jour de la visite<\/strong><br \/>\n\ud83d\udd39 Contactez-nous via WhatsApp, Telegram, Viber, ou remplissez le formulaire de r\u00e9servation ci-dessous. \ud83d\udc47\ud83c\udffc<\/p>\n<p>\u00c0 la recherche d'alternatives ? Parcourir <a href=\"https:\/\/excursionsworld.com\/fr\/excursions-a-kemer\/\">Plus de visites \u00e0 Kemer<\/a>.<\/p>","protected":false},"excerpt":{"rendered":"<p>La famille parfaite <b>excursion d'une journ\u00e9e<\/b>! Bonne chance ! <b>Aquaparc du Royaume de la mer de Kemer<\/b> <b>tout compris<\/b> (d\u00e9jeuner et boissons) ! Sensations fortes <b>toboggans aquatiques<\/b> et <b>piscine \u00e0 vagues<\/b> amusant. <b>Transfert<\/b> inclus.<\/p>","protected":false},"featured_media":12857,"comment_status":"open","ping_status":"closed","template":"","meta":[],"product_brand":[],"product_cat":[124],"product_tag":[105],"class_list":{"0":"post-12921","1":"product","2":"type-product","3":"status-publish","4":"has-post-thumbnail","6":"tour_phys-kemer-tours","7":"product_cat-kemer-tours","8":"product_tag-kemer","9":"pa_destination-kemer-tours","11":"first","12":"instock","13":"sale","14":"shipping-taxable","15":"purchasable","16":"product-type-tour_phys"},"aioseo_notices":[],"_links":{"self":[{"href":"https:\/\/excursionsworld.com\/fr\/wp-json\/wp\/v2\/product\/12921","targetHints":{"allow":["GET"]}}],"collection":[{"href":"https:\/\/excursionsworld.com\/fr\/wp-json\/wp\/v2\/product"}],"about":[{"href":"https:\/\/excursionsworld.com\/fr\/wp-json\/wp\/v2\/types\/product"}],"replies":[{"embeddable":true,"href":"https:\/\/excursionsworld.com\/fr\/wp-json\/wp\/v2\/comments?post=12921"}],"wp:featuredmedia":[{"embeddable":true,"href":"https:\/\/excursionsworld.com\/fr\/wp-json\/wp\/v2\/media\/12857"}],"wp:attachment":[{"href":"https:\/\/excursionsworld.com\/fr\/wp-json\/wp\/v2\/media?parent=12921"}],"wp:term":[{"taxonomy":"product_brand","embeddable":true,"href":"https:\/\/excursionsworld.com\/fr\/wp-json\/wp\/v2\/product_brand?post=12921"},{"taxonomy":"product_cat","embeddable":true,"href":"https:\/\/excursionsworld.com\/fr\/wp-json\/wp\/v2\/product_cat?post=12921"},{"taxonomy":"product_tag","embeddable":true,"href":"https:\/\/excursionsworld.com\/fr\/wp-json\/wp\/v2\/product_tag?post=12921"}],"curies":[{"name":"wp","href":"https:\/\/api.w.org\/{rel}","templated":true}]}}