{"id":12944,"date":"2025-05-11T10:54:45","date_gmt":"2025-05-11T07:54:45","guid":{"rendered":"https:\/\/excursionsworld.com\/?post_type=product&#038;p=12944"},"modified":"2025-12-10T11:12:11","modified_gmt":"2025-12-10T08:12:11","slug":"goynuk-canyon-kemer","status":"publish","type":"product","link":"https:\/\/excursionsworld.com\/tours\/goynuk-canyon-kemer\/","title":{"rendered":"Excursion au Canyon de G\u00f6yn\u00fck \u00e0 Kemer \u2013 Demi-Journ\u00e9e"},"content":{"rendered":"<h3 dir=\"ltr\" data-pm-slice=\"1 1 []\"><span style=\"color: #000000;\"><strong>\ud83c\udf3f Vue d'ensemble<\/strong><\/span><\/h3>\n<p dir=\"ltr\">Plongez dans la beaut\u00e9 du canyon de G\u00f6yn\u00fck lors d'une excursion d'une demi-journ\u00e9e au d\u00e9part de Kemer et de ses environs ! Parcourez des sentiers pittoresques, nagez dans des eaux turquoise et \u00e9merveillez-vous devant les montagnes Beyda\u011flar\u0131. Id\u00e9ale pour les amoureux de la nature, cette excursion dure ~4-5 heures.<\/p>\n<h3 dir=\"ltr\"><span style=\"color: #000000;\"><strong>Inclus :<\/strong><\/span><\/h3>\n<p dir=\"ltr\"><span style=\"color: #00ff00;\"><strong>\u2713<\/strong><\/span> Prise en charge et retour \u00e0 l'h\u00f4tel<br \/>\n<span style=\"color: #00ff00;\"><strong>\u2713 <\/strong><\/span>Entr\u00e9e au canyon de G\u00f6yn\u00fck<br \/>\n<span style=\"color: #00ff00;\"><strong>\u2713 <\/strong><\/span>Guide<br \/>\n<span style=\"color: #00ff00;\"><strong>\u2713 <\/strong><\/span>Assurance compl\u00e8te<br \/>\n<span style=\"color: #00ff00;\"><strong>\u2713 <\/strong><\/span>Bus \u00e0 toit ouvert (cabrio)<\/p>\n<h3 dir=\"ltr\"><span style=\"color: #000000;\"><strong>Non inclus :<\/strong><\/span><\/h3>\n<p dir=\"ltr\"><strong><span style=\"color: #ff0000;\">\u2717<\/span><\/strong> Boissons<br \/>\n<strong><span style=\"color: #ff0000;\">\u2717 <\/span><\/strong>D\u00e9penses personnelles, photos et vid\u00e9os<br \/>\n<strong><span style=\"color: #ff0000;\">\u2717 <\/span><\/strong>Activit\u00e9s facultatives<\/p>\n<h3 dir=\"ltr\"><span style=\"color: #000000;\"><strong>\ud83c\udfde\ufe0f Points forts<\/strong><\/span><\/h3>\n<p dir=\"ltr\">\ud83d\udd39 Canyon de G\u00f6yn\u00fck avec des falaises de 350 m\u00e8tres et des bassins turquoise<br \/>\n\ud83d\udd39 Sentiers dans le parc national de Beyda\u011flar\u0131<br \/>\n\ud83d\udd39 Nager dans les eaux de montagne<br \/>\n\ud83d\udd39 Le charme de la \u201cvall\u00e9e fertile\u201d de G\u00f6yn\u00fck\u201d<br \/>\nzipline, body rafting ou cano\u00eb-kayak (en option)<\/p>\n<h3 dir=\"ltr\"><span style=\"color: #000000;\"><strong>\ud83d\udcd6 Description compl\u00e8te<\/strong><\/span><\/h3>\n<p dir=\"ltr\">Embarquez pour une aventure rafra\u00eechissante avec un transfert depuis Kemer ou les r\u00e9gions voisines vers le canyon de G\u00f6yn\u00fck, nich\u00e9 dans le parc national de Beyda\u011flar\u0131. Ce canyon de 14 kilom\u00e8tres, avec ses falaises de 350 m\u00e8tres, s\u00e9duit par ses paysages spectaculaires et ses piscines cristallines. Parcourez les sentiers forestiers, pataugez dans les eaux peu profondes et ressentez la s\u00e9r\u00e9nit\u00e9 de G\u00f6yn\u00fck, qui signifie \u201cvall\u00e9e fertile\u201d en \u00e9trusque. Guid\u00e9 par un expert anglophone, explorez ce joyau m\u00e9diterran\u00e9en, id\u00e9al pour la randonn\u00e9e, la natation et la photographie. Pour les sensations fortes, essayez la tyrolienne, le body rafting ou le cano\u00eb en option. Retournez \u00e0 votre h\u00f4tel \u00e0 l'heure du d\u00e9jeuner, inspir\u00e9 par la nature.<\/p>\n<h3 dir=\"ltr\"><span style=\"color: #000000;\"><strong>\ud83d\uddfa\ufe0f Itin\u00e9raire de la visite<\/strong><\/span><\/h3>\n<p dir=\"ltr\">\ud83d\udd39 Prise en charge \u00e0 partir de Kemer et des environs<br \/>\n\ud83d\udd39 Arriv\u00e9e au canyon de G\u00f6yn\u00fck<br \/>\nTemps libre pour la randonn\u00e9e, la natation et l'exploration (~2 heures)<br \/>\nActivit\u00e9s optionnelles (zipline, rafting, cano\u00eb)<br \/>\nRetour \u00e0 l'h\u00f4tel \u00e0 l'heure du d\u00e9jeuner<\/p>\n<h3 dir=\"ltr\"><span style=\"color: #000000;\"><strong>\u2139\ufe0f Informations utiles<\/strong><\/span><\/h3>\n<p dir=\"ltr\">Dur\u00e9e : ~4-5 heures (demi-journ\u00e9e)<br \/>\n\ud83d\udd39 Activit\u00e9 physique mod\u00e9r\u00e9e (randonn\u00e9e et pataugeage)<br \/>\n\ud83d\udd39 Frais de transfert suppl\u00e9mentaire de \u00c7amyuva\/Tekirova : $5 par personne<br \/>\n\ud83d\udd39 Les enfants de moins de 5 ans partagent un si\u00e8ge dans le bus<br \/>\n\ud83d\udd39 Activit\u00e9s optionnelles : zipline, body rafting, cano\u00eb-kayak<\/p>\n<h3 dir=\"ltr\"><span style=\"color: #000000;\"><strong>\ud83c\udf92 Ce qu'il faut apporter<\/strong><\/span><\/h3>\n<p dir=\"ltr\">Maillot de bain et serviette de bain<br \/>\n\ud83d\udd39 Chaussures confortables et r\u00e9sistantes \u00e0 l'eau<br \/>\nLunettes de soleil, chapeau, cr\u00e8me solaire<br \/>\n\ud83d\udd39 Eau et en-cas<br \/>\n\ud83d\udd39 Appareil photo ou smartphone<br \/>\n\ud83d\udd39 Paiement en esp\u00e8ces pour des services suppl\u00e9mentaires<\/p>\n<h3 dir=\"ltr\"><span style=\"color: #000000;\"><strong>\ud83d\udeab Ne convient pas pour<\/strong><\/span><\/h3>\n<p dir=\"ltr\">\ud83d\udd39 Utilisateurs de fauteuils roulants<br \/>\n\ud83d\udd39 Nourrissons sans surveillance<br \/>\n\ud83d\udd39 Personnes \u00e0 mobilit\u00e9 r\u00e9duite<\/p>\n<h3 dir=\"ltr\"><span style=\"color: #000000;\"><strong>\ud83d\udcb8 Prix et r\u00e9servation<\/strong><\/span><\/h3>\n<p dir=\"ltr\"><strong>\ud83d\udd39 R\u00e9server maintenant, payer le jour de la visite<\/strong><br \/>\n\ud83d\udd39 Contactez-nous via WhatsApp, Telegram, Viber, ou remplissez le formulaire de r\u00e9servation ci-dessous. \ud83d\udc47\ud83c\udffc<\/p>","protected":false},"excerpt":{"rendered":"<p>Participez \u00e0 une excursion dans le canyon de G\u00f6yn\u00fck au d\u00e9part de Kemer ! Profitez de la randonn\u00e9e, de la baignade et des vues sur la nature dans le parc national de Beyda\u011flar\u0131. Excursion d'une demi-journ\u00e9e avec transferts inclus.<\/p>","protected":false},"featured_media":12811,"comment_status":"open","ping_status":"closed","template":"","meta":[],"product_brand":[],"product_cat":[124],"product_tag":[105],"class_list":{"0":"post-12944","1":"product","2":"type-product","3":"status-publish","4":"has-post-thumbnail","6":"tour_phys-kemer-tours","7":"product_cat-kemer-tours","8":"product_tag-kemer","9":"pa_destination-kemer-tours","11":"first","12":"instock","13":"sale","14":"featured","15":"shipping-taxable","16":"purchasable","17":"product-type-tour_phys"},"aioseo_notices":[],"_links":{"self":[{"href":"https:\/\/excursionsworld.com\/fr\/wp-json\/wp\/v2\/product\/12944","targetHints":{"allow":["GET"]}}],"collection":[{"href":"https:\/\/excursionsworld.com\/fr\/wp-json\/wp\/v2\/product"}],"about":[{"href":"https:\/\/excursionsworld.com\/fr\/wp-json\/wp\/v2\/types\/product"}],"replies":[{"embeddable":true,"href":"https:\/\/excursionsworld.com\/fr\/wp-json\/wp\/v2\/comments?post=12944"}],"wp:featuredmedia":[{"embeddable":true,"href":"https:\/\/excursionsworld.com\/fr\/wp-json\/wp\/v2\/media\/12811"}],"wp:attachment":[{"href":"https:\/\/excursionsworld.com\/fr\/wp-json\/wp\/v2\/media?parent=12944"}],"wp:term":[{"taxonomy":"product_brand","embeddable":true,"href":"https:\/\/excursionsworld.com\/fr\/wp-json\/wp\/v2\/product_brand?post=12944"},{"taxonomy":"product_cat","embeddable":true,"href":"https:\/\/excursionsworld.com\/fr\/wp-json\/wp\/v2\/product_cat?post=12944"},{"taxonomy":"product_tag","embeddable":true,"href":"https:\/\/excursionsworld.com\/fr\/wp-json\/wp\/v2\/product_tag?post=12944"}],"curies":[{"name":"wp","href":"https:\/\/api.w.org\/{rel}","templated":true}]}}