{"id":12945,"date":"2025-05-11T11:00:46","date_gmt":"2025-05-11T08:00:46","guid":{"rendered":"https:\/\/excursionsworld.com\/?post_type=product&#038;p=12945"},"modified":"2026-04-24T00:20:38","modified_gmt":"2026-04-23T21:20:38","slug":"bain-turc-hammam-kemer","status":"publish","type":"product","link":"https:\/\/excursionsworld.com\/tours\/kemer-turkish-bath-hamam\/","title":{"rendered":"Bain Turc Hammam \u00e0 Kemer \u2013 Exp\u00e9rience Authentique de Spa"},"content":{"rendered":"<h2 dir=\"ltr\" data-pm-slice=\"1 1 []\"><span style=\"color: #000000;\"><strong>\u2b50 Vue d'ensemble<\/strong><\/span><\/h2>\n<p dir=\"ltr\">D\u00e9tendez-vous dans un bain turc traditionnel \u00e0 <a href=\"https:\/\/en.wikipedia.org\/wiki\/Kemer,_Antalya\" target=\"_blank\" rel=\"noopener\">Kemer<\/a> avec transferts depuis Kemer et les environs ! Profitez d'un hammam, d'un sauna, de massages et de th\u00e9 turc pour une relaxation ultime.<\/p>\n<h3 dir=\"ltr\"><span style=\"color: #000000;\"><strong>Inclus :<\/strong><\/span><\/h3>\n<p dir=\"ltr\"><span style=\"color: #00ff00;\"><strong>\u2713<\/strong><\/span> Prise en charge et retour \u00e0 l'h\u00f4tel<br \/>\n<span style=\"color: #00ff00;\"><strong>\u2713 <\/strong><\/span>Bus confortable et climatis\u00e9<br \/>\n<span style=\"color: #00ff00;\"><strong>\u2713 <\/strong><\/span>Acc\u00e8s illimit\u00e9 au sauna et au hammam<br \/>\n<span style=\"color: #00ff00;\"><strong>\u2713 <\/strong><\/span>Gommage du corps (10 min)<br \/>\n<span style=\"color: #00ff00;\"><strong>\u2713 <\/strong><\/span>Massage \u00e0 la mousse (10 min)<br \/>\n<span style=\"color: #00ff00;\"><strong>\u2713 <\/strong><\/span>Masque \u00e0 l'argile<br \/>\n<span style=\"color: #00ff00;\"><strong>\u2713 <\/strong><\/span>Massage aromatique (20 min)<br \/>\n<span style=\"color: #00ff00;\"><strong>\u2713 <\/strong><\/span>Th\u00e9 turc<\/p>\n<h3 dir=\"ltr\"><span style=\"color: #000000;\"><strong>Non inclus :<\/strong><\/span><\/h3>\n<p dir=\"ltr\"><span style=\"color: #ff0000;\"><strong>\u2717<\/strong><\/span> Services suppl\u00e9mentaires de hammam<\/p>\n<h2 dir=\"ltr\"><span style=\"color: #000000;\"><strong>\ud83c\udf1f Faits marquants<\/strong><\/span><\/h2>\n<p dir=\"ltr\">\ud83d\udd39 L'exp\u00e9rience authentique du hammam de Kemer<br \/>\n\ud83d\udd39 Gommage nettoyant du corps et massage \u00e0 la mousse<br \/>\n\ud83d\udd39 Massage aromatique relaxant<br \/>\n\ud83d\udd39 Acc\u00e8s \u00e0 la piscine et au hammam<br \/>\n\ud83d\udd39 Th\u00e9 turc confortable<\/p>\n<h2 dir=\"ltr\"><span style=\"color: #000000;\"><strong>\ud83d\udcd6 Description compl\u00e8te<\/strong><\/span><\/h2>\n<p dir=\"ltr\">L'excursion commence par un transfert de Kemer au hammam. D\u00e9tendez-vous dans le sauna et le hammam, puis profitez d'un gommage rajeunissant et d'un massage \u00e0 la mousse. Un masque \u00e0 l'argile purifie votre peau, et un massage aromath\u00e9rapeutique de 20 minutes fait fondre le stress. Apr\u00e8s avoir d\u00e9gust\u00e9 un th\u00e9 turc, vous rentrerez \u00e0 l'h\u00f4tel en pleine forme.<\/p>\n<h3><span style=\"color: #000000;\"><strong>\ud83d\uddfa\ufe0f Itin\u00e9raire de la visite<\/strong><\/span><\/h3>\n<p dir=\"ltr\">\ud83d\udd39 Prise en charge \u00e0 partir de Kemer<br \/>\n\ud83d\udd39 Sauna et hammam<br \/>\n\ud83d\udd39 Gommage du corps et massage \u00e0 la mousse<br \/>\n\ud83d\udd39 Masque d'argile<br \/>\n\ud83d\udd39 D\u00e9tente en piscine<br \/>\n\ud83d\udd39 Massage aromatique<br \/>\n\ud83d\udd39 Th\u00e9 turc<br \/>\nRetour \u00e0 l'h\u00f4tel<\/p>\n<h3 dir=\"ltr\"><span style=\"color: #000000;\"><strong>\u2139\ufe0f Informations utiles<\/strong><\/span><\/h3>\n<p dir=\"ltr\">Dur\u00e9e : 2,5-3 heures<br \/>\n\ud83d\udd39 Convient aux hommes et aux femmes<br \/>\n\ud83d\udd39 Les enfants de moins de 12 ans doivent \u00eatre accompagn\u00e9s de leurs parents<\/p>\n<h2 dir=\"ltr\"><span style=\"color: #000000;\"><strong>\ud83c\udf92 Ce qu'il faut apporter<\/strong><\/span><\/h2>\n<p dir=\"ltr\">\ud83d\udd39 Maillot de bain<br \/>\n\ud83d\udd39 Chaussons<br \/>\n\ud83d\udd39 Serviette (facultatif)<\/p>\n<h3 dir=\"ltr\"><span style=\"color: #000000;\"><strong>\ud83d\udeab Ne convient pas pour<\/strong><\/span><\/h3>\n<p dir=\"ltr\">\ud83d\udd39 Les personnes souffrant d'affections cutan\u00e9es ou cardiaques<br \/>\n\ud83d\udd39 Femmes enceintes (consulter un m\u00e9decin)<\/p>\n<h2><span style=\"color: #000000;\"><strong>\ud83d\udcb8 Prix et r\u00e9servation<\/strong><\/span><\/h2>\n<p dir=\"ltr\"><strong>\ud83d\udd39 R\u00e9server maintenant, payer le jour de la visite<\/strong><br \/>\n\ud83d\udd39 Contactez-nous via WhatsApp, Telegram, Viber, ou remplissez le formulaire de r\u00e9servation ci-dessous. \ud83d\udc47\ud83c\udffd<\/p>\n<p>\u00c0 la recherche d'alternatives ? Parcourir <a href=\"https:\/\/excursionsworld.com\/fr\/excursions-a-kemer\/\">Plus de visites \u00e0 Kemer<\/a>.<\/p>","protected":false},"excerpt":{"rendered":"<p>D\u00e9tendez-vous avec un authentique bain turc \u00e0 Kemer ! Profitez du sauna, du gommage corporel, du massage \u00e0 la mousse et \u00e0 l'ar\u00f4me, et du th\u00e9 turc pour une exp\u00e9rience spa parfaite.<\/p>","protected":false},"featured_media":15777,"comment_status":"open","ping_status":"closed","template":"","meta":[],"product_brand":[],"product_cat":[124],"product_tag":[105],"class_list":{"0":"post-12945","1":"product","2":"type-product","3":"status-publish","4":"has-post-thumbnail","6":"tour_phys-kemer-tours","7":"product_cat-kemer-tours","8":"product_tag-kemer","9":"pa_destination-kemer-tours","11":"first","12":"instock","13":"sale","14":"featured","15":"shipping-taxable","16":"purchasable","17":"product-type-tour_phys"},"aioseo_notices":[],"_links":{"self":[{"href":"https:\/\/excursionsworld.com\/fr\/wp-json\/wp\/v2\/product\/12945","targetHints":{"allow":["GET"]}}],"collection":[{"href":"https:\/\/excursionsworld.com\/fr\/wp-json\/wp\/v2\/product"}],"about":[{"href":"https:\/\/excursionsworld.com\/fr\/wp-json\/wp\/v2\/types\/product"}],"replies":[{"embeddable":true,"href":"https:\/\/excursionsworld.com\/fr\/wp-json\/wp\/v2\/comments?post=12945"}],"wp:featuredmedia":[{"embeddable":true,"href":"https:\/\/excursionsworld.com\/fr\/wp-json\/wp\/v2\/media\/15777"}],"wp:attachment":[{"href":"https:\/\/excursionsworld.com\/fr\/wp-json\/wp\/v2\/media?parent=12945"}],"wp:term":[{"taxonomy":"product_brand","embeddable":true,"href":"https:\/\/excursionsworld.com\/fr\/wp-json\/wp\/v2\/product_brand?post=12945"},{"taxonomy":"product_cat","embeddable":true,"href":"https:\/\/excursionsworld.com\/fr\/wp-json\/wp\/v2\/product_cat?post=12945"},{"taxonomy":"product_tag","embeddable":true,"href":"https:\/\/excursionsworld.com\/fr\/wp-json\/wp\/v2\/product_tag?post=12945"}],"curies":[{"name":"wp","href":"https:\/\/api.w.org\/{rel}","templated":true}]}}