{"id":12946,"date":"2025-05-11T11:35:10","date_gmt":"2025-05-11T08:35:10","guid":{"rendered":"https:\/\/excursionsworld.com\/?post_type=product&#038;p=12946"},"modified":"2026-04-24T00:20:38","modified_gmt":"2026-04-23T21:20:38","slug":"quad-safari-kemer","status":"publish","type":"product","link":"https:\/\/excursionsworld.com\/tours\/kemer-quad-safari-tour\/","title":{"rendered":"Quad Safari \u00e0 Kemer \u2013 Aventure Offroad en Pleine Nature"},"content":{"rendered":"<h2 dir=\"ltr\" data-pm-slice=\"1 1 []\"><span style=\"color: #000000;\"><strong>\u2b50 Vue d'ensemble<\/strong><\/span><\/h2>\n<p dir=\"ltr\">Embarquez pour une aventure exaltante en quad \u00e0 travers les montagnes du Taurus avec transferts depuis <a href=\"https:\/\/en.wikipedia.org\/wiki\/Kemer,_Antalya\" target=\"_blank\" rel=\"noopener\">Kemer<\/a> et ses environs ! Parcourez des sentiers forestiers et rocailleux, admirez des vues imprenables et baignez-vous dans un canyon. Parfait pour les amateurs de sensations fortes, aucune exp\u00e9rience pr\u00e9alable n'est n\u00e9cessaire.<\/p>\n<h3 dir=\"ltr\"><span style=\"color: #000000;\"><strong>Inclus :<\/strong><\/span><\/h3>\n<p dir=\"ltr\"><span style=\"color: #00ff00;\"><strong>\u2713<\/strong><\/span> Prise en charge et retour \u00e0 l'h\u00f4tel<br \/>\n<span style=\"color: #00ff00;\"><strong>\u2713 <\/strong><\/span>Guide professionnel<br \/>\n<span style=\"color: #00ff00;\"><strong>\u2713 <\/strong><\/span>Assurance<br \/>\n<span style=\"color: #00ff00;\"><strong>\u2713 <\/strong><\/span>\u00c9quipement (casque, etc.)<\/p>\n<h3 dir=\"ltr\"><span style=\"color: #000000;\"><strong>Non inclus :<\/strong><\/span><\/h3>\n<p dir=\"ltr\"><span style=\"color: #ff0000;\"><strong>\u2717<\/strong><\/span> D\u00e9penses personnelles<br \/>\n<span style=\"color: #ff0000;\"><strong>\u2717 <\/strong><\/span>Photos et vid\u00e9os<\/p>\n<h2 dir=\"ltr\"><span style=\"color: #000000;\"><strong>\ud83c\udf1f Faits marquants<\/strong><\/span><\/h2>\n<p dir=\"ltr\">\ud83d\udd39 Des quads gonfl\u00e9s \u00e0 l'adr\u00e9naline<br \/>\n\ud83d\udd39 Sentiers forestiers et pistes rocailleuses<br \/>\n\ud83d\udd39 Arr\u00eat photo avec vue panoramique<br \/>\n\ud83d\udd39 Nage rafra\u00eechissante dans un canyon<br \/>\n\ud83d\udd39 D\u00e9butant convivial<br \/>\n\ud83d\udd39 Paysages de montagne spectaculaires<\/p>\n<h2 dir=\"ltr\"><span style=\"color: #000000;\"><strong>\ud83d\udcd6 Description compl\u00e8te<\/strong><\/span><\/h2>\n<p dir=\"ltr\">L'excursion commence par un transfert de Kemer \u00e0 la base de quad. Apr\u00e8s un briefing sur la s\u00e9curit\u00e9 et un essai de conduite, vous partirez pour un tour palpitant \u00e0 travers des sentiers forestiers et des chemins rocailleux, guid\u00e9s par des instructeurs exp\u00e9riment\u00e9s. Faites une pause \u00e0 un point de vue panoramique pour prendre des photos et admirer les montagnes. Poursuivez la randonn\u00e9e sur des pistes plus difficiles et rafra\u00eechissez-vous en vous baignant dans un canyon. Apr\u00e8s l'aventure, vous serez ramen\u00e9 \u00e0 votre h\u00f4tel.<\/p>\n<h3 dir=\"ltr\"><span style=\"color: #000000;\"><strong>\ud83d\uddfa\ufe0f Itin\u00e9raire de la visite<\/strong><\/span><\/h3>\n<p dir=\"ltr\">\ud83d\udd39 Prise en charge \u00e0 partir de Kemer et des environs<br \/>\n\ud83d\udd39 Arriv\u00e9e \u00e0 la base de quad<br \/>\n\ud83d\udd39 Briefing sur la s\u00e9curit\u00e9 et test de conduite<br \/>\n\ud83d\udd39 Rouler sur les sentiers et les pistes<br \/>\nArr\u00eat photo \u00e0 un point de vue panoramique<br \/>\n\ud83d\udd39 Route continue<br \/>\n\ud83d\udd39 Nager dans le canyon<br \/>\nRetour \u00e0 l'h\u00f4tel<\/p>\n<h3 dir=\"ltr\"><span style=\"color: #000000;\"><strong>\u2139\ufe0f Informations utiles<\/strong><\/span><\/h3>\n<p dir=\"ltr\">Dur\u00e9e : 3-4 heures<br \/>\n\ud83d\udd39 Pas de permis de conduire requis<br \/>\n\ud83d\udd39 \u00c2ge minimum du conducteur : 17 ans<br \/>\n\ud83d\udd39 Mat\u00e9riel fourni<br \/>\n\ud83d\udd39 Activit\u00e9 physique mod\u00e9r\u00e9e \u00e0 \u00e9lev\u00e9e<\/p>\n<h2 dir=\"ltr\">\ud83c\udf92 Ce qu'il faut apporter<\/h2>\n<p dir=\"ltr\">\ud83d\udd39 V\u00eatements et chaussures confortables<br \/>\nServiette et maillot de bain<br \/>\n\ud83d\udd39 D\u00e9penses en esp\u00e8ces<br \/>\n\ud83d\udd39 Cr\u00e8me solaire<\/p>\n<h3 dir=\"ltr\"><strong>\ud83d\udeab Ne convient pas pour<\/strong><\/h3>\n<p dir=\"ltr\">\ud83d\udd39 Femmes enceintes<br \/>\n\ud83d\udd39 Personnes \u00e0 mobilit\u00e9 r\u00e9duite<\/p>\n<h2 dir=\"ltr\"><span style=\"color: #000000;\"><strong>\ud83d\udcb8 Prix et r\u00e9servation<\/strong><\/span><\/h2>\n<p dir=\"ltr\"><strong>\ud83d\udd39 R\u00e9server maintenant, payer le jour de la visite<\/strong><br \/>\n\ud83d\udd39 Contactez-nous via WhatsApp, Telegram, Viber, ou remplissez le formulaire de r\u00e9servation ci-dessous. \ud83d\udc47\ud83c\udffc<\/p>\n<p>\u00c0 la recherche d'alternatives ? Parcourir <a href=\"https:\/\/excursionsworld.com\/fr\/excursions-a-kemer\/\">Plus de visites \u00e0 Kemer<\/a>.<\/p>","protected":false},"excerpt":{"rendered":"<p>Participez \u00e0 un safari en quad \u00e0 Kemer, pr\u00e8s du canyon de G\u00f6yn\u00fck ! Parcourez les sentiers hors route, admirez les vues panoramiques, nagez dans un canyon et ressentez la chaleur de l'eau.<\/p>\n<p dir=\"auto\">ATV Aventure et adr\u00e9naline.<\/p>","protected":false},"featured_media":12701,"comment_status":"open","ping_status":"closed","template":"","meta":[],"product_brand":[],"product_cat":[124],"product_tag":[105],"class_list":{"0":"post-12946","1":"product","2":"type-product","3":"status-publish","4":"has-post-thumbnail","6":"tour_phys-kemer-tours","7":"product_cat-kemer-tours","8":"product_tag-kemer","9":"pa_destination-kemer-tours","11":"first","12":"instock","13":"sale","14":"featured","15":"shipping-taxable","16":"purchasable","17":"product-type-tour_phys"},"aioseo_notices":[],"_links":{"self":[{"href":"https:\/\/excursionsworld.com\/fr\/wp-json\/wp\/v2\/product\/12946","targetHints":{"allow":["GET"]}}],"collection":[{"href":"https:\/\/excursionsworld.com\/fr\/wp-json\/wp\/v2\/product"}],"about":[{"href":"https:\/\/excursionsworld.com\/fr\/wp-json\/wp\/v2\/types\/product"}],"replies":[{"embeddable":true,"href":"https:\/\/excursionsworld.com\/fr\/wp-json\/wp\/v2\/comments?post=12946"}],"wp:featuredmedia":[{"embeddable":true,"href":"https:\/\/excursionsworld.com\/fr\/wp-json\/wp\/v2\/media\/12701"}],"wp:attachment":[{"href":"https:\/\/excursionsworld.com\/fr\/wp-json\/wp\/v2\/media?parent=12946"}],"wp:term":[{"taxonomy":"product_brand","embeddable":true,"href":"https:\/\/excursionsworld.com\/fr\/wp-json\/wp\/v2\/product_brand?post=12946"},{"taxonomy":"product_cat","embeddable":true,"href":"https:\/\/excursionsworld.com\/fr\/wp-json\/wp\/v2\/product_cat?post=12946"},{"taxonomy":"product_tag","embeddable":true,"href":"https:\/\/excursionsworld.com\/fr\/wp-json\/wp\/v2\/product_tag?post=12946"}],"curies":[{"name":"wp","href":"https:\/\/api.w.org\/{rel}","templated":true}]}}