{"id":12947,"date":"2025-05-11T11:43:49","date_gmt":"2025-05-11T08:43:49","guid":{"rendered":"https:\/\/excursionsworld.com\/?post_type=product&#038;p=12947"},"modified":"2026-04-24T00:20:39","modified_gmt":"2026-04-23T21:20:39","slug":"olympos-chimaera-jeep-kemer","status":"publish","type":"product","link":"https:\/\/excursionsworld.com\/tours\/olympos-chimaera-jeep-kemer\/","title":{"rendered":"Excursion Olympos &amp; Chim\u00e8re depuis Kemer \u2013  Feux \u00e9ternels"},"content":{"rendered":"<h2 dir=\"ltr\" data-pm-slice=\"1 1 []\"><span style=\"color: #000000;\"><strong>\u2b50 Vue d'ensemble<\/strong><\/span><\/h2>\n<p dir=\"ltr\">Embarquez pour un palpitant safari nocturne en Jeep jusqu'au mont Chim\u00e8re et <a href=\"https:\/\/en.wikipedia.org\/wiki\/Olympos,_Antalya\" target=\"_blank\" rel=\"noopener\">Olympos<\/a> depuis Kemer et ses environs avec transferts inclus ! Explorez les flammes \u00e9ternelles de la Chim\u00e8re, baignez-vous \u00e0 la plage d'Olympos et savourez un d\u00eener au bord de la rivi\u00e8re \u00e0 Ulup\u0131nar. Parfait pour les couples, les familles et les amoureux de la nature.<\/p>\n<h3 dir=\"ltr\"><span style=\"color: #000000;\"><strong>Inclus :<\/strong><\/span><\/h3>\n<p dir=\"ltr\"><span style=\"color: #00ff00;\"><strong>\u2713<\/strong><\/span> Prise en charge et retour \u00e0 l'h\u00f4tel<br \/>\n<span style=\"color: #00ff00;\"><strong>\u2713 <\/strong><\/span>Frais d'entr\u00e9e \u00e0 Chimaera<br \/>\n<span style=\"color: #00ff00;\"><strong>\u2713 <\/strong><\/span>Chauffeur et guide professionnels<br \/>\n<span style=\"color: #00ff00;\"><strong>\u2713 <\/strong><\/span>Assurance<br \/>\n<span style=\"color: #00ff00;\"><strong>\u2713 <\/strong><\/span>D\u00eener<\/p>\n<h3 dir=\"ltr\"><span style=\"color: #000000;\"><strong>Non inclus :<\/strong><\/span><\/h3>\n<p dir=\"ltr\"><span style=\"color: #ff0000;\"><strong>\u2717<\/strong><\/span> D\u00e9penses personnelles<br \/>\n<span style=\"color: #ff0000;\"><strong>\u2717 <\/strong><\/span>Frais d'entr\u00e9e \u00e0 Olympos<br \/>\n<span style=\"color: #ff0000;\"><strong>\u2717 <\/strong><\/span>Boissons<\/p>\n<h2 dir=\"ltr\"><span style=\"color: #000000;\"><strong>\ud83c\udf1f Faits marquants<\/strong><\/span><\/h2>\n<p dir=\"ltr\">\ud83d\udd39 Flammes \u00e9ternelles de Chimaera apr\u00e8s le coucher du soleil<br \/>\n\ud83d\udd39 Baignade \u00e0 la plage d'Olympos<br \/>\n\ud83d\udd39 Promenade en jeep \u00e0 travers les villages<br \/>\n\ud83d\udd39 D\u00eener au bord de l'eau \u00e0 Ulup\u0131nar<br \/>\nJeeps Range Rover confortables pour 10 personnes<br \/>\n\ud83d\udd39 Vues imprenables en soir\u00e9e<\/p>\n<h2 dir=\"ltr\"><span style=\"color: #000000;\"><strong>\ud83d\udcd6 Description compl\u00e8te<\/strong><\/span><\/h2>\n<p dir=\"ltr\">L'excursion commence par une prise en charge \u00e0 Kemer, suivie d'une promenade en Jeep \u00e0 travers les villages de Kuzdere et Tekirova. Arr\u00eat \u00e0 la plage d'Olympos \u00e0 \u00c7\u0131ral\u0131 pour nager et se d\u00e9tendre. Ensuite, faites une randonn\u00e9e de 30 minutes jusqu'\u00e0 Chimaera pour voir ses flammes \u00e9ternelles briller dans la nuit. Terminez la soir\u00e9e par un d\u00eener de poisson ou de poulet avec salade dans un restaurant au bord de la rivi\u00e8re \u00e0 Ulup\u0131nar avant de retourner \u00e0 votre h\u00f4tel.<\/p>\n<h3 dir=\"ltr\"><span style=\"color: #000000;\"><strong>\ud83d\uddfa\ufe0f Itin\u00e9raire de la visite<\/strong><\/span><\/h3>\n<p dir=\"ltr\">\ud83d\udd39 Prise en charge \u00e0 partir de Kemer<br \/>\n\ud83d\udd39 Promenade en jeep \u00e0 travers les villages<br \/>\n\ud83d\udd39 Baignade \u00e0 la plage d'Olympos<br \/>\nRandonn\u00e9e de 30 minutes jusqu'\u00e0 Chimaera<br \/>\n\ud83d\udd39 Visualisation des flammes \u00e9ternelles<br \/>\n\ud83d\udd39 D\u00eener au bord de l'eau \u00e0 Ulup\u0131nar<br \/>\nRetour \u00e0 l'h\u00f4tel<\/p>\n<h3 dir=\"ltr\"><span style=\"color: #000000;\"><strong>\u2139\ufe0f Informations utiles<\/strong><\/span><\/h3>\n<p dir=\"ltr\">Dur\u00e9e : ~7 heures (16:00-23:00)<br \/>\n\ud83d\udd39 Activit\u00e9 physique mod\u00e9r\u00e9e (randonn\u00e9e et marche)<br \/>\n\ud83d\udd39 Convient aux personnes ayant une condition physique de base<br \/>\n\ud83d\udd39 Jeeps conduites par des chauffeurs professionnels<\/p>\n<h2 dir=\"ltr\"><span style=\"color: #000000;\"><strong>\ud83c\udf92 Ce qu'il faut apporter<\/strong><\/span><\/h2>\n<p dir=\"ltr\">\ud83d\udd39 Chaussures de randonn\u00e9e confortables<br \/>\nMaillot de bain et serviette de bain<br \/>\n\ud83d\udd39 Eau et objets personnels<\/p>\n<h3 dir=\"ltr\"><span style=\"color: #000000;\"><strong>\ud83d\udeab Ne convient pas pour<\/strong><\/span><\/h3>\n<p dir=\"ltr\">\ud83d\udd39 Personnes \u00e0 mobilit\u00e9 r\u00e9duite<br \/>\n\ud83d\udd39 Enfants de moins de 4 ans<br \/>\n\ud83d\udd39 Femmes enceintes<\/p>\n<h2 dir=\"ltr\"><span style=\"color: #000000;\"><strong>\ud83d\udcb8 Prix et r\u00e9servation<\/strong><\/span><\/h2>\n<p dir=\"ltr\"><strong>\ud83d\udd39 R\u00e9server maintenant, payer le jour de la visite<\/strong><br \/>\n\ud83d\udd39 Contactez-nous via WhatsApp, Telegram, Viber, ou remplissez le formulaire de r\u00e9servation ci-dessous. \ud83d\udc47\ud83c\udffc<\/p>\n<p>\u00c0 la recherche d'alternatives ? Parcourir <a href=\"https:\/\/excursionsworld.com\/fr\/excursions-a-kemer\/\">plus de visites \u00e0 Kemer \u00e0 Olympos<\/a>.<\/p>","protected":false},"excerpt":{"rendered":"<p>Participez \u00e0 un safari nocturne en jeep depuis Kemer jusqu'\u00e0 Olympos et au mont Chimaera ! Explorez les flammes \u00e9ternelles, nagez \u00e0 la plage d'Olympos et d\u00eenez au bord de la rivi\u00e8re.<\/p>","protected":false},"featured_media":12731,"comment_status":"open","ping_status":"closed","template":"","meta":[],"product_brand":[],"product_cat":[124],"product_tag":[105],"class_list":{"0":"post-12947","1":"product","2":"type-product","3":"status-publish","4":"has-post-thumbnail","6":"tour_phys-kemer-tours","7":"product_cat-kemer-tours","8":"product_tag-kemer","9":"pa_destination-kemer-tours","11":"first","12":"instock","13":"sale","14":"featured","15":"shipping-taxable","16":"purchasable","17":"product-type-tour_phys"},"aioseo_notices":[],"_links":{"self":[{"href":"https:\/\/excursionsworld.com\/fr\/wp-json\/wp\/v2\/product\/12947","targetHints":{"allow":["GET"]}}],"collection":[{"href":"https:\/\/excursionsworld.com\/fr\/wp-json\/wp\/v2\/product"}],"about":[{"href":"https:\/\/excursionsworld.com\/fr\/wp-json\/wp\/v2\/types\/product"}],"replies":[{"embeddable":true,"href":"https:\/\/excursionsworld.com\/fr\/wp-json\/wp\/v2\/comments?post=12947"}],"wp:featuredmedia":[{"embeddable":true,"href":"https:\/\/excursionsworld.com\/fr\/wp-json\/wp\/v2\/media\/12731"}],"wp:attachment":[{"href":"https:\/\/excursionsworld.com\/fr\/wp-json\/wp\/v2\/media?parent=12947"}],"wp:term":[{"taxonomy":"product_brand","embeddable":true,"href":"https:\/\/excursionsworld.com\/fr\/wp-json\/wp\/v2\/product_brand?post=12947"},{"taxonomy":"product_cat","embeddable":true,"href":"https:\/\/excursionsworld.com\/fr\/wp-json\/wp\/v2\/product_cat?post=12947"},{"taxonomy":"product_tag","embeddable":true,"href":"https:\/\/excursionsworld.com\/fr\/wp-json\/wp\/v2\/product_tag?post=12947"}],"curies":[{"name":"wp","href":"https:\/\/api.w.org\/{rel}","templated":true}]}}