{"id":12948,"date":"2025-05-11T11:50:59","date_gmt":"2025-05-11T08:50:59","guid":{"rendered":"https:\/\/excursionsworld.com\/?post_type=product&#038;p=12948"},"modified":"2026-04-24T00:20:39","modified_gmt":"2026-04-23T21:20:39","slug":"jeep-safari-kemer","status":"publish","type":"product","link":"https:\/\/excursionsworld.com\/tours\/kemer-jeep-safari-tour\/","title":{"rendered":"Excursion Jeep Safari \u00e0 Kemer \u2013 Aventure Offroad dans le Taurus"},"content":{"rendered":"<h2 dir=\"ltr\" data-pm-slice=\"1 1 []\"><span style=\"color: #000000;\"><strong>\ud83c\udfdd\ufe0f Vue d'ensemble<\/strong><\/span><\/h2>\n<p dir=\"ltr\">Embarquez pour un exaltant safari en jeep \u00e0 travers les montagnes du Taurus depuis <a href=\"https:\/\/en.wikipedia.org\/wiki\/Kemer,_Antalya\" target=\"_blank\" rel=\"noopener\">Kemer<\/a>! Nous proposons des transferts pratiques depuis les h\u00f4tels de Beldibi, G\u00f6yn\u00fck, Kemer, Kiri\u015f, \u00c7amyuva et Tekirova. Explorez des paysages magnifiques, visitez un village turc traditionnel, baignez-vous dans une rivi\u00e8re de montagne et d\u00e9gustez un d\u00e9licieux d\u00e9jeuner en pleine nature. Parfait pour les amateurs d'aventure et les familles !<\/p>\n<h3 dir=\"ltr\"><span style=\"color: #000000;\"><strong>Inclus :<\/strong><\/span><\/h3>\n<p dir=\"ltr\"><span style=\"color: #00ff00;\"><strong>\u2713<\/strong><\/span> Prise en charge et retour \u00e0 l'h\u00f4tel<br \/>\n<span style=\"color: #00ff00;\"><strong>\u2713 <\/strong><\/span>Guide<br \/>\n<span style=\"color: #00ff00;\"><strong>\u2713 <\/strong><\/span>Promenade en jeep 4\u00d74<br \/>\n<span style=\"color: #00ff00;\"><strong>\u2713 <\/strong><\/span>Assurance compl\u00e8te<br \/>\n<span style=\"color: #00ff00;\"><strong>\u2713 <\/strong><\/span>D\u00e9jeuner (choix de poisson ou shashlik, salade)<\/p>\n<h3 dir=\"ltr\"><span style=\"color: #000000;\"><strong>Non inclus :<\/strong><\/span><\/h3>\n<p dir=\"ltr\"><span style=\"color: #ff0000;\"><strong>\u2717<\/strong><\/span> Boissons<br \/>\n<span style=\"color: #ff0000;\"><strong>\u2717 <\/strong><\/span>Photos et vid\u00e9os<br \/>\n<span style=\"color: #ff0000;\"><strong>\u2717 <\/strong><\/span>Frais d'entr\u00e9e \u00e0 la grotte<\/p>\n<h2><span style=\"color: #000000;\"><strong>\ud83c\udf1f Points forts de la visite<\/strong><\/span><\/h2>\n<p dir=\"ltr\">\ud83d\udd39 Excursion passionnante en jeep tout-terrain<br \/>\n\ud83d\udd39 Vue imprenable sur le mont Taurus<br \/>\n\ud83d\udd39 Visite d'un village traditionnel turc et d'une mosqu\u00e9e<br \/>\n\ud83d\udd39 Nager dans une rivi\u00e8re de montagne fra\u00eeche<br \/>\n\ud83d\udd39 D\u00e9jeuner d\u00e9licieux dans un restaurant rustique<br \/>\n\ud83d\udd39 Arr\u00eats photos aux gorges de Kesme et \u00e0 un platane vieux de 2000 ans<br \/>\n\ud83d\udd39 Bataille d'eau facultative sur le chemin du retour<\/p>\n<h2 dir=\"ltr\"><span style=\"color: #000000;\"><strong>\ud83d\udcd6 Description compl\u00e8te<\/strong><\/span><\/h2>\n<div dir=\"ltr\">Votre aventure commence par un transfert confortable depuis votre h\u00f4tel \u00e0 Beldibi, G\u00f6yn\u00fck, Kemer, Kiri\u015f, \u00c7amyuva ou Tekirova. Montez \u00e0 bord de puissantes jeeps 4\u00d74 et dirigez-vous vers les montagnes du Taurus, en vous impr\u00e9gnant de l'air frais et des vues spectaculaires.<\/div>\n<div dir=\"ltr\">La premi\u00e8re \u00e9tape est un village turc traditionnel, o\u00f9 vous d\u00e9couvrirez la culture locale, visiterez une mosqu\u00e9e et rencontrerez des habitants accueillants. Ensuite, plongez dans le grand bain du tout-terrain ! Naviguez sur des sentiers rocailleux et des chemins poussi\u00e9reux, en vous arr\u00eatant \u00e0 des points de vue pittoresques pour prendre des photos. Parmi les points forts, citons les gorges pittoresques de Kesme, un platane vieux de 2000 ans et une grotte byzantine.<\/div>\n<div dir=\"ltr\">En milieu de journ\u00e9e, savourez un d\u00e9licieux d\u00e9jeuner dans un restaurant confortable entour\u00e9 par la nature, en choisissant entre du poisson grill\u00e9 ou du poulet shashlik accompagn\u00e9 d'une salade fra\u00eeche. Ensuite, rafra\u00eechissez-vous en vous baignant dans une rivi\u00e8re de montagne au milieu des for\u00eats de pins.<\/div>\n<div dir=\"ltr\">Sur le chemin du retour, participez \u00e0 une bataille d'eau optionnelle entre les jeeps pour un final amusant ! L'excursion se termine par un d\u00e9p\u00f4t \u00e0 votre h\u00f4tel.<\/div>\n<h3 dir=\"ltr\"><span style=\"color: #000000;\"><strong>\ud83d\uddfa\ufe0f Itin\u00e9raire de la visite<\/strong><\/span><\/h3>\n<p dir=\"ltr\">Prise en charge depuis les h\u00f4tels de Beldibi, G\u00f6yn\u00fck, Kemer, Kiri\u015f, \u00c7amyuva ou Tekirova.<br \/>\n\ud83d\udd39 Arr\u00eat photo aux gorges de Kesme<br \/>\n\ud83d\udd39 Visite d'un platane vieux de 2000 ans<br \/>\n\ud83d\udd39 Exploration d'une grotte et d'un village byzantins<br \/>\n\ud83d\udd39 Arr\u00eat panoramique \u00e0 1500 m d'altitude<br \/>\n\ud83d\udd39 D\u00e9jeuner dans un restaurant rustique<br \/>\n\ud83d\udd39 Nager dans une rivi\u00e8re de montagne<br \/>\n\ud83d\udd39 Bataille d'eau facultative<br \/>\nRetour \u00e0 l'h\u00f4tel<\/p>\n<h3><span style=\"color: #000000;\"><strong>\u2139\ufe0f Informations utiles<\/strong><\/span><\/h3>\n<p dir=\"ltr\">Dur\u00e9e : ~5-6 heures<br \/>\n\ud83d\udd39 L'itin\u00e9raire peut \u00eatre modifi\u00e9 en fonction des conditions m\u00e9t\u00e9orologiques.<br \/>\n\ud83d\udd39 Activit\u00e9 physique mod\u00e9r\u00e9e (\u00e9quitation, marche, natation)<\/p>\n<h2 dir=\"ltr\"><span style=\"color: #000000;\"><strong>\ud83c\udf92 Ce qu'il faut apporter<\/strong><\/span><\/h2>\n<p dir=\"ltr\">\ud83d\udd39 Lunettes de soleil<br \/>\nMaillot de bain et serviette de bain<br \/>\n\ud83d\udd39 Cr\u00e8me solaire<br \/>\n\ud83d\udd39 Chaussures et v\u00eatements de sport confortables<br \/>\n\ud83d\udd39 Argent liquide pour les d\u00e9penses personnelles<\/p>\n<h3 dir=\"ltr\"><span style=\"color: #000000;\"><strong>\ud83d\udeab Ne convient pas pour<\/strong><\/span><\/h3>\n<p dir=\"ltr\">\ud83d\udd39 Personnes souffrant d'hypertension art\u00e9rielle<br \/>\n\ud83d\udd39 Femmes enceintes<br \/>\n\ud83d\udd39 Voyageurs \u00e0 mobilit\u00e9 r\u00e9duite<\/p>\n<h2 dir=\"ltr\"><span style=\"color: #000000;\"><strong>\ud83d\udcb8 Prix et r\u00e9servation<\/strong><\/span><\/h2>\n<p dir=\"ltr\"><strong>\ud83d\udd39 R\u00e9server maintenant, payer le jour de la visite<\/strong><br \/>\n\ud83d\udd39 Contactez-nous via WhatsApp, Telegram, Viber, ou remplissez le formulaire de r\u00e9servation ci-dessous. \ud83d\udc47\ud83c\udffc<\/p>\n<p>\u00c0 la recherche d'alternatives ? Parcourir <a href=\"https:\/\/excursionsworld.com\/fr\/excursions-a-kemer\/\">Plus de visites \u00e0 Kemer<\/a>.<\/p>","protected":false},"excerpt":{"rendered":"<p>Participez \u00e0 notre safari en jeep \u00e0 Kemer ! Explorez les montagnes du Taurus, les villages locaux et les rivi\u00e8res au cours d'une aventure tout-terrain amusante. L'excursion comprend le d\u00e9jeuner et les transferts.<\/p>","protected":false},"featured_media":16677,"comment_status":"open","ping_status":"closed","template":"","meta":[],"product_brand":[],"product_cat":[124],"product_tag":[105],"class_list":{"0":"post-12948","1":"product","2":"type-product","3":"status-publish","4":"has-post-thumbnail","6":"tour_phys-kemer-tours","7":"product_cat-kemer-tours","8":"product_tag-kemer","9":"pa_destination-kemer-tours","11":"first","12":"instock","13":"sale","14":"featured","15":"shipping-taxable","16":"purchasable","17":"product-type-tour_phys"},"aioseo_notices":[],"_links":{"self":[{"href":"https:\/\/excursionsworld.com\/fr\/wp-json\/wp\/v2\/product\/12948","targetHints":{"allow":["GET"]}}],"collection":[{"href":"https:\/\/excursionsworld.com\/fr\/wp-json\/wp\/v2\/product"}],"about":[{"href":"https:\/\/excursionsworld.com\/fr\/wp-json\/wp\/v2\/types\/product"}],"replies":[{"embeddable":true,"href":"https:\/\/excursionsworld.com\/fr\/wp-json\/wp\/v2\/comments?post=12948"}],"wp:featuredmedia":[{"embeddable":true,"href":"https:\/\/excursionsworld.com\/fr\/wp-json\/wp\/v2\/media\/16677"}],"wp:attachment":[{"href":"https:\/\/excursionsworld.com\/fr\/wp-json\/wp\/v2\/media?parent=12948"}],"wp:term":[{"taxonomy":"product_brand","embeddable":true,"href":"https:\/\/excursionsworld.com\/fr\/wp-json\/wp\/v2\/product_brand?post=12948"},{"taxonomy":"product_cat","embeddable":true,"href":"https:\/\/excursionsworld.com\/fr\/wp-json\/wp\/v2\/product_cat?post=12948"},{"taxonomy":"product_tag","embeddable":true,"href":"https:\/\/excursionsworld.com\/fr\/wp-json\/wp\/v2\/product_tag?post=12948"}],"curies":[{"name":"wp","href":"https:\/\/api.w.org\/{rel}","templated":true}]}}