{"id":12951,"date":"2025-05-11T12:31:10","date_gmt":"2025-05-11T09:31:10","guid":{"rendered":"https:\/\/excursionsworld.com\/?post_type=product&#038;p=12951"},"modified":"2026-04-24T00:20:39","modified_gmt":"2026-04-23T21:20:39","slug":"istanbul-1-jour-avion-kemer","status":"publish","type":"product","link":"https:\/\/excursionsworld.com\/tours\/istanbul-1-day-plane-kemer\/","title":{"rendered":"Excursion d'1 Jour \u00e0 Istanbul depuis Kemer en Avion \u2013 Visite Guid\u00e9e"},"content":{"rendered":"<h2 dir=\"ltr\" data-pm-slice=\"1 1 []\"><span style=\"color: #000000;\"><strong>\ud83d\udd4c Vue d'ensemble<\/strong><\/span><\/h2>\n<p dir=\"ltr\">D\u00e9couvrez la magie d'Istanbul lors d'une excursion d'une journ\u00e9e ! Nous viendrons vous chercher \u00e0 votre h\u00f4tel \u00e0 <a href=\"https:\/\/en.wikipedia.org\/wiki\/Kemer,_Antalya\" target=\"_blank\" rel=\"noopener\">Kemer<\/a> ou les environs, prenez votre vol depuis l'a\u00e9roport d'Antalya, visitez Sainte-Sophie et le Palais de Topkapi, et profitez d'une croisi\u00e8re en yacht sur le Bosphore. La visite comprend un guide, les repas et une excursion en yacht, d'une dur\u00e9e d'environ 14 \u00e0 16 heures.<\/p>\n<h3 dir=\"ltr\"><span style=\"color: #000000;\"><strong>Inclus :<\/strong><\/span><\/h3>\n<p dir=\"ltr\"><span style=\"color: #00ff00;\"><strong>\u2713<\/strong><\/span> Prise en charge et retour \u00e0 l'h\u00f4tel<br \/>\n<span style=\"color: #00ff00;\"><strong>\u2713 <\/strong><\/span>Billet d'avion (Antalya-Istanbul-Antalya)<br \/>\n<span style=\"color: #00ff00;\"><strong>\u2713 <\/strong><\/span>Assurance compl\u00e8te<br \/>\n<span style=\"color: #00ff00;\"><strong>\u2713 <\/strong><\/span>Guide professionnel anglophone<br \/>\n<span style=\"color: #00ff00;\"><strong>\u2713 <\/strong><\/span>Bus confortable et climatis\u00e9<br \/>\n<span style=\"color: #00ff00;\"><strong>\u2713 <\/strong><\/span>Droits d'entr\u00e9e dans les attractions<br \/>\n<span style=\"color: #00ff00;\"><strong>\u2713 <\/strong><\/span>D\u00e9jeuner et d\u00eener<br \/>\n<span style=\"color: #00ff00;\"><strong>\u2713 <\/strong><\/span>Croisi\u00e8re sur le Bosphore<\/p>\n<h3 dir=\"ltr\"><span style=\"color: #000000;\"><strong>Non inclus :<\/strong><\/span><\/h3>\n<p dir=\"ltr\"><strong><span style=\"color: #ff0000;\">\u2717<\/span><\/strong> D\u00e9penses personnelles<br \/>\n<strong><span style=\"color: #ff0000;\">\u2717 <\/span><\/strong>Photos et vid\u00e9os (facultatif)<br \/>\n<strong><span style=\"color: #ff0000;\">\u2717 <\/span><\/strong>Boissons<\/p>\n<h2 dir=\"ltr\"><span style=\"color: #000000;\"><strong>\u2708\ufe0f Points forts de la visite<\/strong><\/span><\/h2>\n<p dir=\"ltr\">\ud83d\udd39 Visite de Sainte-Sophie, de la Mosqu\u00e9e bleue et du palais de Topkapi<br \/>\n\ud83d\udd39 Explorer le Grand Bazar et le Bazar \u00e9gyptien<br \/>\n\ud83d\udd39 Croisi\u00e8re panoramique sur le Bosphore<br \/>\nD\u00eener dans le quartier historique de Kumkap\u0131<br \/>\n\ud83d\udd39 Une histoire et une culture riches en une journ\u00e9e<\/p>\n<h2 dir=\"ltr\"><span style=\"color: #000000;\"><strong>\ud83d\udcd6 Description compl\u00e8te<\/strong><\/span><\/h2>\n<p dir=\"ltr\">Embarquez pour un voyage passionnant qui commence t\u00f4t le matin par un transfert de Kemer ou des environs \u00e0 l'a\u00e9roport d'Antalya pour un vol court \u00e0 destination d'Istanbul. Plongez au c\u0153ur de la ville avec un tour de la p\u00e9ninsule historique, en visitant Sainte-Sophie, la Mosqu\u00e9e bleue et l'Hippodrome. Explorez l'opulent palais de Topkapi et le vibrant bazar \u00e9gyptien. Apr\u00e8s un d\u00e9licieux d\u00e9jeuner, embarquez pour une croisi\u00e8re sur le Bosphore et admirez la ligne d'horizon de la ville qui relie deux continents. Terminez la journ\u00e9e par un d\u00eener dans le quartier anim\u00e9 de Kumkap\u0131 avant de reprendre l'avion pour Antalya et de retourner \u00e0 votre h\u00f4tel, enchant\u00e9 par le m\u00e9lange de l'Orient et de l'Occident.<\/p>\n<h3 dir=\"ltr\"><span style=\"color: #000000;\"><strong>\ud83d\uddfa\ufe0f Itin\u00e9raire de la visite<\/strong><\/span><\/h3>\n<p dir=\"ltr\">\ud83d\udd39 Prise en charge \u00e0 partir de Kemer et des environs<br \/>\nTransfert \u00e0 l'a\u00e9roport d'Antalya<br \/>\n\ud83d\udd39 Vol pour Istanbul (~1 heure)<br \/>\n\ud83d\udd39 Visite de la p\u00e9ninsule historique<br \/>\nMosqu\u00e9e bleue et Sainte-Sophie<br \/>\n\ud83d\udd39 Place de l'Hippodrome<br \/>\n\ud83d\udd39 D\u00e9jeuner<br \/>\n\ud83d\udd39 Palais de Topkapi<br \/>\n\ud83d\udd39 Bazar \u00e9gyptien<br \/>\n\ud83d\udd39 Croisi\u00e8re sur le Bosphore<br \/>\nD\u00eener \u00e0 Kumkap\u0131<br \/>\nVol de retour vers Antalya<br \/>\nRetour \u00e0 l'h\u00f4tel<\/p>\n<h3 dir=\"ltr\"><strong><span style=\"color: #000000;\">\u2139\ufe0f Informations utiles<\/span><\/strong><\/h3>\n<p dir=\"ltr\">Dur\u00e9e : ~14-16 heures (journ\u00e9e compl\u00e8te)<br \/>\n\ud83d\udd39 Activit\u00e9 physique mod\u00e9r\u00e9e (marche et visites)<br \/>\n\ud83d\udd39 Accompagn\u00e9 d'un guide anglophone agr\u00e9\u00e9<br \/>\nDur\u00e9e du vol : ~1 heure dans chaque sens<br \/>\n\ud83d\udd39 Porter des chaussures confortables pour les longues marches<br \/>\n\ud83d\udd39 L'itin\u00e9raire peut \u00eatre modifi\u00e9 en fonction des conditions m\u00e9t\u00e9orologiques ou de la circulation.<br \/>\n\ud83d\udd39 Les enfants de moins de 3 ans voyagent gratuitement sans si\u00e8ge s\u00e9par\u00e9 ; un si\u00e8ge suppl\u00e9mentaire est disponible moyennant un suppl\u00e9ment.<br \/>\n\ud83d\udd39 Le nombre de places assises pour les enfants d\u00e9pend de la disponibilit\u00e9 des bus.<\/p>\n<h2 dir=\"ltr\"><span style=\"color: #000000;\">\ud83c\udf92 Ce qu'il faut apporter<\/span><\/h2>\n<p dir=\"ltr\">\ud83d\udd39 Passeport<br \/>\nLunettes de soleil et chapeau<br \/>\n\ud83d\udd39 Chaussures de marche confortables<br \/>\n\ud83d\udd39 Argent liquide pour les d\u00e9penses personnelles<\/p>\n<h3 dir=\"ltr\"><span style=\"color: #000000;\">\ud83d\udeab Ne convient pas pour<\/span><\/h3>\n<p dir=\"ltr\">\ud83d\udd39 Personnes ayant de graves probl\u00e8mes de mobilit\u00e9<br \/>\n\ud83d\udd39 Les voyageurs souffrant de claustrophobie (vol et transport)<br \/>\n\ud83d\udd39 Enfants de moins de 3 ans<\/p>\n<h2><strong>\ud83d\udcb8 Prix et r\u00e9servation<\/strong><\/h2>\n<p dir=\"ltr\"><strong>\ud83d\udd39 R\u00e9server maintenant, payer le jour de la visite<\/strong><br \/>\n\ud83d\udd39 Contactez-nous via WhatsApp, Telegram, Viber, ou remplissez le formulaire de r\u00e9servation ci-dessous. \ud83d\udc47\ud83c\udffc<\/p>\n<p>\u00c0 la recherche d'alternatives ? Parcourir <a href=\"https:\/\/excursionsworld.com\/fr\/excursions-a-kemer\/\">Plus de visites \u00e0 Kemer<\/a>.<\/p>","protected":false},"excerpt":{"rendered":"<p data-start=\"998\" data-end=\"1208\">Participez \u00e0 une visite guid\u00e9e d'Istanbul d'une journ\u00e9e au d\u00e9part de Kemer en avion. Visitez Sainte-Sophie, le palais de Topkapi, le Grand Bazar et profitez d'une croisi\u00e8re sur le Bosphore. Vol aller-retour, transferts et repas inclus.<\/p>","protected":false},"featured_media":12902,"comment_status":"open","ping_status":"closed","template":"","meta":[],"product_brand":[],"product_cat":[124],"product_tag":[105],"class_list":{"0":"post-12951","1":"product","2":"type-product","3":"status-publish","4":"has-post-thumbnail","6":"tour_phys-kemer-tours","7":"product_cat-kemer-tours","8":"product_tag-kemer","9":"pa_destination-kemer-tours","11":"first","12":"instock","13":"sale","14":"featured","15":"shipping-taxable","16":"purchasable","17":"product-type-tour_phys"},"aioseo_notices":[],"_links":{"self":[{"href":"https:\/\/excursionsworld.com\/fr\/wp-json\/wp\/v2\/product\/12951","targetHints":{"allow":["GET"]}}],"collection":[{"href":"https:\/\/excursionsworld.com\/fr\/wp-json\/wp\/v2\/product"}],"about":[{"href":"https:\/\/excursionsworld.com\/fr\/wp-json\/wp\/v2\/types\/product"}],"replies":[{"embeddable":true,"href":"https:\/\/excursionsworld.com\/fr\/wp-json\/wp\/v2\/comments?post=12951"}],"wp:featuredmedia":[{"embeddable":true,"href":"https:\/\/excursionsworld.com\/fr\/wp-json\/wp\/v2\/media\/12902"}],"wp:attachment":[{"href":"https:\/\/excursionsworld.com\/fr\/wp-json\/wp\/v2\/media?parent=12951"}],"wp:term":[{"taxonomy":"product_brand","embeddable":true,"href":"https:\/\/excursionsworld.com\/fr\/wp-json\/wp\/v2\/product_brand?post=12951"},{"taxonomy":"product_cat","embeddable":true,"href":"https:\/\/excursionsworld.com\/fr\/wp-json\/wp\/v2\/product_cat?post=12951"},{"taxonomy":"product_tag","embeddable":true,"href":"https:\/\/excursionsworld.com\/fr\/wp-json\/wp\/v2\/product_tag?post=12951"}],"curies":[{"name":"wp","href":"https:\/\/api.w.org\/{rel}","templated":true}]}}