{"id":12958,"date":"2025-05-11T13:50:28","date_gmt":"2025-05-11T10:50:28","guid":{"rendered":"https:\/\/excursionsworld.com\/?post_type=product&#038;p=12958"},"modified":"2026-04-25T15:37:58","modified_gmt":"2026-04-25T12:37:58","slug":"peche-mer-bateau-kemer","status":"publish","type":"product","link":"https:\/\/excursionsworld.com\/tours\/sea-fishing-boat-kemer\/","title":{"rendered":"P\u00eache en mer \u00e0 Kemer en yacht \u2013 Tout compris"},"content":{"rendered":"<h2 dir=\"ltr\" data-pm-slice=\"1 1 []\"><span style=\"color: #000000;\"><strong>\ud83c\udfa3 Vue d'ensemble<\/strong><\/span><\/h2>\n<p dir=\"ltr\">Embarquez pour une excursion de p\u00eache tranquille depuis <a href=\"https:\/\/en.wikipedia.org\/wiki\/Kemer,_Antalya\" target=\"_blank\" rel=\"noopener\">Kemer<\/a> et ses environs ! P\u00eachez dans les eaux cristallines de la mer M\u00e9diterran\u00e9e, baignez-vous dans des criques isol\u00e9es et d\u00e9gustez votre petit-d\u00e9jeuner et votre d\u00e9jeuner \u00e0 bord. Id\u00e9al pour les amoureux de la nature, cette excursion dure environ 4 \u00e0 6 heures.<\/p>\n<h3 dir=\"ltr\"><span style=\"color: #000000;\"><strong>Inclus :<\/strong><\/span><\/h3>\n<p dir=\"ltr\"><span style=\"color: #00ff00;\"><strong>\u2713<\/strong><\/span> Prise en charge et retour \u00e0 l'h\u00f4tel<br \/>\n<span style=\"color: #00ff00;\"><strong>\u2713 <\/strong><\/span>Petit d\u00e9jeuner \u00e0 bord<br \/>\n<span style=\"color: #00ff00;\"><strong>\u2713 <\/strong><\/span>Mat\u00e9riel de p\u00eache et app\u00e2ts<br \/>\n<span style=\"color: #00ff00;\"><strong>\u2713 <\/strong><\/span>Instruction et assistance<br \/>\n<span style=\"color: #00ff00;\"><strong>\u2713 <\/strong><\/span>D\u00e9jeuner sur le yacht<br \/>\n<span style=\"color: #00ff00;\"><strong>\u2713 <\/strong><\/span>Boissons non alcoolis\u00e9es<br \/>\n<span style=\"color: #00ff00;\"><strong>\u2713 <\/strong><\/span>Assurance compl\u00e8te<\/p>\n<h3 dir=\"ltr\"><span style=\"color: #000000;\"><strong>Non inclus :<\/strong><\/span><\/h3>\n<p dir=\"ltr\"><span style=\"color: #ff0000;\"><strong>\u2717 <\/strong><\/span>Boissons alcoolis\u00e9es<br \/>\n<span style=\"color: #ff0000;\"><strong>\u2717 <\/strong><\/span>Photos et vid\u00e9os (facultatif)<\/p>\n<h2 dir=\"ltr\"><span style=\"color: #000000;\"><strong>\ud83c\udf0a Points forts de la visite<\/strong><\/span><\/h2>\n<p dir=\"ltr\">\ud83d\udd39 P\u00eache dans les eaux claires de la M\u00e9diterran\u00e9e<br \/>\n\ud83d\udd39 Vues panoramiques du littoral depuis le bateau<br \/>\n\ud83d\udd39 Nager dans des baies isol\u00e9es<br \/>\n\ud83d\udd39 Mat\u00e9riel et conseils professionnels<br \/>\n\ud83d\udd39 P\u00eache fra\u00eeche pr\u00e9par\u00e9e \u00e0 bord<\/p>\n<h2 dir=\"ltr\"><span style=\"color: #000000;\"><strong>\ud83d\udcd6 Description compl\u00e8te<\/strong><\/span><\/h2>\n<p dir=\"ltr\">Commencez votre journ\u00e9e par un transfert depuis Kemer ou les environs jusqu'\u00e0 la marina, o\u00f9 un bateau de p\u00eache \u00e9quip\u00e9 vous attend. Savourez un petit d\u00e9jeuner copieux pendant que le bateau glisse sur les eaux \u00e9tincelantes de la M\u00e9diterran\u00e9e. Que vous soyez d\u00e9butant ou exp\u00e9riment\u00e9, l'\u00e9quipage vous fournira du mat\u00e9riel professionnel et des instructions pour vous aider \u00e0 attraper du poisson. Arr\u00eatez-vous dans des baies tranquilles pour vous rafra\u00eechir tout en admirant la vue sur la c\u00f4te. Pour le d\u00e9jeuner, savourez votre prise, fra\u00eechement pr\u00e9par\u00e9e \u00e0 bord. Retournez \u00e0 votre h\u00f4tel \u00e0 la mi-journ\u00e9e, empli de la s\u00e9r\u00e9nit\u00e9 de la mer.<\/p>\n<h3 dir=\"ltr\"><span style=\"color: #000000;\"><strong>\ud83d\uddfa\ufe0f Itin\u00e9raire de la visite<\/strong><\/span><\/h3>\n<p dir=\"ltr\">\ud83d\udd39 Prise en charge \u00e0 partir de Kemer et des environs<br \/>\n\ud83d\udd39 Arriv\u00e9e au port de plaisance de Kemer et embarquement<br \/>\n\ud83d\udd39 Petit d\u00e9jeuner \u00e0 bord<br \/>\n\ud83d\udd39 P\u00eache avec instruction et \u00e9quipement<br \/>\n\ud83d\udd39 Arr\u00eats de baignade dans les baies<br \/>\n\ud83d\udd39 D\u00e9jeuner avec pr\u00e9paration optionnelle de votre p\u00eache<br \/>\n\ud83d\udd39 Retour au port de plaisance et \u00e0 l'h\u00f4tel<\/p>\n<h3 dir=\"ltr\"><span style=\"color: #000000;\"><strong>\u2139\ufe0f Informations utiles<\/strong><\/span><\/h3>\n<p dir=\"ltr\">Dur\u00e9e : ~4-6 heures (demi-journ\u00e9e)<br \/>\n\ud83d\udd39 Activit\u00e9 physique faible \u00e0 mod\u00e9r\u00e9e<br \/>\n\ud83d\udd39 Les enfants de moins de 5 ans voyagent gratuitement (pas de si\u00e8ge s\u00e9par\u00e9)<br \/>\n\ud83d\udd39 Repas v\u00e9g\u00e9tariens disponibles sur demande<br \/>\n\ud83d\udd39 La visite d\u00e9pend des conditions m\u00e9t\u00e9orologiques<\/p>\n<h2 dir=\"ltr\"><span style=\"color: #000000;\"><strong>\ud83c\udf92 Ce qu'il faut apporter<\/strong><\/span><\/h2>\n<p dir=\"ltr\">\ud83d\udd39 V\u00eatements et maillots de bain confortables<br \/>\nServiette, cr\u00e8me solaire, chapeau, lunettes de soleil<br \/>\n\ud83d\udd39 Appareil photo ou smartphone<br \/>\n\ud83d\udd39 Argent liquide pour les boissons ou les souvenirs<\/p>\n<h3 dir=\"ltr\"><span style=\"color: #000000;\"><strong>\ud83d\udeab Ne convient pas pour<\/strong><\/span><\/h3>\n<p dir=\"ltr\">\ud83d\udd39 Personnes souffrant d'un mal de mer s\u00e9v\u00e8re<br \/>\n\ud83d\udd39 Personnes \u00e0 mobilit\u00e9 r\u00e9duite<\/p>\n<div class=\"elementor-element elementor-element-884d539 e-con-full e-flex e-con e-child\" data-id=\"884d539\" data-element_type=\"container\">\n<div id=\"description\" class=\"elementor-element elementor-element-337037cc elementor-widget elementor-widget-thim-ekits-tours-content\" data-id=\"337037cc\" data-element_type=\"widget\" data-widget_type=\"thim-ekits-tours-content.default\">\n<div class=\"elementor-widget-container\">\n<div class=\"thim-ekit-single-tour__content\">\n<h2 dir=\"ltr\"><strong>\ud83d\udcb8 Prix et r\u00e9servation<\/strong><\/h2>\n<p dir=\"ltr\"><strong>\ud83d\udd39 R\u00e9server maintenant, payer le jour de la visite<\/strong><br \/>\n\ud83d\udd39 Contactez-nous via WhatsApp, Telegram, Viber, ou remplissez le formulaire de r\u00e9servation ci-dessous. \ud83d\udc47\ud83c\udffc<\/p>\n<\/div>\n<\/div>\n<\/div>\n<\/div>\n<p>\u00c0 la recherche d'alternatives ? Parcourir <a href=\"https:\/\/excursionsworld.com\/fr\/excursions-a-kemer\/\">Plus de visites \u00e0 Kemer<\/a>.<\/p>","protected":false},"excerpt":{"rendered":"<p data-start=\"171\" data-end=\"381\">Participez \u00e0 une excursion de p\u00eache en mer et \u00e0 une excursion en bateau \u00e0 Kemer ! Comprend le petit-d\u00e9jeuner, le mat\u00e9riel de p\u00eache, les instructions, la baignade, le d\u00e9jeuner avec votre prise, le transfert \u00e0 l'h\u00f4tel et l'assurance.<\/p>","protected":false},"featured_media":15809,"comment_status":"open","ping_status":"closed","template":"","meta":[],"product_brand":[],"product_cat":[124],"product_tag":[105],"class_list":{"0":"post-12958","1":"product","2":"type-product","3":"status-publish","4":"has-post-thumbnail","6":"tour_phys-boat-tours","7":"tour_phys-kemer-tours","8":"product_cat-kemer-tours","9":"product_tag-kemer","10":"pa_destination-kemer-tours","11":"pa_kategori-boat-tours","13":"first","14":"instock","15":"sale","16":"featured","17":"shipping-taxable","18":"purchasable","19":"product-type-tour_phys"},"aioseo_notices":[],"_links":{"self":[{"href":"https:\/\/excursionsworld.com\/fr\/wp-json\/wp\/v2\/product\/12958","targetHints":{"allow":["GET"]}}],"collection":[{"href":"https:\/\/excursionsworld.com\/fr\/wp-json\/wp\/v2\/product"}],"about":[{"href":"https:\/\/excursionsworld.com\/fr\/wp-json\/wp\/v2\/types\/product"}],"replies":[{"embeddable":true,"href":"https:\/\/excursionsworld.com\/fr\/wp-json\/wp\/v2\/comments?post=12958"}],"wp:featuredmedia":[{"embeddable":true,"href":"https:\/\/excursionsworld.com\/fr\/wp-json\/wp\/v2\/media\/15809"}],"wp:attachment":[{"href":"https:\/\/excursionsworld.com\/fr\/wp-json\/wp\/v2\/media?parent=12958"}],"wp:term":[{"taxonomy":"product_brand","embeddable":true,"href":"https:\/\/excursionsworld.com\/fr\/wp-json\/wp\/v2\/product_brand?post=12958"},{"taxonomy":"product_cat","embeddable":true,"href":"https:\/\/excursionsworld.com\/fr\/wp-json\/wp\/v2\/product_cat?post=12958"},{"taxonomy":"product_tag","embeddable":true,"href":"https:\/\/excursionsworld.com\/fr\/wp-json\/wp\/v2\/product_tag?post=12958"}],"curies":[{"name":"wp","href":"https:\/\/api.w.org\/{rel}","templated":true}]}}