{"id":12961,"date":"2025-05-11T14:03:54","date_gmt":"2025-05-11T11:03:54","guid":{"rendered":"https:\/\/excursionsworld.com\/?post_type=product&#038;p=12961"},"modified":"2026-04-24T00:20:40","modified_gmt":"2026-04-23T21:20:40","slug":"plongee-snorkeling-kemer","status":"publish","type":"product","link":"https:\/\/excursionsworld.com\/tours\/kemer-scuba-diving-snorkeling\/","title":{"rendered":"Plong\u00e9e &amp; snorkeling \u00e0 Kemer \u2013 Scuba Diving"},"content":{"rendered":"<h2 dir=\"ltr\"><strong>\ud83c\udf0a Vue d'ensemble<\/strong><\/h2>\n<p dir=\"ltr\">Embarquez pour un voyage passionnant dans le monde sous-marin de la mer M\u00e9diterran\u00e9e avec une excursion de plong\u00e9e au d\u00e9part de <a href=\"https:\/\/en.wikipedia.org\/wiki\/Kemer,_Antalya\" target=\"_blank\" rel=\"noopener\">Kemer<\/a> et ses environs, y compris le ramassage et le d\u00e9p\u00f4t \u00e0 l'h\u00f4tel. Profitez de deux plong\u00e9es dans les baies d'Aquarium et de Kiri\u015f, de la baignade, de la plong\u00e9e avec tuba et d'un d\u00e9jeuner frais \u00e0 bord. La visite convient aussi bien aux d\u00e9butants qu'aux plongeurs certifi\u00e9s.<\/p>\n<h3 dir=\"ltr\"><strong>Inclus :<\/strong><\/h3>\n<p dir=\"ltr\"><span style=\"color: #00ff00;\"><strong>\u2713<\/strong> <\/span>Prise en charge et retour \u00e0 l'h\u00f4tel<br \/>\n<span style=\"color: #00ff00;\"><strong>\u2713<\/strong> <\/span>Bus confortable et climatis\u00e9<br \/>\n<span style=\"color: #00ff00;\"><strong>\u2713<\/strong> <\/span>Assurance<br \/>\n<span style=\"color: #00ff00;\"><strong>\u2713<\/strong> <\/span>Guide<br \/>\n<span style=\"color: #00ff00;\"><strong>\u2713<\/strong> <\/span>D\u00e9jeuner<\/p>\n<h3 dir=\"ltr\"><strong>Non inclus :<\/strong><\/h3>\n<p dir=\"ltr\"><strong><span style=\"color: #ff0000;\">\u2717<\/span><\/strong> D\u00e9penses personnelles<br \/>\n<strong><span style=\"color: #ff0000;\">\u2717 <\/span><\/strong>Photos et vid\u00e9os<br \/>\n<strong><span style=\"color: #ff0000;\">\u2717 <\/span><\/strong>Boissons<\/p>\n<h2 dir=\"ltr\"><strong>\ud83c\udf1f Points forts de la visite<\/strong><\/h2>\n<p dir=\"ltr\">\ud83d\udd39 Deux plong\u00e9es avec guide dans les baies de l'Aquarium et de Kiri\u015f.<br \/>\nNager et faire de la plong\u00e9e avec masque et tuba dans des eaux cristallines<br \/>\n\ud83d\udd39 D\u00e9jeuner frais servi \u00e0 bord<br \/>\n\ud83d\udd39 Observation d'une faune et d'une flore marines dynamiques<br \/>\n\ud83d\udd39 Convient aux d\u00e9butants et aux plongeurs exp\u00e9riment\u00e9s<br \/>\n\ud83d\udd39 Vue imprenable sur le littoral m\u00e9diterran\u00e9en<\/p>\n<h2 dir=\"ltr\"><strong>\ud83d\udcd6 Description compl\u00e8te<\/strong><\/h2>\n<div dir=\"ltr\">L'excursion commence par un transfert depuis votre h\u00f4tel \u00e0 Kemer ou dans les environs jusqu'\u00e0 la marina. \u00c0 bord du bateau, des instructeurs certifi\u00e9s vous donneront des informations sur la s\u00e9curit\u00e9, l'\u00e9quipement et les techniques de plong\u00e9e.<\/div>\n<div dir=\"ltr\">La premi\u00e8re plong\u00e9e a lieu dans la baie de l'Aquarium \u00e0 une profondeur de 5 m\u00e8tres et dure de 20 \u00e0 25 minutes. Ensuite, vous pourrez vous d\u00e9tendre sur le pont, nager ou faire de la plong\u00e9e avec tuba. Un d\u00e9jeuner frais est servi \u00e0 bord. La deuxi\u00e8me plong\u00e9e a lieu dans la baie de Kiri\u015f \u00e0 une profondeur de 10-15 m\u00e8tres, guid\u00e9e par des instructeurs.<\/div>\n<div dir=\"ltr\">Profitez du littoral pittoresque et de l'atmosph\u00e8re tranquille de la mer. L'excursion convient m\u00eame aux non-nageurs, car les plong\u00e9es sont enti\u00e8rement supervis\u00e9es. Apr\u00e8s la deuxi\u00e8me plong\u00e9e, vous retournerez \u00e0 la marina, puis \u00e0 votre h\u00f4tel.<\/div>\n<h3 dir=\"ltr\"><strong>\ud83d\uddfa\ufe0f Tour Itinerar<\/strong>y<\/h3>\n<p dir=\"ltr\">\ud83d\udd39 Prise en charge \u00e0 l'h\u00f4tel \u00e0 Kemer ou dans les environs<br \/>\n\ud83d\udd39 Arriv\u00e9e au port de plaisance et embarquement sur le bateau<br \/>\n\ud83d\udd39 Briefing sur la s\u00e9curit\u00e9 et l'\u00e9quipement<br \/>\n\ud83d\udd39 Premi\u00e8re plong\u00e9e \u00e0 Aquarium Bay (5 m\u00e8tres, 20-25 minutes)<br \/>\nBaignade, plong\u00e9e en apn\u00e9e et d\u00e9jeuner \u00e0 bord<br \/>\n\ud83d\udd39 Deuxi\u00e8me plong\u00e9e dans la baie de Kiri\u015f (10-15 m\u00e8tres)<br \/>\nRetour \u00e0 la marina et transfert \u00e0 l'h\u00f4tel<\/p>\n<h3 dir=\"ltr\"><strong>\u2139\ufe0f Informations utiles<\/strong><\/h3>\n<p dir=\"ltr\">Dur\u00e9e de la visite : environ 7-8 heures<br \/>\n\ud83d\udd39 Tous les \u00e9quipements sont modernes et r\u00e9guli\u00e8rement entretenus<br \/>\n\ud83d\udd39 Aucune comp\u00e9tence en natation n'est requise, convient aux d\u00e9butants<br \/>\n\ud83d\udd39 Les enfants b\u00e9n\u00e9ficiant de billets gratuits n'ont pas de si\u00e8ge s\u00e9par\u00e9 dans le bus et doivent s'asseoir sur les genoux d'un adulte.<\/p>\n<h2 dir=\"ltr\"><strong>\ud83c\udf92 Ce qu'il faut apporter<\/strong><\/h2>\n<p dir=\"ltr\">Maillot de bain et serviette de bain<br \/>\nLunettes de soleil et cr\u00e8me solaire<br \/>\n\ud83d\udd39 Argent liquide pour les d\u00e9penses personnelles<\/p>\n<h3 dir=\"ltr\"><strong>\ud83d\udeab Ne convient pas pour<\/strong><\/h3>\n<p dir=\"ltr\">\ud83d\udd39 Personnes souffrant d'hypertension art\u00e9rielle<br \/>\n\ud83d\udd39 Femmes enceintes<\/p>\n<h2 dir=\"ltr\"><strong>\ud83d\udcb8 Prix et r\u00e9servation<\/strong><\/h2>\n<p dir=\"ltr\"><strong>\ud83d\udd39 R\u00e9server maintenant, payer le jour de la visite<\/strong><br \/>\n\ud83d\udd39 Contactez-nous via WhatsApp, Telegram, Viber, ou remplissez le formulaire de r\u00e9servation ci-dessous. \ud83d\udc47\ud83c\udffc<\/p>\n<p>\u00c0 la recherche d'alternatives ? Parcourir <a href=\"https:\/\/excursionsworld.com\/fr\/excursions-a-kemer\/\">Plus de visites \u00e0 Kemer<\/a>.<\/p>","protected":false},"excerpt":{"rendered":"<p>Participez \u00e0 une excursion de plong\u00e9e sous-marine et de snorkeling \u00e0 Kemer ! Profitez de 2 plong\u00e9es guid\u00e9es, d'un d\u00e9jeuner \u00e0 bord, de transferts \u00e0 l'h\u00f4tel et d'une excursion de plong\u00e9e en M\u00e9diterran\u00e9e en toute s\u00e9curit\u00e9 pour tous les niveaux.<\/p>","protected":false},"featured_media":12653,"comment_status":"open","ping_status":"closed","template":"","meta":[],"product_brand":[],"product_cat":[124],"product_tag":[105],"class_list":{"0":"post-12961","1":"product","2":"type-product","3":"status-publish","4":"has-post-thumbnail","6":"tour_phys-boat-tours","7":"tour_phys-kemer-tours","8":"product_cat-kemer-tours","9":"product_tag-kemer","10":"pa_destination-kemer-tours","11":"pa_kategori-boat-tours","13":"first","14":"instock","15":"sale","16":"featured","17":"shipping-taxable","18":"purchasable","19":"product-type-tour_phys"},"aioseo_notices":[],"_links":{"self":[{"href":"https:\/\/excursionsworld.com\/fr\/wp-json\/wp\/v2\/product\/12961","targetHints":{"allow":["GET"]}}],"collection":[{"href":"https:\/\/excursionsworld.com\/fr\/wp-json\/wp\/v2\/product"}],"about":[{"href":"https:\/\/excursionsworld.com\/fr\/wp-json\/wp\/v2\/types\/product"}],"replies":[{"embeddable":true,"href":"https:\/\/excursionsworld.com\/fr\/wp-json\/wp\/v2\/comments?post=12961"}],"wp:featuredmedia":[{"embeddable":true,"href":"https:\/\/excursionsworld.com\/fr\/wp-json\/wp\/v2\/media\/12653"}],"wp:attachment":[{"href":"https:\/\/excursionsworld.com\/fr\/wp-json\/wp\/v2\/media?parent=12961"}],"wp:term":[{"taxonomy":"product_brand","embeddable":true,"href":"https:\/\/excursionsworld.com\/fr\/wp-json\/wp\/v2\/product_brand?post=12961"},{"taxonomy":"product_cat","embeddable":true,"href":"https:\/\/excursionsworld.com\/fr\/wp-json\/wp\/v2\/product_cat?post=12961"},{"taxonomy":"product_tag","embeddable":true,"href":"https:\/\/excursionsworld.com\/fr\/wp-json\/wp\/v2\/product_tag?post=12961"}],"curies":[{"name":"wp","href":"https:\/\/api.w.org\/{rel}","templated":true}]}}