{"id":12965,"date":"2025-05-11T14:32:23","date_gmt":"2025-05-11T11:32:23","guid":{"rendered":"https:\/\/excursionsworld.com\/?post_type=product&#038;p=12965"},"modified":"2026-04-24T00:20:41","modified_gmt":"2026-04-23T21:20:41","slug":"suluada-coucher-soleil-bateau-kemer","status":"publish","type":"product","link":"https:\/\/excursionsworld.com\/tours\/suluada-sunset-boat-kemer\/","title":{"rendered":"Excursion en Bateau au Coucher du Soleil vers Suluada depuis Kemer"},"content":{"rendered":"<h2 dir=\"ltr\" data-pm-slice=\"1 1 []\"><span style=\"color: #000000;\"><strong>\ud83c\udf05 Vue d'ensemble<\/strong><\/span><\/h2>\n<p dir=\"ltr\">Plongez dans la magie de la M\u00e9diterran\u00e9e avec notre circuit au coucher du soleil vers l'\u00eele de Suluada depuis <a href=\"https:\/\/en.wikipedia.org\/wiki\/Kemer,_Antalya\" target=\"_blank\" rel=\"noopener\">Kemer<\/a>. Nous organiserons un transfert depuis Kemer et ses environs. Profitez de la baignade dans des eaux cristallines, d'une croisi\u00e8re sereine en yacht et d'un coucher de soleil magique sur la mer. Parfait pour les couples, les amoureux de la nature et les photographes.<\/p>\n<h3 dir=\"ltr\"><span style=\"color: #000000;\"><strong>Inclus :<\/strong><\/span><\/h3>\n<p dir=\"ltr\"><span style=\"color: #00ff00;\"><strong>\u2713<\/strong><\/span> Prise en charge et retour \u00e0 l'h\u00f4tel<br \/>\n<span style=\"color: #00ff00;\"><strong>\u2713<\/strong><\/span>\u00a0 Bus confortable et climatis\u00e9<br \/>\n<span style=\"color: #00ff00;\"><strong>\u2713<\/strong><\/span>\u00a0 Assurance<br \/>\n<span style=\"color: #00ff00;\"><strong>\u2713<\/strong><\/span>\u00a0 Guide<br \/>\n<span style=\"color: #00ff00;\"><strong>\u2713<\/strong><\/span>\u00a0 D\u00eener \u00e0 bord au coucher du soleil<\/p>\n<h3 dir=\"ltr\"><span style=\"color: #000000;\"><strong>Non inclus :<\/strong><\/span><\/h3>\n<p dir=\"ltr\"><span style=\"color: #ff0000;\"><strong>\u2717<\/strong><\/span> Boissons<br \/>\n<span style=\"color: #ff0000;\"><strong>\u2717 <\/strong><\/span>D\u00e9penses personnelles<br \/>\n<span style=\"color: #ff0000;\"><strong>\u2717 <\/strong><\/span>Services photo et vid\u00e9o<\/p>\n<h2 dir=\"ltr\"><span style=\"color: #000000;\"><strong>\ud83d\udcf8 Points forts de la visite<\/strong><\/span><\/h2>\n<p dir=\"ltr\">Transfert de Kemer \u00e0 Adrasan<br \/>\n\ud83d\udd39 Croisi\u00e8re en yacht sur l'\u00eele de Suluada - les \u201cMaldives turques\u201d<br \/>\n\ud83d\udd39 Baignade dans des baies turquoises<br \/>\n\ud83d\udd39 Coucher de soleil romantique en mer<br \/>\nD\u00eener \u00e0 bord avec vue sur le coucher de soleil<br \/>\n\ud83d\udd39 Parfait pour les s\u00e9ances photos et la d\u00e9tente<\/p>\n<h2 dir=\"ltr\"><span style=\"color: #000000;\"><strong>\ud83d\udcdd Description compl\u00e8te<\/strong><\/span><\/h2>\n<div dir=\"ltr\">Votre excursion commence par un transfert depuis votre h\u00f4tel \u00e0 Kemer ou dans les environs jusqu'au village c\u00f4tier d'Adrasan. De l\u00e0, vous embarquerez sur un yacht \u00e0 destination de l'\u00eele de Suluada, r\u00e9put\u00e9e pour son sable blanc et ses eaux azur.<\/div>\n<div dir=\"ltr\">Tout au long de la journ\u00e9e, vous ferez des arr\u00eats pour nager dans des baies pittoresques. Au coucher du soleil, vous profiterez d'un d\u00eener romantique \u00e0 bord, entour\u00e9 des couleurs vibrantes du coucher de soleil m\u00e9diterran\u00e9en.<\/div>\n<div dir=\"ltr\">Ce circuit offre la tranquillit\u00e9, des photos \u00e9poustouflantes et des souvenirs inoubliables.<\/div>\n<h3 dir=\"ltr\"><span style=\"color: #000000;\"><strong>\ud83d\udd52 Itin\u00e9raire de la visite<\/strong><\/span><\/h3>\n<p dir=\"ltr\">\ud83d\udd39 Prise en charge \u00e0 l'h\u00f4tel<br \/>\nTransfert \u00e0 Adrasan<br \/>\n\ud83d\udd39 D\u00e9part en yacht du port d'Adrasan<br \/>\n\ud83d\udd39 Arr\u00eats de baignade<br \/>\nTemps libre sur l'\u00eele de Suluada<br \/>\nD\u00eener au coucher du soleil \u00e0 bord du bateau<br \/>\nRetour au port et transfert \u00e0 l'h\u00f4tel<\/p>\n<h3 dir=\"ltr\"><span style=\"color: #000000;\"><strong>\u2139\ufe0f Informations utiles<\/strong><\/span><\/h3>\n<p dir=\"ltr\">\ud83d\udd39 Soyez pr\u00eat pour la prise en charge \u00e0 l'heure \u00e0 l'entr\u00e9e principale de votre h\u00f4tel<br \/>\n\ud83d\udd39 La visite d\u00e9pend des conditions m\u00e9t\u00e9orologiques<br \/>\n\ud83d\udd39 Menu v\u00e9g\u00e9tarien disponible sur demande<br \/>\n\ud83d\udd39 Les soir\u00e9es peuvent \u00eatre fra\u00eeches - pr\u00e9voir une veste l\u00e9g\u00e8re<br \/>\n\ud83d\udd39 Les enfants de moins de 5 ans voyageant gratuitement n'ont pas de si\u00e8ge s\u00e9par\u00e9 dans le bus. Si le bus est plein, ils s'assoient sur les genoux d'un adulte, ou un si\u00e8ge s\u00e9par\u00e9 peut \u00eatre r\u00e9serv\u00e9<\/p>\n<h2 dir=\"ltr\"><span style=\"color: #000000;\"><strong>\ud83c\udf92 Ce qu'il faut apporter<\/strong><\/span><\/h2>\n<p dir=\"ltr\">Maillot de bain et serviette de bain<br \/>\n\ud83d\udd39 Cr\u00e8me solaire et lunettes de soleil<br \/>\nT\u00e9l\u00e9phone ou appareil photo<br \/>\n\ud83d\udd39 Argent liquide pour les d\u00e9penses personnelles<\/p>\n<h3 dir=\"ltr\"><span style=\"color: #000000;\"><strong>\ud83d\udeab Ne convient pas pour<\/strong><\/span><\/h3>\n<p dir=\"ltr\">\ud83d\udd39 Personnes \u00e0 mobilit\u00e9 r\u00e9duite<br \/>\n\ud83d\udd39 Enfants de moins de 3 ans<br \/>\n\ud83d\udd39 Ceux qui sont sujets \u00e0 un mal de mer s\u00e9v\u00e8re<\/p>\n<h2 dir=\"ltr\"><span style=\"color: #000000;\"><strong>\ud83d\udcb8 Prix et r\u00e9servation<\/strong><\/span><\/h2>\n<p dir=\"ltr\"><strong>\ud83d\udd39 R\u00e9server maintenant, payer le jour de la visite<\/strong><br \/>\n\ud83d\udd39 Contactez-nous via WhatsApp, Telegram, Viber, ou remplissez le formulaire de r\u00e9servation ci-dessous. \ud83d\udc47\ud83c\udffc<\/p>\n<p>\u00c0 la recherche d'alternatives ? Parcourir <a href=\"https:\/\/excursionsworld.com\/fr\/excursions-a-kemer\/\">Plus de visites \u00e0 Kemer<\/a>.<\/p>","protected":false},"excerpt":{"rendered":"<p>Excursion romantique en yacht au coucher du soleil sur l'\u00eele de Suluada depuis Kemer - Baignade, d\u00eener \u00e0 bord et coucher de soleil \u00e0 couper le souffle. R\u00e9servez votre voyage tout compris d\u00e8s maintenant !<\/p>","protected":false},"featured_media":12437,"comment_status":"open","ping_status":"closed","template":"","meta":[],"product_brand":[],"product_cat":[124],"product_tag":[105],"class_list":{"0":"post-12965","1":"product","2":"type-product","3":"status-publish","4":"has-post-thumbnail","6":"tour_phys-boat-tours","7":"tour_phys-kemer-tours","8":"product_cat-kemer-tours","9":"product_tag-kemer","10":"pa_destination-kemer-tours","11":"pa_kategori-boat-tours","13":"first","14":"instock","15":"sale","16":"featured","17":"shipping-taxable","18":"purchasable","19":"product-type-tour_phys"},"aioseo_notices":[],"_links":{"self":[{"href":"https:\/\/excursionsworld.com\/fr\/wp-json\/wp\/v2\/product\/12965","targetHints":{"allow":["GET"]}}],"collection":[{"href":"https:\/\/excursionsworld.com\/fr\/wp-json\/wp\/v2\/product"}],"about":[{"href":"https:\/\/excursionsworld.com\/fr\/wp-json\/wp\/v2\/types\/product"}],"replies":[{"embeddable":true,"href":"https:\/\/excursionsworld.com\/fr\/wp-json\/wp\/v2\/comments?post=12965"}],"wp:featuredmedia":[{"embeddable":true,"href":"https:\/\/excursionsworld.com\/fr\/wp-json\/wp\/v2\/media\/12437"}],"wp:attachment":[{"href":"https:\/\/excursionsworld.com\/fr\/wp-json\/wp\/v2\/media?parent=12965"}],"wp:term":[{"taxonomy":"product_brand","embeddable":true,"href":"https:\/\/excursionsworld.com\/fr\/wp-json\/wp\/v2\/product_brand?post=12965"},{"taxonomy":"product_cat","embeddable":true,"href":"https:\/\/excursionsworld.com\/fr\/wp-json\/wp\/v2\/product_cat?post=12965"},{"taxonomy":"product_tag","embeddable":true,"href":"https:\/\/excursionsworld.com\/fr\/wp-json\/wp\/v2\/product_tag?post=12965"}],"curies":[{"name":"wp","href":"https:\/\/api.w.org\/{rel}","templated":true}]}}