{"id":13057,"date":"2025-05-11T22:02:33","date_gmt":"2025-05-11T19:02:33","guid":{"rendered":"https:\/\/excursionsworld.com\/?post_type=product&#038;p=13057"},"modified":"2026-04-24T01:26:51","modified_gmt":"2026-04-23T22:26:51","slug":"location-yacht-prive-kemer","status":"publish","type":"product","link":"https:\/\/excursionsworld.com\/tours\/private-yacht-rental-kemer\/","title":{"rendered":"Location de Yacht Priv\u00e9 \u00e0 Kemer \u2013 Croisi\u00e8res de Luxe en M\u00e9diterran\u00e9e"},"content":{"rendered":"<h2 dir=\"ltr\" data-pm-slice=\"1 1 []\">\ud83c\udfdd\ufe0f Vue d'ensemble<\/h2>\n<p dir=\"ltr\">Embarquez pour une aventure maritime luxueuse avec une location priv\u00e9e du yacht <em>Lady Mila<\/em> de <a href=\"https:\/\/en.wikipedia.org\/wiki\/Kemer,_Antalya\" target=\"_blank\" rel=\"noopener\">Kemer<\/a>! Explorez la magnifique M\u00e9diterran\u00e9e, ses eaux cristallines et ses baies isol\u00e9es. Profitez du confort et d'un d\u00e9licieux d\u00e9jeuner \u00e0 bord. Les transferts depuis Antalya et les h\u00f4tels environnants sont inclus !<\/p>\n<h3 dir=\"ltr\">Inclus :<\/h3>\n<p dir=\"ltr\"><span style=\"color: #00ff00;\"><strong>\u2713<\/strong><\/span> Prise en charge et retour \u00e0 l'h\u00f4tel<br \/>\n<span style=\"color: #00ff00;\"><strong>\u2713 <\/strong><\/span>Services de guide<br \/>\n<span style=\"color: #00ff00;\"><strong>\u2713 <\/strong><\/span>Assurance<br \/>\n<span style=\"color: #00ff00;\"><strong>\u2713 <\/strong><\/span>D\u00e9jeuner sur le yacht<br \/>\n<span style=\"color: #00ff00;\"><strong>\u2713 <\/strong><\/span>Fruits frais<br \/>\n<span style=\"color: #00ff00;\"><strong>\u2713 <\/strong><\/span>Boissons non alcoolis\u00e9es<\/p>\n<h3 dir=\"ltr\">Non inclus :<\/h3>\n<p dir=\"ltr\"><strong><span style=\"color: #ff0000;\">\u2717<\/span><\/strong> Boissons alcoolis\u00e9es<br \/>\n<strong><span style=\"color: #ff0000;\">\u2717 <\/span><\/strong>D\u00e9penses personnelles, photos et vid\u00e9os<\/p>\n<h2 dir=\"ltr\">\ud83c\udf1f Faits marquants<\/h2>\n<p dir=\"ltr\">\ud83d\udd39 <strong>Eaux cristallines<\/strong>: Nager dans les eaux turquoises de Kemer<br \/>\n\ud83d\udd39 <strong>Baies cach\u00e9es<\/strong>: D\u00e9couvrez des endroits isol\u00e9s accessibles uniquement par bateau.<br \/>\n\ud83d\udd39 <strong>Coucher de soleil romantique<\/strong>: Profitez d'un coucher de soleil \u00e0 couper le souffle sur la mer<br \/>\n\ud83d\udd39 <strong>Ambiance exclusive<\/strong>: Passez des moments de qualit\u00e9 avec vos proches dans le confort<\/p>\n<h2 dir=\"ltr\">\ud83d\udcd6 Description Compl\u00e8te : Votre Location de Yacht Priv\u00e9 \u00e0 Kemer<\/h2>\n<p dir=\"ltr\">Kemer est une destination m\u00e9diterran\u00e9enne de premier plan aux eaux immacul\u00e9es. La location d'un yacht priv\u00e9 sur <em>Lady Mila<\/em> offre le moyen id\u00e9al de profiter d'un voyage en mer sur mesure avec votre groupe, loin des foules, immerg\u00e9 dans la beaut\u00e9 de la nature.<\/p>\n<p dir=\"ltr\">Le yacht dispose de ponts spacieux et d'int\u00e9rieurs \u00e9l\u00e9gants. Nagez dans les baies de Phaselis et de Paradise et admirez le coucher de soleil depuis la mer. L'excursion comprend un d\u00e9licieux d\u00e9jeuner, des fruits frais et des boissons non alcoolis\u00e9es.<\/p>\n<p dir=\"ltr\"><em>Lady Mila<\/em> peut accueillir jusqu'\u00e0 12 personnes, les prix \u00e9tant bas\u00e9s sur un groupe de 6 personnes (contacter pour des groupes plus importants). R\u00e9servez t\u00f4t pour b\u00e9n\u00e9ficier des meilleurs tarifs<\/p>\n<h3 dir=\"ltr\" data-pm-slice=\"1 1 []\"><img decoding=\"async\" src=\"https:\/\/en.ekskursiivkemere.com\/product-page\/lady-mila-yacht-kemer\" alt=\"\" \/>\ud83d\uddfa\ufe0f Itin\u00e9raire de la visite<\/h3>\n<p dir=\"ltr\">\ud83d\udd39 Prise en charge \u00e0 partir des h\u00f4tels de la r\u00e9gion de Kemer<br \/>\n\ud83d\udd39 D\u00e9part de la marina de Kemer<br \/>\nArr\u00eat photo \u00e0 la grotte du pirate<br \/>\nBaignade (1,5 heure) dans la baie de Phaselis et d\u00e9jeuner<br \/>\nBaignade (1 heure) \u00e0 Paradise Bay<br \/>\nBaignade (1 heure) pr\u00e8s de la grotte du Pirate<br \/>\nRetour \u00e0 la marina de Kemer<br \/>\n\ud83d\udd39 Retour \u00e0 l'h\u00f4tel<\/p>\n<h3 dir=\"ltr\">\u2139\ufe0f Informations utiles<\/h3>\n<p dir=\"ltr\">\ud83d\udd39 <strong>La dur\u00e9e<\/strong>: 5-6 heures<br \/>\n\ud83d\udd39 Des zones ombrag\u00e9es et des bains de soleil sont disponibles \u00e0 bord.<br \/>\n\ud83d\udd39 <strong>Caract\u00e9ristiques du bateau<\/strong>: Yacht \u00e0 moteur de 13 m, moteur 320 CV, 2 cabines, salon, cuisine, salle de bain avec douche, bain de soleil, TV LCD, syst\u00e8me multim\u00e9dia, air conditionn\u00e9, mat\u00e9riel de p\u00eache, tubas<\/p>\n<h2 dir=\"ltr\">\ud83c\udf92 Ce qu'il faut apporter<\/h2>\n<p dir=\"ltr\">Maillot de bain et serviette de bain<br \/>\n\ud83d\udd39 Cr\u00e8me solaire et lunettes de soleil<br \/>\n\ud83d\udd39 Chapeau ou casquette<br \/>\n\ud83d\udd39 Argent liquide pour les souvenirs<\/p>\n<h3 dir=\"ltr\">\ud83d\udeab Ne convient pas pour<\/h3>\n<p dir=\"ltr\">\ud83d\udd39 Guests prone to seasickness (invit\u00e9s sujets au mal de mer)<br \/>\n\ud83d\udd39 Personnes \u00e0 mobilit\u00e9 r\u00e9duite<\/p>\n<div class=\"elementor-element elementor-element-884d539 e-con-full e-flex e-con e-child\" data-id=\"884d539\" data-element_type=\"container\">\n<div id=\"description\" class=\"elementor-element elementor-element-337037cc elementor-widget elementor-widget-thim-ekits-tours-content\" data-id=\"337037cc\" data-element_type=\"widget\" data-widget_type=\"thim-ekits-tours-content.default\">\n<div class=\"elementor-widget-container\">\n<div class=\"thim-ekit-single-tour__content\">\n<h2 dir=\"ltr\">\ud83d\udcb8\u00a0<strong>Prix et r\u00e9servation<\/strong><\/h2>\n<p dir=\"ltr\"><strong>\ud83d\udd39 R\u00e9server maintenant, payer le jour de la visite<\/strong><br \/>\n\ud83d\udd39 Contactez-nous via WhatsApp, Telegram, Viber, ou remplissez le formulaire de r\u00e9servation ci-dessous. \ud83d\udc47\ud83c\udffc<\/p>\n<\/div>\n<\/div>\n<\/div>\n<\/div>\n<div class=\"elementor-element elementor-element-57a2f74 elementor-widget-divider--view-line elementor-widget elementor-widget-divider\" data-id=\"57a2f74\" data-element_type=\"widget\" data-widget_type=\"divider.default\">\n<div class=\"elementor-widget-container\">\n<div class=\"elementor-divider\"><\/div>\n<\/div>\n<\/div>\n<p>\u00c0 la recherche d'alternatives ? Parcourir <a href=\"https:\/\/excursionsworld.com\/fr\/location-yacht-prive-antalya-kemer\/\">plus de locations de yachts \u00e0 Kemer<\/a>.<\/p>","protected":false},"excerpt":{"rendered":"<p>R\u00e9servez votre excursion en yacht priv\u00e9 \u00e0 Kemer ! Profitez d'une excursion en mer de luxe \u00e0 Antalya avec baignade, bain de soleil et vues panoramiques sur la M\u00e9diterran\u00e9e.<\/p>","protected":false},"featured_media":12995,"comment_status":"open","ping_status":"closed","template":"","meta":[],"product_brand":[],"product_cat":[129],"product_tag":[105],"class_list":{"0":"post-13057","1":"product","2":"type-product","3":"status-publish","4":"has-post-thumbnail","6":"tour_phys-yacht-rental","7":"product_cat-yacht-rental","8":"product_tag-kemer","9":"pa_kategori-private-yacht-rental-kemer-antalya","11":"first","12":"instock","13":"sale","14":"shipping-taxable","15":"purchasable","16":"product-type-tour_phys"},"aioseo_notices":[],"_links":{"self":[{"href":"https:\/\/excursionsworld.com\/fr\/wp-json\/wp\/v2\/product\/13057","targetHints":{"allow":["GET"]}}],"collection":[{"href":"https:\/\/excursionsworld.com\/fr\/wp-json\/wp\/v2\/product"}],"about":[{"href":"https:\/\/excursionsworld.com\/fr\/wp-json\/wp\/v2\/types\/product"}],"replies":[{"embeddable":true,"href":"https:\/\/excursionsworld.com\/fr\/wp-json\/wp\/v2\/comments?post=13057"}],"wp:featuredmedia":[{"embeddable":true,"href":"https:\/\/excursionsworld.com\/fr\/wp-json\/wp\/v2\/media\/12995"}],"wp:attachment":[{"href":"https:\/\/excursionsworld.com\/fr\/wp-json\/wp\/v2\/media?parent=13057"}],"wp:term":[{"taxonomy":"product_brand","embeddable":true,"href":"https:\/\/excursionsworld.com\/fr\/wp-json\/wp\/v2\/product_brand?post=13057"},{"taxonomy":"product_cat","embeddable":true,"href":"https:\/\/excursionsworld.com\/fr\/wp-json\/wp\/v2\/product_cat?post=13057"},{"taxonomy":"product_tag","embeddable":true,"href":"https:\/\/excursionsworld.com\/fr\/wp-json\/wp\/v2\/product_tag?post=13057"}],"curies":[{"name":"wp","href":"https:\/\/api.w.org\/{rel}","templated":true}]}}