{"id":13297,"date":"2025-05-16T18:15:20","date_gmt":"2025-05-16T15:15:20","guid":{"rendered":"https:\/\/excursionsworld.com\/?post_type=product&#038;p=13297"},"modified":"2026-04-25T10:38:09","modified_gmt":"2026-04-25T07:38:09","slug":"budva-yacht-grotte-bleue-our-lady-of-the-rocks","status":"publish","type":"product","link":"https:\/\/excursionsworld.com\/tours\/budva-yacht-blue-cave-our-lady-of-the-rocks\/","title":{"rendered":"Yacht depuis Budva : Kotor, Grotte Bleue &amp; Our Lady of the Rocks"},"content":{"rendered":"<h3 dir=\"ltr\" data-pm-slice=\"1 1 []\">\ud83c\udfdd\ufe0f Vue d'ensemble<\/h3>\n<p dir=\"ltr\">Embarquez pour un voyage inoubliable \u00e0 travers la magnifique baie de Boka au d\u00e9part de Budva ou de Petrovac. Cette excursion classique, qui existe depuis 1981, comprend une croisi\u00e8re \u00e0 bord du confortable bateau MB Vesna, une visite du charmant Herceg Novi, une baignade sur la plage de \u017danjice, un arr\u00eat sur l'\u00eele Notre-Dame-du-Rocher et une promenade dans le quartier historique. <a href=\"https:\/\/en.wikipedia.org\/wiki\/Kotor\" target=\"_blank\" rel=\"noopener\">Kotor<\/a>. Parfait pour les familles et les amoureux de la nature et de la culture.<\/p>\n<h3 dir=\"ltr\">Inclus :<\/h3>\n<div dir=\"ltr\">\n<p data-start=\"201\" data-end=\"369\"><span style=\"color: #00ff00;\"><strong>\u2713<\/strong> <\/span>Transfert en bus depuis Budva et Petrovac<br data-start=\"239\" data-end=\"242\" \/><span style=\"color: #00ff00;\"><strong>\u2713<\/strong> <\/span>Croisi\u00e8re sur la <strong data-start=\"258\" data-end=\"270\">MB Vesna<\/strong> bateau<br data-start=\"275\" data-end=\"278\" \/><span style=\"color: #00ff00;\"><strong>\u2713<\/strong> <\/span>Guide professionnel \u00e0 bord<br data-start=\"306\" data-end=\"309\" \/><span style=\"color: #00ff00;\"><strong>\u2713<\/strong> <\/span>Installations sanitaires apr\u00e8s la baignade<br data-start=\"343\" data-end=\"346\" \/><span style=\"color: #00ff00;\"><strong>\u2713<\/strong> <\/span>Chaises longues confortables<\/p>\n<\/div>\n<h3 dir=\"ltr\">Non inclus :<\/h3>\n<div dir=\"ltr\"><span style=\"color: #ff0000;\"><strong>\u2717<\/strong> <\/span>Peage d'entr\u00e9e au mus\u00e9e le <strong data-start=\"430\" data-end=\"455\">Notre Dame des Rochers<\/strong> \u00cele (3 \u20ac)<br data-start=\"467\" data-end=\"470\" \/><span style=\"color: #ff0000;\"><strong>\u2717<\/strong> <\/span>Excursion en bateau vers la Grotte Bleue (10 \u20ac)<br data-start=\"504\" data-end=\"507\" \/><span style=\"color: #ff0000;\"><strong>\u2717<\/strong> <\/span>D\u00e9jeuner<\/div>\n<div dir=\"ltr\"><\/div>\n<h3 dir=\"ltr\">\ud83c\udf1f Points forts de la visite<\/h3>\n<div>\ud83d\udd39 Croisi\u00e8re panoramique \u00e0 travers le \u00e0 couper le souffle <span class=\"hover:entity-accent entity-underline inline cursor-pointer align-baseline\"><span class=\"whitespace-normal\">Baie de Boka<\/span><\/span><br data-start=\"195\" data-end=\"198\" \/>\ud83d\udd39 Visitez la charmante vieille ville de <span class=\"hover:entity-accent entity-underline inline cursor-pointer align-baseline\"><span class=\"whitespace-normal\">Herceg Novi<\/span><\/span><br data-start=\"269\" data-end=\"272\" \/>\ud83d\udd39 Natation et d\u00e9tente \u00e0 la plage de \u017danjice<br data-start=\"315\" data-end=\"318\" \/>\ud83d\udd39 Excursion facultative en bateau vers la grotte bleue aux eaux cristallines<br data-start=\"375\" data-end=\"378\" \/>\ud83d\udd39 Explorez l'embl\u00e9matique <span class=\"hover:entity-accent entity-underline inline cursor-pointer align-baseline\"><span class=\"whitespace-normal\">Notre Dame des Rochers<\/span><\/span> \u00eele<br data-start=\"444\" data-end=\"447\" \/>Vue panoramique de Perast et des villages c\u00f4tiers<br data-start=\"496\" data-end=\"499\" \/>\ud83d\udd39 Temps libre dans la vieille ville historique de <span class=\"hover:entity-accent entity-underline inline cursor-pointer align-baseline\"><span class=\"whitespace-normal\">Kotor<\/span><\/span><br data-start=\"577\" data-end=\"580\" \/>\ud83d\udd39 Croisi\u00e8re confortable sur le spacieux bateau MB Vesna<br data-start=\"631\" data-end=\"634\" \/>\ud83d\udd39 M\u00e9lange parfait de nature, de culture et de d\u00e9tente<\/div>\n<h3 dir=\"ltr\">\ud83d\udcd6 Description compl\u00e8te<\/h3>\n<p dir=\"ltr\">Votre aventure commence par un confortable transfert en bus de Budva ou Petrovac vers la ville c\u00f4ti\u00e8re de Tivat. L\u00e0, vous embarquerez \u00e0 bord du spacieux bateau MB Vesna pour une croisi\u00e8re qui d\u00e9butera \u00e0 10h00.<\/p>\n<p dir=\"ltr\">La premi\u00e8re \u00e9tape est Herceg Novi, o\u00f9 vous disposerez d'une heure de temps libre pour vous promener dans la charmante vieille ville ou vous d\u00e9tendre au bord de la mer. Ensuite, vous naviguerez vers la mer Adriatique et arriverez \u00e0 la plage de \u017danjice pour une heure et demie de baignade, de bronzage ou pour une excursion facultative \u00e0 la grotte bleue (en suppl\u00e9ment).<\/p>\n<p dir=\"ltr\">Continuez jusqu'\u00e0 l'\u00eele embl\u00e9matique de Notre-Dame des Rochers, o\u00f9 vous passerez 40 minutes \u00e0 explorer l'\u00e9glise, le mus\u00e9e et les vues \u00e0 couper le souffle. La croisi\u00e8re vous emm\u00e8ne ensuite dans la pittoresque baie de Boka, en passant par la ville de Perast, avant d'arriver \u00e0 Kotor. Vous disposez d'environ 70 minutes pour vous d\u00e9tendre dans le parc, manger un morceau ou explorer la vieille ville historique.<\/p>\n<p dir=\"ltr\">Apr\u00e8s Kotor, retour en bus vers Budva et Petrovac, arriv\u00e9e \u00e0 votre point de ramassage.<\/p>\n<h3 dir=\"ltr\">\ud83d\uddfa\ufe0f Itin\u00e9raire de la visite<\/h3>\n<div>10h30 Kotor<\/div>\n<div>11:00 Vue panoramique de Perast<\/div>\n<div>11:30 \u00cele Notre-Dame-des-rochers visite 30 min (3\u20ac)<\/div>\n<div>13:00 Vue panoramique de l'\u00eele de Mamula<\/div>\n<div>13h30 Grotte Bleue (10\u20ac) \/ baignade au lagon de Miriste visite 75 min<\/div>\n<div>15h30 Herceg Novi visite 60 min<\/div>\n<div>17:30 \u00cele Saint Marko &amp; \u00cele des Fleurs vue panoramique<\/div>\n<div>18:00 Tivat<\/div>\n<div>8h30 Kotor<\/div>\n<h3 dir=\"ltr\">\u2139\ufe0f Informations utiles<\/h3>\n<p dir=\"ltr\">Dur\u00e9e : ~8-9 heures<br \/>\n\ud83d\udd39 Les horaires peuvent \u00eatre modifi\u00e9s en fonction des conditions m\u00e9t\u00e9orologiques ou maritimes.<br \/>\n\ud83d\udd39 Activit\u00e9 physique mod\u00e9r\u00e9e (marche et natation)<br \/>\n\ud83d\udd39 En cas de mauvais temps, le capitaine peut annuler la visite de la plage de \u017danjice ou de la grotte bleue pour des raisons de s\u00e9curit\u00e9.<\/p>\n<h3 dir=\"ltr\">\ud83c\udf92 Ce qu'il faut apporter<\/h3>\n<p dir=\"ltr\">\ud83d\udd39 Chaussures de marche confortables<br \/>\nLunettes de soleil et cr\u00e8me solaire<br \/>\nMaillot de bain et serviette de bain<br \/>\n\ud83d\udd39 Argent liquide pour les d\u00e9penses personnelles et les excursions facultatives<br \/>\n\ud83d\udd39 Appareil photo ou t\u00e9l\u00e9phone \u00e9tanche<\/p>\n<h3 dir=\"ltr\">\ud83d\udeab Ne convient pas pour<\/h3>\n<p dir=\"ltr\">\ud83d\udd39 Personnes \u00e0 mobilit\u00e9 r\u00e9duite<br \/>\n\ud83d\udd39 Voyageurs souffrant de troubles m\u00e9dicaux graves<\/p>\n<h2><img decoding=\"async\" class=\"emoji\" role=\"img\" draggable=\"false\" src=\"https:\/\/s.w.org\/images\/core\/emoji\/17.0.2\/svg\/1f4b8.svg\" alt=\"\ud83d\udcb8\" \/>\u00a0<strong>Prix et r\u00e9servation<\/strong><\/h2>\n<p><img decoding=\"async\" class=\"emoji\" role=\"img\" draggable=\"false\" src=\"https:\/\/s.w.org\/images\/core\/emoji\/17.0.2\/svg\/1f539.svg\" alt=\"\ud83d\udd39\" \/>\u00a0R\u00e9servez maintenant, payez plus tard<br \/>\n<img decoding=\"async\" class=\"emoji\" role=\"img\" draggable=\"false\" src=\"https:\/\/s.w.org\/images\/core\/emoji\/17.0.2\/svg\/1f539.svg\" alt=\"\ud83d\udd39\" \/>\u00a0Annulation gratuite jusqu'\u00e0 24 heures avant la visite<br \/>\n<img decoding=\"async\" class=\"emoji\" role=\"img\" draggable=\"false\" src=\"https:\/\/s.w.org\/images\/core\/emoji\/17.0.2\/svg\/1f539.svg\" alt=\"\ud83d\udd39\" \/>\u00a0R\u00e9servez facilement par WhatsApp ou via le formulaire de r\u00e9servation en ligne\u00a0<img decoding=\"async\" class=\"emoji\" role=\"img\" draggable=\"false\" src=\"https:\/\/s.w.org\/images\/core\/emoji\/17.0.2\/svg\/1f447-1f3fd.svg\" alt=\"\ud83d\udc47\ud83c\udffd\" \/><\/p>\n<p>\u00c0 la recherche d'alternatives ? Parcourir <a href=\"https:\/\/excursionsworld.com\/fr\/excursions-budva\/\">plus de visites de Budva \u00e0 Kotor<\/a>.<\/p>","protected":false},"excerpt":{"rendered":"<p>Explorez la baie de Kotor lors d'une excursion en yacht au d\u00e9part de Budva. Visitez Herceg Novi, baignez-vous sur la plage de \u017danjice, admirez la grotte bleue et l'\u00eele de Notre-Dame des Rochers.<\/p>","protected":false},"featured_media":15873,"comment_status":"open","ping_status":"closed","template":"","meta":[],"product_brand":[],"product_cat":[132],"product_tag":[123],"class_list":{"0":"post-13297","1":"product","2":"type-product","3":"status-publish","4":"has-post-thumbnail","6":"tour_phys-budva-tours","7":"product_cat-budva-tours","8":"product_tag-budva","9":"pa_montenegro-budva-tours","11":"first","12":"instock","13":"sale","14":"shipping-taxable","15":"purchasable","16":"product-type-tour_phys"},"aioseo_notices":[],"_links":{"self":[{"href":"https:\/\/excursionsworld.com\/fr\/wp-json\/wp\/v2\/product\/13297","targetHints":{"allow":["GET"]}}],"collection":[{"href":"https:\/\/excursionsworld.com\/fr\/wp-json\/wp\/v2\/product"}],"about":[{"href":"https:\/\/excursionsworld.com\/fr\/wp-json\/wp\/v2\/types\/product"}],"replies":[{"embeddable":true,"href":"https:\/\/excursionsworld.com\/fr\/wp-json\/wp\/v2\/comments?post=13297"}],"wp:featuredmedia":[{"embeddable":true,"href":"https:\/\/excursionsworld.com\/fr\/wp-json\/wp\/v2\/media\/15873"}],"wp:attachment":[{"href":"https:\/\/excursionsworld.com\/fr\/wp-json\/wp\/v2\/media?parent=13297"}],"wp:term":[{"taxonomy":"product_brand","embeddable":true,"href":"https:\/\/excursionsworld.com\/fr\/wp-json\/wp\/v2\/product_brand?post=13297"},{"taxonomy":"product_cat","embeddable":true,"href":"https:\/\/excursionsworld.com\/fr\/wp-json\/wp\/v2\/product_cat?post=13297"},{"taxonomy":"product_tag","embeddable":true,"href":"https:\/\/excursionsworld.com\/fr\/wp-json\/wp\/v2\/product_tag?post=13297"}],"curies":[{"name":"wp","href":"https:\/\/api.w.org\/{rel}","templated":true}]}}