{"id":13351,"date":"2025-05-17T21:32:14","date_gmt":"2025-05-17T18:32:14","guid":{"rendered":"https:\/\/excursionsworld.com\/?post_type=product&#038;p=13351"},"modified":"2026-04-24T01:26:52","modified_gmt":"2026-04-23T22:26:52","slug":"kas-kaputas-plage-kemer","status":"publish","type":"product","link":"https:\/\/excursionsworld.com\/tours\/kas-kaputas-beach-kemer\/","title":{"rendered":"Excursion \u00e0 Ka\u015f &amp; Plage de Kaputa\u015f depuis Kemer \u2013 D\u00e9couverte M\u00e9diterran\u00e9enne"},"content":{"rendered":"<h2><span style=\"color: #000000;\"><strong>\ud83c\udfdd\ufe0f Vue d'ensemble<\/strong><\/span><\/h2>\n<p dir=\"ltr\">Passez une journ\u00e9e enti\u00e8re \u00e0 explorer les plus beaux sites de la c\u00f4te sud de la Turquie ! Promenez-vous dans les charmantes rues de Kalkan, nagez dans les eaux turquoise cristallines de la plage de Kaputa\u015f, et profitez d'une journ\u00e9e de d\u00e9tente dans la ville pittoresque de Ka\u015f. L'excursion comprend un d\u00e9jeuner dans un restaurant de poisson local, des promenades en bord de mer et du temps pour faire du shopping.<\/p>\n<h3 dir=\"ltr\"><span style=\"color: #000000;\"><strong>Inclus :<\/strong><\/span><\/h3>\n<div dir=\"ltr\"><strong><span style=\"color: #00ff00;\">\u2713<\/span><\/strong> Prise en charge et retour \u00e0 l'h\u00f4tel<br \/>\n<strong><span style=\"color: #00ff00;\">\u2713 <\/span><\/strong>Guide<br \/>\n<strong><span style=\"color: #00ff00;\">\u2713 <\/span><\/strong>Billet d'entr\u00e9e \u00e0 la plage de Kaputa\u015f<br \/>\n<strong><span style=\"color: #00ff00;\">\u2713 <\/span><\/strong>Visite du tombeau royal<br \/>\n<strong><span style=\"color: #00ff00;\">\u2713 <\/span><\/strong>Visite du th\u00e9\u00e2tre antique<br \/>\n<strong><span style=\"color: #00ff00;\">\u2713 <\/span><\/strong>Assurance<\/div>\n<div dir=\"ltr\"><strong><span style=\"color: #00ff00;\">\u2713 <\/span><\/strong>D\u00e9jeuner<\/div>\n<h3 dir=\"ltr\"><span style=\"color: #000000;\">Non inclus :<\/span><\/h3>\n<div dir=\"ltr\"><span style=\"color: #ff0000;\"><strong>\u2717\u00a0<\/strong><\/span> Boissons<br \/>\n<span style=\"color: #ff0000;\"><strong>\u2717 <\/strong><\/span>D\u00e9penses personnelles<\/div>\n<h2 dir=\"ltr\"><span style=\"color: #000000;\"><strong>\ud83c\udf1f Points forts de la visite<\/strong><\/span><\/h2>\n<p dir=\"ltr\">\ud83d\udd39 Route panoramique le long de la c\u00f4te m\u00e9diterran\u00e9enne<br \/>\n\ud83d\udd39 Visite d'un point de vue panoramique sur l'\u00eele grecque de Meis<br \/>\n\ud83d\udd39 3 heures de temps libre \u00e0 Ka\u015f pour l'exploration et le d\u00e9jeuner.<br \/>\nBaignade et d\u00e9tente sur la plage embl\u00e9matique de Kaputa\u015f (2 \u00e0 2,5 heures).<br \/>\nD\u00e9jeuner authentique dans un restaurant local<\/p>\n<h2 dir=\"ltr\">\ud83d\udcd6 <strong>Description compl\u00e8te<\/strong><\/h2>\n<div dir=\"ltr\">Cette excursion d'une journ\u00e9e dans un site magnifique depuis <a href=\"https:\/\/en.wikipedia.org\/wiki\/Kemer,_Antalya\" target=\"_blank\" rel=\"noopener\">Kemer<\/a> \u00c0 Ka\u015f combine histoire, beaut\u00e9 naturelle et charme c\u00f4tier. Effectu\u00e9 en petits groupes (jusqu'\u00e0 15 personnes) avec un guide professionnel anglophone, il est parfait pour les voyageurs qui pr\u00e9f\u00e8rent un rythme d\u00e9tendu et des destinations authentiques.<\/div>\n<div dir=\"ltr\">La journ\u00e9e commence par un trajet confortable depuis Kemer, avec un court arr\u00eat en cours de route. Le premier arr\u00eat est un point de vue panoramique avec une vue imprenable sur l'\u00eele grecque de Meis, parfait pour des photos \u00e0 couper le souffle. Ensuite, vous vous rendrez \u00e0 Ka\u015f, une ville c\u00f4ti\u00e8re pittoresque connue pour ses rues \u00e9troites bord\u00e9es de fleurs, ses ruines anciennes, ses boutiques et son atmosph\u00e8re tranquille.<\/div>\n<div dir=\"ltr\">Apr\u00e8s une br\u00e8ve introduction guid\u00e9e, vous disposerez d'environ 2 \u00e0 3 heures de temps libre pour explorer la ville de mani\u00e8re ind\u00e9pendante, prendre des photos, acheter des souvenirs et d\u00e9jeuner dans un restaurant local. Ensuite, vous visiterez la c\u00e9l\u00e8bre plage de Kaputa\u015f, l'une des plages les plus embl\u00e9matiques de Turquie, r\u00e9put\u00e9e pour ses eaux turquoise vibrantes et sa situation spectaculaire \u00e0 flanc de falaise. Passez 2 \u00e0 2,5 heures \u00e0 nager, \u00e0 vous d\u00e9tendre et \u00e0 profiter du soleil avant de retourner \u00e0 Kemer.<\/div>\n<h3 dir=\"ltr\"><span style=\"color: #000000;\"><strong>\ud83d\uddfa\ufe0f Itin\u00e9raire de la visite<\/strong><\/span><\/h3>\n<p dir=\"ltr\">\ud83d\udd39 Prise en charge \u00e0 l'h\u00f4tel vers 08h00<br \/>\n\ud83d\udd39 Route panoramique avec arr\u00eat technique<br \/>\n\ud83d\udd39 Visite du point de vue panoramique pr\u00e8s de l'\u00eele de Meis<br \/>\n\ud83d\udd39 Visite guid\u00e9e du th\u00e9\u00e2tre antique de Ka\u015f<br \/>\n2 \u00e0 3 heures de temps libre \u00e0 Ka\u015f pour le d\u00e9jeuner et l'exploration.<br \/>\n\ud83d\udd39 Transfert vers la plage de Kaputa\u015f pour la baignade et la d\u00e9tente (2-2,5 heures).<br \/>\n\ud83d\udd39 D\u00e9part de la plage de Kaputa\u015f vers 16h00<br \/>\n\ud83d\udd39 Retour aux h\u00f4tels de Kemer vers 18:00-19:00<\/p>\n<h3 dir=\"ltr\"><span style=\"color: #000000;\"><strong>\u2139\ufe0f Informations utiles<\/strong><\/span><\/h3>\n<p dir=\"ltr\">Dur\u00e9e de la visite : environ 10-11 heures<br \/>\n\ud83d\udd39 D\u00e9jeuner inclus (poisson, poulet ou boulettes de viande), boissons en suppl\u00e9ment.<br \/>\n\ud83d\udd39 Nombreux restaurants et caf\u00e9s locaux disponibles \u00e0 Ka\u015f pendant le temps libre.<br \/>\n\ud83d\udd39 Les enfants de moins de 5 ans voyageant gratuitement n'ont pas de si\u00e8ge s\u00e9par\u00e9 dans le bus. Si le bus est plein, ils s'assoient sur les genoux d'un adulte, ou un si\u00e8ge s\u00e9par\u00e9 peut \u00eatre r\u00e9serv\u00e9<\/p>\n<h2 dir=\"ltr\"><span style=\"color: #000000;\"><strong>\ud83c\udf92 Ce qu'il faut apporter<\/strong><\/span><\/h2>\n<p dir=\"ltr\">Maillot de bain et serviette de bain<br \/>\n\ud83d\udd39 Chaussures et v\u00eatements confortables<br \/>\nProtection solaire (chapeau, cr\u00e8me solaire, lunettes de soleil)<br \/>\n\ud83d\udd39 Argent liquide pour les boissons et les d\u00e9penses personnelles<\/p>\n<h3 dir=\"ltr\"><span style=\"color: #000000;\"><strong>\ud83d\udeab Ne convient pas pour<\/strong><\/span><\/h3>\n<p dir=\"ltr\">\ud83d\udd39 Personnes \u00e0 mobilit\u00e9 r\u00e9duite<br \/>\n\ud83d\udd39 Les jeunes enfants et les nourrissons en raison de la longueur du trajet<\/p>\n<h2 dir=\"ltr\"><span style=\"color: #000000;\"><strong>\ud83d\udcb8 Prix et r\u00e9servation<\/strong><\/span><\/h2>\n<p dir=\"ltr\"><strong>\ud83d\udd39 R\u00e9server maintenant, payer le jour de la visite<\/strong><br \/>\n\ud83d\udd39 Contactez-nous via WhatsApp, Telegram, Viber, ou remplissez le formulaire de r\u00e9servation ci-dessous. \ud83d\udc47\ud83c\udffc<\/p>\n<p>\u00c0 la recherche d'alternatives ? Parcourir <a href=\"https:\/\/excursionsworld.com\/fr\/excursions-a-kemer\/\">Plus de visites \u00e0 Kemer<\/a>.<\/p>","protected":false},"excerpt":{"rendered":"<p>D\u00e9couvrez le Kemer to Ka\u015f, Kalkan &amp; Kaputa\u015f Beach Tour : des plages magnifiques, des vues \u00e0 couper le souffle et un d\u00e9licieux d\u00e9jeuner. Comprend le transfert, un guide expert et l'assurance.<\/p>","protected":false},"featured_media":14102,"comment_status":"open","ping_status":"closed","template":"","meta":[],"product_brand":[],"product_cat":[124],"product_tag":[105],"class_list":{"0":"post-13351","1":"product","2":"type-product","3":"status-publish","4":"has-post-thumbnail","6":"tour_phys-kemer-tours","7":"product_cat-kemer-tours","8":"product_tag-kemer","9":"pa_destination-kemer-tours","11":"first","12":"instock","13":"sale","14":"shipping-taxable","15":"purchasable","16":"product-type-tour_phys"},"aioseo_notices":[],"_links":{"self":[{"href":"https:\/\/excursionsworld.com\/fr\/wp-json\/wp\/v2\/product\/13351","targetHints":{"allow":["GET"]}}],"collection":[{"href":"https:\/\/excursionsworld.com\/fr\/wp-json\/wp\/v2\/product"}],"about":[{"href":"https:\/\/excursionsworld.com\/fr\/wp-json\/wp\/v2\/types\/product"}],"replies":[{"embeddable":true,"href":"https:\/\/excursionsworld.com\/fr\/wp-json\/wp\/v2\/comments?post=13351"}],"wp:featuredmedia":[{"embeddable":true,"href":"https:\/\/excursionsworld.com\/fr\/wp-json\/wp\/v2\/media\/14102"}],"wp:attachment":[{"href":"https:\/\/excursionsworld.com\/fr\/wp-json\/wp\/v2\/media?parent=13351"}],"wp:term":[{"taxonomy":"product_brand","embeddable":true,"href":"https:\/\/excursionsworld.com\/fr\/wp-json\/wp\/v2\/product_brand?post=13351"},{"taxonomy":"product_cat","embeddable":true,"href":"https:\/\/excursionsworld.com\/fr\/wp-json\/wp\/v2\/product_cat?post=13351"},{"taxonomy":"product_tag","embeddable":true,"href":"https:\/\/excursionsworld.com\/fr\/wp-json\/wp\/v2\/product_tag?post=13351"}],"curies":[{"name":"wp","href":"https:\/\/api.w.org\/{rel}","templated":true}]}}