{"id":14097,"date":"2025-07-01T15:46:19","date_gmt":"2025-07-01T12:46:19","guid":{"rendered":"https:\/\/excursionsworld.com\/?post_type=product&#038;p=14097"},"modified":"2026-04-24T01:26:53","modified_gmt":"2026-04-23T22:26:53","slug":"croisiere-privee-yacht-kemer","status":"publish","type":"product","link":"https:\/\/excursionsworld.com\/tours\/kemer-private-yacht-tour\/","title":{"rendered":"Yacht Priv\u00e9 VIP depuis Kemer \u2013 Croisi\u00e8re de 2 Heures avec Baignade"},"content":{"rendered":"<h2><span style=\"color: #000000;\"><strong>\ud83c\udfdd\ufe0f Vue d'ensemble<\/strong><\/span><\/h2>\n<p>\u00c0 la recherche d'une croisi\u00e8re paisible sans la foule ? Rejoignez notre croisi\u00e8re priv\u00e9e de 2 heures en yacht \u00e0 moteur au d\u00e9part de <a href=\"https:\/\/en.wikipedia.org\/wiki\/Kemer,_Antalya\" target=\"_blank\" rel=\"noopener\">Kemer<\/a> \u2014 l'escapade courte parfaite pour les couples, les familles ou les petits groupes qui souhaitent profiter de la mer sans passer toute la journ\u00e9e \u00e0 bord.<\/p>\n<p>Naviguant entre Kiri\u015f Aquarium Bay, Pirate's Cave et Moonlight Bay, cette excursion intime est id\u00e9ale pour nager, se d\u00e9tendre et d\u00e9couvrir la beaut\u00e9 naturelle de la Riviera turque. Avec un maximum de 12 personnes et deux arr\u00eats baignade, c'est le moyen id\u00e9al pour profiter de la M\u00e9diterran\u00e9e dans un cadre calme et exclusif.<\/p>\n<h3><span style=\"color: #000000;\"><strong>\u00a0Inclus :<\/strong><\/span><\/h3>\n<div><span style=\"color: #00ff00;\"><strong>\u2713<\/strong><\/span> Transfert de l'h\u00f4tel<\/div>\n<div><span style=\"color: #00ff00;\"><strong>\u2713 <\/strong><\/span>Croisi\u00e8re priv\u00e9e de 2 heures en yacht \u00e0 moteur<br \/>\n<span style=\"color: #00ff00;\"><strong>\u2713 <\/strong><\/span>L'\u00e9quipe professionnelle<br \/>\n<span style=\"color: #00ff00;\"><strong>\u2713 <\/strong><\/span>Boissons non alcoolis\u00e9es illimit\u00e9es \u00e0 bord<br \/>\n<span style=\"color: #00ff00;\"><strong>\u2713 <\/strong><\/span>Assurance compl\u00e8te<\/div>\n<h3><span style=\"color: #000000;\"><strong>Non inclus :<\/strong><\/span><\/h3>\n<p><span style=\"color: #ff0000;\"><strong>\u2717<\/strong><\/span> Repas<br \/>\n<span style=\"color: #ff0000;\"><strong>\u2717 <\/strong><\/span>D\u00e9penses personnelles<br \/>\n<span style=\"color: #ff0000;\"><strong>\u2717<\/strong><\/span> Photos ou vid\u00e9os<\/p>\n<h2><span style=\"color: #000000;\"><strong>\ud83c\udf1f Points forts de la visite<\/strong><\/span><\/h2>\n<p>\ud83d\udd39 Croisi\u00e8re relaxante de 2 heures au d\u00e9part de Kemer \u00e0 bord d'un yacht \u00e0 moteur moderne<br \/>\n\ud83d\udd39 Exp\u00e9rience en petit groupe - maximum 12 personnes<br \/>\nNager dans les eaux cristallines de Kiri\u015f Aquarium Bay et Moonlight Bay<br \/>\n\ud83d\udd39 Explorez la myst\u00e9rieuse grotte du pirate<br \/>\n\ud83d\udd39 \u00c9chapper \u00e0 la foule et profiter d'un s\u00e9jour paisible en mer<br \/>\n\ud83d\udd39 Parfait pour ceux qui pr\u00e9f\u00e8rent les voyages courts<\/p>\n<h2><span style=\"color: #000000;\"><strong>\ud83d\udcd6 Description compl\u00e8te<\/strong><\/span><\/h2>\n<div>Votre voyage relaxant commence \u00e0 16h00 depuis la marina de Kemer. Apr\u00e8s un accueil chaleureux de la part de votre \u00e9quipage, vous mettrez le cap sur les criques paisibles du littoral.<\/div>\n<div>La premi\u00e8re \u00e9tape est Kiri\u015f Aquarium Bay - connue pour son eau \u00e9tonnamment claire et son environnement calme. Ici, vous profiterez de votre premi\u00e8re pause baignade dans un cadre vraiment tranquille. Ensuite, vous passerez devant l'intrigante Pirate's Cave, un joyau cach\u00e9 de la c\u00f4te, id\u00e9al pour prendre des photos et faire un peu d'exploration.<\/div>\n<div>Le deuxi\u00e8me arr\u00eat de baignade se situe dans la magnifique Moonlight Bay, o\u00f9 vous pouvez profiter d'une derni\u00e8re baignade rafra\u00eechissante ou simplement vous d\u00e9tendre sur le pont avec un verre \u00e0 la main.<\/div>\n<div>\u00c0 18 heures, vous rentrerez \u00e0 la marina de Kemer avec le sentiment d'\u00eatre rafra\u00eechi, d\u00e9tendu et recharg\u00e9 - une petite escapade maritime parfaite.<\/div>\n<h3><span style=\"color: #000000;\"><strong>\ud83d\uddfa\ufe0f Itin\u00e9raire de la visite<\/strong><\/span><\/h3>\n<p>\ud83d\udd39 16:00 - D\u00e9part de la marina de Kemer<br \/>\n\ud83d\udd39 Croisi\u00e8re \u00e0 Kiri\u015f Aquarium Bay - arr\u00eat baignade<br \/>\n\ud83d\udd39 Passer par la grotte du pirate<br \/>\n\ud83d\udd39 Arr\u00eat baignade \u00e0 Moonlight Bay<br \/>\n\ud83d\udd39 18:00 - Retour \u00e0 la marina de Kemer<\/p>\n<h3><span style=\"color: #000000;\"><strong>\u2139\ufe0f Informations utiles<\/strong><\/span><\/h3>\n<p>Dur\u00e9e : 2 heures (16:00-18:00)<br \/>\n\ud83d\udd39 Il s'agit d'une croisi\u00e8re courte, sans repas, id\u00e9ale pour ceux qui pr\u00e9f\u00e8rent les exp\u00e9riences relaxantes et sans foule.<br \/>\n\ud83d\udd39 Taille maximale du groupe : 12 personnes<br \/>\n\ud83d\udd39 Fonctionne tous les jours, en fonction des conditions m\u00e9t\u00e9orologiques et de l'\u00e9tat de la mer<\/p>\n<h2><span style=\"color: #000000;\"><strong>\ud83c\udf92 Ce qu'il faut apporter<\/strong><\/span><\/h2>\n<p>Maillot de bain et serviette de bain<br \/>\n\ud83d\udd39 Cr\u00e8me solaire et lunettes de soleil<br \/>\n\ud83d\udd39 Chaussures adapt\u00e9es \u00e0 l'eau<br \/>\nT\u00e9l\u00e9phone ou appareil photo \u00e9tanche<\/p>\n<h3><span style=\"color: #000000;\"><strong>\ud83d\udeab Ne convient pas pour<\/strong><\/span><\/h3>\n<p>\ud83d\udd39 H\u00f4tes \u00e0 mobilit\u00e9 r\u00e9duite<br \/>\n\ud83d\udd39 Les personnes sujettes au mal de mer<\/p>\n<h2><span style=\"color: #000000;\"><strong>\ud83d\udcb8 Prix et r\u00e9servation<\/strong><\/span><\/h2>\n<p><strong><span style=\"color: #000000;\">\ud83d\udd39 R\u00e9server maintenant, payer le jour de la visite\u00a0<\/span><\/strong><br \/>\n\ud83d\udd39 Contactez-nous via WhatsApp, Telegram, ou Viber pour les disponibilit\u00e9s et les r\u00e9servations \ud83d\udc47\ud83c\udffc<\/p>\n<p>\u00c0 la recherche d'alternatives ? Parcourir <a href=\"https:\/\/excursionsworld.com\/fr\/excursions-a-kemer\/\">Plus de visites \u00e0 Kemer<\/a>.<\/p>","protected":false},"excerpt":{"rendered":"<p>\u00c9chappez aux foules lors d'une excursion priv\u00e9e de 2 heures en yacht au d\u00e9part de Kemer. Nagez dans des baies cristallines, d\u00e9tendez-vous \u00e0 bord et d\u00e9gustez des boissons non alcoolis\u00e9es. 12 personnes maximum.<\/p>","protected":false},"featured_media":13028,"comment_status":"open","ping_status":"closed","template":"","meta":[],"product_brand":[],"product_cat":[124],"product_tag":[105],"class_list":{"0":"post-14097","1":"product","2":"type-product","3":"status-publish","4":"has-post-thumbnail","6":"tour_phys-kemer-tours","7":"tour_phys-yacht-rental","8":"product_cat-kemer-tours","9":"product_tag-kemer","10":"pa_destination-kemer-tours","11":"pa_kategori-private-yacht-rental-kemer-antalya","13":"first","14":"instock","15":"sale","16":"shipping-taxable","17":"purchasable","18":"product-type-tour_phys"},"aioseo_notices":[],"_links":{"self":[{"href":"https:\/\/excursionsworld.com\/fr\/wp-json\/wp\/v2\/product\/14097","targetHints":{"allow":["GET"]}}],"collection":[{"href":"https:\/\/excursionsworld.com\/fr\/wp-json\/wp\/v2\/product"}],"about":[{"href":"https:\/\/excursionsworld.com\/fr\/wp-json\/wp\/v2\/types\/product"}],"replies":[{"embeddable":true,"href":"https:\/\/excursionsworld.com\/fr\/wp-json\/wp\/v2\/comments?post=14097"}],"wp:featuredmedia":[{"embeddable":true,"href":"https:\/\/excursionsworld.com\/fr\/wp-json\/wp\/v2\/media\/13028"}],"wp:attachment":[{"href":"https:\/\/excursionsworld.com\/fr\/wp-json\/wp\/v2\/media?parent=14097"}],"wp:term":[{"taxonomy":"product_brand","embeddable":true,"href":"https:\/\/excursionsworld.com\/fr\/wp-json\/wp\/v2\/product_brand?post=14097"},{"taxonomy":"product_cat","embeddable":true,"href":"https:\/\/excursionsworld.com\/fr\/wp-json\/wp\/v2\/product_cat?post=14097"},{"taxonomy":"product_tag","embeddable":true,"href":"https:\/\/excursionsworld.com\/fr\/wp-json\/wp\/v2\/product_tag?post=14097"}],"curies":[{"name":"wp","href":"https:\/\/api.w.org\/{rel}","templated":true}]}}