{"id":14120,"date":"2025-08-19T14:43:22","date_gmt":"2025-08-19T11:43:22","guid":{"rendered":"https:\/\/excursionsworld.com\/?post_type=product&#038;p=14120"},"modified":"2026-04-24T01:30:51","modified_gmt":"2026-04-23T22:30:51","slug":"transfert-aeroport-excursions-privees-antalya-kemer-belek","status":"publish","type":"product","link":"https:\/\/excursionsworld.com\/tours\/airport-transfer-private-tours-antalya-kemer-belek\/","title":{"rendered":"Visites priv\u00e9es et transferts a\u00e9roport - Antalya, Kemer et Belek"},"content":{"rendered":"<p>Faites l'exp\u00e9rience d'un confort haut de gamme avec notre <strong>Service de transfert VIP<\/strong> \u00e0 Antalya, <a href=\"https:\/\/en.wikipedia.org\/wiki\/Kemer,_Antalya\" target=\"_blank\" rel=\"noopener\">Kemer<\/a>, Belek, Side et Alanya. Nous fournissons <strong>transferts a\u00e9roportuaires, circuits priv\u00e9s et solutions de voyage sur mesure<\/strong> avec des chauffeurs professionnels et des v\u00e9hicules modernes. Profitez d'un transport sans stress, s\u00fbr et \u00e9l\u00e9gant pour vos vacances ou votre voyage d'affaires. <strong>Contactez-nous pour obtenir votre offre de prix sp\u00e9cial d\u00e8s aujourd'hui !<\/strong><\/p>\n<p>\u00c0 la recherche d'alternatives ? Parcourir <a href=\"https:\/\/excursionsworld.com\/fr\/excursions-a-kemer\/\">more Kemer Tours<\/a>.<\/p>","protected":false},"excerpt":{"rendered":"<p>Transferts VIP de luxe, visites priv\u00e9es et transferts a\u00e9roportuaires \u00e0 Antalya, Kemer, Belek, Side et Alanya. Service fiable, confortable et professionnel !<\/p>","protected":false},"featured_media":14121,"comment_status":"open","ping_status":"closed","template":"","meta":[],"product_brand":[],"product_cat":[],"product_tag":[105],"class_list":{"0":"post-14120","1":"product","2":"type-product","3":"status-publish","4":"has-post-thumbnail","6":"tour_phys-vip-transfer","7":"product_tag-kemer","8":"pa_kategori-vip-transfer","10":"first","11":"instock","12":"sale","13":"shipping-taxable","14":"purchasable","15":"product-type-tour_phys"},"aioseo_notices":[],"_links":{"self":[{"href":"https:\/\/excursionsworld.com\/fr\/wp-json\/wp\/v2\/product\/14120","targetHints":{"allow":["GET"]}}],"collection":[{"href":"https:\/\/excursionsworld.com\/fr\/wp-json\/wp\/v2\/product"}],"about":[{"href":"https:\/\/excursionsworld.com\/fr\/wp-json\/wp\/v2\/types\/product"}],"replies":[{"embeddable":true,"href":"https:\/\/excursionsworld.com\/fr\/wp-json\/wp\/v2\/comments?post=14120"}],"wp:featuredmedia":[{"embeddable":true,"href":"https:\/\/excursionsworld.com\/fr\/wp-json\/wp\/v2\/media\/14121"}],"wp:attachment":[{"href":"https:\/\/excursionsworld.com\/fr\/wp-json\/wp\/v2\/media?parent=14120"}],"wp:term":[{"taxonomy":"product_brand","embeddable":true,"href":"https:\/\/excursionsworld.com\/fr\/wp-json\/wp\/v2\/product_brand?post=14120"},{"taxonomy":"product_cat","embeddable":true,"href":"https:\/\/excursionsworld.com\/fr\/wp-json\/wp\/v2\/product_cat?post=14120"},{"taxonomy":"product_tag","embeddable":true,"href":"https:\/\/excursionsworld.com\/fr\/wp-json\/wp\/v2\/product_tag?post=14120"}],"curies":[{"name":"wp","href":"https:\/\/api.w.org\/{rel}","templated":true}]}}