{"id":15051,"date":"2025-10-17T21:16:50","date_gmt":"2025-10-17T18:16:50","guid":{"rendered":"https:\/\/excursionsworld.com\/?post_type=product&#038;p=15051"},"modified":"2025-11-22T19:49:06","modified_gmt":"2025-11-22T16:49:06","slug":"spectacle-nocturne-land-of-legends-alanya","status":"publish","type":"product","link":"https:\/\/excursionsworld.com\/tours\/the-land-of-legends-night-show-alanya\/","title":{"rendered":"Spectacle nocturne The Land of Legends depuis Alanya"},"content":{"rendered":"<h3 dir=\"ltr\" data-pm-slice=\"1 1 []\"><span style=\"color: #000000;\"><strong>\u2728 Vue d'ensemble<\/strong><\/span><\/h3>\n<p dir=\"ltr\">Vivez une soir\u00e9e magique au pays des l\u00e9gendes gr\u00e2ce aux transferts depuis Alanya ! Profitez d'une fontaine spectaculaire et d'un spectacle laser, d'un d\u00e9fil\u00e9 de bateaux anim\u00e9 et d'une promenade le long du boulevard commer\u00e7ant. Parfaite pour tous les \u00e2ges, cette visite dure environ 3 \u00e0 4 heures !<\/p>\n<h3 dir=\"ltr\"><span style=\"color: #000000;\"><strong>Inclus :<\/strong><\/span><\/h3>\n<p dir=\"ltr\"><span style=\"color: #00ff00;\"><strong>\u2713<\/strong><\/span> Prise en charge et retour \u00e0 l'h\u00f4tel<br \/>\n<span style=\"color: #00ff00;\"><strong>\u2713 <\/strong><\/span>Acc\u00e8s aux spectacles du soir et \u00e0 la parade des bateaux<br \/>\n<span style=\"color: #00ff00;\"><strong>\u2713 <\/strong><\/span>Temps libre sur le boulevard commer\u00e7ant<br \/>\n<span style=\"color: #00ff00;\"><strong>\u2713 <\/strong><\/span>Assurance lors des transferts<br \/>\n<span style=\"color: #00ff00;\"><strong>\u2713 <\/strong><\/span>Bus confortable et climatis\u00e9<\/p>\n<h3 dir=\"ltr\"><span style=\"color: #000000;\"><strong>Non inclus :<\/strong><\/span><\/h3>\n<p dir=\"ltr\"><span style=\"color: #ff0000;\"><strong>\u2717<\/strong><\/span> Nourriture et boissons<br \/>\n<span style=\"color: #ff0000;\"><strong>\u2717 <\/strong><\/span>D\u00e9penses personnelles (souvenirs, achats)<br \/>\n<span style=\"color: #ff0000;\"><strong>\u2717 <\/strong><\/span>Attractions du parc en journ\u00e9e<br \/>\n<span style=\"color: #ff0000;\"><strong>\u2717 <\/strong><\/span>Services de guides priv\u00e9s<\/p>\n<h3 dir=\"ltr\"><span style=\"color: #000000;\"><strong>\ud83c\udfad Faits marquants<\/strong><\/span><\/h3>\n<p dir=\"ltr\">\ud83d\udd39 Spectacle de classe mondiale avec fontaines et lasers<br \/>\n\ud83d\udd39 Parade de bateaux avec des personnages costum\u00e9s<br \/>\n\ud83d\udd39 Boulevard commercial avec plus de 180 enseignes<br \/>\n\ud83d\udd39 Transferts pratiques \u00e0 partir de plusieurs r\u00e9gions<br \/>\n\ud83d\udd39 Atmosph\u00e8re enchanteresse pour les photos<\/p>\n<h3 dir=\"ltr\"><span style=\"color: #000000;\"><strong>\ud83d\udcd6 Description compl\u00e8te<\/strong><\/span><\/h3>\n<p dir=\"ltr\">Commencez votre soir\u00e9e par un transfert d'Alanya au pays des l\u00e9gendes. Plongez dans un spectacle envo\u00fbtant avec des fontaines \u00e9blouissantes, des lasers et des spectacles sous les \u00e9toiles. Laissez-vous s\u00e9duire par le d\u00e9fil\u00e9 de bateaux, une procession vibrante le long du canal avec des personnages costum\u00e9s et de la musique magique. Ensuite, explorez le boulevard commer\u00e7ant, qui abrite plus de 180 boutiques et restaurants. Retournez \u00e0 votre h\u00f4tel avec des souvenirs inoubliables de cette soir\u00e9e exceptionnelle.<\/p>\n<h3 dir=\"ltr\"><span style=\"color: #000000;\"><strong>\ud83d\uddfa\ufe0f Itin\u00e9raire de la visite<\/strong><\/span><\/h3>\n<p dir=\"ltr\">\ud83d\udd39 Prise en charge \u00e0 partir d'Alanya<br \/>\nArriv\u00e9e au pays des l\u00e9gendes<br \/>\n\ud83d\udd39 Acc\u00e8s aux spectacles et \u00e0 la parade nautique<br \/>\nTemps libre sur le boulevard commer\u00e7ant (~1-2 heures)<br \/>\nRetour \u00e0 l'h\u00f4tel<\/p>\n<h3 dir=\"ltr\"><span style=\"color: #000000;\"><strong>\u2139\ufe0f Informations utiles<\/strong><\/span><\/h3>\n<p dir=\"ltr\">Dur\u00e9e : ~3-4 heures (visite du soir)<br \/>\n\ud83d\udd39 Convient aux personnes \u00e0 mobilit\u00e9 r\u00e9duite<br \/>\n\ud83d\udd39 Faible activit\u00e9 physique<br \/>\n\ud83d\udd39 Se pr\u00e9senter \u00e0 l'entr\u00e9e de l'h\u00f4tel 10 minutes avant la prise en charge.<br \/>\n\ud83d\udd39 Le conducteur n'attend pas plus de 5 minutes<br \/>\n\ud83d\udd39 Les enfants de moins de 6 ans voyageant gratuitement n'ont pas de si\u00e8ge s\u00e9par\u00e9 dans le bus. Si le bus est plein, ils s'assoient sur les genoux d'un adulte, ou un si\u00e8ge s\u00e9par\u00e9 peut \u00eatre r\u00e9serv\u00e9<\/p>\n<h3 dir=\"ltr\"><span style=\"color: #000000;\"><strong>\ud83c\udf92 Ce qu'il faut apporter<\/strong><\/span><\/h3>\n<p dir=\"ltr\">\ud83d\udd39 D\u00e9penses en esp\u00e8ces<br \/>\n\ud83d\udd39 Chaussures de marche confortables<br \/>\n\ud83d\udd39 V\u00eatements adapt\u00e9s aux conditions m\u00e9t\u00e9orologiques<br \/>\n\ud83d\udd39 T\u00e9l\u00e9phone ou appareil photo pour les photos<\/p>\n<h3 dir=\"ltr\"><span style=\"color: #000000;\"><strong>\ud83d\udeab Ne convient pas pour<\/strong><\/span><\/h3>\n<p dir=\"ltr\">\ud83d\udd39 Invit\u00e9s de plus de 95 ans<\/p>\n<h3 dir=\"ltr\">\ud83d\udcb8\u00a0<strong>Prix et r\u00e9servation<\/strong><\/h3>\n<p dir=\"ltr\"><strong>\ud83d\udd39 R\u00e9server maintenant, payer le jour de la visite<\/strong><br \/>\n\ud83d\udd39 Contactez-nous via WhatsApp, Telegram, Viber, ou remplissez le formulaire de r\u00e9servation ci-dessous. \ud83d\udc47\ud83c\udffc<\/p>","protected":false},"excerpt":{"rendered":"<p>R\u00e9server le <b>Spectacle nocturne du Pays des l\u00e9gendes<\/b> de <strong>Alanya<\/strong>! Profitez de l'incroyable <b>fontaines<\/b>, <b>lasers<\/b>, bateau <b>d\u00e9fil\u00e9<\/b>, et le shopping. Soir\u00e9e inoubliable <b>excursion\/transfert<\/b> inclus.<\/p>","protected":false},"featured_media":12777,"comment_status":"open","ping_status":"closed","template":"","meta":[],"product_brand":[],"product_cat":[128],"product_tag":[111],"class_list":{"0":"post-15051","1":"product","2":"type-product","3":"status-publish","4":"has-post-thumbnail","6":"tour_phys-alanya-tours","7":"product_cat-alanya-tours","8":"product_tag-alanya","9":"pa_destination-alanya-tours","11":"first","12":"instock","13":"sale","14":"shipping-taxable","15":"purchasable","16":"product-type-tour_phys"},"aioseo_notices":[],"_links":{"self":[{"href":"https:\/\/excursionsworld.com\/fr\/wp-json\/wp\/v2\/product\/15051","targetHints":{"allow":["GET"]}}],"collection":[{"href":"https:\/\/excursionsworld.com\/fr\/wp-json\/wp\/v2\/product"}],"about":[{"href":"https:\/\/excursionsworld.com\/fr\/wp-json\/wp\/v2\/types\/product"}],"replies":[{"embeddable":true,"href":"https:\/\/excursionsworld.com\/fr\/wp-json\/wp\/v2\/comments?post=15051"}],"wp:featuredmedia":[{"embeddable":true,"href":"https:\/\/excursionsworld.com\/fr\/wp-json\/wp\/v2\/media\/12777"}],"wp:attachment":[{"href":"https:\/\/excursionsworld.com\/fr\/wp-json\/wp\/v2\/media?parent=15051"}],"wp:term":[{"taxonomy":"product_brand","embeddable":true,"href":"https:\/\/excursionsworld.com\/fr\/wp-json\/wp\/v2\/product_brand?post=15051"},{"taxonomy":"product_cat","embeddable":true,"href":"https:\/\/excursionsworld.com\/fr\/wp-json\/wp\/v2\/product_cat?post=15051"},{"taxonomy":"product_tag","embeddable":true,"href":"https:\/\/excursionsworld.com\/fr\/wp-json\/wp\/v2\/product_tag?post=15051"}],"curies":[{"name":"wp","href":"https:\/\/api.w.org\/{rel}","templated":true}]}}