{"id":15095,"date":"2025-10-19T00:42:26","date_gmt":"2025-10-18T21:42:26","guid":{"rendered":"https:\/\/excursionsworld.com\/?post_type=product&#038;p=15095"},"modified":"2026-04-24T01:26:55","modified_gmt":"2026-04-23T22:26:55","slug":"alanya-hammam-turc","status":"publish","type":"product","link":"https:\/\/excursionsworld.com\/tours\/alanya-turkish-bath-hamam\/","title":{"rendered":"Alanya : Hammam turc \u2013 Exp\u00e9rience authentique du bain"},"content":{"rendered":"<h2><span style=\"color: #000000;\"><strong>\ud83c\udfdd\ufe0f Vue d'ensemble<\/strong><\/span><\/h2>\n<p>Faites l'exp\u00e9rience d'une v\u00e9ritable relaxation avec le <strong><a href=\"https:\/\/en.wikipedia.org\/wiki\/Alanya\" target=\"_blank\" rel=\"noopener\">Alanya<\/a> Bain Turc \u2013 Exp\u00e9rience Hammam &amp; Spa<\/strong> - un rituel de bien-\u00eatre s\u00e9culaire con\u00e7u pour purifier votre peau, rafra\u00eechir votre corps et calmer votre esprit. Parfaite au d\u00e9but de vos vacances, cette s\u00e9ance de hammam traditionnel aide \u00e0 pr\u00e9parer votre peau \u00e0 un bronzage durable et vous laisse profond\u00e9ment rajeuni.<\/p>\n<h3>\u00a0<span style=\"color: #000000;\"><strong>Inclus :<\/strong><\/span><\/h3>\n<p><span style=\"color: #00ff00;\"><strong>\u2713<\/strong><\/span> Prise en charge et retour \u00e0 l'h\u00f4tel \u00e0 Alanya<br \/>\n<span style=\"color: #00ff00;\"><strong>\u2713 <\/strong><\/span>Acc\u00e8s au sauna, au hammam et \u00e0 la salle de sel<br \/>\n<span style=\"color: #00ff00;\"><strong>\u2713 <\/strong><\/span>Gommage et massage \u00e0 la mousse de 30 minutes<br \/>\n<span style=\"color: #00ff00;\"><strong>\u2713 <\/strong><\/span>Massage relaxant \u00e0 l'huile de 20 minutes<br \/>\n<span style=\"color: #00ff00;\"><strong>\u2713 <\/strong><\/span>Masque et massage du visage<br \/>\n<span style=\"color: #00ff00;\"><strong>\u2713 <\/strong><\/span>Serviettes, pantoufles, savon et pestemal (gilet)<br \/>\n<span style=\"color: #00ff00;\"><strong>\u2713 <\/strong><\/span>Service \u00e0 th\u00e9 ou \u00e0 pomme<br \/>\n<span style=\"color: #00ff00;\"><strong>\u2713 <\/strong><\/span>Assurance compl\u00e8te<\/p>\n<h3>\u00a0<span style=\"color: #000000;\"><strong>Non inclus :<\/strong><\/span><\/h3>\n<p><span style=\"color: #ff0000;\"><strong>\u2717<\/strong><\/span> D\u00e9penses personnelles (boissons, pourboires, etc.)<br \/>\n<span style=\"color: #ff0000;\"><strong>\u2717 <\/strong><\/span>Traitements suppl\u00e9mentaires (en option)<br \/>\n<span style=\"color: #ff0000;\"><strong>\u2717 <\/strong><\/span>Photos ou vid\u00e9os (disponibles \u00e0 l'achat)<\/p>\n<h2><span style=\"color: #000000;\"><strong>\ud83c\udf1f Points forts de la visite<\/strong><\/span><\/h2>\n<p>\ud83d\udd39 Exp\u00e9rience d'un hammam turc traditionnel \u00e0 Alanya<br \/>\n\ud83d\udd39 D\u00e9toxification gr\u00e2ce \u00e0 des s\u00e9ances de sauna, de vapeur et de salle de sel<br \/>\n\ud83d\udd39 Gommage du corps entier et massage \u00e0 la mousse sur pierre de marbre chauff\u00e9e<br \/>\n\ud83d\udd39 Massage relaxant \u00e0 l'huile et traitement rafra\u00eechissant du visage<br \/>\n\ud83d\udd39 Th\u00e9 turc ou th\u00e9 aux pommes gratuit<br \/>\n\ud83d\udd39 Un \u00e9tablissement thermal propre, hygi\u00e9nique et professionnel<\/p>\n<h2><span style=\"color: #000000;\"><strong>\ud83d\udcd6 Description compl\u00e8te<\/strong><\/span><\/h2>\n<p>Votre exp\u00e9rience du bain turc commence par une prise en charge confortable \u00e0 l'h\u00f4tel depuis Alanya et les environs. \u00c0 votre arriv\u00e9e dans un centre de bien-\u00eatre de grande qualit\u00e9, vous serez accueilli par un personnel amical et recevrez des serviettes, des pantoufles, du savon et un pestemal (gilet) traditionnel. Commencez votre traitement par des s\u00e9ances dans le <strong>sauna<\/strong>, <strong>hammam<\/strong>, et <strong>salle de sel<\/strong> - id\u00e9al pour nettoyer les pores et d\u00e9tendre les muscles. Ensuite, passez \u00e0 la <strong>zone principale du hamam<\/strong>, o\u00f9 vous profiterez d'une <strong>Gommage et massage \u00e0 la mousse de 30 minutes<\/strong> Ce soin est effectu\u00e9 sur une plate-forme de marbre chauff\u00e9e, \u00e9liminant les peaux mortes et laissant votre corps doux comme de la soie. Apr\u00e8s une courte pause d\u00e9tente avec <strong>th\u00e9 ou th\u00e9 aux pommes<\/strong>, poursuivre avec un <strong>Massage \u00e0 l'huile aromatique de 20 minutes<\/strong> pour soulager les tensions musculaires et favoriser la relaxation de l'ensemble du corps. Votre s\u00e9ance se termine par un <strong>masque facial et massage doux du visage<\/strong>, Votre peau est \u00e9clatante et rafra\u00eechie. Enfin, d\u00e9tendez-vous dans le salon avant d'\u00eatre ramen\u00e9 confortablement \u00e0 votre h\u00f4tel, avec un sentiment de renouveau, de d\u00e9tente et d'\u00e9clat.<\/p>\n<h3><span style=\"color: #000000;\"><strong>\ud83d\uddfa\ufe0f Itin\u00e9raire de la visite<\/strong><\/span><\/h3>\n<p>\ud83d\udd39 Prise en charge \u00e0 partir des h\u00f4tels d'Alanya et des environs<br \/>\nArriv\u00e9e et accueil au centre thermal<br \/>\nS\u00e9ances de sauna, de hammam et de salle de sel<br \/>\n\ud83d\udd39 Gommage et massage \u00e0 la mousse sur plateforme en marbre<br \/>\n\ud83d\udd39 Pause th\u00e9 ou th\u00e9 aux pommes<br \/>\n\ud83d\udd39 Massage relaxant \u00e0 l'huile et masque de beaut\u00e9<br \/>\nRetour \u00e0 l'h\u00f4tel<\/p>\n<h3><span style=\"color: #000000;\"><strong>\u2139\ufe0f Informations utiles<\/strong><\/span><\/h3>\n<p>Dur\u00e9e : Environ 2 \u00e0 3 heures (transferts compris)<br \/>\n\ud83d\udd39 Convient \u00e0 tous les \u00e2ges (les enfants doivent \u00eatre accompagn\u00e9s)<br \/>\n\ud83d\udd39 Aucune exp\u00e9rience requise<br \/>\n\ud83d\udd39 Serviettes, savon et pantoufles fournis<br \/>\nDes salles de massage priv\u00e9es sont disponibles sur demande.<\/p>\n<h2><span style=\"color: #000000;\"><strong>\ud83c\udf92 Ce qu'il faut apporter<\/strong><\/span><\/h2>\n<p>Maillot de bain ou bikini<br \/>\n\ud83d\udd39 Shampooing pour cheveux<br \/>\n\ud83d\udd39 V\u00eatements de rechange (facultatif)<\/p>\n<h3><span style=\"color: #000000;\"><strong>\ud83d\udeab Ne convient pas pour<\/strong><\/span><\/h3>\n<p>\ud83d\udd39 Femmes enceintes<br \/>\n\ud83d\udd39 Les invit\u00e9s souffrant d'asthme ou de probl\u00e8mes respiratoires graves<br \/>\n\ud83d\udd39 Les personnes pr\u00e9sentant des plaies ouvertes ou des infections cutan\u00e9es<\/p>\n<h2 dir=\"ltr\">\ud83d\udcb8\u00a0<strong>Prix et r\u00e9servation<\/strong><\/h2>\n<p dir=\"ltr\"><strong>\ud83d\udd39 R\u00e9server maintenant, payer le jour de la visite<\/strong><br \/>\n\ud83d\udd39 Contactez-nous via WhatsApp, Telegram, Viber, ou remplissez le formulaire de r\u00e9servation ci-dessous. \ud83d\udc47\ud83c\udffc<\/p>\n<p>\u00c0 la recherche d'alternatives ? Parcourir <a href=\"https:\/\/excursionsworld.com\/fr\/excursions-a-alanya\/\">plus de visites \u00e0 Alanya<\/a>.<\/p>","protected":false},"excerpt":{"rendered":"<p data-start=\"3442\" data-end=\"3600\">L'exp\u00e9rience de la <b>Bain turc et spa d'Alanya<\/b>! Savourez un repas traditionnel <b>Hamam<\/b> rituel avec gommage, <b>massage \u00e0 la mousse<\/b>, sauna et huile <b>d\u00e9tente<\/b>. <b>Transfert inclus<\/b>. Commencez vos vacances en beaut\u00e9 !<\/p>","protected":false},"featured_media":12688,"comment_status":"open","ping_status":"closed","template":"","meta":[],"product_brand":[],"product_cat":[128],"product_tag":[111],"class_list":{"0":"post-15095","1":"product","2":"type-product","3":"status-publish","4":"has-post-thumbnail","6":"tour_phys-alanya-tours","7":"product_cat-alanya-tours","8":"product_tag-alanya","9":"pa_destination-alanya-tours","11":"first","12":"instock","13":"sale","14":"shipping-taxable","15":"purchasable","16":"product-type-tour_phys"},"aioseo_notices":[],"_links":{"self":[{"href":"https:\/\/excursionsworld.com\/fr\/wp-json\/wp\/v2\/product\/15095","targetHints":{"allow":["GET"]}}],"collection":[{"href":"https:\/\/excursionsworld.com\/fr\/wp-json\/wp\/v2\/product"}],"about":[{"href":"https:\/\/excursionsworld.com\/fr\/wp-json\/wp\/v2\/types\/product"}],"replies":[{"embeddable":true,"href":"https:\/\/excursionsworld.com\/fr\/wp-json\/wp\/v2\/comments?post=15095"}],"wp:featuredmedia":[{"embeddable":true,"href":"https:\/\/excursionsworld.com\/fr\/wp-json\/wp\/v2\/media\/12688"}],"wp:attachment":[{"href":"https:\/\/excursionsworld.com\/fr\/wp-json\/wp\/v2\/media?parent=15095"}],"wp:term":[{"taxonomy":"product_brand","embeddable":true,"href":"https:\/\/excursionsworld.com\/fr\/wp-json\/wp\/v2\/product_brand?post=15095"},{"taxonomy":"product_cat","embeddable":true,"href":"https:\/\/excursionsworld.com\/fr\/wp-json\/wp\/v2\/product_cat?post=15095"},{"taxonomy":"product_tag","embeddable":true,"href":"https:\/\/excursionsworld.com\/fr\/wp-json\/wp\/v2\/product_tag?post=15095"}],"curies":[{"name":"wp","href":"https:\/\/api.w.org\/{rel}","templated":true}]}}