{"id":15105,"date":"2025-10-19T19:02:18","date_gmt":"2025-10-19T16:02:18","guid":{"rendered":"https:\/\/excursionsworld.com\/?post_type=product&#038;p=15105"},"modified":"2026-04-24T01:26:55","modified_gmt":"2026-04-23T22:26:55","slug":"alanya-parapente-tandem","status":"publish","type":"product","link":"https:\/\/excursionsworld.com\/tours\/alanya-paragliding-tandem-flight\/","title":{"rendered":"Alanya : Parapente en tandem \u2013 Vol au-dessus de la plage Cl\u00e9op\u00e2tre"},"content":{"rendered":"<h2><strong>\ud83c\udfdd\ufe0f Vue d'ensemble<\/strong><\/h2>\n<p>D\u00e9couvrez le frisson du parapente au-dessus de la magnifique plage de Cl\u00e9op\u00e2tre \u00e0 <a href=\"https:\/\/en.wikipedia.org\/wiki\/Alanya\" target=\"_blank\" rel=\"noopener\">Alanya<\/a>! D\u00e9collez de la colline de Yass\u0131 Tepe (altitude 700 m) et planez avec des vues imprenables sur le ch\u00e2teau d'Alanya, les montagnes du Taurus et la M\u00e9diterran\u00e9e turquoise. Aucune exp\u00e9rience requise \u2014 votre pilote agr\u00e9\u00e9 s'occupe de tout pendant que vous profitez de la libert\u00e9 du vol !<\/p>\n<h3><strong>Inclus :<\/strong><\/h3>\n<p><span style=\"color: #00ff00;\"><strong>\u2713<\/strong><\/span> Prise en charge et retour \u00e0 l'h\u00f4tel<br \/>\n<span style=\"color: #00ff00;\"><strong>\u2713 <\/strong><\/span>Pilote professionnel et instructeur licenci\u00e9<br \/>\n<span style=\"color: #00ff00;\"><strong>\u2713 <\/strong><\/span>Couverture d'assurance compl\u00e8te<br \/>\n<span style=\"color: #00ff00;\"><strong>\u2713 <\/strong><\/span>Tous les \u00e9quipements de vol et de s\u00e9curit\u00e9<br \/>\n<span style=\"color: #00ff00;\"><strong>\u2713 <\/strong><\/span>Transfert en 4\u00d74 jusqu'au point de d\u00e9part<br \/>\n<span style=\"color: #00ff00;\"><strong>\u2713 <\/strong><\/span>Droit d'entr\u00e9e dans l'aire de d\u00e9collage<\/p>\n<h3><strong>Non inclus :<\/strong><\/h3>\n<p><strong><span style=\"color: #ff0000;\">\u2717<\/span><\/strong> D\u00e9penses personnelles<br \/>\n<strong><span style=\"color: #ff0000;\">\u2717 <\/span><\/strong>Photos et vid\u00e9os professionnelles<br \/>\n<strong><span style=\"color: #ff0000;\">\u2717 <\/span><\/strong>Pilote f\u00e9minin sur demande (suppl\u00e9ment de 15 \u20ac)<\/p>\n<h2>\ud83c\udf1f <strong>Points forts de la visite<\/strong><\/h2>\n<p>\ud83d\udd39 Parapente en tandem au-dessus de la plage de Cleopatra<br \/>\n\ud83d\udd39 Vue spectaculaire sur le ch\u00e2teau d'Alanya et le littoral<br \/>\n\ud83d\udd39 D\u00e9collage en douceur de la colline de Yass\u0131 Tepe, situ\u00e9e \u00e0 700 m d'altitude<br \/>\n\ud83d\udd39 Atterrissage en toute s\u00e9curit\u00e9 sur la plage avec un pilote professionnel<br \/>\n\ud83d\udd39 Convient aux d\u00e9butants - pas d'exp\u00e9rience pr\u00e9alable<\/p>\n<h2><strong>\ud83d\udcd6 Description compl\u00e8te<\/strong><\/h2>\n<p>Votre aventure commence par une prise en charge \u00e0 l'h\u00f4tel \u00e0 partir d'Alanya et des environs. Apr\u00e8s un court trajet en 4\u00d74 jusqu'\u00e0 la colline de Yass\u0131 Tepe, votre instructeur vous donne un rapide briefing sur la s\u00e9curit\u00e9 et pr\u00e9pare l'\u00e9quipement. En quelques \u00e9tapes, vous d\u00e9collerez et planerez comme un oiseau au-dessus de la superbe c\u00f4te d'Alanya. Le vol dure de 15 \u00e0 20 minutes et offre des vues panoramiques sur la plage de Cleopatra et le ch\u00e2teau d'Alanya. Apr\u00e8s un atterrissage en douceur sur la plage, vous pourrez regarder des photos ou des vid\u00e9os de votre vol avant de rentrer \u00e0 votre h\u00f4tel avec des souvenirs inoubliables.<\/p>\n<h3><strong>\ud83d\uddfa\ufe0f Itin\u00e9raire de la visite<\/strong><\/h3>\n<p>\ud83d\udd39 Prise en charge \u00e0 partir des h\u00f4tels de Alanya<br \/>\n\ud83d\udd39 Arriv\u00e9e \u00e0 la station de parapente<br \/>\n\ud83d\udd39 Transfert en jeep vers la colline de Yass\u0131 Tepe (700 m)<br \/>\n\ud83d\udd39 Briefing de s\u00e9curit\u00e9 et pr\u00e9paration du vol<br \/>\n\ud83d\udd39 Vol en tandem (15-20 minutes)<br \/>\n\ud83d\udd39 Atterrissage sur la plage de Cleopatra<br \/>\n\ud83d\udd39 Transfert retour \u00e0 l'h\u00f4tel<\/p>\n<h3><strong>\u2139\ufe0f Informations utiles<\/strong><\/h3>\n<p>\ud83d\udd39 Dur\u00e9e : environ 2 \u00e0 3 heures (transferts compris)<br \/>\nTemps de vol : 15-20 minutes (en fonction des conditions m\u00e9t\u00e9orologiques)<br \/>\n\ud83d\udd39 Disponible tous les jours de 09:00 \u00e0 17:00<br \/>\n\ud83d\udd39 Fonctionne toute l'ann\u00e9e (si les conditions m\u00e9t\u00e9orologiques le permettent)<br \/>\n\ud83d\udd39 Recommand\u00e9 : v\u00eatements confortables et chaussures de sport<br \/>\n\ud83d\udd39 Apportez : des lunettes de soleil et de l'eau<\/p>\n<h2>\ud83c\udf92 <strong>Ce qu'il faut apporter<\/strong><\/h2>\n<p>\ud83d\udd39 V\u00eatements confortables (shorts \/ pantalons)<br \/>\n\ud83d\udd39 Chaussures de sport<br \/>\n\ud83d\udd39 Lunettes de soleil<br \/>\n\ud83d\udd39 Argent liquide pour des photos ou des d\u00e9penses personnelles<\/p>\n<h3>\ud83d\udeab <strong>Ne convient pas<\/strong><\/h3>\n<p>\ud83d\udd39 Invit\u00e9s sous l'influence de l'alcool ou de drogues<br \/>\n\ud83d\udd39 Les personnes souffrant d'une grave maladie du c\u0153ur ou de la colonne vert\u00e9brale<\/p>\n<h2 dir=\"ltr\">\ud83d\udcb8\u00a0<strong>Prix et r\u00e9servation<\/strong><\/h2>\n<p dir=\"ltr\"><strong>\ud83d\udd39 R\u00e9server maintenant, payer le jour de la visite<\/strong><br \/>\n\ud83d\udd39 Contactez-nous via WhatsApp, Telegram, Viber, ou remplissez le formulaire de r\u00e9servation ci-dessous. \ud83d\udc47\ud83c\udffc<\/p>\n<p>\u00c0 la recherche d'alternatives ? Parcourir <a href=\"https:\/\/excursionsworld.com\/fr\/excursions-a-alanya\/\">plus de visites \u00e0 Alanya<\/a>.<\/p>","protected":false},"excerpt":{"rendered":"<p>R\u00e9servez votre <b>Alanya Paragliding Tandem Flight<\/b>! Soar over <b>Plage de Cl\u00e9op\u00e2tre<\/b> from 700m. <b>Adrenaline<\/b> rush with stunning views. <b>Transfert inclus<\/b>, no experience needed.<\/p>","protected":false},"featured_media":15128,"comment_status":"open","ping_status":"closed","template":"","meta":[],"product_brand":[],"product_cat":[128],"product_tag":[111],"class_list":{"0":"post-15105","1":"product","2":"type-product","3":"status-publish","4":"has-post-thumbnail","6":"tour_phys-alanya-tours","7":"product_cat-alanya-tours","8":"product_tag-alanya","9":"pa_destination-alanya-tours","11":"first","12":"instock","13":"sale","14":"shipping-taxable","15":"purchasable","16":"product-type-tour_phys"},"aioseo_notices":[],"_links":{"self":[{"href":"https:\/\/excursionsworld.com\/fr\/wp-json\/wp\/v2\/product\/15105","targetHints":{"allow":["GET"]}}],"collection":[{"href":"https:\/\/excursionsworld.com\/fr\/wp-json\/wp\/v2\/product"}],"about":[{"href":"https:\/\/excursionsworld.com\/fr\/wp-json\/wp\/v2\/types\/product"}],"replies":[{"embeddable":true,"href":"https:\/\/excursionsworld.com\/fr\/wp-json\/wp\/v2\/comments?post=15105"}],"wp:featuredmedia":[{"embeddable":true,"href":"https:\/\/excursionsworld.com\/fr\/wp-json\/wp\/v2\/media\/15128"}],"wp:attachment":[{"href":"https:\/\/excursionsworld.com\/fr\/wp-json\/wp\/v2\/media?parent=15105"}],"wp:term":[{"taxonomy":"product_brand","embeddable":true,"href":"https:\/\/excursionsworld.com\/fr\/wp-json\/wp\/v2\/product_brand?post=15105"},{"taxonomy":"product_cat","embeddable":true,"href":"https:\/\/excursionsworld.com\/fr\/wp-json\/wp\/v2\/product_cat?post=15105"},{"taxonomy":"product_tag","embeddable":true,"href":"https:\/\/excursionsworld.com\/fr\/wp-json\/wp\/v2\/product_tag?post=15105"}],"curies":[{"name":"wp","href":"https:\/\/api.w.org\/{rel}","templated":true}]}}