{"id":15116,"date":"2025-10-19T19:39:23","date_gmt":"2025-10-19T16:39:23","guid":{"rendered":"https:\/\/excursionsworld.com\/?post_type=product&#038;p=15116"},"modified":"2026-04-24T01:26:55","modified_gmt":"2026-04-23T22:26:55","slug":"spectacle-dauphins-nage-alanya","status":"publish","type":"product","link":"https:\/\/excursionsworld.com\/tours\/dolphin-show-swim-alanya\/","title":{"rendered":"Alanya : Spectacle de dauphins &amp; Nage avec dauphins \u2013 Sp\u00e9cial famille"},"content":{"rendered":"<h2><strong>\ud83c\udfdd\ufe0f<span style=\"color: #000000;\"> Vue d'ensemble<\/span><\/strong><\/h2>\n<p>Passez une journ\u00e9e inoubliable \u00e0 <strong>Parc \u00e0 dauphins de Sealanya<\/strong>, L'un des plus grands parcs marins d'Europe ! Observez la captivante <strong>Spectacle de dauphins et d'otaries<\/strong>, et, si vous le souhaitez, saisissez l'occasion pour <strong>nager avec les dauphins<\/strong> une exp\u00e9rience vraiment magique. Parfait pour les familles, les couples et les enfants \u2014 cette excursion \u00e0 partir de <a href=\"https:\/\/en.wikipedia.org\/wiki\/Alanya\" target=\"_blank\" rel=\"noopener\">Alanya<\/a> garantit amusement, rires et souvenirs inoubliables.<\/p>\n<h3><span style=\"color: #000000;\"><strong>Inclus :<\/strong><\/span><\/h3>\n<p><strong><span style=\"color: #00ff00;\">\u2713<\/span><\/strong> Prise en charge et retour \u00e0 l'h\u00f4tel<br \/>\n<strong><span style=\"color: #00ff00;\">\u2713 <\/span><\/strong>Billet d'entr\u00e9e pour le spectacle des dauphins et des otaries<br \/>\n<strong><span style=\"color: #00ff00;\">\u2713 <\/span><\/strong>Assistance d'un guide professionnel et du personnel du parc<br \/>\n<strong><span style=\"color: #00ff00;\">\u2713 <\/span><\/strong>Couverture d'assurance compl\u00e8te<\/p>\n<h3><strong>\u00a0<span style=\"color: #000000;\">Non inclus :<\/span><\/strong><\/h3>\n<p><span style=\"color: #ff0000;\"><strong>\u2717<\/strong><\/span> Nager avec les dauphins (optionnel)<br \/>\n<span style=\"color: #ff0000;\"><strong>\u2717 <\/strong><\/span>D\u00e9penses personnelles<br \/>\n<span style=\"color: #ff0000;\"><strong>\u2717 <\/strong><\/span>Photos et vid\u00e9os<\/p>\n<h2><strong>\ud83c\udf1f<span style=\"color: #000000;\"> Points forts de la visite<\/span><\/strong><\/h2>\n<p>\ud83d\udd39 Assister \u00e0 un incroyable spectacle de dauphins et d'otaries en direct<br \/>\nS\u00e9ance de nage de 30 minutes avec les dauphins (en option)<br \/>\n\ud83d\udd39 Transferts confortables depuis les h\u00f4tels de la r\u00e9gion d'Alanya<br \/>\n\ud83d\udd39 Excellente activit\u00e9 pour les familles et les enfants<br \/>\n\ud83d\udd39 En savoir plus sur l'intelligence et le comportement des dauphins<\/p>\n<h2><strong>\ud83d\udcd6 <span style=\"color: #000000;\">Description compl\u00e8te<\/span><\/strong><\/h2>\n<p>L'aventure commence par un transfert confortable \u00e0 l'h\u00f4tel jusqu'\u00e0 <strong>Parc \u00e0 dauphins de Sealanya<\/strong>, Le parc est situ\u00e9 pr\u00e8s d'Alanya. \u00c0 votre arriv\u00e9e, vous rencontrerez le personnel sympathique du parc et prendrez place pour la fascinante visite du parc. <strong>Spectacle de dauphins et d'otaries<\/strong>, d'une dur\u00e9e d'environ une heure.<br \/>\nRegardez avec \u00e9merveillement ces animaux marins intelligents ex\u00e9cuter des tours, des sauts et des danses \u00e9tonnants qui impressionneront aussi bien les adultes que les enfants.<br \/>\nApr\u00e8s le spectacle, les invit\u00e9s qui ont r\u00e9serv\u00e9 \u00e0 l'avance la <strong>Nager avec les dauphins<\/strong> Les participants \u00e0 la session profiteront d'une rencontre inoubliable de 30 minutes - ils nageront, toucheront et joueront avec ces sympathiques cr\u00e9atures sous la supervision d'un instructeur.<br \/>\nEnfin, vous disposerez d'un peu de temps libre pour prendre des photos et des rafra\u00eechissements avant de retourner confortablement \u00e0 votre h\u00f4tel.<\/p>\n<h3><strong>\ud83d\uddfa\ufe0f <span style=\"color: #000000;\">Itin\u00e9raire de la visite<\/span><\/strong><\/h3>\n<p>\ud83d\udd39 Prise en charge \u00e0 partir des h\u00f4tels et des appartements \u00e0 Alanya et dans les environs<br \/>\n\ud83d\udd39 Arriv\u00e9e et enregistrement au Sealanya Dolphinpark<br \/>\n\ud83d\udd39 Assister au spectacle d'une heure des dauphins et otaries<br \/>\n\ud83d\udd39 En option : Nager avec les dauphins (environ 30 minutes)<br \/>\nTemps libre pour les photos et les rafra\u00eechissements<br \/>\n\ud83d\udd39 Transfert retour \u00e0 l'h\u00f4tel<\/p>\n<h3><strong>\u2139\ufe0f <span style=\"color: #000000;\">Informations utiles<\/span><\/strong><\/h3>\n<p>\ud83d\udd39 Les spectacles ont lieu deux fois par jour \u00e0 09:00 et 14:00<br \/>\nDur\u00e9e : 3-4 heures (transferts compris)<br \/>\n\ud83d\udd39 Les s\u00e9ances de natation doivent \u00eatre r\u00e9serv\u00e9es \u00e0 l'avance<br \/>\n\ud83d\udd39 Les enfants \u00e2g\u00e9s de 4 \u00e0 6 ans doivent nager avec un adulte qui les accompagne.<br \/>\nSaison de fonctionnement : avril-octobre<\/p>\n<h2><strong>\ud83c\udf92<span style=\"color: #000000;\"> Ce qu'il faut apporter<\/span><\/strong><\/h2>\n<p>Maillot de bain et serviette (pour les participants qui nagent)<br \/>\nLunettes de soleil et chapeau<br \/>\n\ud83d\udd39 Appareil photo ou t\u00e9l\u00e9phone pour les photos personnelles<\/p>\n<h3><strong>\ud83d\udeab<span style=\"color: #000000;\"> Ne convient pas<\/span><\/strong><\/h3>\n<p>\ud83d\udd39 Enfants de moins de 3 ans (ne peuvent pas participer \u00e0 la natation)<br \/>\n\ud83d\udd39 Les h\u00f4tes souffrant d'allergies graves ou ayant peur de l'eau profonde<\/p>\n<h2 dir=\"ltr\">\ud83d\udcb8\u00a0<strong>Prix et r\u00e9servation<\/strong><\/h2>\n<p dir=\"ltr\"><strong>\ud83d\udd39 R\u00e9server maintenant, payer le jour de la visite<\/strong><br \/>\n\ud83d\udd39 Contactez-nous via WhatsApp, Telegram, Viber, ou remplissez le formulaire de r\u00e9servation ci-dessous. \ud83d\udc47\ud83c\udffc<\/p>\n<p>\u00c0 la recherche d'alternatives ? Parcourir <a href=\"https:\/\/excursionsworld.com\/fr\/excursions-a-alanya\/\">plus de visites \u00e0 Alanya<\/a>.<\/p>","protected":false},"excerpt":{"rendered":"<p>R\u00e9servez votre excursion Alanya Dolphin Show &amp; Swim Tour au Sealanya Dolphinpark ! Profitez du spectacle des dauphins et des lions de mer et nagez avec les dauphins. Une activit\u00e9 familiale \u00e0 Alanya avec transferts \u00e0 l'h\u00f4tel inclus.<\/p>","protected":false},"featured_media":15132,"comment_status":"open","ping_status":"closed","template":"","meta":[],"product_brand":[],"product_cat":[128],"product_tag":[111],"class_list":{"0":"post-15116","1":"product","2":"type-product","3":"status-publish","4":"has-post-thumbnail","6":"tour_phys-alanya-tours","7":"product_cat-alanya-tours","8":"product_tag-alanya","9":"pa_destination-alanya-tours","11":"first","12":"instock","13":"sale","14":"shipping-taxable","15":"purchasable","16":"product-type-tour_phys"},"aioseo_notices":[],"_links":{"self":[{"href":"https:\/\/excursionsworld.com\/fr\/wp-json\/wp\/v2\/product\/15116","targetHints":{"allow":["GET"]}}],"collection":[{"href":"https:\/\/excursionsworld.com\/fr\/wp-json\/wp\/v2\/product"}],"about":[{"href":"https:\/\/excursionsworld.com\/fr\/wp-json\/wp\/v2\/types\/product"}],"replies":[{"embeddable":true,"href":"https:\/\/excursionsworld.com\/fr\/wp-json\/wp\/v2\/comments?post=15116"}],"wp:featuredmedia":[{"embeddable":true,"href":"https:\/\/excursionsworld.com\/fr\/wp-json\/wp\/v2\/media\/15132"}],"wp:attachment":[{"href":"https:\/\/excursionsworld.com\/fr\/wp-json\/wp\/v2\/media?parent=15116"}],"wp:term":[{"taxonomy":"product_brand","embeddable":true,"href":"https:\/\/excursionsworld.com\/fr\/wp-json\/wp\/v2\/product_brand?post=15116"},{"taxonomy":"product_cat","embeddable":true,"href":"https:\/\/excursionsworld.com\/fr\/wp-json\/wp\/v2\/product_cat?post=15116"},{"taxonomy":"product_tag","embeddable":true,"href":"https:\/\/excursionsworld.com\/fr\/wp-json\/wp\/v2\/product_tag?post=15116"}],"curies":[{"name":"wp","href":"https:\/\/api.w.org\/{rel}","templated":true}]}}