{"id":15129,"date":"2025-10-19T23:15:13","date_gmt":"2025-10-19T20:15:13","guid":{"rendered":"https:\/\/excursionsworld.com\/?post_type=product&#038;p=15129"},"modified":"2025-11-22T19:40:04","modified_gmt":"2025-11-22T16:40:04","slug":"excursion-cheval-alanya","status":"publish","type":"product","link":"https:\/\/excursionsworld.com\/tours\/alanya-horseback-riding\/","title":{"rendered":"Excursion \u00e0 cheval \u00e0 Alanya \u2013 Balade au c\u0153ur de la nature"},"content":{"rendered":"<h3><span style=\"color: #000000;\"><strong>\ud83d\udc34 Vue d'ensemble<\/strong><\/span><\/h3>\n<p data-start=\"345\" data-end=\"674\">Embarquez pour un voyage paisible et aventureux <strong data-start=\"382\" data-end=\"417\">Randonn\u00e9e \u00e0 cheval \u00e0 Alanya<\/strong>, Cette randonn\u00e9e de 2,5 heures est id\u00e9ale pour les d\u00e9butants et les cavaliers exp\u00e9riment\u00e9s qui souhaitent se rapprocher de la nature tout en profitant d'une vue imprenable sur la c\u00f4te m\u00e9diterran\u00e9enne. Cette randonn\u00e9e de 2,5 heures est id\u00e9ale pour les d\u00e9butants et les cavaliers exp\u00e9riment\u00e9s qui souhaitent se rapprocher de la nature tout en profitant de vues \u00e0 couper le souffle sur la c\u00f4te m\u00e9diterran\u00e9enne.<\/p>\n<h3 data-start=\"676\" data-end=\"693\">\u00a0<span style=\"color: #000000;\"><strong>Inclus :<\/strong><\/span><\/h3>\n<p data-start=\"694\" data-end=\"926\"><span style=\"color: #00ff00;\"><strong>\u2713<\/strong> <\/span>Prise en charge et retour \u00e0 l'h\u00f4tel\u00a0<br data-start=\"742\" data-end=\"745\" \/><span style=\"color: #00ff00;\"><strong>\u2713<\/strong> <\/span>Service de guides et de formateurs professionnels<br data-start=\"785\" data-end=\"788\" \/><span style=\"color: #00ff00;\"><strong>\u2713<\/strong> <\/span>2,5 heures d'\u00e9quitation<br data-start=\"819\" data-end=\"822\" \/><span style=\"color: #00ff00;\"><strong>\u2713<\/strong> <\/span>Tout l'\u00e9quipement d'\u00e9quitation (casque, etc.)<br data-start=\"859\" data-end=\"862\" \/><span style=\"color: #00ff00;\"><strong>\u2713<\/strong> <\/span>Th\u00e9 turc et th\u00e9 aux pommes (gratuits)<br data-start=\"905\" data-end=\"908\" \/><span style=\"color: #00ff00;\"><strong>\u2713<\/strong> <\/span>Assurance compl\u00e8te<\/p>\n<h3 data-start=\"928\" data-end=\"949\">\u00a0<span style=\"color: #000000;\"><strong>Non inclus :<\/strong><\/span><\/h3>\n<p data-start=\"950\" data-end=\"991\"><span style=\"color: #ff0000;\"><strong>\u2717<\/strong> <\/span>Boissons et nourriture<br data-start=\"967\" data-end=\"970\" \/><span style=\"color: #ff0000;\"><strong>\u2717<\/strong> <\/span>D\u00e9penses personnelles<\/p>\n<h3 data-start=\"993\" data-end=\"1018\"><span style=\"color: #000000;\"><strong>\ud83c\udf1f Points forts de la visite<\/strong><\/span><\/h3>\n<p data-start=\"1019\" data-end=\"1285\">\ud83d\udd39 Rouler le long de sentiers forestiers pittoresques et de jardins de bananiers<br data-start=\"1071\" data-end=\"1074\" \/>\ud83d\udd39 Explorer les ruines anciennes de la ville et du ch\u00e2teau de Syedra<br data-start=\"1128\" data-end=\"1131\" \/>\ud83d\udd39 Vue panoramique sur Alanya et la M\u00e9diterran\u00e9e<br data-start=\"1187\" data-end=\"1190\" \/>\ud83d\udd39 Se d\u00e9tendre au bord de la piscine avec un th\u00e9 turc apr\u00e8s le trajet<br data-start=\"1242\" data-end=\"1245\" \/>\ud83d\udd39 Des chevaux s\u00fbrs, calmes et bien entra\u00een\u00e9s<\/p>\n<h3 data-start=\"1287\" data-end=\"1313\"><span style=\"color: #000000;\"><strong>\ud83d\udcd6 Description compl\u00e8te<\/strong><\/span><\/h3>\n<p data-start=\"1314\" data-end=\"1954\">Le <strong data-start=\"1318\" data-end=\"1346\">Randonn\u00e9e \u00e9questre \u00e0 Alanya<\/strong> commence par une prise en charge pratique \u00e0 l'h\u00f4tel, qui vous emm\u00e8ne dans une paisible ferme \u00e9questre dans le village de Seki, pr\u00e8s de Demirta\u015f, \u00e0 seulement 30 minutes du centre d'Alanya. Apr\u00e8s un bref briefing de la part d'instructeurs exp\u00e9riment\u00e9s, montez sur votre cheval calme et amical pour une promenade \u00e0 cheval. <strong data-start=\"1586\" data-end=\"1603\">2,5 heures de trajet<\/strong> \u00e0 travers des for\u00eats de pins, des plantations de bananes et des ruines anciennes. Le point culminant de l'itin\u00e9raire est <strong data-start=\"1695\" data-end=\"1712\">Ch\u00e2teau de Syedra<\/strong>, Le sentier de randonn\u00e9e est situ\u00e9 \u00e0 l'int\u00e9rieur de la ferme, offrant de magnifiques vues panoramiques sur Alanya et la mer. Une fois la randonn\u00e9e termin\u00e9e, vous pourrez vous d\u00e9tendre \u00e0 la ferme, siroter un th\u00e9 turc et un th\u00e9 aux pommes au bord de la piscine, et profiter de l'atmosph\u00e8re rurale tranquille avant votre transfert de retour \u00e0 l'h\u00f4tel.<\/p>\n<h3 data-start=\"1956\" data-end=\"1981\"><strong><span style=\"color: #000000;\">\ud83d\uddfa\ufe0f Itin\u00e9raire de la visite<\/span><\/strong><\/h3>\n<p data-start=\"1982\" data-end=\"2259\">\ud83d\udd39 Prise en charge \u00e0 l'h\u00f4tel \u00e0 partir d'Alanya et des environs<br data-start=\"2026\" data-end=\"2029\" \/>\ud83d\udd39 Arriv\u00e9e \u00e0 la ferme \u00e9questre du village de Seki<br data-start=\"2073\" data-end=\"2076\" \/>\ud83d\udd39 Briefing sur la s\u00e9curit\u00e9 et v\u00e9rification de l'\u00e9quipement<br data-start=\"2114\" data-end=\"2117\" \/>\ud83d\udd39 Randonn\u00e9e \u00e0 cheval guid\u00e9e de 2,5 heures (montagnes, for\u00eats, ruines)<br data-start=\"2177\" data-end=\"2180\" \/>Retour \u00e0 la ferme, pause th\u00e9 et d\u00e9tente<br data-start=\"2224\" data-end=\"2227\" \/>\ud83d\udd39 Transfert retour \u00e0 l'h\u00f4tel<\/p>\n<h3 data-start=\"2261\" data-end=\"2289\"><span style=\"color: #000000;\"><strong>\u2139\ufe0f Informations utiles<\/strong><\/span><\/h3>\n<p data-start=\"2290\" data-end=\"2573\">Dur\u00e9e : Environ 4 heures (transfert compris)<br data-start=\"2345\" data-end=\"2348\" \/>Dur\u00e9e du trajet : 2,5 heures<br data-start=\"2373\" data-end=\"2376\" \/>\ud83d\udd39 Limite de poids maximale : 100 kg<br data-start=\"2407\" data-end=\"2410\" \/>\ud83d\udd39 Le circuit fonctionne toute l'ann\u00e9e<br data-start=\"2437\" data-end=\"2440\" \/>\ud83d\udd39 Chevaux calmes et entra\u00een\u00e9s convenant aux d\u00e9butants<br data-start=\"2489\" data-end=\"2492\" \/>\ud83d\udd39 Interdit aux femmes enceintes<br data-start=\"2525\" data-end=\"2528\" \/>\ud83d\udd39 Les enfants peuvent participer accompagn\u00e9s de leurs parents<\/p>\n<h3 data-start=\"2575\" data-end=\"2598\"><span style=\"color: #000000;\"><strong>\ud83c\udf92 Ce qu'il faut apporter<\/strong><\/span><\/h3>\n<p data-start=\"2599\" data-end=\"2749\">\ud83d\udd39 V\u00eatements confortables et chaussures ferm\u00e9es<br data-start=\"2638\" data-end=\"2641\" \/>Lunettes de soleil et cr\u00e8me solaire<br data-start=\"2668\" data-end=\"2671\" \/>\ud83d\udd39 Appareil photo ou smartphone pour les photos<br data-start=\"2705\" data-end=\"2708\" \/>\ud83d\udd39 Argent liquide pour les boissons ou les d\u00e9penses personnelles<\/p>\n<h3 data-start=\"2751\" data-end=\"2777\"><span style=\"color: #000000;\"><strong>\ud83d\udeab Ne convient pas pour<\/strong><\/span><\/h3>\n<p data-start=\"2778\" data-end=\"2863\">\ud83d\udd39 Femmes enceintes<br data-start=\"2795\" data-end=\"2798\" \/>\ud83d\udd39 Personnes pesant plus de 100 kg<br data-start=\"2828\" data-end=\"2831\" \/>\ud83d\udd39 Personnes ayant des probl\u00e8mes de mobilit\u00e9<\/p>\n<h3 dir=\"ltr\">\ud83d\udcb8\u00a0<strong>Prix et r\u00e9servation<\/strong><\/h3>\n<p dir=\"ltr\"><strong>\ud83d\udd39 R\u00e9server maintenant, payer le jour de la visite<\/strong><br \/>\n\ud83d\udd39 Contactez-nous via WhatsApp, Telegram, Viber, ou remplissez le formulaire de r\u00e9servation ci-dessous. \ud83d\udc47\ud83c\udffc<\/p>","protected":false},"excerpt":{"rendered":"<p>R\u00e9servez votre <b>Randonn\u00e9e \u00e9questre \u00e0 Alanya<\/b>! Profitez d'un <b>2.5-hour Horse Safari trip<\/b> through the Taurus Mountains. Best <b>excursion<\/b> avec <b>Ch\u00e2teau de Syedra<\/b> views. <b>Transfert inclus<\/b>!<\/p>","protected":false},"featured_media":15133,"comment_status":"open","ping_status":"closed","template":"","meta":[],"product_brand":[],"product_cat":[128],"product_tag":[111],"class_list":{"0":"post-15129","1":"product","2":"type-product","3":"status-publish","4":"has-post-thumbnail","6":"tour_phys-alanya-tours","7":"product_cat-alanya-tours","8":"product_tag-alanya","9":"pa_destination-alanya-tours","11":"first","12":"instock","13":"sale","14":"shipping-taxable","15":"purchasable","16":"product-type-tour_phys"},"aioseo_notices":[],"_links":{"self":[{"href":"https:\/\/excursionsworld.com\/fr\/wp-json\/wp\/v2\/product\/15129","targetHints":{"allow":["GET"]}}],"collection":[{"href":"https:\/\/excursionsworld.com\/fr\/wp-json\/wp\/v2\/product"}],"about":[{"href":"https:\/\/excursionsworld.com\/fr\/wp-json\/wp\/v2\/types\/product"}],"replies":[{"embeddable":true,"href":"https:\/\/excursionsworld.com\/fr\/wp-json\/wp\/v2\/comments?post=15129"}],"wp:featuredmedia":[{"embeddable":true,"href":"https:\/\/excursionsworld.com\/fr\/wp-json\/wp\/v2\/media\/15133"}],"wp:attachment":[{"href":"https:\/\/excursionsworld.com\/fr\/wp-json\/wp\/v2\/media?parent=15129"}],"wp:term":[{"taxonomy":"product_brand","embeddable":true,"href":"https:\/\/excursionsworld.com\/fr\/wp-json\/wp\/v2\/product_brand?post=15129"},{"taxonomy":"product_cat","embeddable":true,"href":"https:\/\/excursionsworld.com\/fr\/wp-json\/wp\/v2\/product_cat?post=15129"},{"taxonomy":"product_tag","embeddable":true,"href":"https:\/\/excursionsworld.com\/fr\/wp-json\/wp\/v2\/product_tag?post=15129"}],"curies":[{"name":"wp","href":"https:\/\/api.w.org\/{rel}","templated":true}]}}