{"id":15157,"date":"2025-10-20T19:17:25","date_gmt":"2025-10-20T16:17:25","guid":{"rendered":"https:\/\/excursionsworld.com\/?post_type=product&#038;p=15157"},"modified":"2026-04-24T01:26:56","modified_gmt":"2026-04-23T22:26:56","slug":"buggy-safari-alanya","status":"publish","type":"product","link":"https:\/\/excursionsworld.com\/tours\/alanya-buggy-safari\/","title":{"rendered":"Excursion Buggy Safari \u00e0 Alanya \u2013 Aventure off-road"},"content":{"rendered":"<h2>\ud83c\udfdd\ufe0f Vue d'ensemble<\/h2>\n<p>Pr\u00e9parez-vous pour une aventure tout-terrain inoubliable avec le <a href=\"https:\/\/en.wikipedia.org\/wiki\/Alanya\" target=\"_blank\" rel=\"noopener\">Alanya<\/a> Safari en Buggy ! Conduisez votre propre buggy automatique sur des sentiers de montagne poussi\u00e9reux, des for\u00eats de pins et des rivi\u00e8res pittoresques pr\u00e8s d'Alanya. Parfait pour les familles, les d\u00e9butants et les amateurs de sensations fortes \u2014 permis de conduire ou exp\u00e9rience requis !<\/p>\n<h3>\u00a0Inclus :<\/h3>\n<p><span style=\"color: #00ff00;\"><strong>\u2713<\/strong> <\/span>Prise en charge et retour \u00e0 l'h\u00f4tel<br \/>\n<span style=\"color: #00ff00;\"><strong>\u2713<\/strong> <\/span>Instructeur professionnel<br \/>\n<span style=\"color: #00ff00;\"><strong>\u2713<\/strong> <\/span>Couverture d'assurance compl\u00e8te<br \/>\n<span style=\"color: #00ff00;\"><strong>\u2713<\/strong> <\/span>\u00c9quipement de s\u00e9curit\u00e9 (casque)<\/p>\n<h3>\u00a0Non inclus :<\/h3>\n<p><span style=\"color: #ff0000;\"><strong>\u2717<\/strong> <\/span>Boissons, snacks, photos, bandanas<br \/>\n<span style=\"color: #ff0000;\"><strong>\u2717<\/strong> <\/span>Pause baignade facultative<\/p>\n<h2>\ud83c\udf1f Points forts de cette excursion en buggy \u00e0 Alanya<\/h2>\n<p>\ud83d\udd39 Excursion en buggy tout-terrain pr\u00e8s d'Alanya<br \/>\n\ud83d\udd39 Sentiers forestiers panoramiques et travers\u00e9es de rivi\u00e8res naturelles<br \/>\n\ud83d\udd39 V\u00e9hicules automatiques s\u00fbrs et faciles \u00e0 utiliser - id\u00e9aux pour tous les niveaux<br \/>\n\ud83d\udd39 Journ\u00e9e ludique et pleine d'action pour les couples, les familles et les groupes<br \/>\nLes visites guid\u00e9es du matin et de l'apr\u00e8s-midi sont disponibles tous les jours.<\/p>\n<h2>\ud83d\udcd6 Description compl\u00e8te : Votre exp\u00e9rience de safari en buggy \u00e0 Alanya<\/h2>\n<p>L'aventure commence par un transfert confortable depuis votre h\u00f4tel \u00e0 Alanya ou dans les environs jusqu'\u00e0 la base du safari en buggy. \u00c0 votre arriv\u00e9e, vos instructeurs professionnels vous fourniront des informations sur la s\u00e9curit\u00e9, des casques et un rapide essai de conduite pour vous aider \u00e0 vous familiariser avec votre buggy.<br \/>\nIl est alors temps de partir \u00e0 l'aventure ! Suivez votre guide le long de sentiers forestiers poussi\u00e9reux, traversez de petits ruisseaux et grimpez de douces collines, tout en \u00e9tant entour\u00e9 par la beaut\u00e9 des montagnes du Taurus.<br \/>\nIl y aura de courtes pauses pour se reposer, prendre des photos, et m\u00eame une baignade facultative avant de retourner \u00e0 la station de buggy. \u00c0 la fin de la randonn\u00e9e, d\u00e9tendez-vous quelques minutes et profitez d'un transfert confortable vers votre h\u00f4tel.<\/p>\n<h3>\ud83d\uddfa\ufe0f Itin\u00e9raire de la visite<\/h3>\n<p>\ud83d\udd39 Prise en charge dans les h\u00f4tels de la r\u00e9gion d'Alanya<br \/>\n\ud83d\udd39 Arriv\u00e9e \u00e0 la base de buggy et briefing sur la s\u00e9curit\u00e9<br \/>\n\ud83d\udd39 Conduite d'essai et mise en place de l'\u00e9quipement<br \/>\n\ud83d\udd39 Randonn\u00e9e hors route \u00e0 travers des sentiers de montagne et de for\u00eat<br \/>\n\ud83d\udd39 De courtes pauses pour se reposer, prendre des photos et nager<br \/>\n\ud83d\udd39 Retour \u00e0 la base du buggy<br \/>\n\ud83d\udd39 D\u00e9pose \u00e0 l'h\u00f4tel<\/p>\n<h3>\u2139\ufe0f Informations utiles<\/h3>\n<p>Dur\u00e9e : environ 3-4 heures au total<br \/>\n\ud83d\udd39 Deux sessions quotidiennes : 09:00 et 13:30<br \/>\n\ud83d\udd39 Pas de permis de conduire n\u00e9cessaire<br \/>\n\ud83d\udd39 Les enfants peuvent voyager avec leurs parents en tant que passagers<br \/>\n\ud83d\udd39 Recommand\u00e9 : porter de vieux v\u00eatements confortables et des chaussures ferm\u00e9es<br \/>\n\ud83d\udd39 Apportez : des lunettes de soleil, de la cr\u00e8me solaire et un bandana.<\/p>\n<h2>\ud83c\udf92 Ce qu'il faut apporter<\/h2>\n<p>Lunettes de soleil et cr\u00e8me solaire<br \/>\nBandana ou masque de beaut\u00e9<br \/>\n\ud83d\udd39 V\u00eatements et chaussures confortables<br \/>\n\ud83d\udd39 Petite somme d'argent pour les d\u00e9penses personnelles ou les photos<\/p>\n<h3>\ud83d\udeab Ne convient pas pour<\/h3>\n<p>\ud83d\udd39 Femmes enceintes<br \/>\n\ud83d\udd39 Les h\u00f4tes souffrant de graves probl\u00e8mes de dos ou de c\u0153ur<\/p>\n<h2 dir=\"ltr\">\ud83d\udcb8\u00a0<strong>Prix et r\u00e9servation<\/strong><\/h2>\n<p dir=\"ltr\"><strong>\ud83d\udd39 R\u00e9server maintenant, payer le jour de la visite<\/strong><br \/>\n\ud83d\udd39 Contactez-nous via WhatsApp, Telegram, Viber, ou remplissez le formulaire de r\u00e9servation ci-dessous. \ud83d\udc47\ud83c\udffc<\/p>\n<p>\u00c0 la recherche d'alternatives ? Parcourir <a href=\"https:\/\/excursionsworld.com\/fr\/excursions-a-alanya\/\">plus de visites \u00e0 Alanya<\/a>.<\/p>","protected":false},"excerpt":{"rendered":"<p data-start=\"2866\" data-end=\"3089\">R\u00e9servez votre <b>Alanya Buggy Safari<\/b> <b>tourn\u00e9e<\/b>! Profitez d'un <b>VTT<\/b> <b>aventure<\/b> <b>excursion<\/b> sur la boue <b>tout-terrain<\/b> sentiers forestiers. Parfait <b>voyage<\/b> pour <b>d\u00e9butants<\/b>! <b>Transfert<\/b> inclus.<\/p>","protected":false},"featured_media":15158,"comment_status":"open","ping_status":"closed","template":"","meta":[],"product_brand":[],"product_cat":[128],"product_tag":[111],"class_list":{"0":"post-15157","1":"product","2":"type-product","3":"status-publish","4":"has-post-thumbnail","6":"tour_phys-alanya-tours","7":"product_cat-alanya-tours","8":"product_tag-alanya","9":"pa_destination-alanya-tours","11":"first","12":"instock","13":"sale","14":"shipping-taxable","15":"purchasable","16":"product-type-tour_phys"},"aioseo_notices":[],"_links":{"self":[{"href":"https:\/\/excursionsworld.com\/fr\/wp-json\/wp\/v2\/product\/15157","targetHints":{"allow":["GET"]}}],"collection":[{"href":"https:\/\/excursionsworld.com\/fr\/wp-json\/wp\/v2\/product"}],"about":[{"href":"https:\/\/excursionsworld.com\/fr\/wp-json\/wp\/v2\/types\/product"}],"replies":[{"embeddable":true,"href":"https:\/\/excursionsworld.com\/fr\/wp-json\/wp\/v2\/comments?post=15157"}],"wp:featuredmedia":[{"embeddable":true,"href":"https:\/\/excursionsworld.com\/fr\/wp-json\/wp\/v2\/media\/15158"}],"wp:attachment":[{"href":"https:\/\/excursionsworld.com\/fr\/wp-json\/wp\/v2\/media?parent=15157"}],"wp:term":[{"taxonomy":"product_brand","embeddable":true,"href":"https:\/\/excursionsworld.com\/fr\/wp-json\/wp\/v2\/product_brand?post=15157"},{"taxonomy":"product_cat","embeddable":true,"href":"https:\/\/excursionsworld.com\/fr\/wp-json\/wp\/v2\/product_cat?post=15157"},{"taxonomy":"product_tag","embeddable":true,"href":"https:\/\/excursionsworld.com\/fr\/wp-json\/wp\/v2\/product_tag?post=15157"}],"curies":[{"name":"wp","href":"https:\/\/api.w.org\/{rel}","templated":true}]}}